{"id":40120,"date":"2020-09-18T06:07:29","date_gmt":"2020-09-18T03:07:29","guid":{"rendered":"https:\/\/www.unox.com.tr\/urun\/getriebeflussanzeige\/"},"modified":"2023-03-21T12:56:53","modified_gmt":"2023-03-21T09:56:53","slug":"gang-durchfluss-anzeige","status":"publish","type":"product","link":"https:\/\/unox.com.tr\/de\/gang-durchfluss-anzeige\/","title":{"rendered":"Getriebe Flussanzeige"},"content":{"rendered":"<div id=\"ez-toc-container\" class=\"ez-toc-v2_0_83 counter-hierarchy ez-toc-counter ez-toc-grey ez-toc-container-direction\">\n<div class=\"ez-toc-title-container\">\n<p class=\"ez-toc-title\" style=\"cursor:inherit\">Sayfa \u0130\u00e7eri\u011fi<\/p>\n<span class=\"ez-toc-title-toggle\"><a href=\"#\" class=\"ez-toc-pull-right ez-toc-btn ez-toc-btn-xs ez-toc-btn-default ez-toc-toggle\" aria-label=\"Toggle Table of Content\"><span class=\"ez-toc-js-icon-con\"><span class=\"\"><span class=\"eztoc-hide\" style=\"display:none;\">Toggle<\/span><span class=\"ez-toc-icon-toggle-span\"><svg style=\"fill: #999;color:#999\" xmlns=\"http:\/\/www.w3.org\/2000\/svg\" class=\"list-377408\" width=\"20px\" height=\"20px\" viewBox=\"0 0 24 24\" fill=\"none\"><path d=\"M6 6H4v2h2V6zm14 0H8v2h12V6zM4 11h2v2H4v-2zm16 0H8v2h12v-2zM4 16h2v2H4v-2zm16 0H8v2h12v-2z\" fill=\"currentColor\"><\/path><\/svg><svg style=\"fill: #999;color:#999\" class=\"arrow-unsorted-368013\" xmlns=\"http:\/\/www.w3.org\/2000\/svg\" width=\"10px\" height=\"10px\" viewBox=\"0 0 24 24\" version=\"1.2\" baseProfile=\"tiny\"><path d=\"M18.2 9.3l-6.2-6.3-6.2 6.3c-.2.2-.3.4-.3.7s.1.5.3.7c.2.2.4.3.7.3h11c.3 0 .5-.1.7-.3.2-.2.3-.5.3-.7s-.1-.5-.3-.7zM5.8 14.7l6.2 6.3 6.2-6.3c.2-.2.3-.5.3-.7s-.1-.5-.3-.7c-.2-.2-.4-.3-.7-.3h-11c-.3 0-.5.1-.7.3-.2.2-.3.5-.3.7s.1.5.3.7z\"\/><\/svg><\/span><\/span><\/span><\/a><\/span><\/div>\n<nav><ul class='ez-toc-list ez-toc-list-level-1 ' ><li class='ez-toc-page-1 ez-toc-heading-level-2'><a class=\"ez-toc-link ez-toc-heading-1\" href=\"https:\/\/unox.com.tr\/de\/gang-durchfluss-anzeige\/#Was_ist_Getriebe_Flussanzeige\" >Was ist Getriebe Flussanzeige?<\/a><\/li><li class='ez-toc-page-1 ez-toc-heading-level-2'><a class=\"ez-toc-link ez-toc-heading-2\" href=\"https:\/\/unox.com.tr\/de\/gang-durchfluss-anzeige\/#Wo_wird_der_Gear_Flow_Indicator_eingesetzt\" >Wo wird der Gear Flow Indicator eingesetzt?<\/a><\/li><li class='ez-toc-page-1 ez-toc-heading-level-2'><a class=\"ez-toc-link ez-toc-heading-3\" href=\"https:\/\/unox.com.tr\/de\/gang-durchfluss-anzeige\/#Allgemeine_Merkmale\" >Allgemeine Merkmale<\/a><\/li><\/ul><\/nav><\/div>\n<h2><span class=\"ez-toc-section\" id=\"Was_ist_Getriebe_Flussanzeige\"><\/span><span style=\"font-size: 22px;\">Was ist Getriebe Flussanzeige?<\/span><span class=\"ez-toc-section-end\"><\/span><\/h2>\n<p>Ein Getriebe Flussanzeige ist ein Ger\u00e4t, das im Rahmen seines Betriebs Zahnr\u00e4der verwendet und zur Messung der Durchflussrate einer Fl\u00fcssigkeit in einem System verwendet wird. Diese Ger\u00e4te werden h\u00e4ufig in der \u00d6l- und Gasindustrie sowie in anderen Branchen eingesetzt, in denen die Durchflussrate einer Fl\u00fcssigkeit \u00fcberwacht und gesteuert werden muss.<\/p>\n<p>Es besteht im Allgemeinen aus einem Geh\u00e4use mit einem Zahnradsatz, der durch den Fl\u00fcssigkeitsstrom angetrieben wird. Wenn sich die Zahnr\u00e4der drehen, erzeugen sie ein Signal, das proportional zur Durchflussrate der Fl\u00fcssigkeit ist. Dieses Signal kann verwendet werden, um die Durchflussrate zu steuern, oder es kann verwendet werden, um Informationen \u00fcber die Durchflussrate an einen Bediener oder ein Steuersystem zu liefern.<\/p>\n<p>Es erm\u00f6glicht die visuelle Kontrolle von Fl\u00fcssigkeit und Durchfluss in Rohrleitungen, die \u00dcberwachung des Betriebs und der Leistung von Maschinen, und alle Maschineneinheiten zeigen das Tropfenmuster und sogar die kleinste Durchflussrate an.<\/p>\n<h2><span class=\"ez-toc-section\" id=\"Wo_wird_der_Gear_Flow_Indicator_eingesetzt\"><\/span><span style=\"font-size: 22px;\">Wo wird der Gear Flow Indicator eingesetzt? <\/span><span class=\"ez-toc-section-end\"><\/span><\/h2>\n<p>Der Durchflussanzeiger mit Gewinde wird in einer Vielzahl von industriellen und kommerziellen Anwendungen eingesetzt, bei denen die Durchflussrate einer Fl\u00fcssigkeit gemessen und gesteuert werden muss. Einige Industrie- und Anwendungsbeispiele, in denen diese Ger\u00e4te verwendet werden k\u00f6nnen, sind:<\/p>\n<ul>\n<li>Es wird verwendet, um die Durchflussrate von Fl\u00fcssigkeiten wie \u00d6l, Erdgas und Wasser in Pipelines und anderen Prozesssystemen in der \u00d6l- und Gasindustrie zu messen.<\/li>\n<li>Es wird in chemischen Verarbeitungsanlagen verwendet, um die Durchflussrate von Chemikalien und anderen Fl\u00fcssigkeiten zu messen, die im Herstellungsprozess verwendet werden.<\/li>\n<li>Es kann in Kraftwerken verwendet werden, um die Durchflussrate von Fl\u00fcssigkeiten wie \u00d6l, Wasser und Dampf in verschiedenen Prozesssystemen zu messen.<\/li>\n<li>Es kann verwendet werden, um die Durchflussrate von Fl\u00fcssigkeiten wie Wasser, Milch und anderen Fl\u00fcssigkeiten in Verarbeitungs- und Herstellungsvorg\u00e4ngen in der Lebensmittel- und Getr\u00e4nkeindustrie zu messen.<\/li>\n<li>Es kann in der pharmazeutischen Industrie verwendet werden, um die Durchflussrate von Fl\u00fcssigkeiten zu messen, die bei der Herstellung von Arzneimitteln und anderen Produkten verwendet werden.<\/li>\n<\/ul>\n<p>Insgesamt sind Zahnrad-Durchflussmessger\u00e4te vielseitige Ger\u00e4te, die in vielen verschiedenen Branchen und Anwendungen eingesetzt werden, in denen eine genaue Messung und Steuerung des Fl\u00fcssigkeitsflusses wichtig ist.<\/p>\n<h2><span class=\"ez-toc-section\" id=\"Allgemeine_Merkmale\"><\/span><span style=\"font-size: 22px;\">Allgemeine Merkmale<\/span><span class=\"ez-toc-section-end\"><\/span><\/h2>\n<ul>\n<li><strong>Geh\u00e4use:<\/strong> GGG25 Gusseisen<\/li>\n<li><strong>Deckel:<\/strong> GGG25 Gusseisen<\/li>\n<li><strong>Max. Druck:<\/strong> 16bar<\/li>\n<li><strong>Schauglasscheibe:<\/strong> geh\u00e4rtetes Natron-Kalk-Glas (max. 150 \u00b0C) \/ optional Borosilikatglas (max. 300 \u00b0C)<\/li>\n<li><strong>Anschluss:<\/strong> Gewinde<\/li>\n<li><strong>Dichtung:<\/strong> PTFE<\/li>\n<\/ul>\n<p>&nbsp;<\/p>\n<p><img decoding=\"async\" class=\"size-medium wp-image-39079\" src=\"https:\/\/unox.com.tr\/wp-content\/themes\/woodmart\/images\/lazy.svg\" data-src=\"https:\/\/unox.com.tr\/wp-content\/uploads\/2020\/09\/akis-300x178.png\" alt=\"Getriebeflussanzeige\" width=\"300\" height=\"178\" title=\"\" srcset=\"\" data-srcset=\"https:\/\/unox.com.tr\/wp-content\/uploads\/2020\/09\/akis-300x178.png 300w, https:\/\/unox.com.tr\/wp-content\/uploads\/2020\/09\/akis-150x89.png 150w, https:\/\/unox.com.tr\/wp-content\/uploads\/2020\/09\/akis-367x218.png 367w, https:\/\/unox.com.tr\/wp-content\/uploads\/2020\/09\/akis.png 387w\" sizes=\"(max-width: 300px) 100vw, 300px\" \/><\/p>\n","protected":false},"excerpt":{"rendered":"<p><a href=\"https:\/\/unox.com.tr\/wp-content\/uploads\/2023\/01\/Disli-Akis-Gostergesi.pdf\" target=\"_blank\" rel=\"noopener\"><button style=\"background-color: #11224b; color: #ffffff; padding: 10px 15px; font-family: montserrat; font-weight: bold; font-size: 19px; border-radius: 10px;\"><img decoding=\"async\" style=\"width: 25px; height: 25px;\" src=\"https:\/\/unox.com.tr\/wp-content\/uploads\/2023\/02\/pdf-1.png\">PRODUKTKATALOG<\/button><\/a><\/p>\n<p><button style=\"background-color: #11224b; margin-top: 5px; color: white; padding: 0px 15px; width: 150px; height: 55px; border-radius: 10px; border: none; cursor: pointer;\"><br \/>\n<img decoding=\"async\" style=\"width: 120px; height: 30px;\" src=\"https:\/\/unox.com.tr\/wp-content\/uploads\/2023\/02\/4-1.svg\"><\/button><\/p>\n","protected":false},"featured_media":41689,"comment_status":"open","ping_status":"closed","template":"","meta":[],"product_brand":[],"product_cat":[1413,1404],"product_tag":[],"class_list":{"0":"post-40120","1":"product","2":"type-product","3":"status-publish","4":"has-post-thumbnail","6":"product_cat-fluss-produkte","7":"product_cat-niveau-und-fluss","9":"first","10":"instock","11":"shipping-taxable","12":"product-type-simple"},"_links":{"self":[{"href":"https:\/\/unox.com.tr\/de\/wp-json\/wp\/v2\/product\/40120","targetHints":{"allow":["GET"]}}],"collection":[{"href":"https:\/\/unox.com.tr\/de\/wp-json\/wp\/v2\/product"}],"about":[{"href":"https:\/\/unox.com.tr\/de\/wp-json\/wp\/v2\/types\/product"}],"replies":[{"embeddable":true,"href":"https:\/\/unox.com.tr\/de\/wp-json\/wp\/v2\/comments?post=40120"}],"version-history":[{"count":0,"href":"https:\/\/unox.com.tr\/de\/wp-json\/wp\/v2\/product\/40120\/revisions"}],"wp:featuredmedia":[{"embeddable":true,"href":"https:\/\/unox.com.tr\/de\/wp-json\/wp\/v2\/media\/41689"}],"wp:attachment":[{"href":"https:\/\/unox.com.tr\/de\/wp-json\/wp\/v2\/media?parent=40120"}],"wp:term":[{"taxonomy":"product_brand","embeddable":true,"href":"https:\/\/unox.com.tr\/de\/wp-json\/wp\/v2\/product_brand?post=40120"},{"taxonomy":"product_cat","embeddable":true,"href":"https:\/\/unox.com.tr\/de\/wp-json\/wp\/v2\/product_cat?post=40120"},{"taxonomy":"product_tag","embeddable":true,"href":"https:\/\/unox.com.tr\/de\/wp-json\/wp\/v2\/product_tag?post=40120"}],"curies":[{"name":"wp","href":"https:\/\/api.w.org\/{rel}","templated":true}]}}