{"id":40160,"date":"2020-09-17T11:19:12","date_gmt":"2020-09-17T08:19:12","guid":{"rendered":"https:\/\/www.unox.com.tr\/urun\/pneumatischer-stellantrieb-fuer-kalte-umgebungen-50-c\/"},"modified":"2023-03-21T13:42:13","modified_gmt":"2023-03-21T10:42:13","slug":"kalte-umgebung-pneumatischer-stellantrieb-50","status":"publish","type":"product","link":"https:\/\/unox.com.tr\/de\/kalte-umgebung-pneumatischer-stellantrieb-50\/","title":{"rendered":"Pneumatischer Stellantrieb f\u00fcr Kalte Umgebungen (-50 \u00b0C)"},"content":{"rendered":"<div id=\"ez-toc-container\" class=\"ez-toc-v2_0_82_2 counter-hierarchy ez-toc-counter ez-toc-grey ez-toc-container-direction\">\n<div class=\"ez-toc-title-container\">\n<p class=\"ez-toc-title\" style=\"cursor:inherit\">Sayfa \u0130\u00e7eri\u011fi<\/p>\n<span class=\"ez-toc-title-toggle\"><a href=\"#\" class=\"ez-toc-pull-right ez-toc-btn ez-toc-btn-xs ez-toc-btn-default ez-toc-toggle\" aria-label=\"Toggle Table of Content\"><span class=\"ez-toc-js-icon-con\"><span class=\"\"><span class=\"eztoc-hide\" style=\"display:none;\">Toggle<\/span><span class=\"ez-toc-icon-toggle-span\"><svg style=\"fill: #999;color:#999\" xmlns=\"http:\/\/www.w3.org\/2000\/svg\" class=\"list-377408\" width=\"20px\" height=\"20px\" viewBox=\"0 0 24 24\" fill=\"none\"><path d=\"M6 6H4v2h2V6zm14 0H8v2h12V6zM4 11h2v2H4v-2zm16 0H8v2h12v-2zM4 16h2v2H4v-2zm16 0H8v2h12v-2z\" fill=\"currentColor\"><\/path><\/svg><svg style=\"fill: #999;color:#999\" class=\"arrow-unsorted-368013\" xmlns=\"http:\/\/www.w3.org\/2000\/svg\" width=\"10px\" height=\"10px\" viewBox=\"0 0 24 24\" version=\"1.2\" baseProfile=\"tiny\"><path d=\"M18.2 9.3l-6.2-6.3-6.2 6.3c-.2.2-.3.4-.3.7s.1.5.3.7c.2.2.4.3.7.3h11c.3 0 .5-.1.7-.3.2-.2.3-.5.3-.7s-.1-.5-.3-.7zM5.8 14.7l6.2 6.3 6.2-6.3c.2-.2.3-.5.3-.7s-.1-.5-.3-.7c-.2-.2-.4-.3-.7-.3h-11c-.3 0-.5.1-.7.3-.2.2-.3.5-.3.7s.1.5.3.7z\"\/><\/svg><\/span><\/span><\/span><\/a><\/span><\/div>\n<nav><ul class='ez-toc-list ez-toc-list-level-1 ' ><li class='ez-toc-page-1 ez-toc-heading-level-2'><a class=\"ez-toc-link ez-toc-heading-1\" href=\"https:\/\/unox.com.tr\/de\/kalte-umgebung-pneumatischer-stellantrieb-50\/#Was_ist_ein_Pneumatischer_Stellantrieb\" >Was ist ein Pneumatischer Stellantrieb?<\/a><\/li><li class='ez-toc-page-1 ez-toc-heading-level-2'><a class=\"ez-toc-link ez-toc-heading-2\" href=\"https:\/\/unox.com.tr\/de\/kalte-umgebung-pneumatischer-stellantrieb-50\/#Allgemeine_Merkmale\" >Allgemeine Merkmale<\/a><\/li><li class='ez-toc-page-1 ez-toc-heading-level-2'><a class=\"ez-toc-link ez-toc-heading-3\" href=\"https:\/\/unox.com.tr\/de\/kalte-umgebung-pneumatischer-stellantrieb-50\/#Steuerung_des_pneumatischen_Stellantriebs_in_kalter_Umgebung\" >Steuerung des pneumatischen Stellantriebs in kalter Umgebung:<\/a><ul class='ez-toc-list-level-3' ><li class='ez-toc-heading-level-3'><a class=\"ez-toc-link ez-toc-heading-4\" href=\"https:\/\/unox.com.tr\/de\/kalte-umgebung-pneumatischer-stellantrieb-50\/#Konstruktion\" >Konstruktion<\/a><\/li><\/ul><\/li><\/ul><\/nav><\/div>\n<h2><span class=\"ez-toc-section\" id=\"Was_ist_ein_Pneumatischer_Stellantrieb\"><\/span><span style=\"font-size: 22px;\">Was ist ein Pneumatischer Stellantrieb?<\/span><span class=\"ez-toc-section-end\"><\/span><\/h2>\n<p>Ein pneumatischer Aktuator ist ein mechanisches Ger\u00e4t, das mit Luftdruck bewegt wird. Dieses Ger\u00e4t erzeugt eine Kraft oder Bewegung, indem es von einem Kolben oder einer Platte in einem pneumatischen Zylinder bewegt wird. Pneumatische Aktuatoren werden h\u00e4ufig in automatischen Steuersystemen verwendet und liefern Luftdruck durch eine Luftquelle. Sie werden h\u00e4ufig zur Steuerung von Bewegungen in mechanischen Systemen verwendet und werden h\u00e4ufig wegen ihrer hohen Haltbarkeit, Zuverl\u00e4ssigkeit und schnellen Bewegungseigenschaften bevorzugt. Sie k\u00f6nnen auch bei hohen Temperaturen oder in sehr korrosiven Umgebungen eingesetzt werden.<\/p>\n<p>Die pneumatischen Stellantriebe von UNOX sind ausschlie\u00dflich inl\u00e4ndische Produkte, die in der Forschungs- und Entwicklungsabteilung unseres Unternehmens entwickelt wurden. Pneumatische Stellantriebe f\u00fcr kalte Umgebungen werden zur Steuerung von Ventilen und D\u00e4mpfern verwendet, die mit einer Drehung von 90\u00b0 und 120\u00b0 schlie\u00dfen oder \u00f6ffnen.<\/p>\n<h2><span class=\"ez-toc-section\" id=\"Allgemeine_Merkmale\"><\/span><span style=\"font-size: 22px;\">Allgemeine Merkmale<\/span><span class=\"ez-toc-section-end\"><\/span><\/h2>\n<ul>\n<li><strong>Geh\u00e4use:<\/strong> Aluminium-Strangpressprofil<\/li>\n<li><strong>Kolben:<\/strong> Aluminiumguss<\/li>\n<li><strong>Schaft:<\/strong> Cadmiumbeschichteter Stahl<\/li>\n<li><strong>Dichtung:<\/strong> Nitrilkautschuk<\/li>\n<\/ul>\n<h2><span class=\"ez-toc-section\" id=\"Steuerung_des_pneumatischen_Stellantriebs_in_kalter_Umgebung\"><\/span><span style=\"font-size: 22px;\">Steuerung des pneumatischen Stellantriebs in kalter Umgebung:<\/span><span class=\"ez-toc-section-end\"><\/span><\/h2>\n<p>Die \u00dcberpr\u00fcfung erfolgt auf zwei Arten:<\/p>\n<ol>\n<li>Ein-Aus-Steuerung<\/li>\n<li>Proportionale Steuerung<\/li>\n<\/ol>\n<h3><span class=\"ez-toc-section\" id=\"Konstruktion\"><\/span><span style=\"font-size: 20px;\">Konstruktion<\/span><span class=\"ez-toc-section-end\"><\/span><\/h3>\n<ul>\n<li>Aluminium-Strangpressprofil, innen und au\u00dfen korrosionsbest\u00e4ndig, lange Lebensdauer und niedriger Reibungskoeffizient, erzielt mit einer sehr empfindlichen Verfahrenstechnik Zylinderoberfl\u00e4che.<\/li>\n<li>Symmetrische und einfache Einbaulage; Kompakte Kolben aus einer speziellen Aluminiumlegierung, die einen schnellen Betrieb erm\u00f6glichen und gleichzeitig durch einfaches Austauschen der Kolben erm\u00f6glichen, in die entgegengesetzte Richtung zu arbeiten.<\/li>\n<li>Ein symmetrisches, korrosionsbest\u00e4ndiges Ritzel aus hochwertigem Stahl, das auf Wunsch eine Montage in 45\u00b0-90\u00b0-Winkeln erm\u00f6glicht und auch in jeder Winkelmontage harmonisch mit dem Kolbenhub arbeitet.<\/li>\n<li>Lagerelemente aus industriellem Hartkunststoff, die das \u00d6ffnen und Schlie\u00dfen in k\u00fcrzester Zeit erm\u00f6glichen, niedriger Reibungskoeffizient, minimiert den Verschlei\u00df der Reibungsfl\u00e4chen.<\/li>\n<li>In Pr\u00e4zisionsmaschinen mit einer speziellen Verfahrenstechnik ge\u00f6ffnete Modulzahnr\u00e4der, die ger\u00e4uschlos, harmonisch und mit maximaler Effizienz auf Kolben und Ritzel wirken.<\/li>\n<li>Langfristig korrosionsbest\u00e4ndige Befestigungselemente aus Edelstahl.<\/li>\n<li>Volle \u00dcbereinstimmung mit den neuesten Spezifikationen. Magnete, Endschalter und weiteres Zubeh\u00f6r k\u00f6nnen einfach montiert und Produkte untereinander ausgetauscht werden; Erf\u00fcllt die Standards und Normen ISI 5211, DIN 3337 und VDI\/VDE 3845NAMUR<\/li>\n<\/ul>\n<p>&nbsp;<\/p>\n<p>[table id=&#8220;2&#8243; \/]<\/p>\n","protected":false},"excerpt":{"rendered":"<p><a href=\"https:\/\/unox.com.tr\/wp-content\/uploads\/2022\/12\/SOGUK-ORTAM-PNOMATIK-AKTUATOR.pdf\" target=\"_blank\" rel=\"noopener\"><button style=\"background-color: #11224b; color: #ffffff; padding: 10px 15px; font-family: montserrat; font-weight: bold; font-size: 19px; border-radius: 10px;\"><img decoding=\"async\" style=\"width: 25px; height: 25px;\" src=\"https:\/\/unox.com.tr\/wp-content\/uploads\/2023\/02\/pdf-1.png\">PRODUKTKATALOG<\/button><\/a><\/p>\n<p><a href=\"https:\/\/unox.com.tr\/wp-content\/uploads\/2022\/12\/aktuator-kullanma-kilavuzu-1.pdf\" target=\"_blank\" rel=\"noopener\"><button style=\"background-color: #11224b; margin-top: 5px; color: #ffffff; padding: 10px 15px; font-family: montserrat; font-weight: bold; font-size: 16px; border-radius: 10px;\"><img decoding=\"async\" style=\"width: 25px; height: 25px;\" src=\"https:\/\/unox.com.tr\/wp-content\/uploads\/2023\/02\/pdf-1.png\">BEDIENUNGSANLEITUNG<\/button><\/a><\/p>\n<p><button style=\"background-color: #11224b; margin-top: 5px; color: white; padding: 0px 15px; width: 150px; height: 55px; border-radius: 10px; border: none; cursor: pointer;\"><br \/>\n<img decoding=\"async\" style=\"width: 120px; height: 30px;\" src=\"https:\/\/unox.com.tr\/wp-content\/uploads\/2023\/02\/4-1.svg\"><\/button><\/p>\n","protected":false},"featured_media":29512,"comment_status":"open","ping_status":"closed","template":"","meta":{"_joinchat":[]},"product_brand":[],"product_cat":[1175,1560],"product_tag":[],"class_list":{"0":"post-40160","1":"product","2":"type-product","3":"status-publish","4":"has-post-thumbnail","6":"product_cat-pneumatische-stellantriebe","7":"product_cat-stellantriebe","9":"first","10":"instock","11":"shipping-taxable","12":"product-type-simple"},"_links":{"self":[{"href":"https:\/\/unox.com.tr\/de\/wp-json\/wp\/v2\/product\/40160","targetHints":{"allow":["GET"]}}],"collection":[{"href":"https:\/\/unox.com.tr\/de\/wp-json\/wp\/v2\/product"}],"about":[{"href":"https:\/\/unox.com.tr\/de\/wp-json\/wp\/v2\/types\/product"}],"replies":[{"embeddable":true,"href":"https:\/\/unox.com.tr\/de\/wp-json\/wp\/v2\/comments?post=40160"}],"version-history":[{"count":0,"href":"https:\/\/unox.com.tr\/de\/wp-json\/wp\/v2\/product\/40160\/revisions"}],"wp:featuredmedia":[{"embeddable":true,"href":"https:\/\/unox.com.tr\/de\/wp-json\/wp\/v2\/media\/29512"}],"wp:attachment":[{"href":"https:\/\/unox.com.tr\/de\/wp-json\/wp\/v2\/media?parent=40160"}],"wp:term":[{"taxonomy":"product_brand","embeddable":true,"href":"https:\/\/unox.com.tr\/de\/wp-json\/wp\/v2\/product_brand?post=40160"},{"taxonomy":"product_cat","embeddable":true,"href":"https:\/\/unox.com.tr\/de\/wp-json\/wp\/v2\/product_cat?post=40160"},{"taxonomy":"product_tag","embeddable":true,"href":"https:\/\/unox.com.tr\/de\/wp-json\/wp\/v2\/product_tag?post=40160"}],"curies":[{"name":"wp","href":"https:\/\/api.w.org\/{rel}","templated":true}]}}