{"id":40165,"date":"2020-09-17T11:10:38","date_gmt":"2020-09-17T11:10:38","guid":{"rendered":"https:\/\/www.unox.com.tr\/urun\/steckdosenuhr\/"},"modified":"2024-03-10T03:20:33","modified_gmt":"2024-03-10T00:20:33","slug":"steckdose-zeit-uhr","status":"publish","type":"product","link":"https:\/\/unox.com.tr\/de\/steckdose-zeit-uhr\/","title":{"rendered":"Steckdosenuhr"},"content":{"rendered":"<h2><span style=\"font-size: 22px;\">Was ist Steckdosenuhr?<\/span><\/h2>\n<p>Eine Zeitschaltuhr ist ein elektrisches Material, das von seinen Kontakten innerhalb des eingestellten Zeitintervalls ausgegeben wird. Es gibt 2 Arten von Stechuhren, analog (mechanische Stechuhr) und digital (elektronische Stechuhr). Stechuhren k\u00f6nnen in vielen Anwendungen problemlos eingesetzt werden. Beispielsweise gibt es gemeinsame Nutzungsbereiche wie Werbeschilder, Stra\u00dfenbeleuchtung und Gartenbew\u00e4sserung.<br \/>\nDurch die Verwendung von Zeitschaltuhren wird Strom gespart, indem die Ger\u00e4te, die wir tags\u00fcber betreiben, nicht unn\u00f6tig betrieben werden, und es bietet den Benutzern auch Komfort.<\/p>\n","protected":false},"excerpt":{"rendered":"<p><button style=\"background-color: #11224b; color: #ffffff; padding: 10px 15px; font-family: montserrat; font-weight: bold; font-size: 19px; border-radius: 10px;\"><img decoding=\"async\" style=\"width: 25px; height: 25px;\" src=\"https:\/\/unox.com.tr\/wp-content\/uploads\/2023\/02\/pdf-1.png\">PRODUKTKATALOG<\/button><\/p>\n<p><button style=\"background-color: #11224b; margin-top: 5px; color: white; padding: 0px 15px; width: 150px; height: 55px; border-radius: 10px; border: none; cursor: pointer;\"><br \/>\n<img decoding=\"async\" style=\"width: 120px; height: 30px;\" src=\"https:\/\/unox.com.tr\/wp-content\/uploads\/2023\/02\/4-1.svg\"><\/button><\/p>\n","protected":false},"featured_media":70223,"comment_status":"closed","ping_status":"closed","template":"","meta":[],"product_brand":[],"product_cat":[1416],"product_tag":[],"class_list":{"0":"post-40165","1":"product","2":"type-product","3":"status-publish","4":"has-post-thumbnail","6":"product_cat-ersatzteile-und-zubehor","8":"first","9":"instock","10":"shipping-taxable","11":"product-type-simple"},"_links":{"self":[{"href":"https:\/\/unox.com.tr\/de\/wp-json\/wp\/v2\/product\/40165","targetHints":{"allow":["GET"]}}],"collection":[{"href":"https:\/\/unox.com.tr\/de\/wp-json\/wp\/v2\/product"}],"about":[{"href":"https:\/\/unox.com.tr\/de\/wp-json\/wp\/v2\/types\/product"}],"replies":[{"embeddable":true,"href":"https:\/\/unox.com.tr\/de\/wp-json\/wp\/v2\/comments?post=40165"}],"version-history":[{"count":0,"href":"https:\/\/unox.com.tr\/de\/wp-json\/wp\/v2\/product\/40165\/revisions"}],"wp:featuredmedia":[{"embeddable":true,"href":"https:\/\/unox.com.tr\/de\/wp-json\/wp\/v2\/media\/70223"}],"wp:attachment":[{"href":"https:\/\/unox.com.tr\/de\/wp-json\/wp\/v2\/media?parent=40165"}],"wp:term":[{"taxonomy":"product_brand","embeddable":true,"href":"https:\/\/unox.com.tr\/de\/wp-json\/wp\/v2\/product_brand?post=40165"},{"taxonomy":"product_cat","embeddable":true,"href":"https:\/\/unox.com.tr\/de\/wp-json\/wp\/v2\/product_cat?post=40165"},{"taxonomy":"product_tag","embeddable":true,"href":"https:\/\/unox.com.tr\/de\/wp-json\/wp\/v2\/product_tag?post=40165"}],"curies":[{"name":"wp","href":"https:\/\/api.w.org\/{rel}","templated":true}]}}