{"id":40169,"date":"2020-09-17T11:09:20","date_gmt":"2020-09-17T08:09:20","guid":{"rendered":"https:\/\/www.unox.com.tr\/urun\/drehbarer-elektropneumatischer-stellungsregler\/"},"modified":"2023-03-21T13:49:19","modified_gmt":"2023-03-21T10:49:19","slug":"dreh-elektro-pneumatischer-stellungsregler","status":"publish","type":"product","link":"https:\/\/unox.com.tr\/de\/dreh-elektro-pneumatischer-stellungsregler\/","title":{"rendered":"Rotierender Elektropneumatischer Stellungsregler"},"content":{"rendered":"<div id=\"ez-toc-container\" class=\"ez-toc-v2_0_82_2 counter-hierarchy ez-toc-counter ez-toc-grey ez-toc-container-direction\">\n<div class=\"ez-toc-title-container\">\n<p class=\"ez-toc-title\" style=\"cursor:inherit\">Sayfa \u0130\u00e7eri\u011fi<\/p>\n<span class=\"ez-toc-title-toggle\"><a href=\"#\" class=\"ez-toc-pull-right ez-toc-btn ez-toc-btn-xs ez-toc-btn-default ez-toc-toggle\" aria-label=\"Toggle Table of Content\"><span class=\"ez-toc-js-icon-con\"><span class=\"\"><span class=\"eztoc-hide\" style=\"display:none;\">Toggle<\/span><span class=\"ez-toc-icon-toggle-span\"><svg style=\"fill: #999;color:#999\" xmlns=\"http:\/\/www.w3.org\/2000\/svg\" class=\"list-377408\" width=\"20px\" height=\"20px\" viewBox=\"0 0 24 24\" fill=\"none\"><path d=\"M6 6H4v2h2V6zm14 0H8v2h12V6zM4 11h2v2H4v-2zm16 0H8v2h12v-2zM4 16h2v2H4v-2zm16 0H8v2h12v-2z\" fill=\"currentColor\"><\/path><\/svg><svg style=\"fill: #999;color:#999\" class=\"arrow-unsorted-368013\" xmlns=\"http:\/\/www.w3.org\/2000\/svg\" width=\"10px\" height=\"10px\" viewBox=\"0 0 24 24\" version=\"1.2\" baseProfile=\"tiny\"><path d=\"M18.2 9.3l-6.2-6.3-6.2 6.3c-.2.2-.3.4-.3.7s.1.5.3.7c.2.2.4.3.7.3h11c.3 0 .5-.1.7-.3.2-.2.3-.5.3-.7s-.1-.5-.3-.7zM5.8 14.7l6.2 6.3 6.2-6.3c.2-.2.3-.5.3-.7s-.1-.5-.3-.7c-.2-.2-.4-.3-.7-.3h-11c-.3 0-.5.1-.7.3-.2.2-.3.5-.3.7s.1.5.3.7z\"\/><\/svg><\/span><\/span><\/span><\/a><\/span><\/div>\n<nav><ul class='ez-toc-list ez-toc-list-level-1 ' ><li class='ez-toc-page-1 ez-toc-heading-level-2'><a class=\"ez-toc-link ez-toc-heading-1\" href=\"https:\/\/unox.com.tr\/de\/dreh-elektro-pneumatischer-stellungsregler\/#Was_ist_ein_rotierender_elektropneumatischer_Stellungsregler\" >Was ist ein rotierender elektropneumatischer Stellungsregler?<\/a><\/li><li class='ez-toc-page-1 ez-toc-heading-level-2'><a class=\"ez-toc-link ez-toc-heading-2\" href=\"https:\/\/unox.com.tr\/de\/dreh-elektro-pneumatischer-stellungsregler\/#Wo_wird_der_rotierende_elektropneumatische_Stellungsregler_verwendet\" >Wo wird der rotierende elektropneumatische Stellungsregler verwendet?<\/a><\/li><li class='ez-toc-page-1 ez-toc-heading-level-2'><a class=\"ez-toc-link ez-toc-heading-3\" href=\"https:\/\/unox.com.tr\/de\/dreh-elektro-pneumatischer-stellungsregler\/#Allgemeine_Merkmale\" >Allgemeine Merkmale<\/a><\/li><\/ul><\/nav><\/div>\n<h2><span class=\"ez-toc-section\" id=\"Was_ist_ein_rotierender_elektropneumatischer_Stellungsregler\"><\/span><span style=\"font-size: 22px;\">Was ist ein rotierender elektropneumatischer Stellungsregler?<\/span><span class=\"ez-toc-section-end\"><\/span><\/h2>\n<p>Der rotierende elektropneumatische Stellungsregler ist ein Ger\u00e4t zur Steuerung der Position des pneumatischen Stellantriebs. Es besteht typischerweise aus einem Elektromotor, einem pneumatischen Ventil und einem Steuersystem, das elektrische Signale verwendet, um die Position des pneumatischen Aktuators einzustellen. Die Position des Aktuators kann gesteuert werden, indem der Luftstrom zum Aktuator eingestellt wird, der durch das pneumatische Ventil erzeugt wird. Die Position des Ventils wird durch den Elektromotor gesteuert, der elektrische Signale vom Steuersystem empf\u00e4ngt. Das Steuerungssystem kann eine eigenst\u00e4ndige Steuerung sein oder in ein gr\u00f6\u00dferes System wie ein Prozesssteuerungssystem oder ein SCADA-System (Supervisory Control and Data Acquisition) integriert sein.<\/p>\n<h2><span class=\"ez-toc-section\" id=\"Wo_wird_der_rotierende_elektropneumatische_Stellungsregler_verwendet\"><\/span><span style=\"font-size: 22px;\">Wo wird der rotierende elektropneumatische Stellungsregler verwendet?<\/span><span class=\"ez-toc-section-end\"><\/span><\/h2>\n<p>Elektropneumatische Rotationspositionierer werden in einer Vielzahl von Industrie- und Fertigungsanwendungen eingesetzt, z. B. zur Steuerung von pneumatischen Stellantrieben an Ventilen, Klappenstellantrieben und anderen Prozesssteuerungsger\u00e4ten. Es kann sowohl mit federbelasteten Regelventilen als auch mit doppeltwirkenden Stellantrieben verwendet werden.<\/p>\n<h2><span class=\"ez-toc-section\" id=\"Allgemeine_Merkmale\"><\/span><span style=\"font-size: 22px;\">Allgemeine Merkmale<\/span><span class=\"ez-toc-section-end\"><\/span><\/h2>\n<ul>\n<li>Entspricht den CE-Normen<\/li>\n<li>Explosionsgesch\u00fctzt (Exia CT6, Exd BT6, Exd CT6)<\/li>\n<li>IP66-zertifiziert<\/li>\n<li>Hoher Vibrationsschutz (nicht wirksam bei 5-200 Hz)<\/li>\n<li>Der Luftkanalanschluss ist in perforierter Form f\u00fcr den Anschluss in alle Richtungen geeignet.<\/li>\n<li>Geeignet zum Umwandeln positiver Aktionen und Gegenma\u00dfnahmen<\/li>\n<li>1\/2 Split-Range mit einfachen Anpassungen ohne Austausch von Teilen<\/li>\n<li>einfache Wartung<\/li>\n<li>Einfache Struktur f\u00fcr Feedback-Link<\/li>\n<li>Wirtschaftliche Energieeinsparung<\/li>\n<\/ul>\n","protected":false},"excerpt":{"rendered":"<p><a href=\"https:\/\/unox.com.tr\/wp-content\/uploads\/2023\/01\/ROTARY-ELEKTRO-PNOMATIK-POZISYONER.pdf\" target=\"_blank\" rel=\"noopener\"><button style=\"background-color: #11224b; color: #ffffff; padding: 10px 15px; font-family: montserrat; font-weight: bold; font-size: 19px; border-radius: 10px;\"><img decoding=\"async\" style=\"width: 25px; height: 25px;\" src=\"https:\/\/unox.com.tr\/wp-content\/uploads\/2023\/02\/pdf-1.png\">PRODUKTKATALOG<\/button><\/a><\/p>\n<p><button style=\"background-color: #11224b; margin-top: 5px; color: white; padding: 0px 15px; width: 150px; height: 55px; border-radius: 10px; border: none; cursor: pointer;\"><br \/>\n<img decoding=\"async\" style=\"width: 120px; height: 30px;\" src=\"https:\/\/unox.com.tr\/wp-content\/uploads\/2023\/02\/4-1.svg\"><\/button><\/p>\n","protected":false},"featured_media":34357,"comment_status":"open","ping_status":"closed","template":"","meta":{"_joinchat":[]},"product_brand":[],"product_cat":[1188],"product_tag":[],"class_list":{"0":"post-40169","1":"product","2":"type-product","3":"status-publish","4":"has-post-thumbnail","6":"product_cat-zubehor-fur-pneumatische-antriebe","8":"first","9":"instock","10":"shipping-taxable","11":"product-type-simple"},"_links":{"self":[{"href":"https:\/\/unox.com.tr\/de\/wp-json\/wp\/v2\/product\/40169","targetHints":{"allow":["GET"]}}],"collection":[{"href":"https:\/\/unox.com.tr\/de\/wp-json\/wp\/v2\/product"}],"about":[{"href":"https:\/\/unox.com.tr\/de\/wp-json\/wp\/v2\/types\/product"}],"replies":[{"embeddable":true,"href":"https:\/\/unox.com.tr\/de\/wp-json\/wp\/v2\/comments?post=40169"}],"version-history":[{"count":0,"href":"https:\/\/unox.com.tr\/de\/wp-json\/wp\/v2\/product\/40169\/revisions"}],"wp:featuredmedia":[{"embeddable":true,"href":"https:\/\/unox.com.tr\/de\/wp-json\/wp\/v2\/media\/34357"}],"wp:attachment":[{"href":"https:\/\/unox.com.tr\/de\/wp-json\/wp\/v2\/media?parent=40169"}],"wp:term":[{"taxonomy":"product_brand","embeddable":true,"href":"https:\/\/unox.com.tr\/de\/wp-json\/wp\/v2\/product_brand?post=40169"},{"taxonomy":"product_cat","embeddable":true,"href":"https:\/\/unox.com.tr\/de\/wp-json\/wp\/v2\/product_cat?post=40169"},{"taxonomy":"product_tag","embeddable":true,"href":"https:\/\/unox.com.tr\/de\/wp-json\/wp\/v2\/product_tag?post=40169"}],"curies":[{"name":"wp","href":"https:\/\/api.w.org\/{rel}","templated":true}]}}