{"id":40184,"date":"2020-09-17T11:00:56","date_gmt":"2020-09-17T08:00:56","guid":{"rendered":"https:\/\/www.unox.com.tr\/urun\/ip-konverter\/"},"modified":"2023-03-22T08:28:23","modified_gmt":"2023-03-22T05:28:23","slug":"ip-konverter","status":"publish","type":"product","link":"https:\/\/unox.com.tr\/de\/ip-konverter\/","title":{"rendered":"IP Konverter"},"content":{"rendered":"<div id=\"ez-toc-container\" class=\"ez-toc-v2_0_82_2 counter-hierarchy ez-toc-counter ez-toc-grey ez-toc-container-direction\">\n<div class=\"ez-toc-title-container\">\n<p class=\"ez-toc-title\" style=\"cursor:inherit\">Sayfa \u0130\u00e7eri\u011fi<\/p>\n<span class=\"ez-toc-title-toggle\"><a href=\"#\" class=\"ez-toc-pull-right ez-toc-btn ez-toc-btn-xs ez-toc-btn-default ez-toc-toggle\" aria-label=\"Toggle Table of Content\"><span class=\"ez-toc-js-icon-con\"><span class=\"\"><span class=\"eztoc-hide\" style=\"display:none;\">Toggle<\/span><span class=\"ez-toc-icon-toggle-span\"><svg style=\"fill: #999;color:#999\" xmlns=\"http:\/\/www.w3.org\/2000\/svg\" class=\"list-377408\" width=\"20px\" height=\"20px\" viewBox=\"0 0 24 24\" fill=\"none\"><path d=\"M6 6H4v2h2V6zm14 0H8v2h12V6zM4 11h2v2H4v-2zm16 0H8v2h12v-2zM4 16h2v2H4v-2zm16 0H8v2h12v-2z\" fill=\"currentColor\"><\/path><\/svg><svg style=\"fill: #999;color:#999\" class=\"arrow-unsorted-368013\" xmlns=\"http:\/\/www.w3.org\/2000\/svg\" width=\"10px\" height=\"10px\" viewBox=\"0 0 24 24\" version=\"1.2\" baseProfile=\"tiny\"><path d=\"M18.2 9.3l-6.2-6.3-6.2 6.3c-.2.2-.3.4-.3.7s.1.5.3.7c.2.2.4.3.7.3h11c.3 0 .5-.1.7-.3.2-.2.3-.5.3-.7s-.1-.5-.3-.7zM5.8 14.7l6.2 6.3 6.2-6.3c.2-.2.3-.5.3-.7s-.1-.5-.3-.7c-.2-.2-.4-.3-.7-.3h-11c-.3 0-.5.1-.7.3-.2.2-.3.5-.3.7s.1.5.3.7z\"\/><\/svg><\/span><\/span><\/span><\/a><\/span><\/div>\n<nav><ul class='ez-toc-list ez-toc-list-level-1 ' ><li class='ez-toc-page-1 ez-toc-heading-level-2'><a class=\"ez-toc-link ez-toc-heading-1\" href=\"https:\/\/unox.com.tr\/de\/ip-konverter\/#Was_ist_ein_IP_Konverter\" >Was ist ein IP Konverter?<\/a><\/li><li class='ez-toc-page-1 ez-toc-heading-level-2'><a class=\"ez-toc-link ez-toc-heading-2\" href=\"https:\/\/unox.com.tr\/de\/ip-konverter\/#Wie_funktioniert_ein_IP_Konverter\" >Wie funktioniert ein IP Konverter?<\/a><\/li><\/ul><\/nav><\/div>\n<h2><span class=\"ez-toc-section\" id=\"Was_ist_ein_IP_Konverter\"><\/span><span style=\"font-size: 22px;\">Was ist ein IP Konverter?<\/span><span class=\"ez-toc-section-end\"><\/span><\/h2>\n<p>IP Konverter; Es ist ein Strom-Druck-Wandler, der in industriellen Steuerungssystemen verwendet wird. Es ist ein kleines Modulger\u00e4t, das in Anwendungen verwendet wird, um ein vorhandenes analoges Signal (I) in einen pneumatischen Ausgang (P) umzuwandeln. Mit anderen Worten, es nimmt elektrische Signale von einem DC-Signal (Gleichstrom) und wandelt diese Signale in proportionalen pneumatischen Druck um. I\/P-Wandler wandeln elektrische Signale von einer Steuerung um, um pneumatischen Druck auf Ventile, D\u00e4mpfer, Aktuatoren oder Bremsen und Kupplungen innerhalb eines industriellen Mechanismus anzuwenden.<\/p>\n<p>Bevor wir auf die Details des IP Konverters eingehen, ist es wichtig zu beachten, dass es typischerweise zwei Arten dieser Konverter gibt, einen IP-Konverter und einen EP-Konverter. Ein I\/P-Wandler nimmt \u00fcblicherweise ein 4-20-mA-Signal auf und wandelt es in einen pneumatischen Ausgang um. Der Unterschied eines EP-Konverters besteht darin, dass er ein 0-10-V-Signal nimmt und es in einen pneumatischen Ausgang umwandelt. I\/P-Wandler arbeitet mit Strom, EP-Wandler arbeitet mit Spannung.<\/p>\n<h2><span class=\"ez-toc-section\" id=\"Wie_funktioniert_ein_IP_Konverter\"><\/span><span style=\"font-size: 22px;\">Wie funktioniert ein IP Konverter?<\/span><span class=\"ez-toc-section-end\"><\/span><\/h2>\n<ul>\n<li>I\/P-Wandler arbeiten nach einem \u00e4hnlichen Prinzip wie Proportionalventile, da sie einstellbare Durchflussmengen und Steuerfunktionen bieten. Durch die Umwandlung von elektrischem Strom in pneumatische Ausgangsleistung beseitigen I\/P-Wandler auch die Notwendigkeit einer externen Stromquelle zur Steuerung pneumatisch angetriebener Komponenten. Dabei erh\u00f6hen I\/P-Wandler die Maschineneffizienz und -steuerung.<\/li>\n<li>Die Funktion von I\/P-Wandlern bezieht sich auf das Konzept eines elektromagnetischen Kraftausgleichsprinzips, n\u00e4mlich den Prozess der Umwandlung von elektrischem Strom in Kraft und dann in Druck. F\u00fcr den Betrieb von I\/P-Wandlern werden einfach elektromagnetische Effekte ausgenutzt, um den Strom zu erzeugen, der die Wandler zwingt, sich mechanisch zu bet\u00e4tigen. Diese Aktion wandelt elektrischen Strom (normalerweise 4 bis 20 mA) in einen pneumatischen Druckausgang (3 bis 15 psi) um, der das \u00d6ffnen oder Schlie\u00dfen eines Ventils nach dem Kraftausgleichsprinzip proportional steuert.<\/li>\n<li>Wenn I\/P-Wandler in Betrieb sind, liefern sie einen nach unten proportionalen Druckfluss in Abh\u00e4ngigkeit von der Geschwindigkeit des elektrischen Stroms, der in den Stromkreis des Wandlers eingef\u00fchrt wird. In Bahnkraftregelsystemen dienen I\/P-Wandler als wichtige Verbindungsschnittstelle zwischen der Steuerung und den pneumatischen Bremsen und Kupplungen.<\/li>\n<\/ul>\n","protected":false},"excerpt":{"rendered":"<p><a href=\"https:\/\/unox.com.tr\/wp-content\/uploads\/2022\/12\/IP-KONVERTOR.pdf\" target=\"_blank\" rel=\"noopener\"><button style=\"background-color: #11224b; color: #ffffff; padding: 10px 15px; font-family: montserrat; font-weight: bold; font-size: 19px; border-radius: 10px;\"><img decoding=\"async\" style=\"width: 25px; height: 25px;\" src=\"https:\/\/unox.com.tr\/wp-content\/uploads\/2023\/02\/pdf-1.png\">PRODUKTKATALOG<\/button><\/a><\/p>\n<p><button style=\"background-color: #11224b; margin-top: 5px; color: white; padding: 0px 15px; width: 150px; height: 55px; border-radius: 10px; border: none; cursor: pointer;\"><br \/>\n<img decoding=\"async\" style=\"width: 120px; height: 30px;\" src=\"https:\/\/unox.com.tr\/wp-content\/uploads\/2023\/02\/4-1.svg\"><\/button><\/p>\n","protected":false},"featured_media":27955,"comment_status":"open","ping_status":"closed","template":"","meta":[],"product_brand":[],"product_cat":[1188],"product_tag":[],"class_list":{"0":"post-40184","1":"product","2":"type-product","3":"status-publish","4":"has-post-thumbnail","6":"product_cat-zubehor-fur-pneumatische-antriebe","8":"first","9":"instock","10":"shipping-taxable","11":"product-type-simple"},"_links":{"self":[{"href":"https:\/\/unox.com.tr\/de\/wp-json\/wp\/v2\/product\/40184","targetHints":{"allow":["GET"]}}],"collection":[{"href":"https:\/\/unox.com.tr\/de\/wp-json\/wp\/v2\/product"}],"about":[{"href":"https:\/\/unox.com.tr\/de\/wp-json\/wp\/v2\/types\/product"}],"replies":[{"embeddable":true,"href":"https:\/\/unox.com.tr\/de\/wp-json\/wp\/v2\/comments?post=40184"}],"version-history":[{"count":0,"href":"https:\/\/unox.com.tr\/de\/wp-json\/wp\/v2\/product\/40184\/revisions"}],"wp:featuredmedia":[{"embeddable":true,"href":"https:\/\/unox.com.tr\/de\/wp-json\/wp\/v2\/media\/27955"}],"wp:attachment":[{"href":"https:\/\/unox.com.tr\/de\/wp-json\/wp\/v2\/media?parent=40184"}],"wp:term":[{"taxonomy":"product_brand","embeddable":true,"href":"https:\/\/unox.com.tr\/de\/wp-json\/wp\/v2\/product_brand?post=40184"},{"taxonomy":"product_cat","embeddable":true,"href":"https:\/\/unox.com.tr\/de\/wp-json\/wp\/v2\/product_cat?post=40184"},{"taxonomy":"product_tag","embeddable":true,"href":"https:\/\/unox.com.tr\/de\/wp-json\/wp\/v2\/product_tag?post=40184"}],"curies":[{"name":"wp","href":"https:\/\/api.w.org\/{rel}","templated":true}]}}