{"id":40192,"date":"2020-09-17T11:04:18","date_gmt":"2020-09-17T11:04:18","guid":{"rendered":"https:\/\/www.unox.com.tr\/urun\/endschalterbox\/"},"modified":"2024-03-10T11:49:28","modified_gmt":"2024-03-10T08:49:28","slug":"endschalterbox","status":"publish","type":"product","link":"https:\/\/unox.com.tr\/de\/endschalterbox\/","title":{"rendered":"Endschalterbox"},"content":{"rendered":"<div id=\"ez-toc-container\" class=\"ez-toc-v2_0_82_2 counter-hierarchy ez-toc-counter ez-toc-grey ez-toc-container-direction\">\n<div class=\"ez-toc-title-container\">\n<p class=\"ez-toc-title\" style=\"cursor:inherit\">Sayfa \u0130\u00e7eri\u011fi<\/p>\n<span class=\"ez-toc-title-toggle\"><a href=\"#\" class=\"ez-toc-pull-right ez-toc-btn ez-toc-btn-xs ez-toc-btn-default ez-toc-toggle\" aria-label=\"Toggle Table of Content\"><span class=\"ez-toc-js-icon-con\"><span class=\"\"><span class=\"eztoc-hide\" style=\"display:none;\">Toggle<\/span><span class=\"ez-toc-icon-toggle-span\"><svg style=\"fill: #999;color:#999\" xmlns=\"http:\/\/www.w3.org\/2000\/svg\" class=\"list-377408\" width=\"20px\" height=\"20px\" viewBox=\"0 0 24 24\" fill=\"none\"><path d=\"M6 6H4v2h2V6zm14 0H8v2h12V6zM4 11h2v2H4v-2zm16 0H8v2h12v-2zM4 16h2v2H4v-2zm16 0H8v2h12v-2z\" fill=\"currentColor\"><\/path><\/svg><svg style=\"fill: #999;color:#999\" class=\"arrow-unsorted-368013\" xmlns=\"http:\/\/www.w3.org\/2000\/svg\" width=\"10px\" height=\"10px\" viewBox=\"0 0 24 24\" version=\"1.2\" baseProfile=\"tiny\"><path d=\"M18.2 9.3l-6.2-6.3-6.2 6.3c-.2.2-.3.4-.3.7s.1.5.3.7c.2.2.4.3.7.3h11c.3 0 .5-.1.7-.3.2-.2.3-.5.3-.7s-.1-.5-.3-.7zM5.8 14.7l6.2 6.3 6.2-6.3c.2-.2.3-.5.3-.7s-.1-.5-.3-.7c-.2-.2-.4-.3-.7-.3h-11c-.3 0-.5.1-.7.3-.2.2-.3.5-.3.7s.1.5.3.7z\"\/><\/svg><\/span><\/span><\/span><\/a><\/span><\/div>\n<nav><ul class='ez-toc-list ez-toc-list-level-1 ' ><li class='ez-toc-page-1 ez-toc-heading-level-2'><a class=\"ez-toc-link ez-toc-heading-1\" href=\"https:\/\/unox.com.tr\/de\/endschalterbox\/#Was_ist_eine_Endschalterbox\" >Was ist eine Endschalterbox?<\/a><\/li><li class='ez-toc-page-1 ez-toc-heading-level-2'><a class=\"ez-toc-link ez-toc-heading-2\" href=\"https:\/\/unox.com.tr\/de\/endschalterbox\/#Produkteigenschaften\" >Produkteigenschaften<\/a><\/li><li class='ez-toc-page-1 ez-toc-heading-level-2'><a class=\"ez-toc-link ez-toc-heading-3\" href=\"https:\/\/unox.com.tr\/de\/endschalterbox\/#Allgemeine_Merkmale\" >Allgemeine Merkmale<\/a><\/li><\/ul><\/nav><\/div>\n<h2><span class=\"ez-toc-section\" id=\"Was_ist_eine_Endschalterbox\"><\/span><span style=\"font-size: 22px;\">Was ist eine Endschalterbox?<\/span><span class=\"ez-toc-section-end\"><\/span><\/h2>\n<p>Die Endschalterbox ist eine Art elektrisches Steuerger\u00e4t, das zur Steuerung der Bewegung von Maschinen oder Ger\u00e4ten verwendet wird. Es besteht aus einem Geh\u00e4use, das einen oder mehrere Endschalter enth\u00e4lt, bei denen es sich um mechanische Vorrichtungen handelt, die dazu bestimmt sind, das Vorhandensein oder Fehlen eines Objekts zu erkennen.<\/p>\n<p>Die Endschalterbox ist typischerweise mit der Maschine oder Ausr\u00fcstung verbunden, die sie steuert, und wird verwendet, um bestimmte Funktionen oder Bewegungen in Abh\u00e4ngigkeit von der Position des \u00fcberwachten Objekts zu aktivieren oder zu deaktivieren.<\/p>\n<p>Endschalterboxen werden h\u00e4ufig in industriellen Umgebungen verwendet, sind aber auch in anderen Anwendungen wie automatischen T\u00fcren und Aufz\u00fcgen zu finden. Sie sind n\u00fctzlich, um die Bewegung von Maschinen und Anlagen pr\u00e4zise und zuverl\u00e4ssig zu steuern. Sie k\u00f6nnen dazu beitragen, die Sicherheit von Arbeitern und Ausr\u00fcstung zu gew\u00e4hrleisten.<\/p>\n<p>Die Endschalterbox ist ein Ger\u00e4t, das die geschlossene oder offene Position des Ventils anzeigt und ein Positionsverifizierungssignal liefert. Endschalter werden oft entfernt als SPS oder DCS bezeichnet und nicht neben dem Ventil.<br \/>\nSie senden Signale an Bordcomputer. Ein Endschalter hat auf seiner Oberseite eine Positionsanzeige, die dar\u00fcber informiert, ob das Ventil ge\u00f6ffnet oder geschlossen ist. Auf diese Weise k\u00f6nnen Bediener in der Anlage die Information, ob das Ventil ge\u00f6ffnet oder geschlossen ist, visuell erreichen, wenn sie sich in der N\u00e4he des Ventils befinden.<\/p>\n<h2><span class=\"ez-toc-section\" id=\"Produkteigenschaften\"><\/span><span style=\"font-size: 22px;\">Produkteigenschaften<\/span><span class=\"ez-toc-section-end\"><\/span><\/h2>\n<ul>\n<li><strong>K\u00f6rper<\/strong>: Aluminium-Spritzguss<\/li>\n<li><strong>Blinker<\/strong>: Transparenter Kunststoff<\/li>\n<li><strong>Bolzen<\/strong>: AISI 304<\/li>\n<li><strong>Dichtung:<\/strong> EPDM<\/li>\n<li><strong>Schutzklasse:<\/strong> IP 67<\/li>\n<li><strong>Stecker<\/strong>: Namur VDI \/ VDE 3845<\/li>\n<\/ul>\n<h2><span class=\"ez-toc-section\" id=\"Allgemeine_Merkmale\"><\/span><span style=\"font-size: 22px;\">Allgemeine Merkmale<\/span><span class=\"ez-toc-section-end\"><\/span><\/h2>\n<ul>\n<li>Ein-Aus-Positionsanzeige<\/li>\n<li>Anschluss passend f\u00fcr alle Arten von Stellantrieben im Namur-Standard<\/li>\n<li>Einfache Einstellbarkeit<\/li>\n<li>Positionsanzeige (0-90)<\/li>\n<li>Hoher Betriebstemperaturbereich (-20 \u00b0C bis 80 \u00b0C)<\/li>\n<li>System zum Anschluss des Namur-Wegeventils direkt an die Box<\/li>\n<li>IP 67 WATERPROOF<\/li>\n<\/ul>\n<p>&nbsp;<\/p>\n<p>&nbsp;<\/p>\n<p>&nbsp;<\/p>\n<p><img decoding=\"async\" class=\"wp-image-11916 aligncenter\" src=\"https:\/\/unox.com.tr\/wp-content\/themes\/woodmart\/images\/lazy.svg\" data-src=\"https:\/\/unox.com.tr\/wp-content\/uploads\/2020\/09\/Adsiz-300x242.png\" alt=\"Endschalterbox\" width=\"589\" height=\"475\" title=\"\" srcset=\"\" data-srcset=\"https:\/\/unox.com.tr\/wp-content\/uploads\/2020\/09\/Adsiz-300x242.png 300w, https:\/\/unox.com.tr\/wp-content\/uploads\/2020\/09\/Adsiz-150x121.png 150w, https:\/\/unox.com.tr\/wp-content\/uploads\/2020\/09\/Adsiz-400x323.png 400w, https:\/\/unox.com.tr\/wp-content\/uploads\/2020\/09\/Adsiz-367x297.png 367w, https:\/\/unox.com.tr\/wp-content\/uploads\/2020\/09\/Adsiz.png 459w\" sizes=\"(max-width: 589px) 100vw, 589px\" \/><\/p>\n","protected":false},"excerpt":{"rendered":"<p><a href=\"https:\/\/unox.com.tr\/wp-content\/uploads\/2022\/12\/Limit-Switch-Box.pdf\" target=\"_blank\" rel=\"noopener\"><button style=\"background-color: #11224b; color: #ffffff; padding: 10px 15px; font-family: montserrat; font-weight: bold; font-size: 19px; border-radius: 10px;\"><img decoding=\"async\" style=\"width: 25px; height: 25px;\" src=\"https:\/\/unox.com.tr\/wp-content\/uploads\/2023\/02\/pdf-1.png\">PRODUKTKATALOG<\/button><\/a><\/p>\n<p><button style=\"background-color: #11224b; margin-top: 5px; color: white; padding: 0px 15px; width: 150px; height: 55px; border-radius: 10px; border: none; cursor: pointer;\"><br \/>\n<img decoding=\"async\" style=\"width: 120px; height: 30px;\" src=\"https:\/\/unox.com.tr\/wp-content\/uploads\/2023\/02\/4-1.svg\"><\/button><\/p>\n","protected":false},"featured_media":69152,"comment_status":"closed","ping_status":"closed","template":"","meta":{"_joinchat":[]},"product_brand":[],"product_cat":[1188],"product_tag":[],"class_list":{"0":"post-40192","1":"product","2":"type-product","3":"status-publish","4":"has-post-thumbnail","6":"product_cat-zubehor-fur-pneumatische-antriebe","8":"first","9":"instock","10":"shipping-taxable","11":"product-type-simple"},"_links":{"self":[{"href":"https:\/\/unox.com.tr\/de\/wp-json\/wp\/v2\/product\/40192","targetHints":{"allow":["GET"]}}],"collection":[{"href":"https:\/\/unox.com.tr\/de\/wp-json\/wp\/v2\/product"}],"about":[{"href":"https:\/\/unox.com.tr\/de\/wp-json\/wp\/v2\/types\/product"}],"replies":[{"embeddable":true,"href":"https:\/\/unox.com.tr\/de\/wp-json\/wp\/v2\/comments?post=40192"}],"version-history":[{"count":0,"href":"https:\/\/unox.com.tr\/de\/wp-json\/wp\/v2\/product\/40192\/revisions"}],"wp:featuredmedia":[{"embeddable":true,"href":"https:\/\/unox.com.tr\/de\/wp-json\/wp\/v2\/media\/69152"}],"wp:attachment":[{"href":"https:\/\/unox.com.tr\/de\/wp-json\/wp\/v2\/media?parent=40192"}],"wp:term":[{"taxonomy":"product_brand","embeddable":true,"href":"https:\/\/unox.com.tr\/de\/wp-json\/wp\/v2\/product_brand?post=40192"},{"taxonomy":"product_cat","embeddable":true,"href":"https:\/\/unox.com.tr\/de\/wp-json\/wp\/v2\/product_cat?post=40192"},{"taxonomy":"product_tag","embeddable":true,"href":"https:\/\/unox.com.tr\/de\/wp-json\/wp\/v2\/product_tag?post=40192"}],"curies":[{"name":"wp","href":"https:\/\/api.w.org\/{rel}","templated":true}]}}