{"id":40212,"date":"2020-09-17T08:48:31","date_gmt":"2020-09-17T05:48:31","guid":{"rendered":"https:\/\/www.unox.com.tr\/urun\/motorisiertes-3-wege-auf-zu-regelventil-schwimmende-regelung-33608\/"},"modified":"2024-11-20T11:18:14","modified_gmt":"2024-11-20T08:18:14","slug":"3-wege-motorisiertes-ein-aus-regelventil","status":"publish","type":"product","link":"https:\/\/unox.com.tr\/de\/3-wege-motorisiertes-ein-aus-regelventil\/","title":{"rendered":"3 Wege Motorisiertes Ein-Aus Regelventil (Schwimmende Regelung) &#8211; 33608"},"content":{"rendered":"<div id=\"ez-toc-container\" class=\"ez-toc-v2_0_82_2 counter-hierarchy ez-toc-counter ez-toc-grey ez-toc-container-direction\">\n<div class=\"ez-toc-title-container\">\n<p class=\"ez-toc-title\" style=\"cursor:inherit\">Sayfa \u0130\u00e7eri\u011fi<\/p>\n<span class=\"ez-toc-title-toggle\"><a href=\"#\" class=\"ez-toc-pull-right ez-toc-btn ez-toc-btn-xs ez-toc-btn-default ez-toc-toggle\" aria-label=\"Toggle Table of Content\"><span class=\"ez-toc-js-icon-con\"><span class=\"\"><span class=\"eztoc-hide\" style=\"display:none;\">Toggle<\/span><span class=\"ez-toc-icon-toggle-span\"><svg style=\"fill: #999;color:#999\" xmlns=\"http:\/\/www.w3.org\/2000\/svg\" class=\"list-377408\" width=\"20px\" height=\"20px\" viewBox=\"0 0 24 24\" fill=\"none\"><path d=\"M6 6H4v2h2V6zm14 0H8v2h12V6zM4 11h2v2H4v-2zm16 0H8v2h12v-2zM4 16h2v2H4v-2zm16 0H8v2h12v-2z\" fill=\"currentColor\"><\/path><\/svg><svg style=\"fill: #999;color:#999\" class=\"arrow-unsorted-368013\" xmlns=\"http:\/\/www.w3.org\/2000\/svg\" width=\"10px\" height=\"10px\" viewBox=\"0 0 24 24\" version=\"1.2\" baseProfile=\"tiny\"><path d=\"M18.2 9.3l-6.2-6.3-6.2 6.3c-.2.2-.3.4-.3.7s.1.5.3.7c.2.2.4.3.7.3h11c.3 0 .5-.1.7-.3.2-.2.3-.5.3-.7s-.1-.5-.3-.7zM5.8 14.7l6.2 6.3 6.2-6.3c.2-.2.3-.5.3-.7s-.1-.5-.3-.7c-.2-.2-.4-.3-.7-.3h-11c-.3 0-.5.1-.7.3-.2.2-.3.5-.3.7s.1.5.3.7z\"\/><\/svg><\/span><\/span><\/span><\/a><\/span><\/div>\n<nav><ul class='ez-toc-list ez-toc-list-level-1 ' ><li class='ez-toc-page-1 ez-toc-heading-level-2'><a class=\"ez-toc-link ez-toc-heading-1\" href=\"https:\/\/unox.com.tr\/de\/3-wege-motorisiertes-ein-aus-regelventil\/#Was_ist_ein_Motorisiertes_Ein-Aus_Regelventil\" >Was ist ein Motorisiertes Ein-Aus Regelventil?<\/a><\/li><li class='ez-toc-page-1 ez-toc-heading-level-2'><a class=\"ez-toc-link ez-toc-heading-2\" href=\"https:\/\/unox.com.tr\/de\/3-wege-motorisiertes-ein-aus-regelventil\/#Was_ist_das_Ein-Aus_Arbeitsprinzip\" >Was ist das Ein-Aus Arbeitsprinzip?<\/a><\/li><li class='ez-toc-page-1 ez-toc-heading-level-2'><a class=\"ez-toc-link ez-toc-heading-3\" href=\"https:\/\/unox.com.tr\/de\/3-wege-motorisiertes-ein-aus-regelventil\/#Allgemeine_Merkmale\" >Allgemeine Merkmale<\/a><\/li><li class='ez-toc-page-1 ez-toc-heading-level-2'><a class=\"ez-toc-link ez-toc-heading-4\" href=\"https:\/\/unox.com.tr\/de\/3-wege-motorisiertes-ein-aus-regelventil\/#Eigenschaften_des_Elektromotors\" >Eigenschaften des Elektromotors<\/a><\/li><li class='ez-toc-page-1 ez-toc-heading-level-2'><a class=\"ez-toc-link ez-toc-heading-5\" href=\"https:\/\/unox.com.tr\/de\/3-wege-motorisiertes-ein-aus-regelventil\/#Materialeigenschaften\" >Materialeigenschaften<\/a><ul class='ez-toc-list-level-3' ><li class='ez-toc-heading-level-3'><a class=\"ez-toc-link ez-toc-heading-6\" href=\"https:\/\/unox.com.tr\/de\/3-wege-motorisiertes-ein-aus-regelventil\/#Zubehoer\" >Zubeh\u00f6r<\/a><\/li><\/ul><\/li><\/ul><\/nav><\/div>\n<h2><span class=\"ez-toc-section\" id=\"Was_ist_ein_Motorisiertes_Ein-Aus_Regelventil\"><\/span><span style=\"font-size: 22px;\">Was ist ein Motorisiertes Ein-Aus Regelventil?<\/span><span class=\"ez-toc-section-end\"><\/span><\/h2>\n<p>Regelventil; Ein Ventil, das verwendet wird, um Fl\u00fcssigkeit zu steuern, indem die Gr\u00f6\u00dfe des Durchflusskanals ge\u00e4ndert wird, wie es durch ein Signal von einer Steuerung vorgegeben wird. Regelventile regeln Druck, Temperatur, Durchfluss und F\u00fcllstand in allen Prozessen, in denen Fl\u00fcssigkeiten vorhanden sind. Regelventile werden f\u00fcr Kaltwasser, Warmwasser, Dampf, \u00fcberhitztes Wasser, Dampf und Gas usw. verwendet, die durch den Energieverbrauch in Unternehmen erzeugt werden. Es sorgt daf\u00fcr, dass die Fl\u00fcssigkeiten verlustfrei transportiert und kontrolliert werden k\u00f6nnen.<\/p>\n<h2><span class=\"ez-toc-section\" id=\"Was_ist_das_Ein-Aus_Arbeitsprinzip\"><\/span><span style=\"font-size: 22px;\">Was ist das Ein-Aus Arbeitsprinzip?<\/span><span class=\"ez-toc-section-end\"><\/span><\/h2>\n<p>Das Ein-Aus-Betriebsprinzip bezieht sich auf ein Steuersystem, bei dem ein Ger\u00e4t oder System ohne Zwischenbedingungen vollst\u00e4ndig ge\u00f6ffnet oder vollst\u00e4ndig geschlossen ist. Diese Art der Steuerung wird h\u00e4ufig in einfachen Systemen verwendet, in denen ein Ger\u00e4t oder System basierend auf einer bestimmten Bedingung oder Eingabe ein- oder ausgeschaltet werden muss.<\/p>\n<p>Ein Beispiel f\u00fcr das On-Off-Funktionsprinzip ist ein Thermostat, der das Heiz- oder K\u00fchlsystem steuert. Wenn der Thermostat auf eine bestimmte Temperatur eingestellt ist, schaltet er das System nach Bedarf ein oder aus, um diese Temperatur zu halten. Wenn die Temperatur im Raum unter den Sollwert f\u00e4llt, wird die Heizung eingeschaltet, wenn die Temperatur \u00fcber den Sollwert steigt, wird die Heizung ausgeschaltet.<\/p>\n<p>Das Ein-Aus-Funktionsprinzip wird h\u00e4ufig in einfachen Steuerungssystemen verwendet, da es relativ einfach zu implementieren und zu verstehen ist. Es ist jedoch m\u00f6glicherweise weniger empfindlich als andere Steuermethoden, da es keine Feinabstimmung oder Zwischenzust\u00e4nde zul\u00e4sst.<\/p>\n<h2><span class=\"ez-toc-section\" id=\"Allgemeine_Merkmale\"><\/span><span style=\"font-size: 22px;\">Allgemeine Merkmale<\/span><span class=\"ez-toc-section-end\"><\/span><\/h2>\n<ul>\n<li><strong>Produkt:<\/strong> Motorisiertes 3-Wege-Auf-Zu-Regelventil (mit Metallbalgzusatz)<\/li>\n<li><strong>Abmessungen:<\/strong> DN15 \/ DN20 \/ DN25 \/ DN32 \/ DN40 \/ DN50 \/ DN65 \/ DN80 \/ DN100 \/ DN125 \/ DN150<\/li>\n<li><strong>Einsatzbereich:<\/strong> Druckdampf- und Hei\u00df\u00f6lleitungen<\/li>\n<li><strong>Funktion:<\/strong> Spendermischer<\/li>\n<li><strong>Dichtungsklasse:<\/strong> KLASSE VI (PTFE-Weichdichtung)<\/li>\n<li><strong>Anschlussnorm:<\/strong> Flanschanschluss (DIN1092-2)<\/li>\n<li><strong>Druckklasse:<\/strong> PN16- PN25 (Optional PN40)<\/li>\n<li><strong>Max. Betriebstemperatur:<\/strong> 220 \u00b0C<\/li>\n<li><strong>Halsdichtung:<\/strong> V &#8211; Paket<\/li>\n<li><strong>Charakteristik:<\/strong> Ein &#8211; Aus \/ Proportional<\/li>\n<\/ul>\n<p>Es beh\u00e4lt seine Position bei, wenn die Stromversorgung unterbrochen wird.<\/p>\n<h2><span class=\"ez-toc-section\" id=\"Eigenschaften_des_Elektromotors\"><\/span><span style=\"font-size: 22px;\">Eigenschaften des Elektromotors<\/span><span class=\"ez-toc-section-end\"><\/span><\/h2>\n<ul>\n<li><strong>Versorgung:<\/strong> 24 VAC &#8211; 24 VDC &#8211; 220 VAC (3-Punkt-Floating Control)<\/li>\n<li><strong>Antriebskraft:<\/strong> (N) 1000 N \u2013 2200 N &#8211; 2500 N \u2013 3000 N<\/li>\n<li><strong>Hub:<\/strong> 20 mm f\u00fcr DN 15 \u2013 50 ; 30 mm f\u00fcr DN 50-100<\/li>\n<li><strong>Hubbeendigungszeit:<\/strong> 20 Sek. f\u00fcr DN 15 \u2013 50; 30 Sek. f\u00fcr DN 50-100<\/li>\n<\/ul>\n<h2><span class=\"ez-toc-section\" id=\"Materialeigenschaften\"><\/span><span style=\"font-size: 22px;\">Materialeigenschaften<\/span><span class=\"ez-toc-section-end\"><\/span><\/h2>\n<ul>\n<li><strong>K\u00f6rper:<\/strong> GGG &#8211; 40.3 Sph\u00e4roguss<\/li>\n<li><strong>Abdeckung:<\/strong> GGG &#8211; 40.3 Sph\u00e4roguss<\/li>\n<li><strong>Halsanschluss:<\/strong> ST44- 3 (S275J0)<\/li>\n<li><strong>Aktuatork\u00f6rper:<\/strong> AL6063 ENJ. &#8211; ABS-Kunststoff<\/li>\n<li><strong>Sitz:<\/strong> Edelstahl 1.4571 (AISI316)<\/li>\n<\/ul>\n<h3><span class=\"ez-toc-section\" id=\"Zubehoer\"><\/span><span style=\"font-size: 20px;\">Zubeh\u00f6r<\/span><span class=\"ez-toc-section-end\"><\/span><\/h3>\n<p><em>Fragen Sie nach einem zus\u00e4tzlichen Endschalterkasten.<\/em><\/p>\n<p><em>Fragen Sie nach 0-1 Kohm Potentiometerzusatz\u2026<\/em><\/p>\n<p><em>Fragen Sie nach 4-20 mA \/ 0-10 V DC proportionalem Steuer- und R\u00fcckmeldesignal.<\/em><\/p>\n<p><em>Fragen Sie nach hohen Delta P&#8217;s..<\/em><\/p>\n<p><em>Fragen Sie nach 220 V AC &#8211; 24 V DC Versorgung.<\/em><\/p>\n<p><em>Fragen Sie uns nach Hochtemperatur- und Spezialanwendungen.<\/em><\/p>\n<p><em>DN100, DN125, DN150 Geh\u00e4usematerial ist PN16 Gusseisen.<\/em><\/p>\n<p><em>Bitte fragen Sie nach anderen Karosseriematerialien.<\/em><\/p>\n","protected":false},"excerpt":{"rendered":"<p><a href=\"https:\/\/unox.com.tr\/wp-content\/uploads\/2023\/02\/3-Yollu-Motorlu-On-Off-Kontrol-Vanasi-%E2%80%93-33608.pdf\" target=\"_blank\" rel=\"noopener\"><button style=\"background-color: #11224b; color: #ffffff; padding: 10px 15px; font-family: montserrat; font-weight: bold; font-size: 19px; border-radius: 10px;\"><img decoding=\"async\" style=\"width: 25px; height: 25px;\" src=\"https:\/\/unox.com.tr\/wp-content\/uploads\/2023\/02\/pdf-1.png\">PRODUKTKATALOG<\/button><\/a><\/p>\n<p><button style=\"background-color: #11224b; margin-top: 5px; color: white; padding: 0px 15px; width: 150px; height: 55px; border-radius: 10px; border: none; cursor: pointer;\"><br \/>\n<img decoding=\"async\" style=\"width: 120px; height: 30px;\" src=\"https:\/\/unox.com.tr\/wp-content\/uploads\/2023\/02\/4-1.svg\"><\/button><\/p>\n","protected":false},"featured_media":33999,"comment_status":"open","ping_status":"closed","template":"","meta":[],"product_brand":[],"product_cat":[1081,1082],"product_tag":[],"class_list":{"0":"post-40212","1":"product","2":"type-product","3":"status-publish","4":"has-post-thumbnail","6":"product_cat-regelventilen","7":"product_cat-regelventile-mit-elektromotor","9":"first","10":"instock","11":"shipping-taxable","12":"product-type-simple"},"_links":{"self":[{"href":"https:\/\/unox.com.tr\/de\/wp-json\/wp\/v2\/product\/40212","targetHints":{"allow":["GET"]}}],"collection":[{"href":"https:\/\/unox.com.tr\/de\/wp-json\/wp\/v2\/product"}],"about":[{"href":"https:\/\/unox.com.tr\/de\/wp-json\/wp\/v2\/types\/product"}],"replies":[{"embeddable":true,"href":"https:\/\/unox.com.tr\/de\/wp-json\/wp\/v2\/comments?post=40212"}],"version-history":[{"count":0,"href":"https:\/\/unox.com.tr\/de\/wp-json\/wp\/v2\/product\/40212\/revisions"}],"wp:featuredmedia":[{"embeddable":true,"href":"https:\/\/unox.com.tr\/de\/wp-json\/wp\/v2\/media\/33999"}],"wp:attachment":[{"href":"https:\/\/unox.com.tr\/de\/wp-json\/wp\/v2\/media?parent=40212"}],"wp:term":[{"taxonomy":"product_brand","embeddable":true,"href":"https:\/\/unox.com.tr\/de\/wp-json\/wp\/v2\/product_brand?post=40212"},{"taxonomy":"product_cat","embeddable":true,"href":"https:\/\/unox.com.tr\/de\/wp-json\/wp\/v2\/product_cat?post=40212"},{"taxonomy":"product_tag","embeddable":true,"href":"https:\/\/unox.com.tr\/de\/wp-json\/wp\/v2\/product_tag?post=40212"}],"curies":[{"name":"wp","href":"https:\/\/api.w.org\/{rel}","templated":true}]}}