{"id":40215,"date":"2020-09-17T08:42:50","date_gmt":"2020-09-17T05:42:50","guid":{"rendered":"https:\/\/www.unox.com.tr\/urun\/vakuumbrecher-aus-messing\/"},"modified":"2023-03-22T09:13:12","modified_gmt":"2023-03-22T06:13:12","slug":"reis-vakuum-brecher","status":"publish","type":"product","link":"https:\/\/unox.com.tr\/de\/reis-vakuum-brecher\/","title":{"rendered":"Vakuumbrecher aus Messing"},"content":{"rendered":"<div id=\"ez-toc-container\" class=\"ez-toc-v2_0_83 counter-hierarchy ez-toc-counter ez-toc-grey ez-toc-container-direction\">\n<div class=\"ez-toc-title-container\">\n<p class=\"ez-toc-title\" style=\"cursor:inherit\">Sayfa \u0130\u00e7eri\u011fi<\/p>\n<span class=\"ez-toc-title-toggle\"><a href=\"#\" class=\"ez-toc-pull-right ez-toc-btn ez-toc-btn-xs ez-toc-btn-default ez-toc-toggle\" aria-label=\"Toggle Table of Content\"><span class=\"ez-toc-js-icon-con\"><span class=\"\"><span class=\"eztoc-hide\" style=\"display:none;\">Toggle<\/span><span class=\"ez-toc-icon-toggle-span\"><svg style=\"fill: #999;color:#999\" xmlns=\"http:\/\/www.w3.org\/2000\/svg\" class=\"list-377408\" width=\"20px\" height=\"20px\" viewBox=\"0 0 24 24\" fill=\"none\"><path d=\"M6 6H4v2h2V6zm14 0H8v2h12V6zM4 11h2v2H4v-2zm16 0H8v2h12v-2zM4 16h2v2H4v-2zm16 0H8v2h12v-2z\" fill=\"currentColor\"><\/path><\/svg><svg style=\"fill: #999;color:#999\" class=\"arrow-unsorted-368013\" xmlns=\"http:\/\/www.w3.org\/2000\/svg\" width=\"10px\" height=\"10px\" viewBox=\"0 0 24 24\" version=\"1.2\" baseProfile=\"tiny\"><path d=\"M18.2 9.3l-6.2-6.3-6.2 6.3c-.2.2-.3.4-.3.7s.1.5.3.7c.2.2.4.3.7.3h11c.3 0 .5-.1.7-.3.2-.2.3-.5.3-.7s-.1-.5-.3-.7zM5.8 14.7l6.2 6.3 6.2-6.3c.2-.2.3-.5.3-.7s-.1-.5-.3-.7c-.2-.2-.4-.3-.7-.3h-11c-.3 0-.5.1-.7.3-.2.2-.3.5-.3.7s.1.5.3.7z\"\/><\/svg><\/span><\/span><\/span><\/a><\/span><\/div>\n<nav><ul class='ez-toc-list ez-toc-list-level-1 ' ><li class='ez-toc-page-1 ez-toc-heading-level-2'><a class=\"ez-toc-link ez-toc-heading-1\" href=\"https:\/\/unox.com.tr\/de\/reis-vakuum-brecher\/#Was_ist_ein_Vakuumbrecher_aus_Messing\" >Was ist ein Vakuumbrecher aus Messing?<\/a><\/li><li class='ez-toc-page-1 ez-toc-heading-level-2'><a class=\"ez-toc-link ez-toc-heading-2\" href=\"https:\/\/unox.com.tr\/de\/reis-vakuum-brecher\/#Arbeitsprinzip\" >Arbeitsprinzip<\/a><\/li><li class='ez-toc-page-1 ez-toc-heading-level-2'><a class=\"ez-toc-link ez-toc-heading-3\" href=\"https:\/\/unox.com.tr\/de\/reis-vakuum-brecher\/#Produkteigenschaften\" >Produkteigenschaften<\/a><\/li><li class='ez-toc-page-1 ez-toc-heading-level-2'><a class=\"ez-toc-link ez-toc-heading-4\" href=\"https:\/\/unox.com.tr\/de\/reis-vakuum-brecher\/#Geltungsbereich\" >Geltungsbereich<\/a><\/li><\/ul><\/nav><\/div>\n<h2><span class=\"ez-toc-section\" id=\"Was_ist_ein_Vakuumbrecher_aus_Messing\"><\/span><span style=\"font-size: 22px;\">Was ist ein Vakuumbrecher aus Messing?<\/span><span class=\"ez-toc-section-end\"><\/span><\/h2>\n<p>Ein Vakuumbrecher ist ein Ger\u00e4t, das die Bildung eines Vakuums im Rohrleitungssystem verhindern soll. Dies geschieht, indem Luft in das System gelassen wird, wenn ein Vakuum vorhanden ist, das Vakuum bricht und verhindert, dass das System vollst\u00e4ndig heruntergefahren wird. Es wird h\u00e4ufig in Sanit\u00e4rsystemen verwendet, um einen R\u00fcckfluss zu verhindern, der die Umkehrung des normalen Wasserflusses im System darstellt.<\/p>\n<p>Es gibt zwei Haupttypen von Vakuumbrechern: Atmosph\u00e4ren- und Druck-Vakuumbrecher. Atmosph\u00e4rische Vakuumbrecher werden normalerweise am Ende eines Schlauchs oder eines anderen Wasserhahns im Freien angebracht und sind so konzipiert, dass sie einen R\u00fcckfluss verhindern, indem sie das Vakuum brechen, indem sie Luft in das System lassen, wenn der Wasserfluss abgestellt wird. Druckvakuumbrecher hingegen sind so konzipiert, dass sie den R\u00fcckfluss verhindern, indem sie das Vakuum wieder brechen, indem sie Luft in das System einleiten, wenn der Wasserdruck unter einen bestimmten Wert f\u00e4llt.<\/p>\n<h2><span class=\"ez-toc-section\" id=\"Arbeitsprinzip\"><\/span><span style=\"font-size: 22px;\">Arbeitsprinzip<\/span><span class=\"ez-toc-section-end\"><\/span><\/h2>\n<p>Kondensation ist in Dampfanlagen unerw\u00fcnscht. Kondensation; Der Dampf in der Umgebung entsteht beim Abk\u00fchlen der Anlage, wenn die Leitung bei hohen Dr\u00fccken durchtrennt wird. Der Dampf, der sich durch Kondensation in Wasser verwandelt, bewirkt eine Volumenreduktion in der Umgebung und der Druck in der Umgebung nimmt allm\u00e4hlich ab und es bildet sich ein Vakuum im System.<\/p>\n<p>Es wird an geeigneten Stellen der Anlage platziert, um den Druck in der Umgebung auszugleichen. Es wirkt im Prinzip als R\u00fcckschlagventil in Dampfleitungen. Sinkt der Druck in der Umgebung, gleicht es den Druck durch Ansaugen von Luft aus, oder wenn sich der Hochdruck in der Umgebung ausbildet, schlie\u00dft es und h\u00e4lt den Druck im Gleichgewicht. Es handelt sich um Allzweckprodukte, die in kleinen Gr\u00f6\u00dfen hergestellt werden und f\u00fcr den Einsatz in Dampfleitungen und zur Bildung von Kondensat ausgelegt sind. Es sollte vertikal mit dem Systemanschluss nach unten montiert werden.<\/p>\n<h2><span class=\"ez-toc-section\" id=\"Produkteigenschaften\"><\/span><span style=\"font-size: 22px;\">Produkteigenschaften<\/span><span class=\"ez-toc-section-end\"><\/span><\/h2>\n<ul>\n<li><strong>Modell:<\/strong> UKV-70D<\/li>\n<li><strong>Gr\u00f6\u00dfe:<\/strong> 1\/2&#8243;<\/li>\n<li><strong>K\u00f6rper:<\/strong> Messing<\/li>\n<li><strong>Innenausstattung<\/strong>: Edelstahl<\/li>\n<li><strong>Max. Betriebsdruck<\/strong>: 16 Bar<\/li>\n<li><strong>Max. Betriebstemperatur<\/strong>: 260\u00b0C<\/li>\n<li><strong>Min. \u0394P \u00d6ffnungsdruck: <\/strong>0.17 Bar<\/li>\n<li><strong>Anschl\u00fcsse:<\/strong> Gewinde<\/li>\n<li><strong>Materialgewicht:<\/strong> 420gr.<\/li>\n<\/ul>\n<h2><span class=\"ez-toc-section\" id=\"Geltungsbereich\"><\/span><span style=\"font-size: 22px;\">Geltungsbereich<\/span><span class=\"ez-toc-section-end\"><\/span><\/h2>\n<ul>\n<li>Serpentinensysteme<\/li>\n<li>W\u00e4rmetauscher<\/li>\n<li>Leitungsunterbrechungen in Dampfanlagen<\/li>\n<li>Dampfsammler<\/li>\n<\/ul>\n","protected":false},"excerpt":{"rendered":"<p><a href=\"https:\/\/unox.com.tr\/wp-content\/uploads\/2023\/01\/Pirinc-Vakum-Kirici-.pdf\" target=\"_blank\" rel=\"noopener\"><button style=\"background-color: #11224b; color: #ffffff; padding: 10px 15px; font-family: montserrat; font-weight: bold; font-size: 19px; border-radius: 10px;\"><img decoding=\"async\" style=\"width: 25px; height: 25px;\" src=\"https:\/\/unox.com.tr\/wp-content\/uploads\/2023\/02\/pdf-1.png\">PRODUKTKATALOG<\/button><\/a><\/p>\n<p><button style=\"background-color: #11224b; margin-top: 5px; color: white; padding: 0px 15px; width: 150px; height: 55px; border-radius: 10px; border: none; cursor: pointer;\"><br \/>\n<img decoding=\"async\" style=\"width: 120px; height: 30px;\" src=\"https:\/\/unox.com.tr\/wp-content\/uploads\/2023\/02\/4-1.svg\"><\/button><\/p>\n","protected":false},"featured_media":33873,"comment_status":"open","ping_status":"closed","template":"","meta":[],"product_brand":[],"product_cat":[1080,1077],"product_tag":[],"class_list":{"0":"post-40215","1":"product","2":"type-product","3":"status-publish","4":"has-post-thumbnail","6":"product_cat-vakuumbrecher","7":"product_cat-kondensatableiteren","9":"first","10":"instock","11":"shipping-taxable","12":"product-type-simple"},"_links":{"self":[{"href":"https:\/\/unox.com.tr\/de\/wp-json\/wp\/v2\/product\/40215","targetHints":{"allow":["GET"]}}],"collection":[{"href":"https:\/\/unox.com.tr\/de\/wp-json\/wp\/v2\/product"}],"about":[{"href":"https:\/\/unox.com.tr\/de\/wp-json\/wp\/v2\/types\/product"}],"replies":[{"embeddable":true,"href":"https:\/\/unox.com.tr\/de\/wp-json\/wp\/v2\/comments?post=40215"}],"version-history":[{"count":0,"href":"https:\/\/unox.com.tr\/de\/wp-json\/wp\/v2\/product\/40215\/revisions"}],"wp:featuredmedia":[{"embeddable":true,"href":"https:\/\/unox.com.tr\/de\/wp-json\/wp\/v2\/media\/33873"}],"wp:attachment":[{"href":"https:\/\/unox.com.tr\/de\/wp-json\/wp\/v2\/media?parent=40215"}],"wp:term":[{"taxonomy":"product_brand","embeddable":true,"href":"https:\/\/unox.com.tr\/de\/wp-json\/wp\/v2\/product_brand?post=40215"},{"taxonomy":"product_cat","embeddable":true,"href":"https:\/\/unox.com.tr\/de\/wp-json\/wp\/v2\/product_cat?post=40215"},{"taxonomy":"product_tag","embeddable":true,"href":"https:\/\/unox.com.tr\/de\/wp-json\/wp\/v2\/product_tag?post=40215"}],"curies":[{"name":"wp","href":"https:\/\/api.w.org\/{rel}","templated":true}]}}