{"id":40231,"date":"2020-09-17T08:37:18","date_gmt":"2020-09-17T08:37:18","guid":{"rendered":"https:\/\/www.unox.com.tr\/urun\/thermostatische-falle\/"},"modified":"2023-03-22T09:21:27","modified_gmt":"2023-03-22T06:21:27","slug":"thermostatisch-kondensatableiter","status":"publish","type":"product","link":"https:\/\/unox.com.tr\/de\/thermostatisch-kondensatableiter\/","title":{"rendered":"Thermostatischer Kondensatableiter"},"content":{"rendered":"<div id=\"ez-toc-container\" class=\"ez-toc-v2_0_83 counter-hierarchy ez-toc-counter ez-toc-grey ez-toc-container-direction\">\n<div class=\"ez-toc-title-container\">\n<p class=\"ez-toc-title\" style=\"cursor:inherit\">Sayfa \u0130\u00e7eri\u011fi<\/p>\n<span class=\"ez-toc-title-toggle\"><a href=\"#\" class=\"ez-toc-pull-right ez-toc-btn ez-toc-btn-xs ez-toc-btn-default ez-toc-toggle\" aria-label=\"Toggle Table of Content\"><span class=\"ez-toc-js-icon-con\"><span class=\"\"><span class=\"eztoc-hide\" style=\"display:none;\">Toggle<\/span><span class=\"ez-toc-icon-toggle-span\"><svg style=\"fill: #999;color:#999\" xmlns=\"http:\/\/www.w3.org\/2000\/svg\" class=\"list-377408\" width=\"20px\" height=\"20px\" viewBox=\"0 0 24 24\" fill=\"none\"><path d=\"M6 6H4v2h2V6zm14 0H8v2h12V6zM4 11h2v2H4v-2zm16 0H8v2h12v-2zM4 16h2v2H4v-2zm16 0H8v2h12v-2z\" fill=\"currentColor\"><\/path><\/svg><svg style=\"fill: #999;color:#999\" class=\"arrow-unsorted-368013\" xmlns=\"http:\/\/www.w3.org\/2000\/svg\" width=\"10px\" height=\"10px\" viewBox=\"0 0 24 24\" version=\"1.2\" baseProfile=\"tiny\"><path d=\"M18.2 9.3l-6.2-6.3-6.2 6.3c-.2.2-.3.4-.3.7s.1.5.3.7c.2.2.4.3.7.3h11c.3 0 .5-.1.7-.3.2-.2.3-.5.3-.7s-.1-.5-.3-.7zM5.8 14.7l6.2 6.3 6.2-6.3c.2-.2.3-.5.3-.7s-.1-.5-.3-.7c-.2-.2-.4-.3-.7-.3h-11c-.3 0-.5.1-.7.3-.2.2-.3.5-.3.7s.1.5.3.7z\"\/><\/svg><\/span><\/span><\/span><\/a><\/span><\/div>\n<nav><ul class='ez-toc-list ez-toc-list-level-1 ' ><li class='ez-toc-page-1 ez-toc-heading-level-2'><a class=\"ez-toc-link ez-toc-heading-1\" href=\"https:\/\/unox.com.tr\/de\/thermostatisch-kondensatableiter\/#Was_ist_eine_Thermostatischer_Kondensatableiter\" >Was ist eine Thermostatischer Kondensatableiter?<\/a><\/li><li class='ez-toc-page-1 ez-toc-heading-level-2'><a class=\"ez-toc-link ez-toc-heading-2\" href=\"https:\/\/unox.com.tr\/de\/thermostatisch-kondensatableiter\/#Wie_funktioniert_eine_Thermostatischer_Kondensatableiter\" >Wie funktioniert eine Thermostatischer Kondensatableiter?<\/a><\/li><li class='ez-toc-page-1 ez-toc-heading-level-2'><a class=\"ez-toc-link ez-toc-heading-3\" href=\"https:\/\/unox.com.tr\/de\/thermostatisch-kondensatableiter\/#Allgemeine_Merkmale\" >Allgemeine Merkmale<\/a><\/li><li class='ez-toc-page-1 ez-toc-heading-level-2'><a class=\"ez-toc-link ez-toc-heading-4\" href=\"https:\/\/unox.com.tr\/de\/thermostatisch-kondensatableiter\/#Einsatzbereiche\" >Einsatzbereiche<\/a><\/li><li class='ez-toc-page-1 ez-toc-heading-level-2'><a class=\"ez-toc-link ez-toc-heading-5\" href=\"https:\/\/unox.com.tr\/de\/thermostatisch-kondensatableiter\/#Wie_funktioniert_ein_thermostatischer_Kondensatableiter\" >Wie funktioniert ein thermostatischer Kondensatableiter?<\/a><\/li><li class='ez-toc-page-1 ez-toc-heading-level-2'><a class=\"ez-toc-link ez-toc-heading-6\" href=\"https:\/\/unox.com.tr\/de\/thermostatisch-kondensatableiter\/#Was_macht_ein_thermostatischer_Kondensatableiter\" >Was macht ein thermostatischer Kondensatableiter?<\/a><\/li><li class='ez-toc-page-1 ez-toc-heading-level-2'><a class=\"ez-toc-link ez-toc-heading-7\" href=\"https:\/\/unox.com.tr\/de\/thermostatisch-kondensatableiter\/#Arten_von_Thermostatableitern\" >Arten von Thermostatableitern<\/a><\/li><li class='ez-toc-page-1 ez-toc-heading-level-2'><a class=\"ez-toc-link ez-toc-heading-8\" href=\"https:\/\/unox.com.tr\/de\/thermostatisch-kondensatableiter\/#Preise_fuer_Thermostatfallen\" >Preise f\u00fcr Thermostatfallen<\/a><\/li><\/ul><\/nav><\/div>\n<h2><span class=\"ez-toc-section\" id=\"Was_ist_eine_Thermostatischer_Kondensatableiter\"><\/span><span style=\"font-size: 22px;\">Was ist eine Thermostatischer Kondensatableiter?<\/span><span class=\"ez-toc-section-end\"><\/span><\/h2>\n<p>Ein thermostatischer Kondensatableiter ist eine Art Sanit\u00e4rger\u00e4t, das verwendet wird, um den Luft- oder Gasstrom durch das Rohrleitungssystem zu verhindern. Es ist darauf ausgelegt, eine konstante Temperatur aufrechtzuerhalten, was dazu beitr\u00e4gt, die Bildung von Kondenswasser und die Bildung von Wassertr\u00f6pfchen im Rohrleitungssystem zu verhindern.<\/p>\n<h2><span class=\"ez-toc-section\" id=\"Wie_funktioniert_eine_Thermostatischer_Kondensatableiter\"><\/span><span style=\"font-size: 22px;\">Wie funktioniert eine Thermostatischer Kondensatableiter?<\/span><span class=\"ez-toc-section-end\"><\/span><\/h2>\n<p>Thermostatische Ableiter werden \u00fcblicherweise in Dampfheizungssystemen verwendet, um zu verhindern, dass Dampf durch Entl\u00fcftungen entweicht, sowie in Prozessrohrsystemen, um W\u00e4rme- oder Druckverluste zu verhindern. Sie arbeiten mit einem temperaturempfindlichen Element wie einem Bimetallstreifen oder einem Wachspellet, um ein Ventil als Reaktion auf Temperatur\u00e4nderungen zu \u00f6ffnen oder zu schlie\u00dfen. Wenn die Temperatur im Leitungssystem \u00fcber einen bestimmten Wert ansteigt, dehnt sich das Thermostatelement aus, \u00f6ffnet das Ventil und l\u00e4sst Dampf oder andere Gase entweichen. Wenn die Temperatur unter dieses Niveau f\u00e4llt, schrumpft das Element und das Ventil schlie\u00dft, wodurch der Luft- oder Gasstrom blockiert wird.<\/p>\n<p>Sie sind ein wichtiger Bestandteil vieler Rohrleitungssysteme, da sie dazu beitragen, die Effizienz des Systems aufrechtzuerhalten und Energieverluste zu vermeiden. Sie werden auch verwendet, um Ger\u00e4te zu sch\u00fctzen und die Gefahr von Unf\u00e4llen oder Verletzungen durch das Freisetzen von Dampf oder anderen Gasen zu verhindern.<\/p>\n<h2><span class=\"ez-toc-section\" id=\"Allgemeine_Merkmale\"><\/span><span style=\"font-size: 22px;\">Allgemeine Merkmale<\/span><span class=\"ez-toc-section-end\"><\/span><\/h2>\n<ul>\n<li><strong>Geh\u00e4use und Abdeckung:<\/strong> Edelstahl<\/li>\n<li><strong>Thermostatische Kapsel:<\/strong> Hastelloy<\/li>\n<li><strong>Max. Betriebsdruck:<\/strong> 45 Bar<\/li>\n<li><strong>Max. Betriebstemperatur<\/strong>: 250\u00b0C<\/li>\n<\/ul>\n<h2><span class=\"ez-toc-section\" id=\"Einsatzbereiche\"><\/span><span style=\"font-size: 22px;\">Einsatzbereiche<\/span><span class=\"ez-toc-section-end\"><\/span><\/h2>\n<p>Thermostatische Kondensatableiter sind f\u00fcr den Einsatz geeignet, wenn und unter welchen Bedingungen die W\u00e4rme des Kondensats genutzt werden soll. Es kann in B\u00fcgeleisen, Nachf\u00fchrlinien, Presseinheiten, Trocknungseinheiten, dampfummantelten Rohren und Dampfsystemen verwendet werden.<\/p>\n<p>Thermostatische Kondensatableiter entfernen Kondenswasser durch den Temperaturunterschied von Dampf- und Fl\u00fcssigphase. Die Falle wird durch Expansion und Kontraktion eines Elements betrieben, das der Hitze von Dampf oder Kondensat ausgesetzt ist. Diese Ableiter nehmen einen Temperaturabfall unter die S\u00e4ttigungskurve, um sich zu \u00f6ffnen und das Kondensat zu entfernen. Diese Fallen k\u00f6nnen mit Hilfe von gef\u00fcllten Elementen, Faltenb\u00e4lgen oder Bimetallelementen realisiert werden.<\/p>\n<ul>\n<li>Situationen, in denen die Kondensattemperatur zum Heizen verwendet werden soll.<\/li>\n<li>Entl\u00fcfteranwendungen in Dampfsystemen.<\/li>\n<\/ul>\n<h2><span class=\"ez-toc-section\" id=\"Wie_funktioniert_ein_thermostatischer_Kondensatableiter\"><\/span><span style=\"font-size: 22px;\">Wie funktioniert ein<\/span> <span style=\"font-size: 22px;\">thermostatischer Kondensatableiter?<\/span><span class=\"ez-toc-section-end\"><\/span><\/h2>\n<p>Thermostatische Kondensatableiter arbeiten mit der Temperaturdifferenz des Dampfes aus dem gek\u00fchlten Kondensat und der Luft. Der Dampf erh\u00f6ht den Druck im Inneren des Thermostatelements, wodurch sich der Ableiter schlie\u00dft. Wenn sich Kondensat und nicht kondensierbare Gase im K\u00fchlschenkel ansammeln, beginnt die Temperatur zu fallen und das Thermostatelement zieht sich zusammen und \u00f6ffnet das Ventil.<\/p>\n<p>Die vor dem Siphon angestaute Kondensatmenge ist abh\u00e4ngig von den Lastverh\u00e4ltnissen, dem Dampfdruck und der Rohrgr\u00f6\u00dfe. Es ist unbedingt zu beachten, dass sich hinter dem Kondensat nicht kondensierbare Gase ansammeln k\u00f6nnen.<\/p>\n<p><em>HINWEIS: Thermostatische Ableiter k\u00f6nnen auch zum Ablassen von Luft aus einem Dampfsystem verwendet werden. Wenn sich Luft ansammelt, sinkt die Temperatur und die thermostatische Entl\u00fcftung l\u00e4sst automatisch Luft leicht unter der Dampftemperatur \u00fcber den gesamten Betriebsdruckbereich ab.<\/em><\/p>\n<h2><span class=\"ez-toc-section\" id=\"Was_macht_ein_thermostatischer_Kondensatableiter\"><\/span><span style=\"font-size: 22px;\">Was macht ein<\/span> <span style=\"font-size: 22px;\">thermostatischer Kondensatableiter?<\/span><span class=\"ez-toc-section-end\"><\/span><\/h2>\n<p>Thermostatische Kondensatableiter sind eine der Arten von Ableitern, die verwendet werden, um das Kondensat aus dem System zu entfernen. Diese Kondensatableiter, die die Lebensdauer der installierten Installation erh\u00f6hen, sorgen auch f\u00fcr eine maximale W\u00e4rme\u00fcbertragung. Wenn es zu viel Kondensat ausgesetzt ist, beginnt der Kondensatablassvorgang, und wenn der Dampf kommt, dehnt er sich aus und schlie\u00dft das Ventil.<\/p>\n<h2><span class=\"ez-toc-section\" id=\"Arten_von_Thermostatableitern\"><\/span><span style=\"font-size: 22px;\">Arten von Thermostatableitern<\/span><span class=\"ez-toc-section-end\"><\/span><\/h2>\n<p><strong>Thermostatischer Kondensatableiter mit Fl\u00fcssigkeitsausdehnung:<\/strong> Dies ist das einfachste Kondensatableitermodell. Um den Dampfdurchgang zu verhindern, wird der Teil mit dem \u00d6l in der Falle erhitzt und ausgedehnt, wodurch das Ventil geschlossen und der Dampfdurchgang verhindert wird.<\/p>\n<p><strong>Thermostatischer Ableiter mit ausgeglichenem Druck:<\/strong> Die Betriebstemperatur wird durch den Dampfdruck in der Umgebung beeinflusst. Das Kapselelement wird aus Metall durch Mischen mit fl\u00fcssigem Wasser und Alkohol hergestellt, der einen niedrigeren S\u00e4ttigungstemperaturwert als Wasser hat.<\/p>\n<p><strong>Bimetallische Thermostatfalle:<\/strong> Sie wird durch Schwei\u00dfen und Kombinieren von zwei verschiedenen Metallen gebildet. Wenn die Metallstreifen Hitze ausgesetzt werden, wenn sie sich unter W\u00e4rmeeinfluss ausdehnen und biegen, schlie\u00dfen sie das Ventil und verhindern so den Dampfdurchtritt.<\/p>\n<h2><span class=\"ez-toc-section\" id=\"Preise_fuer_Thermostatfallen\"><\/span><span style=\"font-size: 22px;\">Preise f\u00fcr Thermostatfallen<\/span><span class=\"ez-toc-section-end\"><\/span><\/h2>\n<p>Die Preise f\u00fcr thermostatische Kondensatableiter variieren je nach Modell und Marke. Das verwendete Material, die allgemeine Leistung des Ableiters, die Art der Verwendung, die zu verwendenden Druck- und Temperaturwerte geh\u00f6ren zu den Faktoren, die die Preise des Thermostatableiters beeinflussen. Verschiedene Faktoren wie Preise von Kondensatableitern, Marktsektor und Gewinnraten wirken sich ebenfalls weiterhin auf die Preise aus.<\/p>\n<p>&nbsp;<\/p>\n<p>Sie k\u00f6nnen sich unser Video ansehen, um detailliertere Informationen \u00fcber Kondensatableiter zu erhalten.<\/p>\n<p>&nbsp;<\/p>\n<p><iframe title=\"Kondenstop nedir? \u00c7al\u0131\u015fma Prensibi nedir? What is a steam trap? What is the Working Principle? #10\" width=\"500\" height=\"281\" src=\"https:\/\/www.youtube.com\/embed\/RYm9XG8YP_E?feature=oembed\" frameborder=\"0\" allow=\"accelerometer; autoplay; clipboard-write; encrypted-media; gyroscope; picture-in-picture; web-share\" referrerpolicy=\"strict-origin-when-cross-origin\" allowfullscreen><\/iframe><\/p>\n","protected":false},"excerpt":{"rendered":"<p><button style=\"background-color: #11224b; color: #ffffff; padding: 10px 15px; font-family: montserrat; font-weight: bold; font-size: 19px; border-radius: 10px;\"><img decoding=\"async\" style=\"width: 25px; height: 25px;\" src=\"https:\/\/unox.com.tr\/wp-content\/uploads\/2023\/02\/pdf-1.png\">PRODUKTKATALOG<\/button><\/p>\n<p><button style=\"background-color: #11224b; margin-top: 5px; color: white; padding: 0px 15px; width: 150px; height: 55px; border-radius: 10px; border: none; cursor: pointer;\"><br \/>\n<img decoding=\"async\" style=\"width: 120px; height: 30px;\" src=\"https:\/\/unox.com.tr\/wp-content\/uploads\/2023\/02\/4-1.svg\"><\/button><\/p>\n","protected":false},"featured_media":69467,"comment_status":"closed","ping_status":"closed","template":"","meta":[],"product_brand":[],"product_cat":[1077,1078],"product_tag":[],"class_list":{"0":"post-40231","1":"product","2":"type-product","3":"status-publish","4":"has-post-thumbnail","6":"product_cat-kondensatableiteren","7":"product_cat-kondensatableiter","9":"first","10":"instock","11":"shipping-taxable","12":"product-type-simple"},"_links":{"self":[{"href":"https:\/\/unox.com.tr\/de\/wp-json\/wp\/v2\/product\/40231","targetHints":{"allow":["GET"]}}],"collection":[{"href":"https:\/\/unox.com.tr\/de\/wp-json\/wp\/v2\/product"}],"about":[{"href":"https:\/\/unox.com.tr\/de\/wp-json\/wp\/v2\/types\/product"}],"replies":[{"embeddable":true,"href":"https:\/\/unox.com.tr\/de\/wp-json\/wp\/v2\/comments?post=40231"}],"version-history":[{"count":0,"href":"https:\/\/unox.com.tr\/de\/wp-json\/wp\/v2\/product\/40231\/revisions"}],"wp:featuredmedia":[{"embeddable":true,"href":"https:\/\/unox.com.tr\/de\/wp-json\/wp\/v2\/media\/69467"}],"wp:attachment":[{"href":"https:\/\/unox.com.tr\/de\/wp-json\/wp\/v2\/media?parent=40231"}],"wp:term":[{"taxonomy":"product_brand","embeddable":true,"href":"https:\/\/unox.com.tr\/de\/wp-json\/wp\/v2\/product_brand?post=40231"},{"taxonomy":"product_cat","embeddable":true,"href":"https:\/\/unox.com.tr\/de\/wp-json\/wp\/v2\/product_cat?post=40231"},{"taxonomy":"product_tag","embeddable":true,"href":"https:\/\/unox.com.tr\/de\/wp-json\/wp\/v2\/product_tag?post=40231"}],"curies":[{"name":"wp","href":"https:\/\/api.w.org\/{rel}","templated":true}]}}