{"id":40331,"date":"2020-09-17T08:14:57","date_gmt":"2020-09-17T08:14:57","guid":{"rendered":"https:\/\/www.unox.com.tr\/urun\/schwimmerableiter-geflanscht-thermostatisch\/"},"modified":"2023-03-22T09:32:53","modified_gmt":"2023-03-22T06:32:53","slug":"schwimmer-kondensatableiter-flansch-thermostat","status":"publish","type":"product","link":"https:\/\/unox.com.tr\/de\/schwimmer-kondensatableiter-flansch-thermostat\/","title":{"rendered":"Schwimmer Kondensatableiter &#8211; Geflanscht (Thermostatisch)"},"content":{"rendered":"<div id=\"ez-toc-container\" class=\"ez-toc-v2_0_82_2 counter-hierarchy ez-toc-counter ez-toc-grey ez-toc-container-direction\">\n<div class=\"ez-toc-title-container\">\n<p class=\"ez-toc-title\" style=\"cursor:inherit\">Sayfa \u0130\u00e7eri\u011fi<\/p>\n<span class=\"ez-toc-title-toggle\"><a href=\"#\" class=\"ez-toc-pull-right ez-toc-btn ez-toc-btn-xs ez-toc-btn-default ez-toc-toggle\" aria-label=\"Toggle Table of Content\"><span class=\"ez-toc-js-icon-con\"><span class=\"\"><span class=\"eztoc-hide\" style=\"display:none;\">Toggle<\/span><span class=\"ez-toc-icon-toggle-span\"><svg style=\"fill: #999;color:#999\" xmlns=\"http:\/\/www.w3.org\/2000\/svg\" class=\"list-377408\" width=\"20px\" height=\"20px\" viewBox=\"0 0 24 24\" fill=\"none\"><path d=\"M6 6H4v2h2V6zm14 0H8v2h12V6zM4 11h2v2H4v-2zm16 0H8v2h12v-2zM4 16h2v2H4v-2zm16 0H8v2h12v-2z\" fill=\"currentColor\"><\/path><\/svg><svg style=\"fill: #999;color:#999\" class=\"arrow-unsorted-368013\" xmlns=\"http:\/\/www.w3.org\/2000\/svg\" width=\"10px\" height=\"10px\" viewBox=\"0 0 24 24\" version=\"1.2\" baseProfile=\"tiny\"><path d=\"M18.2 9.3l-6.2-6.3-6.2 6.3c-.2.2-.3.4-.3.7s.1.5.3.7c.2.2.4.3.7.3h11c.3 0 .5-.1.7-.3.2-.2.3-.5.3-.7s-.1-.5-.3-.7zM5.8 14.7l6.2 6.3 6.2-6.3c.2-.2.3-.5.3-.7s-.1-.5-.3-.7c-.2-.2-.4-.3-.7-.3h-11c-.3 0-.5.1-.7.3-.2.2-.3.5-.3.7s.1.5.3.7z\"\/><\/svg><\/span><\/span><\/span><\/a><\/span><\/div>\n<nav><ul class='ez-toc-list ez-toc-list-level-1 ' ><li class='ez-toc-page-1 ez-toc-heading-level-2'><a class=\"ez-toc-link ez-toc-heading-1\" href=\"https:\/\/unox.com.tr\/de\/schwimmer-kondensatableiter-flansch-thermostat\/#Was_ist_eine_Schwimmer_Kondensatableiter\" >Was ist eine Schwimmer Kondensatableiter?<\/a><\/li><li class='ez-toc-page-1 ez-toc-heading-level-2'><a class=\"ez-toc-link ez-toc-heading-2\" href=\"https:\/\/unox.com.tr\/de\/schwimmer-kondensatableiter-flansch-thermostat\/#Wo_wird_die_Schwimmfalle_verwendet\" >Wo wird die Schwimmfalle verwendet?<\/a><\/li><li class='ez-toc-page-1 ez-toc-heading-level-2'><a class=\"ez-toc-link ez-toc-heading-3\" href=\"https:\/\/unox.com.tr\/de\/schwimmer-kondensatableiter-flansch-thermostat\/#Arbeitsprinzip\" >Arbeitsprinzip<\/a><ul class='ez-toc-list-level-3' ><li class='ez-toc-heading-level-3'><a class=\"ez-toc-link ez-toc-heading-4\" href=\"https:\/\/unox.com.tr\/de\/schwimmer-kondensatableiter-flansch-thermostat\/#Kondensatableiter_haben_drei_Hauptfunktionen\" >Kondensatableiter haben drei Hauptfunktionen;<\/a><\/li><\/ul><\/li><li class='ez-toc-page-1 ez-toc-heading-level-2'><a class=\"ez-toc-link ez-toc-heading-5\" href=\"https:\/\/unox.com.tr\/de\/schwimmer-kondensatableiter-flansch-thermostat\/#Produkteigenschaften\" >Produkteigenschaften<\/a><\/li><\/ul><\/nav><\/div>\n<h2><span class=\"ez-toc-section\" id=\"Was_ist_eine_Schwimmer_Kondensatableiter\"><\/span><span style=\"font-size: 22px;\">Was ist eine Schwimmer Kondensatableiter?<\/span><span class=\"ez-toc-section-end\"><\/span><\/h2>\n<p>Ein Schwimmerableiter ist eine Art Ventil, das zur Steuerung des Durchflusses von Fl\u00fcssigkeiten wie Wasser oder Dampf in einem Rohrleitungssystem verwendet wird. Es besteht aus einem Ventilk\u00f6rper mit einer mit Fl\u00fcssigkeit gef\u00fcllten Hohlkammer, Schwimmerkammer genannt. Der Ventilk\u00f6rper hat auch einen Einlass und einen Auslass sowie ein Steuerelement, wie eine Kugel oder Scheibe, die am Schwimmer befestigt ist.<\/p>\n<p>Wenn die Fl\u00fcssigkeit durch die Einlass\u00f6ffnung in die Schwimmerkammer eintritt, hebt sie den Schwimmer an, wodurch das Steuerelement angehoben wird und die Fl\u00fcssigkeit durch die Auslass\u00f6ffnung flie\u00dfen kann. Bei nachlassendem Fl\u00fcssigkeitsdurchfluss senken sich Schwimmer und Steuerelement, verschlie\u00dfen die Austritts\u00f6ffnung und verhindern das Ausflie\u00dfen der Fl\u00fcssigkeit.<\/p>\n<h2><span class=\"ez-toc-section\" id=\"Wo_wird_die_Schwimmfalle_verwendet\"><\/span><span style=\"font-size: 22px;\">Wo wird die Schwimmfalle verwendet?<\/span><span class=\"ez-toc-section-end\"><\/span><\/h2>\n<p>Schwimmerableiter werden \u00fcblicherweise verwendet, um den Dampf- oder Wasserfluss in Heiz- und K\u00fchlsystemen zu regulieren und k\u00f6nnen verwendet werden, um einen konstanten Fl\u00fcssigkeitsstand in einem Tank aufrechtzuerhalten oder einen \u00fcberm\u00e4\u00dfigen Druck in einem System zu verhindern. Sie sind einfach, zuverl\u00e4ssig und leicht zu warten und k\u00f6nnen angepasst werden, um die Durchflussrate der Fl\u00fcssigkeit zu steuern.<\/p>\n<ul>\n<li>W\u00e4rmestationen<\/li>\n<li>Heizsysteme<\/li>\n<li>Dampfkessel<\/li>\n<li>Trocken\u00f6fen<\/li>\n<li>Dampfabscheider<\/li>\n<li>Flash-Dampftank<\/li>\n<li>\u00d6fen<\/li>\n<li>Panzer<\/li>\n<\/ul>\n<h2><span class=\"ez-toc-section\" id=\"Arbeitsprinzip\"><\/span><span style=\"font-size: 22px;\">Arbeitsprinzip<\/span><span class=\"ez-toc-section-end\"><\/span><\/h2>\n<p>Der Schwimmerableiter UKS-70D mit Entl\u00fcftungseinheit bietet Montagem\u00f6glichkeiten f\u00fcr Durchfluss von rechts nach links und von links nach rechts in horizontaler Position. Anschluss f\u00fcr vertikalen Durchfluss ist ebenfalls m\u00f6glich. Die Richtung des Kondensatflusses sollte bei der Bestellung angegeben werden. Die werkseitige Standardeinstellung ist Durchfluss von rechts nach links.<\/p>\n<p>UKS-70D leitet Kondensat kontinuierlich ab und wird bevorzugt, wenn Kondensat schnell abgef\u00fchrt werden muss. Wenn das System zu arbeiten beginnt, wird der thermostatische Luftreiniger aktiviert und die Luft im System evakuiert. Der folgende Dampf schlie\u00dft die Entl\u00fcftung, aber sobald das Kondensat zum Siphon gelangt, steigt der Schwimmer und \u00f6ffnet das Hauptventil und das Kondensat wird abgelassen. Wenn der Dampf den Ableiter wieder erreicht, senkt sich der Schwimmer und schlie\u00dft das Hauptventil.<\/p>\n<h3><span class=\"ez-toc-section\" id=\"Kondensatableiter_haben_drei_Hauptfunktionen\"><\/span><span style=\"font-size: 20px;\">Kondensatableiter haben drei Hauptfunktionen;<\/span><span class=\"ez-toc-section-end\"><\/span><\/h3>\n<ol>\n<li>Um das entstehende Kondensat abzulassen,<\/li>\n<li>Damit beim Evakuieren kein Dampf entweicht, um den Dampf einzufangen (hier hei\u00dft es),<\/li>\n<li>Zum Absaugen von Luft und nicht kondensierbaren Gasen.<\/li>\n<\/ol>\n<h2><span class=\"ez-toc-section\" id=\"Produkteigenschaften\"><\/span><span style=\"font-size: 22px;\">Produkteigenschaften<\/span><span class=\"ez-toc-section-end\"><\/span><\/h2>\n<ul>\n<li><strong>Geh\u00e4use<\/strong>: Sph\u00e4roguss GG40.3<\/li>\n<li><strong>Decke:<\/strong> GGG Sph\u00e4roguss<\/li>\n<li><strong>Max. Betriebsdruck<\/strong> : 16 Bar<\/li>\n<li><strong>Max. Betriebstemperatur<\/strong>: 250\u00b0C<\/li>\n<li><strong>\u25b2p:<\/strong> 4,5 &#8211; 10 &#8211; 14 Bar<\/li>\n<\/ul>\n<p>&nbsp;<\/p>\n<p>Sie k\u00f6nnen sich unser Video ansehen, um detailliertere Informationen \u00fcber Kondensatableiter zu erhalten.<\/p>\n<p>&nbsp;<\/p>\n<p><iframe title=\"Kondenstop nedir? \u00c7al\u0131\u015fma Prensibi nedir? What is a steam trap? What is the Working Principle? #10\" width=\"500\" height=\"281\" src=\"https:\/\/www.youtube.com\/embed\/RYm9XG8YP_E?feature=oembed\" frameborder=\"0\" allow=\"accelerometer; autoplay; clipboard-write; encrypted-media; gyroscope; picture-in-picture; web-share\" referrerpolicy=\"strict-origin-when-cross-origin\" allowfullscreen><\/iframe><\/p>\n","protected":false},"excerpt":{"rendered":"<p><a href=\"https:\/\/unox.com.tr\/wp-content\/uploads\/2023\/03\/samandirali-kondenstop-flansli.pdf\" target=\"_blank\" rel=\"noopener\"><button style=\"background-color: #11224b; color: #ffffff; padding: 10px 15px; font-family: montserrat; font-weight: bold; font-size: 19px; border-radius: 10px;\"><img decoding=\"async\" style=\"width: 25px; height: 25px;\" src=\"https:\/\/unox.com.tr\/wp-content\/uploads\/2023\/02\/pdf-1.png\">PRODUKTKATALOG<\/button><\/a><\/p>\n<p><a href=\"https:\/\/unox.com.tr\/wp-content\/uploads\/2022\/07\/uks-70f.pdf\" target=\"_blank\" rel=\"noopener\"><button style=\"background-color: #11224b; margin-top: 5px; color: #ffffff; padding: 10px 15px; font-family: montserrat; font-weight: bold; font-size: 16px; border-radius: 10px;\"><img decoding=\"async\" style=\"width: 25px; height: 25px;\" src=\"https:\/\/unox.com.tr\/wp-content\/uploads\/2023\/02\/pdf-1.png\">BEDIENUNGSANLEITUNG<\/button><\/a><\/p>\n<p><button style=\"background-color: #11224b; margin-top: 5px; color: white; padding: 0px 15px; width: 150px; height: 55px; border-radius: 10px; border: none; cursor: pointer;\"><br \/>\n<img decoding=\"async\" style=\"width: 120px; height: 30px;\" src=\"https:\/\/unox.com.tr\/wp-content\/uploads\/2023\/02\/4-1.svg\"><\/button><\/p>\n","protected":false},"featured_media":69613,"comment_status":"closed","ping_status":"closed","template":"","meta":{"_joinchat":[]},"product_brand":[],"product_cat":[1077,1078],"product_tag":[],"class_list":{"0":"post-40331","1":"product","2":"type-product","3":"status-publish","4":"has-post-thumbnail","6":"product_cat-kondensatableiteren","7":"product_cat-kondensatableiter","9":"first","10":"instock","11":"shipping-taxable","12":"product-type-simple"},"_links":{"self":[{"href":"https:\/\/unox.com.tr\/de\/wp-json\/wp\/v2\/product\/40331","targetHints":{"allow":["GET"]}}],"collection":[{"href":"https:\/\/unox.com.tr\/de\/wp-json\/wp\/v2\/product"}],"about":[{"href":"https:\/\/unox.com.tr\/de\/wp-json\/wp\/v2\/types\/product"}],"replies":[{"embeddable":true,"href":"https:\/\/unox.com.tr\/de\/wp-json\/wp\/v2\/comments?post=40331"}],"version-history":[{"count":0,"href":"https:\/\/unox.com.tr\/de\/wp-json\/wp\/v2\/product\/40331\/revisions"}],"wp:featuredmedia":[{"embeddable":true,"href":"https:\/\/unox.com.tr\/de\/wp-json\/wp\/v2\/media\/69613"}],"wp:attachment":[{"href":"https:\/\/unox.com.tr\/de\/wp-json\/wp\/v2\/media?parent=40331"}],"wp:term":[{"taxonomy":"product_brand","embeddable":true,"href":"https:\/\/unox.com.tr\/de\/wp-json\/wp\/v2\/product_brand?post=40331"},{"taxonomy":"product_cat","embeddable":true,"href":"https:\/\/unox.com.tr\/de\/wp-json\/wp\/v2\/product_cat?post=40331"},{"taxonomy":"product_tag","embeddable":true,"href":"https:\/\/unox.com.tr\/de\/wp-json\/wp\/v2\/product_tag?post=40331"}],"curies":[{"name":"wp","href":"https:\/\/api.w.org\/{rel}","templated":true}]}}