{"id":40334,"date":"2020-09-17T08:05:34","date_gmt":"2020-09-17T08:05:34","guid":{"rendered":"https:\/\/www.unox.com.tr\/urun\/thermodynamischer-ableiter-mit-gewinde\/"},"modified":"2023-03-23T08:21:28","modified_gmt":"2023-03-23T05:21:28","slug":"thermodynamik-kondensatableiter-getriebe","status":"publish","type":"product","link":"https:\/\/unox.com.tr\/de\/thermodynamik-kondensatableiter-getriebe\/","title":{"rendered":"Thermodynamischer Kondensatableiter &#8211; Getriebe"},"content":{"rendered":"<div id=\"ez-toc-container\" class=\"ez-toc-v2_0_82_2 counter-hierarchy ez-toc-counter ez-toc-grey ez-toc-container-direction\">\n<div class=\"ez-toc-title-container\">\n<p class=\"ez-toc-title\" style=\"cursor:inherit\">Sayfa \u0130\u00e7eri\u011fi<\/p>\n<span class=\"ez-toc-title-toggle\"><a href=\"#\" class=\"ez-toc-pull-right ez-toc-btn ez-toc-btn-xs ez-toc-btn-default ez-toc-toggle\" aria-label=\"Toggle Table of Content\"><span class=\"ez-toc-js-icon-con\"><span class=\"\"><span class=\"eztoc-hide\" style=\"display:none;\">Toggle<\/span><span class=\"ez-toc-icon-toggle-span\"><svg style=\"fill: #999;color:#999\" xmlns=\"http:\/\/www.w3.org\/2000\/svg\" class=\"list-377408\" width=\"20px\" height=\"20px\" viewBox=\"0 0 24 24\" fill=\"none\"><path d=\"M6 6H4v2h2V6zm14 0H8v2h12V6zM4 11h2v2H4v-2zm16 0H8v2h12v-2zM4 16h2v2H4v-2zm16 0H8v2h12v-2z\" fill=\"currentColor\"><\/path><\/svg><svg style=\"fill: #999;color:#999\" class=\"arrow-unsorted-368013\" xmlns=\"http:\/\/www.w3.org\/2000\/svg\" width=\"10px\" height=\"10px\" viewBox=\"0 0 24 24\" version=\"1.2\" baseProfile=\"tiny\"><path d=\"M18.2 9.3l-6.2-6.3-6.2 6.3c-.2.2-.3.4-.3.7s.1.5.3.7c.2.2.4.3.7.3h11c.3 0 .5-.1.7-.3.2-.2.3-.5.3-.7s-.1-.5-.3-.7zM5.8 14.7l6.2 6.3 6.2-6.3c.2-.2.3-.5.3-.7s-.1-.5-.3-.7c-.2-.2-.4-.3-.7-.3h-11c-.3 0-.5.1-.7.3-.2.2-.3.5-.3.7s.1.5.3.7z\"\/><\/svg><\/span><\/span><\/span><\/a><\/span><\/div>\n<nav><ul class='ez-toc-list ez-toc-list-level-1 ' ><li class='ez-toc-page-1 ez-toc-heading-level-2'><a class=\"ez-toc-link ez-toc-heading-1\" href=\"https:\/\/unox.com.tr\/de\/thermodynamik-kondensatableiter-getriebe\/#Was_ist_eine_Thermodynamischer_Kondensatableiter\" >Was ist eine Thermodynamischer Kondensatableiter?<\/a><\/li><li class='ez-toc-page-1 ez-toc-heading-level-2'><a class=\"ez-toc-link ez-toc-heading-2\" href=\"https:\/\/unox.com.tr\/de\/thermodynamik-kondensatableiter-getriebe\/#Vorteile_Thermodynamischer_Kondensatableiter\" >Vorteile Thermodynamischer Kondensatableiter<\/a><\/li><li class='ez-toc-page-1 ez-toc-heading-level-2'><a class=\"ez-toc-link ez-toc-heading-3\" href=\"https:\/\/unox.com.tr\/de\/thermodynamik-kondensatableiter-getriebe\/#Produkteigenschaften\" >Produkteigenschaften<\/a><\/li><li class='ez-toc-page-1 ez-toc-heading-level-2'><a class=\"ez-toc-link ez-toc-heading-4\" href=\"https:\/\/unox.com.tr\/de\/thermodynamik-kondensatableiter-getriebe\/#Geltungsbereich\" >Geltungsbereich<\/a><\/li><li class='ez-toc-page-1 ez-toc-heading-level-2'><a class=\"ez-toc-link ez-toc-heading-5\" href=\"https:\/\/unox.com.tr\/de\/thermodynamik-kondensatableiter-getriebe\/#Arten_von_thermodynamischem_Kondensat\" >Arten von thermodynamischem Kondensat<\/a><\/li><li class='ez-toc-page-1 ez-toc-heading-level-2'><a class=\"ez-toc-link ez-toc-heading-6\" href=\"https:\/\/unox.com.tr\/de\/thermodynamik-kondensatableiter-getriebe\/#Allgemeine_Merkmale\" >Allgemeine Merkmale<\/a><\/li><\/ul><\/nav><\/div>\n<h2><span class=\"ez-toc-section\" id=\"Was_ist_eine_Thermodynamischer_Kondensatableiter\"><\/span><span style=\"font-size: 22px;\">Was ist eine Thermodynamischer Kondensatableiter?<\/span><span class=\"ez-toc-section-end\"><\/span><\/h2>\n<p>Thermodynamische Fallen sind einfach, robust und zuverl\u00e4ssig. Sie k\u00f6nnen bis zu sehr hohen Temperaturen und Dr\u00fccken betrieben werden. Zun\u00e4chst hebt der ankommende Druck die Scheibe an und das k\u00fchle Kondensat wird sofort abgef\u00fchrt.<\/p>\n<p>Das hei\u00dfe Kondensat, das durch den Einlasskanal in die Kammer unter der Scheibe flie\u00dft, senkt den Druck und setzt den Entspannungsdampf frei, der sich mit hoher Geschwindigkeit bewegt. Diese hohe Geschwindigkeit erzeugt einen Niederdruckbereich unter der Scheibe und zieht sie in Richtung ihres Sitzes.<\/p>\n<p>Die Betriebsgeschwindigkeit h\u00e4ngt von der Dampftemperatur und den Umgebungsbedingungen ab. Die meisten Fallen bleiben 20 bis 40 Sekunden lang geschlossen. Wenn die Falle zu oft ge\u00f6ffnet wird, vielleicht aufgrund eines kalten, nassen oder windigen Standorts, kann die \u00d6ffnungsgeschwindigkeit verlangsamt werden, indem eine isolierende Abdeckung auf der Oberseite der Falle angebracht wird.<\/p>\n<h2><span class=\"ez-toc-section\" id=\"Vorteile_Thermodynamischer_Kondensatableiter\"><\/span><span style=\"font-size: 22px;\">Vorteile Thermodynamischer Kondensatableiter<\/span><span class=\"ez-toc-section-end\"><\/span><\/h2>\n<ul>\n<li>Thermodynamische Ableiter k\u00f6nnen in allen Betriebsbereichen ohne interne Anpassungen oder Modifikationen betrieben werden.<\/li>\n<li>Sie sind kompakt, einfach, leicht und haben f\u00fcr ihre Gr\u00f6\u00dfe eine gro\u00dfe Kondensationskapazit\u00e4t.<\/li>\n<li>Thermodynamische Ableiter k\u00f6nnen in Hochdruck und \u00fcberhitztem Dampf eingesetzt werden und werden nicht durch Wasserschl\u00e4ge oder Vibrationen beeintr\u00e4chtigt.<\/li>\n<\/ul>\n<h2><span class=\"ez-toc-section\" id=\"Produkteigenschaften\"><\/span><span style=\"font-size: 22px;\">Produkteigenschaften<\/span><span class=\"ez-toc-section-end\"><\/span><\/h2>\n<ul>\n<li><strong>Modell:<\/strong> UKT &#8211; 70 D<\/li>\n<li><strong>Gr\u00f6\u00dfe:<\/strong> 1\/2&#8243; &#8211; 3\/4&#8243; &#8211; 1&#8243;<\/li>\n<li><strong>K\u00f6rper:<\/strong> Geschmiedeter Stahl<\/li>\n<li><strong>Abdeckung:<\/strong> Edelstahl<\/li>\n<li><strong>Siebscheibensitz:<\/strong> Edelstahl<\/li>\n<li><strong>Max. Betriebsdruck:<\/strong> 40 BAR<\/li>\n<li><strong>Max. Betriebstemperatur: <\/strong> 400 \u00b0C<\/li>\n<li><strong>Mindestbetriebsdruck:  <\/strong>0,3 BAR<\/li>\n<\/ul>\n<h2><span class=\"ez-toc-section\" id=\"Geltungsbereich\"><\/span><span style=\"font-size: 22px;\">Geltungsbereich<\/span><span class=\"ez-toc-section-end\"><\/span><\/h2>\n<ul>\n<li>B\u00fcgeleisen<\/li>\n<li>Linien verfolgen<\/li>\n<li>Trocknungseinheiten<\/li>\n<li>Presseinheiten<\/li>\n<li>Dampfmantelrohre<\/li>\n<\/ul>\n<h2><span class=\"ez-toc-section\" id=\"Arten_von_thermodynamischem_Kondensat\"><\/span><span style=\"font-size: 22px;\">Arten von thermodynamischem Kondensat<\/span><span class=\"ez-toc-section-end\"><\/span><\/h2>\n<p>Es gibt 3 Arten von thermodynamischen Kondensatableitern:<\/p>\n<p><strong>Thermodynamischer Scheibenableiter:<\/strong> Bei thermodynamischen Scheibenableitern erm\u00f6glicht die Scheibe das \u00d6ffnen und Schlie\u00dfen des Ventils mit dem Eingangsdruck. Die kondensierte Fl\u00fcssigkeit und Luft im System werden abgef\u00fchrt. Wenn die Temperatur der Fl\u00fcssigkeit die Dampftemperatur erreicht, wird frischer Dampf gebildet. Der entstehende Frischdampf schlie\u00dft die Scheibe und das System wiederholt sich so.<\/p>\n<p><strong>Reziproke thermodynamische Falle:<\/strong> Das Arbeitsprinzip von reziproken Fallen ist \u00e4hnlich wie bei Scheibenfallen. Der einzige Unterschied besteht darin, dass die Scheibe durch den Kolben ersetzt wird. Unter Druckeinwirkung schlie\u00dft der Kolben das Ventil und bei fallendem Druck \u00f6ffnet das Ventil wieder.<\/p>\n<p><strong>Hebelthermodynamischer Ableiter:<\/strong> Diese Art von Kondensatableiter \u00e4hnelt dem Arbeitsprinzip von hin- und hergehenden thermodynamischen Ableitern. Das \u00d6ffnen und Schlie\u00dfen des Ventils wird durch den Hebel gesteuert.<\/p>\n<h2><span class=\"ez-toc-section\" id=\"Allgemeine_Merkmale\"><\/span><span style=\"font-size: 22px;\">Allgemeine Merkmale<\/span><span class=\"ez-toc-section-end\"><\/span><\/h2>\n<ul>\n<li>Es ist einfach, robust und zuverl\u00e4ssig.<\/li>\n<li>Sie k\u00f6nnen bis zu sehr hohen Temperaturen und Dr\u00fccken betrieben werden.<\/li>\n<li>Zun\u00e4chst hebt der ankommende Druck die Scheibe an und das k\u00fchle Kondensat wird sofort abgef\u00fchrt.<\/li>\n<li>Das hei\u00dfe Kondensat, das durch den Einlasskanal in die Kammer unter der Scheibe flie\u00dft, senkt den Druck und setzt den Entspannungsdampf frei, der sich mit hoher Geschwindigkeit bewegt. Diese hohe Geschwindigkeit erzeugt einen Niederdruckbereich unter der Scheibe und zieht sie in Richtung ihres Sitzes.<\/li>\n<li>Die Betriebsgeschwindigkeit h\u00e4ngt von der Dampftemperatur und den Umgebungsbedingungen ab.<\/li>\n<li>Die meisten Fallen bleiben 20 bis 40 Sekunden lang geschlossen. Wenn die Falle zu oft ge\u00f6ffnet wird, vielleicht aufgrund eines kalten, nassen oder windigen Standorts, kann die \u00d6ffnungsgeschwindigkeit verlangsamt werden, indem eine isolierende Abdeckung auf der Oberseite der Falle angebracht wird.<\/li>\n<\/ul>\n<p>&nbsp;<\/p>\n<p>Sie k\u00f6nnen sich unser Video ansehen, um detailliertere Informationen \u00fcber Kondensatableiter zu erhalten.<\/p>\n<p>&nbsp;<\/p>\n<p><iframe title=\"Kondenstop nedir? \u00c7al\u0131\u015fma Prensibi nedir? What is a steam trap? What is the Working Principle? #10\" width=\"500\" height=\"281\" src=\"https:\/\/www.youtube.com\/embed\/RYm9XG8YP_E?feature=oembed\" frameborder=\"0\" allow=\"accelerometer; autoplay; clipboard-write; encrypted-media; gyroscope; picture-in-picture; web-share\" referrerpolicy=\"strict-origin-when-cross-origin\" allowfullscreen><\/iframe><\/p>\n","protected":false},"excerpt":{"rendered":"<p><a href=\"https:\/\/unox.com.tr\/wp-content\/uploads\/2023\/01\/Termodinamik-Kondenstop-Disli.pdf\" target=\"_blank\" rel=\"noopener\"><button style=\"background-color: #11224b; color: #ffffff; padding: 10px 15px; font-family: montserrat; font-weight: bold; font-size: 19px; border-radius: 10px;\"><img decoding=\"async\" style=\"width: 25px; height: 25px;\" src=\"https:\/\/unox.com.tr\/wp-content\/uploads\/2023\/02\/pdf-1.png\">PRODUKTKATALOG<\/button><\/a><\/p>\n<p><button style=\"background-color: #11224b; margin-top: 5px; color: white; padding: 0px 15px; width: 150px; height: 55px; border-radius: 10px; border: none; cursor: pointer;\"><br \/>\n<img decoding=\"async\" style=\"width: 120px; height: 30px;\" src=\"https:\/\/unox.com.tr\/wp-content\/uploads\/2023\/02\/4-1.svg\"><\/button><\/p>\n","protected":false},"featured_media":69592,"comment_status":"closed","ping_status":"closed","template":"","meta":[],"product_brand":[],"product_cat":[1077,1078],"product_tag":[],"class_list":{"0":"post-40334","1":"product","2":"type-product","3":"status-publish","4":"has-post-thumbnail","6":"product_cat-kondensatableiteren","7":"product_cat-kondensatableiter","9":"first","10":"instock","11":"shipping-taxable","12":"product-type-simple"},"_links":{"self":[{"href":"https:\/\/unox.com.tr\/de\/wp-json\/wp\/v2\/product\/40334","targetHints":{"allow":["GET"]}}],"collection":[{"href":"https:\/\/unox.com.tr\/de\/wp-json\/wp\/v2\/product"}],"about":[{"href":"https:\/\/unox.com.tr\/de\/wp-json\/wp\/v2\/types\/product"}],"replies":[{"embeddable":true,"href":"https:\/\/unox.com.tr\/de\/wp-json\/wp\/v2\/comments?post=40334"}],"version-history":[{"count":0,"href":"https:\/\/unox.com.tr\/de\/wp-json\/wp\/v2\/product\/40334\/revisions"}],"wp:featuredmedia":[{"embeddable":true,"href":"https:\/\/unox.com.tr\/de\/wp-json\/wp\/v2\/media\/69592"}],"wp:attachment":[{"href":"https:\/\/unox.com.tr\/de\/wp-json\/wp\/v2\/media?parent=40334"}],"wp:term":[{"taxonomy":"product_brand","embeddable":true,"href":"https:\/\/unox.com.tr\/de\/wp-json\/wp\/v2\/product_brand?post=40334"},{"taxonomy":"product_cat","embeddable":true,"href":"https:\/\/unox.com.tr\/de\/wp-json\/wp\/v2\/product_cat?post=40334"},{"taxonomy":"product_tag","embeddable":true,"href":"https:\/\/unox.com.tr\/de\/wp-json\/wp\/v2\/product_tag?post=40334"}],"curies":[{"name":"wp","href":"https:\/\/api.w.org\/{rel}","templated":true}]}}