{"id":40343,"date":"2020-09-17T07:52:02","date_gmt":"2020-09-17T07:52:02","guid":{"rendered":"https:\/\/www.unox.com.tr\/urun\/gummikompensator-ukk-35\/"},"modified":"2024-03-19T23:43:54","modified_gmt":"2024-03-19T20:43:54","slug":"mnetall-gummi-kompensator","status":"publish","type":"product","link":"https:\/\/unox.com.tr\/de\/mnetall-gummi-kompensator\/","title":{"rendered":"Gummikompensator UKK-35"},"content":{"rendered":"<div id=\"ez-toc-container\" class=\"ez-toc-v2_0_83 counter-hierarchy ez-toc-counter ez-toc-grey ez-toc-container-direction\">\n<div class=\"ez-toc-title-container\">\n<p class=\"ez-toc-title\" style=\"cursor:inherit\">Sayfa \u0130\u00e7eri\u011fi<\/p>\n<span class=\"ez-toc-title-toggle\"><a href=\"#\" class=\"ez-toc-pull-right ez-toc-btn ez-toc-btn-xs ez-toc-btn-default ez-toc-toggle\" aria-label=\"Toggle Table of Content\"><span class=\"ez-toc-js-icon-con\"><span class=\"\"><span class=\"eztoc-hide\" style=\"display:none;\">Toggle<\/span><span class=\"ez-toc-icon-toggle-span\"><svg style=\"fill: #999;color:#999\" xmlns=\"http:\/\/www.w3.org\/2000\/svg\" class=\"list-377408\" width=\"20px\" height=\"20px\" viewBox=\"0 0 24 24\" fill=\"none\"><path d=\"M6 6H4v2h2V6zm14 0H8v2h12V6zM4 11h2v2H4v-2zm16 0H8v2h12v-2zM4 16h2v2H4v-2zm16 0H8v2h12v-2z\" fill=\"currentColor\"><\/path><\/svg><svg style=\"fill: #999;color:#999\" class=\"arrow-unsorted-368013\" xmlns=\"http:\/\/www.w3.org\/2000\/svg\" width=\"10px\" height=\"10px\" viewBox=\"0 0 24 24\" version=\"1.2\" baseProfile=\"tiny\"><path d=\"M18.2 9.3l-6.2-6.3-6.2 6.3c-.2.2-.3.4-.3.7s.1.5.3.7c.2.2.4.3.7.3h11c.3 0 .5-.1.7-.3.2-.2.3-.5.3-.7s-.1-.5-.3-.7zM5.8 14.7l6.2 6.3 6.2-6.3c.2-.2.3-.5.3-.7s-.1-.5-.3-.7c-.2-.2-.4-.3-.7-.3h-11c-.3 0-.5.1-.7.3-.2.2-.3.5-.3.7s.1.5.3.7z\"\/><\/svg><\/span><\/span><\/span><\/a><\/span><\/div>\n<nav><ul class='ez-toc-list ez-toc-list-level-1 ' ><li class='ez-toc-page-1 ez-toc-heading-level-2'><a class=\"ez-toc-link ez-toc-heading-1\" href=\"https:\/\/unox.com.tr\/de\/mnetall-gummi-kompensator\/#Was_ist_ein_Gummikompensator\" >Was ist ein Gummikompensator?<\/a><\/li><li class='ez-toc-page-1 ez-toc-heading-level-2'><a class=\"ez-toc-link ez-toc-heading-2\" href=\"https:\/\/unox.com.tr\/de\/mnetall-gummi-kompensator\/#Produkteigenschaften\" >Produkteigenschaften<\/a><\/li><li class='ez-toc-page-1 ez-toc-heading-level-2'><a class=\"ez-toc-link ez-toc-heading-3\" href=\"https:\/\/unox.com.tr\/de\/mnetall-gummi-kompensator\/#Allgemeine_Merkmale\" >Allgemeine Merkmale<\/a><\/li><li class='ez-toc-page-1 ez-toc-heading-level-2'><a class=\"ez-toc-link ez-toc-heading-4\" href=\"https:\/\/unox.com.tr\/de\/mnetall-gummi-kompensator\/#Geltungsbereich\" >Geltungsbereich<\/a><\/li><\/ul><\/nav><\/div>\n<h2><span class=\"ez-toc-section\" id=\"Was_ist_ein_Gummikompensator\"><\/span><span style=\"font-size: 22px;\">Was ist ein Gummikompensator?<\/span><span class=\"ez-toc-section-end\"><\/span><\/h2>\n<p>Ein Gummikompensator ist eine Art flexibler Schlauch- oder Rohrverbinder, der verwendet wird, um Bewegungen, Vibrationen oder Fluchtungsfehler zwischen zwei Rohrleitungssystemen oder mechanischen Komponenten zu absorbieren. Es besteht aus einem flexiblen Gummibalg oder -schlauch, der an jedem Ende von einem Flanschanschluss umgeben ist, wodurch es sicher an angrenzenden Rohrleitungen oder Ger\u00e4ten befestigt werden kann. Der Gummikompensator ist so konzipiert, dass er ein gewisses Ma\u00df an Bewegung und Flexibilit\u00e4t zul\u00e4sst, w\u00e4hrend er die Dichtheit beibeh\u00e4lt und Lecks verhindert. Es ist ein weit verbreitetes Produkt, um Ausdehnungen, Kontraktionen oder andere Bewegungen in Rohrleitungssystemen oder -ger\u00e4ten in einer Vielzahl von Branchen auszugleichen, einschlie\u00dflich der \u00d6l- und Gasindustrie, der chemischen Verarbeitung, der Stromerzeugung und der Schiffstechnik.<\/p>\n<h2><span class=\"ez-toc-section\" id=\"Produkteigenschaften\"><\/span><span style=\"font-size: 22px;\">Produkteigenschaften<\/span><span class=\"ez-toc-section-end\"><\/span><\/h2>\n<ul>\n<li><strong>Dichtung:<\/strong> EPDM<\/li>\n<li><strong>Materialinformationen:<\/strong> Synthetischer Kautschuk<\/li>\n<li><strong>Max. Betriebsdruck:<\/strong> 10 Bar<\/li>\n<li><strong>Max. Betriebstemperatur:<\/strong> 130 \u00b0C<\/li>\n<li><strong>Nenndurchmesserwert<\/strong>: DN32 &#8211; DN300<\/li>\n<li><strong>Flanschdruckklasse<\/strong>: PN10 \/ PN16<\/li>\n<\/ul>\n<p>UKK30 Gussflansch, UKK35 Stahlflansch, UKK40 Gewindeanschluss<\/p>\n<h2><span class=\"ez-toc-section\" id=\"Allgemeine_Merkmale\"><\/span><span style=\"font-size: 22px;\">Allgemeine Merkmale<\/span><span class=\"ez-toc-section-end\"><\/span><\/h2>\n<ul>\n<li>Sie gleichen den Dehnungs-Verk\u00fcrzungs-Zustand aus, der sich aus der Temperatur\u00e4nderung ergibt, und gleichen dadurch die laterale und winklige Bewegung aus.<\/li>\n<li>Sie absorbieren Wasserschl\u00e4ge und verhindern Wasserschl\u00e4ge.<\/li>\n<li>Es hat eine geflanschte Rotationsstruktur, so dass sie einfach zu montieren sind.<\/li>\n<li>Es ist keine Dichtung oder Packung erforderlich.<\/li>\n<\/ul>\n<h2><span class=\"ez-toc-section\" id=\"Geltungsbereich\"><\/span><span style=\"font-size: 22px;\">Geltungsbereich<\/span><span class=\"ez-toc-section-end\"><\/span><\/h2>\n<ul>\n<li>K\u00fchler<\/li>\n<li>Pumps<\/li>\n<li>Luftkompressoren<\/li>\n<li>L\u00fcftungssysteme<\/li>\n<li>Ventilatoren<\/li>\n<li>K\u00fchlt\u00fcrme<\/li>\n<li>W\u00e4rmekraftwerke<\/li>\n<li>Dammsysteme<\/li>\n<li>Kraftwerke<\/li>\n<li>Eisen- und Stahlfelder<\/li>\n<li>Werft-Schiff Bereiche<\/li>\n<li>Papier-Haustier vs. Recyclingbereiche<\/li>\n<\/ul>\n","protected":false},"excerpt":{"rendered":"<p><a href=\"https:\/\/unox.com.tr\/wp-content\/uploads\/2023\/01\/Kaucuk-Kompansator.pdf\" target=\"_blank\" rel=\"noopener\"><button style=\"background-color: #11224b; color: #ffffff; padding: 10px 15px; font-family: montserrat; font-weight: bold; font-size: 19px; border-radius: 10px;\"><img decoding=\"async\" style=\"width: 25px; height: 25px;\" src=\"https:\/\/unox.com.tr\/wp-content\/uploads\/2023\/02\/pdf-1.png\">PRODUKTKATALOG<\/button><\/a><\/p>\n<p><button style=\"background-color: #11224b; margin-top: 5px; color: white; padding: 0px 15px; width: 150px; height: 55px; border-radius: 10px; border: none; cursor: pointer;\"><br \/>\n<img decoding=\"async\" style=\"width: 120px; height: 30px;\" src=\"https:\/\/unox.com.tr\/wp-content\/uploads\/2023\/02\/4-1.svg\"><\/button><\/p>\n","protected":false},"featured_media":69246,"comment_status":"closed","ping_status":"closed","template":"","meta":[],"product_brand":[],"product_cat":[1043,1032],"product_tag":[],"class_list":{"0":"post-40343","1":"product","2":"type-product","3":"status-publish","4":"has-post-thumbnail","6":"product_cat-kompensatoren","7":"product_cat-kompensator-und-schlauche","9":"first","10":"instock","11":"shipping-taxable","12":"product-type-simple"},"_links":{"self":[{"href":"https:\/\/unox.com.tr\/de\/wp-json\/wp\/v2\/product\/40343","targetHints":{"allow":["GET"]}}],"collection":[{"href":"https:\/\/unox.com.tr\/de\/wp-json\/wp\/v2\/product"}],"about":[{"href":"https:\/\/unox.com.tr\/de\/wp-json\/wp\/v2\/types\/product"}],"replies":[{"embeddable":true,"href":"https:\/\/unox.com.tr\/de\/wp-json\/wp\/v2\/comments?post=40343"}],"version-history":[{"count":0,"href":"https:\/\/unox.com.tr\/de\/wp-json\/wp\/v2\/product\/40343\/revisions"}],"wp:featuredmedia":[{"embeddable":true,"href":"https:\/\/unox.com.tr\/de\/wp-json\/wp\/v2\/media\/69246"}],"wp:attachment":[{"href":"https:\/\/unox.com.tr\/de\/wp-json\/wp\/v2\/media?parent=40343"}],"wp:term":[{"taxonomy":"product_brand","embeddable":true,"href":"https:\/\/unox.com.tr\/de\/wp-json\/wp\/v2\/product_brand?post=40343"},{"taxonomy":"product_cat","embeddable":true,"href":"https:\/\/unox.com.tr\/de\/wp-json\/wp\/v2\/product_cat?post=40343"},{"taxonomy":"product_tag","embeddable":true,"href":"https:\/\/unox.com.tr\/de\/wp-json\/wp\/v2\/product_tag?post=40343"}],"curies":[{"name":"wp","href":"https:\/\/api.w.org\/{rel}","templated":true}]}}