{"id":40365,"date":"2020-09-17T07:25:39","date_gmt":"2020-09-17T07:25:39","guid":{"rendered":"https:\/\/www.unox.com.tr\/urun\/niveauschalter-a95\/"},"modified":"2023-03-23T09:22:48","modified_gmt":"2023-03-23T06:22:48","slug":"niveau-schalter-a95","status":"publish","type":"product","link":"https:\/\/unox.com.tr\/de\/niveau-schalter-a95\/","title":{"rendered":"Niveauschalter A95"},"content":{"rendered":"<div id=\"ez-toc-container\" class=\"ez-toc-v2_0_82_2 counter-hierarchy ez-toc-counter ez-toc-grey ez-toc-container-direction\">\n<div class=\"ez-toc-title-container\">\n<p class=\"ez-toc-title\" style=\"cursor:inherit\">Sayfa \u0130\u00e7eri\u011fi<\/p>\n<span class=\"ez-toc-title-toggle\"><a href=\"#\" class=\"ez-toc-pull-right ez-toc-btn ez-toc-btn-xs ez-toc-btn-default ez-toc-toggle\" aria-label=\"Toggle Table of Content\"><span class=\"ez-toc-js-icon-con\"><span class=\"\"><span class=\"eztoc-hide\" style=\"display:none;\">Toggle<\/span><span class=\"ez-toc-icon-toggle-span\"><svg style=\"fill: #999;color:#999\" xmlns=\"http:\/\/www.w3.org\/2000\/svg\" class=\"list-377408\" width=\"20px\" height=\"20px\" viewBox=\"0 0 24 24\" fill=\"none\"><path d=\"M6 6H4v2h2V6zm14 0H8v2h12V6zM4 11h2v2H4v-2zm16 0H8v2h12v-2zM4 16h2v2H4v-2zm16 0H8v2h12v-2z\" fill=\"currentColor\"><\/path><\/svg><svg style=\"fill: #999;color:#999\" class=\"arrow-unsorted-368013\" xmlns=\"http:\/\/www.w3.org\/2000\/svg\" width=\"10px\" height=\"10px\" viewBox=\"0 0 24 24\" version=\"1.2\" baseProfile=\"tiny\"><path d=\"M18.2 9.3l-6.2-6.3-6.2 6.3c-.2.2-.3.4-.3.7s.1.5.3.7c.2.2.4.3.7.3h11c.3 0 .5-.1.7-.3.2-.2.3-.5.3-.7s-.1-.5-.3-.7zM5.8 14.7l6.2 6.3 6.2-6.3c.2-.2.3-.5.3-.7s-.1-.5-.3-.7c-.2-.2-.4-.3-.7-.3h-11c-.3 0-.5.1-.7.3-.2.2-.3.5-.3.7s.1.5.3.7z\"\/><\/svg><\/span><\/span><\/span><\/a><\/span><\/div>\n<nav><ul class='ez-toc-list ez-toc-list-level-1 ' ><li class='ez-toc-page-1 ez-toc-heading-level-2'><a class=\"ez-toc-link ez-toc-heading-1\" href=\"https:\/\/unox.com.tr\/de\/niveau-schalter-a95\/#Was_ist_ein_Niveauschalter\" >Was ist ein Niveauschalter?<\/a><\/li><li class='ez-toc-page-1 ez-toc-heading-level-2'><a class=\"ez-toc-link ez-toc-heading-2\" href=\"https:\/\/unox.com.tr\/de\/niveau-schalter-a95\/#Produkteigenschaften\" >Produkteigenschaften<\/a><\/li><li class='ez-toc-page-1 ez-toc-heading-level-2'><a class=\"ez-toc-link ez-toc-heading-3\" href=\"https:\/\/unox.com.tr\/de\/niveau-schalter-a95\/#Allgemeine_Merkmale\" >Allgemeine Merkmale<\/a><\/li><li class='ez-toc-page-1 ez-toc-heading-level-2'><a class=\"ez-toc-link ez-toc-heading-4\" href=\"https:\/\/unox.com.tr\/de\/niveau-schalter-a95\/#Elektrische_Eigenschaften\" >Elektrische Eigenschaften<\/a><\/li><\/ul><\/nav><\/div>\n<h2><span class=\"ez-toc-section\" id=\"Was_ist_ein_Niveauschalter\"><\/span><span style=\"font-size: 22px;\">Was ist ein Niveauschalter?<\/span><span class=\"ez-toc-section-end\"><\/span><\/h2>\n<p>Ein F\u00fcllstandsschalter ist ein Ger\u00e4t zur Erfassung des F\u00fcllstands einer Fl\u00fcssigkeit oder eines Feststoffs in einem Beh\u00e4lter oder Tank. Es ist eine Art Sensor, der zur Bestimmung des Materiepegels in einem bestimmten Bereich verwendet werden kann und entweder schwimmf\u00e4hig oder kapazitiv sein kann.<\/p>\n<p>Schwimmerbet\u00e4tigte Niveauschalter verwenden ein schwimmendes Element wie einen Schwimmer, der sich mit dem Fl\u00fcssigkeitsstand auf und ab bewegt. Wenn der Schwimmer steigt oder f\u00e4llt, aktiviert er einen mechanischen Schalter oder einen Sensor, der ein Signal an ein Steuersystem sendet. Diese Art von F\u00fcllstandsschalter wird h\u00e4ufig in Wassertanks, Kl\u00e4ranlagen und anderen Anwendungen eingesetzt, bei denen eine st\u00e4ndige \u00dcberwachung des Fl\u00fcssigkeitsstands erforderlich ist.<\/p>\n<p>Kapazitive F\u00fcllstandsschalter hingegen verwenden ein elektrisches Feld, um das Vorhandensein einer Substanz zu erkennen. Solche F\u00fcllstandsschalter werden im Allgemeinen in Anwendungen verwendet, in denen die \u00fcberwachte Substanz nicht leitf\u00e4hig ist oder das Vorhandensein eines Schwimmers oder eines anderen mechanischen Elements nicht praktikabel w\u00e4re.<\/p>\n<h2><span class=\"ez-toc-section\" id=\"Produkteigenschaften\"><\/span><span style=\"font-size: 22px;\">Produkteigenschaften<\/span><span class=\"ez-toc-section-end\"><\/span><\/h2>\n<ul>\n<li><strong>Einstellbarer Abstand:<\/strong> 750 mm<\/li>\n<li><strong>Geeignete Fl\u00fcssigkeitsdichte:<\/strong> 0,65 &#8211; 1,50 g \/ cm<\/li>\n<li><strong>Kabeldurchmesser:<\/strong> 10 mm<\/li>\n<li><strong>Energie:<\/strong> 250 V Wechselstrom &#8211; 50 Hz<\/li>\n<li><strong>Betriebstemperatur:<\/strong> -25 \/ +60 \u00b0C<\/li>\n<li><strong>Schutzklasse:<\/strong> IP67<\/li>\n<\/ul>\n<h2><span class=\"ez-toc-section\" id=\"Allgemeine_Merkmale\"><\/span><span style=\"font-size: 22px;\">Allgemeine Merkmale<\/span><span class=\"ez-toc-section-end\"><\/span><\/h2>\n<ul>\n<li>Aufgeblasener Moplen-Au\u00dfenk\u00f6rper ist best\u00e4ndig gegen Chemikalien und St\u00f6\u00dfe.<\/li>\n<li>Zwischenk\u00f6rper gef\u00fcllt mit Polyurethanschaum.<\/li>\n<li>Im Inneren befindet sich ein zweikanaliges elektrisches Ger\u00e4t mit zwei Positionen.<\/li>\n<li>Der Arbeitsbereich des Elektroger\u00e4ts besteht aus Blei, um Verstopfungen und Oxidation zu verhindern.<\/li>\n<li>Einstellbare Gegengewichtsposition zur Auswahl des H\u00f6henunterschieds.<\/li>\n<li>Moplen geblasene Kabelverschraubung an Elektrokabel.<\/li>\n<li>Doppelisolierung.<\/li>\n<li>Pr\u00fcfungsklasse: II.<\/li>\n<li>Lager- und Transporttemperatur: -25 \u00f7 60\u00b0C.<\/li>\n<li>A95A Einheitsgewicht 0,7 kg.<\/li>\n<li>A95B Einheitsgewicht 1,3 kg.<\/li>\n<\/ul>\n<h2><span class=\"ez-toc-section\" id=\"Elektrische_Eigenschaften\"><\/span><span style=\"font-size: 22px;\">Elektrische Eigenschaften<\/span><span class=\"ez-toc-section-end\"><\/span><\/h2>\n<ul>\n<li>Einweg-Elektro-SPDT-Schalter mit 2 Positionen.<\/li>\n<li>Netzkabeltyp A\u00d85VV-F 3 \u00d7 1 RF60 CEI-UNEL 35746.<\/li>\n<li>Doppelte Isolierung: 4kW.<\/li>\n<\/ul>\n","protected":false},"excerpt":{"rendered":"<p><a href=\"https:\/\/unox.com.tr\/wp-content\/uploads\/2022\/07\/a95-en-technical-data-sheet.pdf\" target=\"_blank\" rel=\"noopener\"><button style=\"background-color: #11224b; color: #ffffff; padding: 10px 15px; font-family: montserrat; font-weight: bold; font-size: 19px; border-radius: 10px;\"><img decoding=\"async\" style=\"width: 25px; height: 25px;\" src=\"https:\/\/unox.com.tr\/wp-content\/uploads\/2023\/02\/pdf-1.png\">PRODUKTKATALOG<\/button><\/a><\/p>\n<p><button style=\"background-color: #11224b; margin-top: 5px; color: white; padding: 0px 15px; width: 150px; height: 55px; border-radius: 10px; border: none; cursor: pointer;\"><br \/>\n<img decoding=\"async\" style=\"width: 120px; height: 30px;\" src=\"https:\/\/unox.com.tr\/wp-content\/uploads\/2023\/02\/4-1.svg\"><\/button><\/p>\n","protected":false},"featured_media":36984,"comment_status":"open","ping_status":"closed","template":"","meta":[],"product_brand":[],"product_cat":[1405,1564,1404],"product_tag":[],"class_list":{"0":"post-40365","1":"product","2":"type-product","3":"status-publish","4":"has-post-thumbnail","6":"product_cat-niveauschalter","7":"product_cat-fantini-cosmi-de","8":"product_cat-niveau-und-fluss","10":"first","11":"instock","12":"shipping-taxable","13":"product-type-simple"},"_links":{"self":[{"href":"https:\/\/unox.com.tr\/de\/wp-json\/wp\/v2\/product\/40365","targetHints":{"allow":["GET"]}}],"collection":[{"href":"https:\/\/unox.com.tr\/de\/wp-json\/wp\/v2\/product"}],"about":[{"href":"https:\/\/unox.com.tr\/de\/wp-json\/wp\/v2\/types\/product"}],"replies":[{"embeddable":true,"href":"https:\/\/unox.com.tr\/de\/wp-json\/wp\/v2\/comments?post=40365"}],"version-history":[{"count":0,"href":"https:\/\/unox.com.tr\/de\/wp-json\/wp\/v2\/product\/40365\/revisions"}],"wp:featuredmedia":[{"embeddable":true,"href":"https:\/\/unox.com.tr\/de\/wp-json\/wp\/v2\/media\/36984"}],"wp:attachment":[{"href":"https:\/\/unox.com.tr\/de\/wp-json\/wp\/v2\/media?parent=40365"}],"wp:term":[{"taxonomy":"product_brand","embeddable":true,"href":"https:\/\/unox.com.tr\/de\/wp-json\/wp\/v2\/product_brand?post=40365"},{"taxonomy":"product_cat","embeddable":true,"href":"https:\/\/unox.com.tr\/de\/wp-json\/wp\/v2\/product_cat?post=40365"},{"taxonomy":"product_tag","embeddable":true,"href":"https:\/\/unox.com.tr\/de\/wp-json\/wp\/v2\/product_tag?post=40365"}],"curies":[{"name":"wp","href":"https:\/\/api.w.org\/{rel}","templated":true}]}}