{"id":40407,"date":"2020-09-17T07:12:17","date_gmt":"2020-09-17T04:12:17","guid":{"rendered":"https:\/\/www.unox.com.tr\/urun\/a-2-fantini-gear-cauldron-flooding-device\/"},"modified":"2023-03-23T09:34:43","modified_gmt":"2023-03-23T06:34:43","slug":"gear-cauldron-flooding-device","status":"publish","type":"product","link":"https:\/\/unox.com.tr\/de\/gear-cauldron-flooding-device\/","title":{"rendered":"A-2 Fantini Getriebe Niveauregler"},"content":{"rendered":"<div id=\"ez-toc-container\" class=\"ez-toc-v2_0_82_2 counter-hierarchy ez-toc-counter ez-toc-grey ez-toc-container-direction\">\n<div class=\"ez-toc-title-container\">\n<p class=\"ez-toc-title\" style=\"cursor:inherit\">Sayfa \u0130\u00e7eri\u011fi<\/p>\n<span class=\"ez-toc-title-toggle\"><a href=\"#\" class=\"ez-toc-pull-right ez-toc-btn ez-toc-btn-xs ez-toc-btn-default ez-toc-toggle\" aria-label=\"Toggle Table of Content\"><span class=\"ez-toc-js-icon-con\"><span class=\"\"><span class=\"eztoc-hide\" style=\"display:none;\">Toggle<\/span><span class=\"ez-toc-icon-toggle-span\"><svg style=\"fill: #999;color:#999\" xmlns=\"http:\/\/www.w3.org\/2000\/svg\" class=\"list-377408\" width=\"20px\" height=\"20px\" viewBox=\"0 0 24 24\" fill=\"none\"><path d=\"M6 6H4v2h2V6zm14 0H8v2h12V6zM4 11h2v2H4v-2zm16 0H8v2h12v-2zM4 16h2v2H4v-2zm16 0H8v2h12v-2z\" fill=\"currentColor\"><\/path><\/svg><svg style=\"fill: #999;color:#999\" class=\"arrow-unsorted-368013\" xmlns=\"http:\/\/www.w3.org\/2000\/svg\" width=\"10px\" height=\"10px\" viewBox=\"0 0 24 24\" version=\"1.2\" baseProfile=\"tiny\"><path d=\"M18.2 9.3l-6.2-6.3-6.2 6.3c-.2.2-.3.4-.3.7s.1.5.3.7c.2.2.4.3.7.3h11c.3 0 .5-.1.7-.3.2-.2.3-.5.3-.7s-.1-.5-.3-.7zM5.8 14.7l6.2 6.3 6.2-6.3c.2-.2.3-.5.3-.7s-.1-.5-.3-.7c-.2-.2-.4-.3-.7-.3h-11c-.3 0-.5.1-.7.3-.2.2-.3.5-.3.7s.1.5.3.7z\"\/><\/svg><\/span><\/span><\/span><\/a><\/span><\/div>\n<nav><ul class='ez-toc-list ez-toc-list-level-1 ' ><li class='ez-toc-page-1 ez-toc-heading-level-2'><a class=\"ez-toc-link ez-toc-heading-1\" href=\"https:\/\/unox.com.tr\/de\/gear-cauldron-flooding-device\/#Was_ist_ein_Getriebe_Niveauregler\" >Was ist ein Getriebe Niveauregler?<\/a><\/li><li class='ez-toc-page-1 ez-toc-heading-level-2'><a class=\"ez-toc-link ez-toc-heading-2\" href=\"https:\/\/unox.com.tr\/de\/gear-cauldron-flooding-device\/#Produkteigenschaften\" >Produkteigenschaften<\/a><\/li><li class='ez-toc-page-1 ez-toc-heading-level-2'><a class=\"ez-toc-link ez-toc-heading-3\" href=\"https:\/\/unox.com.tr\/de\/gear-cauldron-flooding-device\/#Allgemeine_Merkmale\" >Allgemeine Merkmale<\/a><\/li><\/ul><\/nav><\/div>\n<h2><span class=\"ez-toc-section\" id=\"Was_ist_ein_Getriebe_Niveauregler\"><\/span><span style=\"font-size: 22px;\">Was ist ein Getriebe Niveauregler?<\/span><span class=\"ez-toc-section-end\"><\/span><\/h2>\n<p>Ein Getriebe Niveauregler ist ein Ger\u00e4t zum Ablassen von Wasser oder anderen Fl\u00fcssigkeiten aus einem Kessel. Es besteht im Allgemeinen aus einem Ventil oder Hahn, das ge\u00f6ffnet werden kann, damit Fl\u00fcssigkeit aus dem Kessel flie\u00dfen kann, und einem Rohr oder Schlauch, der die Fl\u00fcssigkeit an einen geeigneten Ort zur Entsorgung leitet. Der Getriebe Niveauregler kann auch mit einem Filter oder Sieb ausgestattet sein, um zu verhindern, dass Schmutz oder Ablagerungen das Ventil oder Rohr verstopfen. Der Getriebe Niveauregler wird in industriellen und gewerblichen Umgebungen h\u00e4ufig zur Wartung und Reparatur von Kesseln sowie zur Verhinderung von Korrosion und anderen Sch\u00e4den an Kesseln im Laufe der Zeit eingesetzt.<\/p>\n<h2><span class=\"ez-toc-section\" id=\"Produkteigenschaften\"><\/span><span style=\"font-size: 22px;\">Produkteigenschaften<\/span><span class=\"ez-toc-section-end\"><\/span><\/h2>\n<ul>\n<li><strong>K\u00f6rper:<\/strong> GGG40.3 Sph\u00e4roguss<\/li>\n<li><strong>Schwimmer:<\/strong> Edelstahl AISI 316<\/li>\n<li><strong>Welle:<\/strong> Edelstahl AISI 316<\/li>\n<li><strong>Balg:<\/strong> Edelstahl AISI 316<\/li>\n<li><strong>Anschluss:<\/strong> A-1 \/ A-2 1&#8243; BSPT Gewinde A-2F DN25 Flansch<\/li>\n<li><strong>Druck:<\/strong> PN16<\/li>\n<\/ul>\n<h2><span class=\"ez-toc-section\" id=\"Allgemeine_Merkmale\"><\/span><span style=\"font-size: 22px;\">Allgemeine Merkmale<\/span><span class=\"ez-toc-section-end\"><\/span><\/h2>\n<ul>\n<li>Diese F\u00fcllstandskontrolle besteht aus einem Kugelschwimmer aus Edelstahl und einem Flansch f\u00fcr Dr\u00fccke bis 25 bar.<\/li>\n<li>Kugelk\u00f6rper aus schlagfestem und hochverdichtetem Gusseisen.<\/li>\n<li>Kugelf\u00f6rmige Quecksilberschalter f\u00fcr hohe Temperaturen.<\/li>\n<li>Differential-Nivellierger\u00e4t.<\/li>\n<li>Ausf\u00fchrung: gepanzert.<\/li>\n<li>Doppelt verglastes Sichtfenster f\u00fcr Quecksilberkugeln \u00e4ndert die Sichtbarkeit.<\/li>\n<li>Leitungsausl\u00e4sse mit Metallschlauch.<\/li>\n<li>Elektrische Eigenschaften<\/li>\n<li>Zwei Quecksilberkugelschalter f\u00fcr hohe Temperaturen: ein Pumpensteuerungsschalter, ein weiterer zur Steuerung des Brenners und ein Alarmsignal f\u00fcr das Mindestniveau.<\/li>\n<\/ul>\n","protected":false},"excerpt":{"rendered":"<p><a href=\"https:\/\/unox.com.tr\/wp-content\/uploads\/2022\/07\/a41-a42-en-technical-data-sheet.pdf\" target=\"_blank\" rel=\"noopener\"><button style=\"background-color: #11224b; color: #ffffff; padding: 10px 15px; font-family: montserrat; font-weight: bold; font-size: 19px; border-radius: 10px;\"><img decoding=\"async\" style=\"width: 25px; height: 25px;\" src=\"https:\/\/unox.com.tr\/wp-content\/uploads\/2023\/02\/pdf-1.png\">PRODUKTKATALOG<\/button><\/a><\/p>\n<p><button style=\"background-color: #11224b; margin-top: 5px; color: white; padding: 0px 15px; width: 150px; height: 55px; border-radius: 10px; border: none; cursor: pointer;\"><br \/>\n<img decoding=\"async\" style=\"width: 120px; height: 30px;\" src=\"https:\/\/unox.com.tr\/wp-content\/uploads\/2023\/02\/4-1.svg\"><\/button><\/p>\n<p>&nbsp;<\/p>\n","protected":false},"featured_media":27079,"comment_status":"open","ping_status":"closed","template":"","meta":{"_joinchat":[]},"product_brand":[],"product_cat":[1564],"product_tag":[],"class_list":{"0":"post-40407","1":"product","2":"type-product","3":"status-publish","4":"has-post-thumbnail","6":"product_cat-fantini-cosmi-de","8":"first","9":"instock","10":"shipping-taxable","11":"product-type-simple"},"_links":{"self":[{"href":"https:\/\/unox.com.tr\/de\/wp-json\/wp\/v2\/product\/40407","targetHints":{"allow":["GET"]}}],"collection":[{"href":"https:\/\/unox.com.tr\/de\/wp-json\/wp\/v2\/product"}],"about":[{"href":"https:\/\/unox.com.tr\/de\/wp-json\/wp\/v2\/types\/product"}],"replies":[{"embeddable":true,"href":"https:\/\/unox.com.tr\/de\/wp-json\/wp\/v2\/comments?post=40407"}],"version-history":[{"count":0,"href":"https:\/\/unox.com.tr\/de\/wp-json\/wp\/v2\/product\/40407\/revisions"}],"wp:featuredmedia":[{"embeddable":true,"href":"https:\/\/unox.com.tr\/de\/wp-json\/wp\/v2\/media\/27079"}],"wp:attachment":[{"href":"https:\/\/unox.com.tr\/de\/wp-json\/wp\/v2\/media?parent=40407"}],"wp:term":[{"taxonomy":"product_brand","embeddable":true,"href":"https:\/\/unox.com.tr\/de\/wp-json\/wp\/v2\/product_brand?post=40407"},{"taxonomy":"product_cat","embeddable":true,"href":"https:\/\/unox.com.tr\/de\/wp-json\/wp\/v2\/product_cat?post=40407"},{"taxonomy":"product_tag","embeddable":true,"href":"https:\/\/unox.com.tr\/de\/wp-json\/wp\/v2\/product_tag?post=40407"}],"curies":[{"name":"wp","href":"https:\/\/api.w.org\/{rel}","templated":true}]}}