{"id":53457,"date":"2022-12-27T11:44:00","date_gmt":"2022-12-27T08:44:00","guid":{"rendered":"https:\/\/unox.com.tr\/urun\/vollstart-sicherheitsventil\/"},"modified":"2023-05-08T17:46:24","modified_gmt":"2023-05-08T14:46:24","slug":"vollstart-sicherheitsventil","status":"publish","type":"product","link":"https:\/\/unox.com.tr\/de\/vollstart-sicherheitsventil\/","title":{"rendered":"Vollstart-Sicherheitsventil"},"content":{"rendered":"<div id=\"ez-toc-container\" class=\"ez-toc-v2_0_82_2 counter-hierarchy ez-toc-counter ez-toc-grey ez-toc-container-direction\">\n<div class=\"ez-toc-title-container\">\n<p class=\"ez-toc-title\" style=\"cursor:inherit\">Sayfa \u0130\u00e7eri\u011fi<\/p>\n<span class=\"ez-toc-title-toggle\"><a href=\"#\" class=\"ez-toc-pull-right ez-toc-btn ez-toc-btn-xs ez-toc-btn-default ez-toc-toggle\" aria-label=\"Toggle Table of Content\"><span class=\"ez-toc-js-icon-con\"><span class=\"\"><span class=\"eztoc-hide\" style=\"display:none;\">Toggle<\/span><span class=\"ez-toc-icon-toggle-span\"><svg style=\"fill: #999;color:#999\" xmlns=\"http:\/\/www.w3.org\/2000\/svg\" class=\"list-377408\" width=\"20px\" height=\"20px\" viewBox=\"0 0 24 24\" fill=\"none\"><path d=\"M6 6H4v2h2V6zm14 0H8v2h12V6zM4 11h2v2H4v-2zm16 0H8v2h12v-2zM4 16h2v2H4v-2zm16 0H8v2h12v-2z\" fill=\"currentColor\"><\/path><\/svg><svg style=\"fill: #999;color:#999\" class=\"arrow-unsorted-368013\" xmlns=\"http:\/\/www.w3.org\/2000\/svg\" width=\"10px\" height=\"10px\" viewBox=\"0 0 24 24\" version=\"1.2\" baseProfile=\"tiny\"><path d=\"M18.2 9.3l-6.2-6.3-6.2 6.3c-.2.2-.3.4-.3.7s.1.5.3.7c.2.2.4.3.7.3h11c.3 0 .5-.1.7-.3.2-.2.3-.5.3-.7s-.1-.5-.3-.7zM5.8 14.7l6.2 6.3 6.2-6.3c.2-.2.3-.5.3-.7s-.1-.5-.3-.7c-.2-.2-.4-.3-.7-.3h-11c-.3 0-.5.1-.7.3-.2.2-.3.5-.3.7s.1.5.3.7z\"\/><\/svg><\/span><\/span><\/span><\/a><\/span><\/div>\n<nav><ul class='ez-toc-list ez-toc-list-level-1 ' ><li class='ez-toc-page-1 ez-toc-heading-level-2'><a class=\"ez-toc-link ez-toc-heading-1\" href=\"https:\/\/unox.com.tr\/de\/vollstart-sicherheitsventil\/#Was_ist_ein_Vollstart-Sicherheitsventil\" >Was ist ein Vollstart-Sicherheitsventil?<\/a><\/li><li class='ez-toc-page-1 ez-toc-heading-level-2'><a class=\"ez-toc-link ez-toc-heading-2\" href=\"https:\/\/unox.com.tr\/de\/vollstart-sicherheitsventil\/#Wo_wird_das_Vollstart-Sicherheitsventil_verwendet\" >Wo wird das Vollstart-Sicherheitsventil verwendet?<\/a><\/li><li class='ez-toc-page-1 ez-toc-heading-level-2'><a class=\"ez-toc-link ez-toc-heading-3\" href=\"https:\/\/unox.com.tr\/de\/vollstart-sicherheitsventil\/#Allgemeine_Merkmale\" >Allgemeine Merkmale<\/a><\/li><\/ul><\/nav><\/div>\n<h2><span class=\"ez-toc-section\" id=\"Was_ist_ein_Vollstart-Sicherheitsventil\"><\/span><span style=\"font-size: 22px;\">Was ist ein Vollstart-Sicherheitsventil?<\/span><span class=\"ez-toc-section-end\"><\/span><\/h2>\n<p>Das Vollhub-Sicherheitsventil ist eine Art Druckentlastungsventil, das daf\u00fcr ausgelegt ist, den \u00dcberdruck vollst\u00e4ndig zu \u00f6ffnen und abzulassen, wenn der eingestellte Druck erreicht ist. Wird normalerweise in Industrie- und Prozesssystemen verwendet, wo es wichtig ist, \u00dcberdruck schnell und effektiv abzubauen, um Ger\u00e4te zu sch\u00fctzen und Unf\u00e4lle zu vermeiden.<\/p>\n<p>Vollhub-Sicherheitsventile funktionieren, indem sie eine Feder verwenden, um das Ventil bei einem vorbestimmten Druck geschlossen zu halten. Wenn der Druck im System den Sollwert \u00fcberschreitet, wird die Feder zusammengedr\u00fcckt und das Ventil beginnt sich zu \u00f6ffnen. Wenn das Ventil ge\u00f6ffnet ist, kann der Druck abgebaut werden, bis es die vollst\u00e4ndig ge\u00f6ffnete Position erreicht.<\/p>\n<h2><span class=\"ez-toc-section\" id=\"Wo_wird_das_Vollstart-Sicherheitsventil_verwendet\"><\/span><span style=\"font-size: 22px;\">Wo wird das Vollstart-Sicherheitsventil verwendet?<\/span><span class=\"ez-toc-section-end\"><\/span><\/h2>\n<p>Vollhub-Sicherheitsventile werden in einer Vielzahl von industriellen und gewerblichen Umgebungen eingesetzt, um \u00dcberdruckschutz f\u00fcr Druckbeh\u00e4lter, Boiler und andere Arten von Prozessanlagen zu bieten. Diese Ventile sind so konstruiert, dass sie den \u00dcberdruck im System auf kontrollierte Weise \u00f6ffnen und entlasten, wenn der Druck einen vorgegebenen Wert \u00fcberschreitet.<\/p>\n<p>Vollhub-Sicherheitsventile werden h\u00e4ufig in der chemischen, petrochemischen, \u00d6l- und Gas-, Energieerzeugungs- und anderen Industrien eingesetzt, in denen der sichere Betrieb von Druckger\u00e4ten von entscheidender Bedeutung ist.<\/p>\n<p>Vollhub-Sicherheitsventile sind so konstruiert, dass sie schnell \u00f6ffnen und schlie\u00dfen, wodurch sie effektiv sind, um \u00dcberdruck schnell abzubauen. Dar\u00fcber hinaus eignen sie sich aufgrund ihrer F\u00e4higkeit, hohen Druck- und Temperaturbedingungen standzuhalten, f\u00fcr den Einsatz in einer Vielzahl von Industrie- und Prozesssystemen.<\/p>\n<h2><span class=\"ez-toc-section\" id=\"Allgemeine_Merkmale\"><\/span><span style=\"font-size: 22px;\">Allgemeine Merkmale<\/span><span class=\"ez-toc-section-end\"><\/span><\/h2>\n<ul>\n<li><strong>K\u00f6rper:<\/strong> GGG-40<\/li>\n<li><strong>Abdeckung<\/strong>:GGG-40<\/li>\n<li><strong>Feder<\/strong>: AISI 302<\/li>\n<li><strong>Sitzen:<\/strong> AISI 304<\/li>\n<li><strong>Ventil<\/strong>: AISI 304<\/li>\n<li><strong>Welle<\/strong>: AISI 304<\/li>\n<\/ul>\n","protected":false},"excerpt":{"rendered":"<p><a href=\"https:\/\/unox.com.tr\/wp-content\/uploads\/2023\/04\/Tam-Kalkisli-Emniyet-Ventili.pdf\" target=\"_blank\" rel=\"noopener\"><button style=\"background-color: #11224b; color: #ffffff; padding: 10px 15px; font-family: montserrat; font-weight: bold; font-size: 19px; border-radius: 10px;\"><img decoding=\"async\" style=\"width: 25px; height: 25px;\" src=\"https:\/\/unox.com.tr\/wp-content\/uploads\/2023\/02\/pdf-1.png\">PRODUKTKATALOG<\/button><\/a><\/p>\n<p><button style=\"background-color: #11224b; margin-top: 5px; color: white; padding: 0px 15px; width: 150px; height: 55px; border-radius: 10px; border: none; cursor: pointer;\"><br \/>\n<img decoding=\"async\" style=\"width: 120px; height: 30px;\" src=\"https:\/\/unox.com.tr\/wp-content\/uploads\/2023\/02\/4-1.svg\"><\/button><\/p>\n","protected":false},"featured_media":41709,"comment_status":"open","ping_status":"closed","template":"","meta":[],"product_brand":[],"product_cat":[1561,1143],"product_tag":[],"class_list":{"0":"post-53457","1":"product","2":"type-product","3":"status-publish","4":"has-post-thumbnail","6":"product_cat-sicherheitsventile","7":"product_cat-ventilgruppe","9":"first","10":"instock","11":"shipping-taxable","12":"product-type-simple"},"_links":{"self":[{"href":"https:\/\/unox.com.tr\/de\/wp-json\/wp\/v2\/product\/53457","targetHints":{"allow":["GET"]}}],"collection":[{"href":"https:\/\/unox.com.tr\/de\/wp-json\/wp\/v2\/product"}],"about":[{"href":"https:\/\/unox.com.tr\/de\/wp-json\/wp\/v2\/types\/product"}],"replies":[{"embeddable":true,"href":"https:\/\/unox.com.tr\/de\/wp-json\/wp\/v2\/comments?post=53457"}],"version-history":[{"count":0,"href":"https:\/\/unox.com.tr\/de\/wp-json\/wp\/v2\/product\/53457\/revisions"}],"wp:featuredmedia":[{"embeddable":true,"href":"https:\/\/unox.com.tr\/de\/wp-json\/wp\/v2\/media\/41709"}],"wp:attachment":[{"href":"https:\/\/unox.com.tr\/de\/wp-json\/wp\/v2\/media?parent=53457"}],"wp:term":[{"taxonomy":"product_brand","embeddable":true,"href":"https:\/\/unox.com.tr\/de\/wp-json\/wp\/v2\/product_brand?post=53457"},{"taxonomy":"product_cat","embeddable":true,"href":"https:\/\/unox.com.tr\/de\/wp-json\/wp\/v2\/product_cat?post=53457"},{"taxonomy":"product_tag","embeddable":true,"href":"https:\/\/unox.com.tr\/de\/wp-json\/wp\/v2\/product_tag?post=53457"}],"curies":[{"name":"wp","href":"https:\/\/api.w.org\/{rel}","templated":true}]}}