{"id":57472,"date":"2023-08-09T14:50:47","date_gmt":"2023-08-09T11:50:47","guid":{"rendered":"https:\/\/unox.com.tr\/edelstahl-blindflansch\/"},"modified":"2023-08-09T14:50:47","modified_gmt":"2023-08-09T11:50:47","slug":"edelstahl-blindflansch","status":"publish","type":"product","link":"https:\/\/unox.com.tr\/de\/edelstahl-blindflansch\/","title":{"rendered":"Edelstahl-Blindflansch"},"content":{"rendered":"<div id=\"ez-toc-container\" class=\"ez-toc-v2_0_82_2 counter-hierarchy ez-toc-counter ez-toc-grey ez-toc-container-direction\">\n<div class=\"ez-toc-title-container\">\n<p class=\"ez-toc-title\" style=\"cursor:inherit\">Sayfa \u0130\u00e7eri\u011fi<\/p>\n<span class=\"ez-toc-title-toggle\"><a href=\"#\" class=\"ez-toc-pull-right ez-toc-btn ez-toc-btn-xs ez-toc-btn-default ez-toc-toggle\" aria-label=\"Toggle Table of Content\"><span class=\"ez-toc-js-icon-con\"><span class=\"\"><span class=\"eztoc-hide\" style=\"display:none;\">Toggle<\/span><span class=\"ez-toc-icon-toggle-span\"><svg style=\"fill: #999;color:#999\" xmlns=\"http:\/\/www.w3.org\/2000\/svg\" class=\"list-377408\" width=\"20px\" height=\"20px\" viewBox=\"0 0 24 24\" fill=\"none\"><path d=\"M6 6H4v2h2V6zm14 0H8v2h12V6zM4 11h2v2H4v-2zm16 0H8v2h12v-2zM4 16h2v2H4v-2zm16 0H8v2h12v-2z\" fill=\"currentColor\"><\/path><\/svg><svg style=\"fill: #999;color:#999\" class=\"arrow-unsorted-368013\" xmlns=\"http:\/\/www.w3.org\/2000\/svg\" width=\"10px\" height=\"10px\" viewBox=\"0 0 24 24\" version=\"1.2\" baseProfile=\"tiny\"><path d=\"M18.2 9.3l-6.2-6.3-6.2 6.3c-.2.2-.3.4-.3.7s.1.5.3.7c.2.2.4.3.7.3h11c.3 0 .5-.1.7-.3.2-.2.3-.5.3-.7s-.1-.5-.3-.7zM5.8 14.7l6.2 6.3 6.2-6.3c.2-.2.3-.5.3-.7s-.1-.5-.3-.7c-.2-.2-.4-.3-.7-.3h-11c-.3 0-.5.1-.7.3-.2.2-.3.5-.3.7s.1.5.3.7z\"\/><\/svg><\/span><\/span><\/span><\/a><\/span><\/div>\n<nav><ul class='ez-toc-list ez-toc-list-level-1 ' ><li class='ez-toc-page-1 ez-toc-heading-level-2'><a class=\"ez-toc-link ez-toc-heading-1\" href=\"https:\/\/unox.com.tr\/de\/edelstahl-blindflansch\/#Was_ist_ein_Edelstahl-Blindflansch\" >Was ist ein Edelstahl-Blindflansch ?<\/a><\/li><li class='ez-toc-page-1 ez-toc-heading-level-2'><a class=\"ez-toc-link ez-toc-heading-2\" href=\"https:\/\/unox.com.tr\/de\/edelstahl-blindflansch\/#Was_sollte_bei_der_Herstellung_von_rostfreien_Blindflanschen_beachtet_werden\" >Was sollte bei der Herstellung von rostfreien Blindflanschen beachtet werden?<\/a><\/li><li class='ez-toc-page-1 ez-toc-heading-level-2'><a class=\"ez-toc-link ez-toc-heading-3\" href=\"https:\/\/unox.com.tr\/de\/edelstahl-blindflansch\/#Produkteigenschaften\" >Produkteigenschaften<\/a><\/li><li class='ez-toc-page-1 ez-toc-heading-level-2'><a class=\"ez-toc-link ez-toc-heading-4\" href=\"https:\/\/unox.com.tr\/de\/edelstahl-blindflansch\/#Einsatzbereiche\" >Einsatzbereiche<\/a><\/li><\/ul><\/nav><\/div>\n<h2><span class=\"ez-toc-section\" id=\"Was_ist_ein_Edelstahl-Blindflansch\"><\/span><span style=\"font-size: 20px;\">Was ist ein Edelstahl-Blindflansch ?<\/span><span class=\"ez-toc-section-end\"><\/span><\/h2>\n<p>Der rostfreie Blindflansch ist eine Art mechanische Verbindung, die zum Anschluss von Rohren, Ventilen, Pumpen und anderen Ger\u00e4ten an ein Rohrleitungssystem verwendet wird. Es besteht aus einem kreisf\u00f6rmigen Ring, der an das Ende des Rohrs geschwei\u00dft oder geschraubt ist und auf einer Seite eine erh\u00f6hte Fl\u00e4che hat, um die Befestigung eines anderen Flansches oder Rohrs zu erm\u00f6glichen. Die andere Seite des Flansches kann abh\u00e4ngig von der jeweiligen Anwendung und der Art des verwendeten Flansches eine Vielzahl unterschiedlicher Oberfl\u00e4chenausf\u00fchrungen aufweisen, wie z. B. eine flache Seite, eine erhabene Seite oder eine Nut- und Federseite. Rostfreie Flansche werden im Allgemeinen in Umgebungen verwendet, die Korrosionsbest\u00e4ndigkeit erfordern, wie z. B. in der chemischen, pharmazeutischen und lebensmittelverarbeitenden Industrie. Sie werden auch h\u00e4ufig in Hochtemperatur- und Hochdruckanwendungen eingesetzt.<\/p>\n<h2><span class=\"ez-toc-section\" id=\"Was_sollte_bei_der_Herstellung_von_rostfreien_Blindflanschen_beachtet_werden\"><\/span><span style=\"font-size: 20px;\">Was sollte bei der Herstellung von rostfreien Blindflanschen beachtet werden?<\/span><span class=\"ez-toc-section-end\"><\/span><\/h2>\n<p>Die bei der Festlegung der Abmessungen der Flansche w\u00e4hrend ihrer Herstellung zu ber\u00fccksichtigenden Merkmale k\u00f6nnen wie folgt aufgelistet werden:<\/p>\n<ul>\n<li>Welches Material soll in der Produktion verwendet werden?<\/li>\n<li>Der h\u00f6chste Temperatur- und Druckwert, dem das Blitzsystem ausgesetzt wird.<\/li>\n<li>Korrosionsst\u00e4rke, der die verwendete Leitung ausgesetzt sein wird.<\/li>\n<li>Einsatzbereich Flansch.<\/li>\n<\/ul>\n<p>Flansche sind ein unverzichtbarer Bestandteil in vielen Ingenieur- und Sanit\u00e4rprojekten. In vielen Anwendungen m\u00fcssen Ingenieure Beh\u00e4lter, Zylinder oder Rohre sicher verschlie\u00dfen. Auf diese Weise ist das am besten geeignete Element f\u00fcr die Positionen der Flansch. Dank der rostfreien Flansche wird das Leckageproblem eliminiert.<\/p>\n<h2><span class=\"ez-toc-section\" id=\"Produkteigenschaften\"><\/span><span style=\"font-size: 20px;\">Produkteigenschaften<\/span><span class=\"ez-toc-section-end\"><\/span><\/h2>\n<ul>\n<li><strong>Messbereich:<\/strong> DN 15 \u2013 DN 200<\/li>\n<li><strong>Druckklasse:<\/strong>PN 10\/16<\/li>\n<li><strong>Material:<\/strong> Edelstahl AISI 304\/304L\/316<\/li>\n<\/ul>\n<p>Bitte kontaktieren Sie uns f\u00fcr detaillierte Informationen \u00fcber das Produkt und die damit verwendete elektronische Steuerschaltung.<\/p>\n<h2><span class=\"ez-toc-section\" id=\"Einsatzbereiche\"><\/span><span style=\"font-size: 20px;\">Einsatzbereiche<\/span><span class=\"ez-toc-section-end\"><\/span><\/h2>\n<ul>\n<li>Ventile und Pumpen<\/li>\n<li>Installation<\/li>\n<li>Verschiedene Maschinen<\/li>\n<\/ul>\n","protected":false},"excerpt":{"rendered":"<p><a href=\"https:\/\/unox.com.tr\/wp-content\/uploads\/2023\/01\/Paslanmaz-Flans.pdf\" target=\"_blank\" rel=\"noopener\"><button style=\"background-color: #11224b; color: #ffffff; padding: 10px 15px; font-family: montserrat; font-weight: bold; font-size: 19px; border-radius: 10px;\"><img decoding=\"async\" style=\"width: 25px; height: 25px;\" src=\"https:\/\/unox.com.tr\/wp-content\/uploads\/2023\/02\/pdf-1.png\">PRODUKTKATALOG<\/button><\/a><\/p>\n<p><button style=\"background-color: #11224b; margin-top: 5px; color: white; padding: 0px 15px; width: 150px; height: 55px; border-radius: 10px; border: none; cursor: pointer;\"><br \/>\n<img decoding=\"async\" style=\"width: 120px; height: 30px;\" src=\"https:\/\/unox.com.tr\/wp-content\/uploads\/2023\/02\/4-1.svg\"><\/button><\/p>\n","protected":false},"featured_media":27856,"comment_status":"open","ping_status":"closed","template":"","meta":{"_joinchat":[]},"product_brand":[],"product_cat":[1032,1076],"product_tag":[],"class_list":{"0":"post-57472","1":"product","2":"type-product","3":"status-publish","4":"has-post-thumbnail","6":"product_cat-kompensator-und-schlauche","7":"product_cat-rostfreie-flansche","9":"first","10":"instock","11":"shipping-taxable","12":"product-type-simple"},"_links":{"self":[{"href":"https:\/\/unox.com.tr\/de\/wp-json\/wp\/v2\/product\/57472","targetHints":{"allow":["GET"]}}],"collection":[{"href":"https:\/\/unox.com.tr\/de\/wp-json\/wp\/v2\/product"}],"about":[{"href":"https:\/\/unox.com.tr\/de\/wp-json\/wp\/v2\/types\/product"}],"replies":[{"embeddable":true,"href":"https:\/\/unox.com.tr\/de\/wp-json\/wp\/v2\/comments?post=57472"}],"version-history":[{"count":0,"href":"https:\/\/unox.com.tr\/de\/wp-json\/wp\/v2\/product\/57472\/revisions"}],"wp:featuredmedia":[{"embeddable":true,"href":"https:\/\/unox.com.tr\/de\/wp-json\/wp\/v2\/media\/27856"}],"wp:attachment":[{"href":"https:\/\/unox.com.tr\/de\/wp-json\/wp\/v2\/media?parent=57472"}],"wp:term":[{"taxonomy":"product_brand","embeddable":true,"href":"https:\/\/unox.com.tr\/de\/wp-json\/wp\/v2\/product_brand?post=57472"},{"taxonomy":"product_cat","embeddable":true,"href":"https:\/\/unox.com.tr\/de\/wp-json\/wp\/v2\/product_cat?post=57472"},{"taxonomy":"product_tag","embeddable":true,"href":"https:\/\/unox.com.tr\/de\/wp-json\/wp\/v2\/product_tag?post=57472"}],"curies":[{"name":"wp","href":"https:\/\/api.w.org\/{rel}","templated":true}]}}