{"id":59513,"date":"2024-02-26T13:06:37","date_gmt":"2024-02-26T10:06:37","guid":{"rendered":"https:\/\/unox.com.tr\/?post_type=product&#038;p=59513"},"modified":"2025-05-14T09:54:53","modified_gmt":"2025-05-14T06:54:53","slug":"pnomatik-basinc-pid-kontrol-sistemi","status":"publish","type":"product","link":"https:\/\/unox.com.tr\/de\/pnomatik-basinc-pid-kontrol-sistemi\/","title":{"rendered":"Pn\u00f6matik Bas\u0131n\u00e7 PID Kontrol Sistemi"},"content":{"rendered":"<div id=\"ez-toc-container\" class=\"ez-toc-v2_0_83 counter-hierarchy ez-toc-counter ez-toc-grey ez-toc-container-direction\">\n<div class=\"ez-toc-title-container\">\n<p class=\"ez-toc-title\" style=\"cursor:inherit\">Sayfa \u0130\u00e7eri\u011fi<\/p>\n<span class=\"ez-toc-title-toggle\"><a href=\"#\" class=\"ez-toc-pull-right ez-toc-btn ez-toc-btn-xs ez-toc-btn-default ez-toc-toggle\" aria-label=\"Toggle Table of Content\"><span class=\"ez-toc-js-icon-con\"><span class=\"\"><span class=\"eztoc-hide\" style=\"display:none;\">Toggle<\/span><span class=\"ez-toc-icon-toggle-span\"><svg style=\"fill: #999;color:#999\" xmlns=\"http:\/\/www.w3.org\/2000\/svg\" class=\"list-377408\" width=\"20px\" height=\"20px\" viewBox=\"0 0 24 24\" fill=\"none\"><path d=\"M6 6H4v2h2V6zm14 0H8v2h12V6zM4 11h2v2H4v-2zm16 0H8v2h12v-2zM4 16h2v2H4v-2zm16 0H8v2h12v-2z\" fill=\"currentColor\"><\/path><\/svg><svg style=\"fill: #999;color:#999\" class=\"arrow-unsorted-368013\" xmlns=\"http:\/\/www.w3.org\/2000\/svg\" width=\"10px\" height=\"10px\" viewBox=\"0 0 24 24\" version=\"1.2\" baseProfile=\"tiny\"><path d=\"M18.2 9.3l-6.2-6.3-6.2 6.3c-.2.2-.3.4-.3.7s.1.5.3.7c.2.2.4.3.7.3h11c.3 0 .5-.1.7-.3.2-.2.3-.5.3-.7s-.1-.5-.3-.7zM5.8 14.7l6.2 6.3 6.2-6.3c.2-.2.3-.5.3-.7s-.1-.5-.3-.7c-.2-.2-.4-.3-.7-.3h-11c-.3 0-.5.1-.7.3-.2.2-.3.5-.3.7s.1.5.3.7z\"\/><\/svg><\/span><\/span><\/span><\/a><\/span><\/div>\n<nav><ul class='ez-toc-list ez-toc-list-level-1 ' ><li class='ez-toc-page-1 ez-toc-heading-level-2'><a class=\"ez-toc-link ez-toc-heading-1\" href=\"https:\/\/unox.com.tr\/de\/pnomatik-basinc-pid-kontrol-sistemi\/#Pnoematik_Basinc_PID_Kontrol_Sistemi_Nedir\" >Pn\u00f6matik Bas\u0131n\u00e7 PID Kontrol Sistemi Nedir?<\/a><ul class='ez-toc-list-level-3' ><li class='ez-toc-heading-level-3'><a class=\"ez-toc-link ez-toc-heading-2\" href=\"https:\/\/unox.com.tr\/de\/pnomatik-basinc-pid-kontrol-sistemi\/#Pnoematik_Basinc_Kontroluenuen_Temel_Bilesenleri\" >Pn\u00f6matik Bas\u0131n\u00e7 Kontrol\u00fcn\u00fcn Temel Bile\u015fenleri<\/a><\/li><li class='ez-toc-page-1 ez-toc-heading-level-3'><a class=\"ez-toc-link ez-toc-heading-3\" href=\"https:\/\/unox.com.tr\/de\/pnomatik-basinc-pid-kontrol-sistemi\/#PID_Kontrol_Cihazinin_Goerevi\" >PID Kontrol Cihaz\u0131n\u0131n G\u00f6revi<\/a><\/li><li class='ez-toc-page-1 ez-toc-heading-level-3'><a class=\"ez-toc-link ez-toc-heading-4\" href=\"https:\/\/unox.com.tr\/de\/pnomatik-basinc-pid-kontrol-sistemi\/#Pozisyoner_ve_Aktueatoer_Arasindaki_Iletisim\" >Pozisyoner ve Akt\u00fcat\u00f6r Aras\u0131ndaki \u0130leti\u015fim<\/a><\/li><li class='ez-toc-page-1 ez-toc-heading-level-3'><a class=\"ez-toc-link ez-toc-heading-5\" href=\"https:\/\/unox.com.tr\/de\/pnomatik-basinc-pid-kontrol-sistemi\/#PID_Sistemlerinde_Guevenlik_ve_Stabilite\" >PID Sistemlerinde G\u00fcvenlik ve Stabilite<\/a><\/li><\/ul><\/li><\/ul><\/nav><\/div>\n<h2><span class=\"ez-toc-section\" id=\"Pnoematik_Basinc_PID_Kontrol_Sistemi_Nedir\"><\/span>Pn\u00f6matik Bas\u0131n\u00e7 PID Kontrol Sistemi Nedir?<span class=\"ez-toc-section-end\"><\/span><\/h2>\n<p data-start=\"341\" data-end=\"622\">Pn\u00f6matik bas\u0131n\u00e7 PID kontrol sistemi nedir? Bu sistem, otomatik bas\u0131n\u00e7 kontrol\u00fcn\u00fc sa\u011flayan teknolojik bir \u00e7\u00f6z\u00fcmd\u00fcr. Bas\u0131n\u00e7, hassas sens\u00f6rler taraf\u0131ndan \u00f6l\u00e7\u00fclmektedir veya dijital sinyallerle kontrol cihaz\u0131na aktar\u0131lmaktad\u0131r. Bu sayede manuel m\u00fcdahale olmadan sabit hem de kararl\u0131 bir sistem sa\u011flan\u0131r.<\/p>\n<h3 data-start=\"624\" data-end=\"673\"><span class=\"ez-toc-section\" id=\"Pnoematik_Basinc_Kontroluenuen_Temel_Bilesenleri\"><\/span>Pn\u00f6matik Bas\u0131n\u00e7 Kontrol\u00fcn\u00fcn Temel Bile\u015fenleri<span class=\"ez-toc-section-end\"><\/span><\/h3>\n<p data-start=\"675\" data-end=\"1097\">Sistem, \u00fc\u00e7 ana bile\u015fenden olu\u015fur: bas\u0131n\u00e7 sens\u00f6r\u00fc, kontrol cihaz\u0131 ve pozisyoner. Bas\u0131n\u00e7 sens\u00f6r\u00fc, boru hatt\u0131ndaki mevcut bas\u0131nc\u0131 \u00f6l\u00e7erek dijital veri \u00fcretir. Bu veri, kablolar arac\u0131l\u0131\u011f\u0131yla kontrol cihaz\u0131na g\u00f6nderilmektedir. Sens\u00f6rlerin kalitesi sistem performans\u0131n\u0131 do\u011frudan etkiler. En iyi sonu\u00e7 i\u00e7in kaliteli ekipmanlar tercih edilmelidir. \u00d6rne\u011fin, <a class=\"\" href=\"https:\/\/unox.com.tr\/\" target=\"_new\" rel=\"noopener\" data-start=\"1018\" data-end=\"1038\">unox<\/a>\u00a0gibi uzman firmalar do\u011fru \u00fcr\u00fcn se\u00e7imi i\u00e7in rehberlik eder.<\/p>\n<h3 data-start=\"1099\" data-end=\"1131\"><span class=\"ez-toc-section\" id=\"PID_Kontrol_Cihazinin_Goerevi\"><\/span>PID Kontrol Cihaz\u0131n\u0131n G\u00f6revi<span class=\"ez-toc-section-end\"><\/span><\/h3>\n<p data-start=\"1133\" data-end=\"1604\">Kontrol cihaz\u0131, gelen veriyi istenilen bas\u0131n\u00e7 de\u011feri ile kar\u015f\u0131la\u015ft\u0131r\u0131r. E\u011fer \u00f6l\u00e7\u00fclen bas\u0131n\u00e7 istenilen de\u011ferin alt\u0131ndaysa cihaz, pozisyonere a\u00e7ma y\u00f6n\u00fcnde sinyal g\u00f6nderir. Bu sinyal sayesinde sistem i\u00e7indeki ak\u0131\u015f art\u0131r\u0131lmaktad\u0131r. Ancak bas\u0131n\u00e7 hedefin \u00fczerindeyse cihaz, pozisyonere k\u0131sma y\u00f6n\u00fcnde sinyal g\u00f6nderir. B\u00f6ylece sistem bas\u0131nc\u0131 dengelenmektedir. PID kontrol sayesinde \u00e7\u0131k\u0131\u015f bas\u0131nc\u0131 sabit kal\u0131r. Detayl\u0131 sistem \u00e7\u00f6z\u00fcmleri i\u00e7in <a class=\"\" href=\"https:\/\/www.unoxonline.com.tr\/\" target=\"_new\" rel=\"noopener nofollow\" data-start=\"1552\" data-end=\"1582\">unoxonline<\/a>\u00a0adresi incelenebilir.<\/p>\n<h3 data-start=\"1606\" data-end=\"1652\"><span class=\"ez-toc-section\" id=\"Pozisyoner_ve_Aktueatoer_Arasindaki_Iletisim\"><\/span>Pozisyoner ve Akt\u00fcat\u00f6r Aras\u0131ndaki \u0130leti\u015fim<span class=\"ez-toc-section-end\"><\/span><\/h3>\n<p data-start=\"1654\" data-end=\"2073\">Pozisyoner, kontrol cihaz\u0131ndan gelen sinyalleri do\u011frudan akt\u00fcat\u00f6re iletir. Akt\u00fcat\u00f6r ise vanan\u0131n a\u00e7\u0131kl\u0131\u011f\u0131n\u0131 ayarlayarak istenilen bas\u0131n\u00e7 dengesini sa\u011flar. Bu d\u00f6ng\u00fc, istenilen set de\u011ferine ula\u015f\u0131lana kadar devam eder. \u00c7\u00fcnk\u00fc PID algoritmas\u0131 s\u00fcrekli hata kontrol\u00fc yapar. B\u00f6ylece sistem, dinamik de\u011fi\u015fimlere h\u0131zl\u0131 yan\u0131t verir. Geli\u015fmi\u015f uygulamalar i\u00e7in <a class=\"\" href=\"https:\/\/unox.com.tr\/iletisim\/\" target=\"_new\" rel=\"noopener\" data-start=\"2001\" data-end=\"2030\">unox<\/a>\u00a0adresi \u00fczerinden teknik destek al\u0131nabilir.<\/p>\n<h3 data-start=\"2075\" data-end=\"2118\"><span class=\"ez-toc-section\" id=\"PID_Sistemlerinde_Guevenlik_ve_Stabilite\"><\/span>PID Sistemlerinde G\u00fcvenlik ve Stabilite<span class=\"ez-toc-section-end\"><\/span><\/h3>\n<p data-start=\"2120\" data-end=\"2522\">Bas\u0131n\u00e7 kontrol\u00fc, sistem g\u00fcvenli\u011fi a\u00e7\u0131s\u0131ndan kritik rol oynar. Do\u011fru yap\u0131land\u0131r\u0131lm\u0131\u015f bir PID kontrol sistemi, ani bas\u0131n\u00e7 de\u011fi\u015fimlerini \u00f6nler. Ayr\u0131ca operat\u00f6r hatalar\u0131n\u0131n sistem \u00fczerinde etkisini azalt\u0131r. Bu durum, i\u015fletme verimlili\u011fini art\u0131r\u0131r. Ama sistemin d\u00fczg\u00fcn \u00e7al\u0131\u015fmas\u0131 i\u00e7in periyodik bak\u0131m gerekir. G\u00fcvenilir destek i\u00e7in <a class=\"\" href=\"https:\/\/www.unoxonline.com.tr\/iletisim\/\" target=\"_new\" rel=\"noopener nofollow\" data-start=\"2446\" data-end=\"2485\">unoxonline<\/a> adresinden ileti\u015fime ge\u00e7ebilirsiniz.<\/p>\n","protected":false},"excerpt":{"rendered":"<p><button style=\"background-color: #11224b; color: #ffffff; padding: 10px 15px; font-family: montserrat; font-weight: bold; font-size: 19px; border-radius: 10px;\"><img decoding=\"async\" style=\"width: 25px; height: 25px;\" src=\"https:\/\/unox.com.tr\/wp-content\/uploads\/2023\/02\/pdf-1.png\" \/>\u00dcR\u00dcN KATALO\u011eU<\/button><\/p>\n<p><button style=\"background-color: #11224b; margin-top: 5px; color: white; padding: 0px 15px; width: 150px; height: 55px; border-radius: 10px; border: none; cursor: pointer;\"><br \/>\n<img decoding=\"async\" style=\"width: 120px; height: 30px;\" src=\"https:\/\/unox.com.tr\/wp-content\/uploads\/2023\/02\/4-1.svg\" \/><\/button><\/p>\n","protected":false},"featured_media":59514,"comment_status":"open","ping_status":"closed","template":"","meta":[],"product_brand":[],"product_cat":[1617,1615,22],"product_tag":[],"class_list":{"0":"post-59513","1":"product","2":"type-product","3":"status-publish","4":"has-post-thumbnail","6":"product_cat-basinc-pid-kontrol-sistemleri","7":"product_cat-kontrol-sistemleri","8":"product_cat-kontrol-vanasi","10":"first","11":"instock","12":"shipping-taxable","13":"product-type-simple"},"_links":{"self":[{"href":"https:\/\/unox.com.tr\/de\/wp-json\/wp\/v2\/product\/59513","targetHints":{"allow":["GET"]}}],"collection":[{"href":"https:\/\/unox.com.tr\/de\/wp-json\/wp\/v2\/product"}],"about":[{"href":"https:\/\/unox.com.tr\/de\/wp-json\/wp\/v2\/types\/product"}],"replies":[{"embeddable":true,"href":"https:\/\/unox.com.tr\/de\/wp-json\/wp\/v2\/comments?post=59513"}],"version-history":[{"count":2,"href":"https:\/\/unox.com.tr\/de\/wp-json\/wp\/v2\/product\/59513\/revisions"}],"predecessor-version":[{"id":65047,"href":"https:\/\/unox.com.tr\/de\/wp-json\/wp\/v2\/product\/59513\/revisions\/65047"}],"wp:featuredmedia":[{"embeddable":true,"href":"https:\/\/unox.com.tr\/de\/wp-json\/wp\/v2\/media\/59514"}],"wp:attachment":[{"href":"https:\/\/unox.com.tr\/de\/wp-json\/wp\/v2\/media?parent=59513"}],"wp:term":[{"taxonomy":"product_brand","embeddable":true,"href":"https:\/\/unox.com.tr\/de\/wp-json\/wp\/v2\/product_brand?post=59513"},{"taxonomy":"product_cat","embeddable":true,"href":"https:\/\/unox.com.tr\/de\/wp-json\/wp\/v2\/product_cat?post=59513"},{"taxonomy":"product_tag","embeddable":true,"href":"https:\/\/unox.com.tr\/de\/wp-json\/wp\/v2\/product_tag?post=59513"}],"curies":[{"name":"wp","href":"https:\/\/api.w.org\/{rel}","templated":true}]}}