{"id":63495,"date":"2025-04-04T17:00:42","date_gmt":"2025-04-04T14:00:42","guid":{"rendered":"https:\/\/unox.com.tr\/?post_type=product&#038;p=63495"},"modified":"2025-04-30T14:30:32","modified_gmt":"2025-04-30T11:30:32","slug":"paslanmaz-manuel-bicak-surgulu-vana","status":"publish","type":"product","link":"https:\/\/unox.com.tr\/de\/paslanmaz-manuel-bicak-surgulu-vana\/","title":{"rendered":"Paslanmaz Manuel B\u0131\u00e7ak S\u00fcrg\u00fcl\u00fc Vana"},"content":{"rendered":"<p class=\"p1\">Paslanmaz manuel b\u0131\u00e7ak s\u00fcrg\u00fcl\u00fc vana, end\u00fcstriyel tesislerde s\u0131v\u0131 ve yar\u0131 kat\u0131 ak\u0131\u015fkanlar\u0131n kontrol\u00fc i\u00e7in kullan\u0131lmaktad\u0131r. Vana g\u00f6vdesi, y\u00fcksek dayan\u0131ml\u0131 imal edilmi\u015ftir. Bu sayede korozyonun yo\u011fun oldu\u011fu ortamlarda uzun \u00f6m\u00fcrl\u00fc performans sa\u011flanmaktad\u0131r. Ak\u0131\u015f\u0131n kontrol\u00fc, b\u0131\u00e7ak formundaki s\u00fcrg\u00fcn\u00fcn a\u015fa\u011f\u0131-yukar\u0131 hareket ettirilmesiyle ger\u00e7ekle\u015ftirilmektedir. Bu hareket, operat\u00f6r taraf\u0131ndan manuel olarak sa\u011flanmaktad\u0131r. Vana a\u00e7\u0131ld\u0131\u011f\u0131nda, ak\u0131\u015fkan ge\u00e7i\u015fine izin verilmektedir. Kapat\u0131ld\u0131\u011f\u0131nda ise ak\u0131\u015f tamamen engellenmektedir.<\/p>\n<p class=\"p1\">Sade ve mekanik yap\u0131s\u0131yla dikkat \u00e7eken bu vana t\u00fcr\u00fc, bak\u0131m i\u015flemlerinin kolayca yap\u0131lmas\u0131na olanak tan\u0131maktad\u0131r. Ayr\u0131ca enerjiye ihtiya\u00e7 duyulmadan \u00e7al\u0131\u015ft\u0131r\u0131labilmesi sayesinde ekonomik bir \u00e7\u00f6z\u00fcm sunulmaktad\u0131r. Ak\u0131\u015fkan\u0131n bas\u0131nc\u0131 do\u011frudan s\u00fcrg\u00fc \u00fczerine etki etmekte veya bu sayede s\u0131zd\u0131rmazl\u0131k maksimum seviyeye \u00e7\u0131kar\u0131lmaktad\u0131r. Genellikle d\u00fc\u015f\u00fck bas\u0131n\u00e7l\u0131 ve y\u00fcksek viskoziteli s\u0131v\u0131lar\u0131n ge\u00e7ti\u011fi hatlarda tercih edilmektedir.<\/p>\n<p class=\"p1\">Kurulum s\u0131ras\u0131nda herhangi bir \u00f6zel ekipmana ihtiya\u00e7 duyulmamaktad\u0131r. Flan\u015f ba\u011flant\u0131lar\u0131 sayesinde boru hatlar\u0131na kolayca monte edilebilmektedir. Kullan\u0131m s\u00fcrecinde y\u00fcksek performans veya g\u00fcvenilirlik elde edilmektedir.<\/p>\n<div id=\"ez-toc-container\" class=\"ez-toc-v2_0_82_2 counter-hierarchy ez-toc-counter ez-toc-grey ez-toc-container-direction\">\n<div class=\"ez-toc-title-container\">\n<p class=\"ez-toc-title\" style=\"cursor:inherit\">Sayfa \u0130\u00e7eri\u011fi<\/p>\n<span class=\"ez-toc-title-toggle\"><a href=\"#\" class=\"ez-toc-pull-right ez-toc-btn ez-toc-btn-xs ez-toc-btn-default ez-toc-toggle\" aria-label=\"Toggle Table of Content\"><span class=\"ez-toc-js-icon-con\"><span class=\"\"><span class=\"eztoc-hide\" style=\"display:none;\">Toggle<\/span><span class=\"ez-toc-icon-toggle-span\"><svg style=\"fill: #999;color:#999\" xmlns=\"http:\/\/www.w3.org\/2000\/svg\" class=\"list-377408\" width=\"20px\" height=\"20px\" viewBox=\"0 0 24 24\" fill=\"none\"><path d=\"M6 6H4v2h2V6zm14 0H8v2h12V6zM4 11h2v2H4v-2zm16 0H8v2h12v-2zM4 16h2v2H4v-2zm16 0H8v2h12v-2z\" fill=\"currentColor\"><\/path><\/svg><svg style=\"fill: #999;color:#999\" class=\"arrow-unsorted-368013\" xmlns=\"http:\/\/www.w3.org\/2000\/svg\" width=\"10px\" height=\"10px\" viewBox=\"0 0 24 24\" version=\"1.2\" baseProfile=\"tiny\"><path d=\"M18.2 9.3l-6.2-6.3-6.2 6.3c-.2.2-.3.4-.3.7s.1.5.3.7c.2.2.4.3.7.3h11c.3 0 .5-.1.7-.3.2-.2.3-.5.3-.7s-.1-.5-.3-.7zM5.8 14.7l6.2 6.3 6.2-6.3c.2-.2.3-.5.3-.7s-.1-.5-.3-.7c-.2-.2-.4-.3-.7-.3h-11c-.3 0-.5.1-.7.3-.2.2-.3.5-.3.7s.1.5.3.7z\"\/><\/svg><\/span><\/span><\/span><\/a><\/span><\/div>\n<nav><ul class='ez-toc-list ez-toc-list-level-1 ' ><li class='ez-toc-page-1 ez-toc-heading-level-3'><a class=\"ez-toc-link ez-toc-heading-1\" href=\"https:\/\/unox.com.tr\/de\/paslanmaz-manuel-bicak-surgulu-vana\/#Nerelerde_Kullanilir\" >Nerelerde Kullan\u0131l\u0131r?<\/a><\/li><li class='ez-toc-page-1 ez-toc-heading-level-3'><a class=\"ez-toc-link ez-toc-heading-2\" href=\"https:\/\/unox.com.tr\/de\/paslanmaz-manuel-bicak-surgulu-vana\/#Teknik_Oezellikler\" >Teknik \u00d6zellikler<\/a><\/li><\/ul><\/nav><\/div>\n<h3><span class=\"ez-toc-section\" id=\"Nerelerde_Kullanilir\"><\/span><b>Nerelerde Kullan\u0131l\u0131r?<\/b><span class=\"ez-toc-section-end\"><\/span><\/h3>\n<p class=\"p1\">Manuel b\u0131\u00e7ak s\u00fcrg\u00fcl\u00fc vanalar\u0131n kullan\u0131m alanlar\u0131 olduk\u00e7a geni\u015f olmaktad\u0131r. Su ar\u0131tma tesislerinde \u00e7amur transferi i\u00e7in kullan\u0131lmaktad\u0131r. Kimya end\u00fcstrisinde asitli veya bazik s\u0131v\u0131lar\u0131n kontrol\u00fc bu vanalarla sa\u011flanmaktad\u0131r. Ka\u011f\u0131t ve sel\u00fcloz tesislerinde yo\u011fun k\u0131vaml\u0131 s\u0131v\u0131lar\u0131n ta\u015f\u0131nmas\u0131 i\u00e7in tercih edilmektedir. Ayr\u0131ca at\u0131k su veya kanalizasyon sistemlerinde de yayg\u0131n olarak kullan\u0131lmaktad\u0131r. G\u0131da ve i\u00e7ecek end\u00fcstrisinde hijyenik standartlara uygunlu\u011fu sebebiyle g\u00fcvenle uygulanabilmektedir.<\/p>\n<p>Paslanmaz Manuel B\u0131\u00e7ak S\u00fcrg\u00fcl\u00fc Vana<\/p>\n<h3><span class=\"ez-toc-section\" id=\"Teknik_Oezellikler\"><\/span><b>Teknik \u00d6zellikler<\/b><span class=\"ez-toc-section-end\"><\/span><\/h3>\n<ul>\n<li>\n<p class=\"p1\"><span class=\"s1\"><b>G\u00f6vde:<\/b><\/span> AISI 304 \/ AISI 316 \u00c7elik<\/p>\n<\/li>\n<li>\n<p class=\"p1\"><span class=\"s1\"><b>S\u00fcrg\u00fc:<\/b><\/span> Y\u00fcksek mukavemetli \u00e7elik<\/p>\n<\/li>\n<li>\n<p class=\"p1\"><span class=\"s1\"><b>Conta:<\/b><\/span> EPDM \/ PTFE se\u00e7ene\u011fiyle sunulmaktad\u0131r<\/p>\n<\/li>\n<li>\n<p class=\"p1\"><span class=\"s1\"><b>Ba\u011flant\u0131 Tipi:<\/b><\/span> Flan\u015fl\u0131 ba\u011flant\u0131<\/p>\n<\/li>\n<li>\n<p class=\"p1\"><b>Bas\u0131n\u00e7 Dayan\u0131m\u0131:<\/b><span class=\"s1\"> PN10 \/ PN16<\/span><\/p>\n<\/li>\n<li>\n<p class=\"p1\"><span class=\"s1\"><b>S\u0131cakl\u0131k Aral\u0131\u011f\u0131:<\/b><\/span> -10\u00b0C ile +180\u00b0C<\/p>\n<\/li>\n<li>\n<p class=\"p1\"><span class=\"s1\"><b>Kontrol T\u00fcr\u00fc:<\/b><\/span> Manuel kol ile a\u00e7ma ve kapama<\/p>\n<\/li>\n<li>\n<p class=\"p1\"><span class=\"s1\"><b>Ak\u0131\u015fkanlar:<\/b><\/span> Su, \u00e7amur, at\u0131k su, kimyasal \u00e7\u00f6zeltiler, viskoz s\u0131v\u0131lar<\/p>\n<\/li>\n<\/ul>\n<p class=\"p1\">Vana g\u00f6vdesi ve hareketli par\u00e7alar, a\u015f\u0131nd\u0131r\u0131c\u0131 ortamlarda y\u00fcksek performans g\u00f6sterecek \u015fekilde \u00fcretilmektedir. \u00c7\u00fcnk\u00fc s\u0131zd\u0131rmazl\u0131k elemanlar\u0131, uzun s\u00fcreli kullan\u0131mda bile deformasyona u\u011framadan \u00e7al\u0131\u015fmas\u0131n\u0131 s\u00fcrd\u00fcrmektedir.<\/p>\n<p class=\"p1\">Bu \u00fcr\u00fcnle ilgili daha fazla bilgi almak ve di\u011fer vana \u00e7e\u015fitlerini incelemek i\u00e7in <a href=\"https:\/\/unox.com.tr\/de\/ventilgruppe\/\">Unox Paslanmaz Vana Kategorisini<\/a> ziyaret edebilirsiniz.<\/p>\n<p><img decoding=\"async\" width=\"300\" height=\"300\" class=\"size-medium wp-image-63496\" src=\"https:\/\/unox.com.tr\/wp-content\/themes\/woodmart\/images\/lazy.svg\" data-src=\"https:\/\/unox.com.tr\/wp-content\/uploads\/2025\/04\/manuel-paslanmaz-bicak-surgulu-vana-300x300.jpg\" alt=\"&lt;yoastmark class=\" title=\"\" srcset=\"\" data-srcset=\"https:\/\/unox.com.tr\/wp-content\/uploads\/2025\/04\/manuel-paslanmaz-bicak-surgulu-vana-300x300.jpg 300w, https:\/\/unox.com.tr\/wp-content\/uploads\/2025\/04\/manuel-paslanmaz-bicak-surgulu-vana-150x150.jpg 150w, https:\/\/unox.com.tr\/wp-content\/uploads\/2025\/04\/manuel-paslanmaz-bicak-surgulu-vana-600x600.jpg 600w, https:\/\/unox.com.tr\/wp-content\/uploads\/2025\/04\/manuel-paslanmaz-bicak-surgulu-vana-768x768.jpg 768w, https:\/\/unox.com.tr\/wp-content\/uploads\/2025\/04\/manuel-paslanmaz-bicak-surgulu-vana.jpg 1000w\" sizes=\"(max-width: 300px) 100vw, 300px\" \/><\/p>\n","protected":false},"excerpt":{"rendered":"<p><button style=\"background-color: #11224b; color: #ffffff; padding: 10px 15px; font-family: montserrat; font-weight: bold; font-size: 19px; border-radius: 10px;\"><img decoding=\"async\" style=\"width: 25px; height: 25px;\" src=\"https:\/\/unox.com.tr\/wp-content\/uploads\/2023\/02\/pdf-1.png\" \/>\u00dcR\u00dcN KATALO\u011eU<\/button><\/p>\n<p><button style=\"background-color: #11224b; margin-top: 5px; color: white; padding: 0px 15px; width: 150px; height: 55px; border-radius: 10px; border: none; cursor: pointer;\"><br \/>\n<img decoding=\"async\" style=\"width: 120px; height: 30px;\" src=\"https:\/\/unox.com.tr\/wp-content\/uploads\/2023\/02\/4-1.svg\" \/><\/button><\/p>\n","protected":false},"featured_media":63496,"comment_status":"open","ping_status":"closed","template":"","meta":{"_joinchat":[]},"product_brand":[],"product_cat":[33,314],"product_tag":[],"class_list":{"0":"post-63495","1":"product","2":"type-product","3":"status-publish","4":"has-post-thumbnail","6":"product_cat-vana","7":"product_cat-bicakli-vana","9":"first","10":"instock","11":"shipping-taxable","12":"product-type-simple"},"_links":{"self":[{"href":"https:\/\/unox.com.tr\/de\/wp-json\/wp\/v2\/product\/63495","targetHints":{"allow":["GET"]}}],"collection":[{"href":"https:\/\/unox.com.tr\/de\/wp-json\/wp\/v2\/product"}],"about":[{"href":"https:\/\/unox.com.tr\/de\/wp-json\/wp\/v2\/types\/product"}],"replies":[{"embeddable":true,"href":"https:\/\/unox.com.tr\/de\/wp-json\/wp\/v2\/comments?post=63495"}],"version-history":[{"count":0,"href":"https:\/\/unox.com.tr\/de\/wp-json\/wp\/v2\/product\/63495\/revisions"}],"wp:featuredmedia":[{"embeddable":true,"href":"https:\/\/unox.com.tr\/de\/wp-json\/wp\/v2\/media\/63496"}],"wp:attachment":[{"href":"https:\/\/unox.com.tr\/de\/wp-json\/wp\/v2\/media?parent=63495"}],"wp:term":[{"taxonomy":"product_brand","embeddable":true,"href":"https:\/\/unox.com.tr\/de\/wp-json\/wp\/v2\/product_brand?post=63495"},{"taxonomy":"product_cat","embeddable":true,"href":"https:\/\/unox.com.tr\/de\/wp-json\/wp\/v2\/product_cat?post=63495"},{"taxonomy":"product_tag","embeddable":true,"href":"https:\/\/unox.com.tr\/de\/wp-json\/wp\/v2\/product_tag?post=63495"}],"curies":[{"name":"wp","href":"https:\/\/api.w.org\/{rel}","templated":true}]}}