{"id":65865,"date":"2025-05-30T09:29:44","date_gmt":"2025-05-30T06:29:44","guid":{"rendered":"https:\/\/unox.com.tr\/?post_type=product&#038;p=65865"},"modified":"2025-05-30T09:29:45","modified_gmt":"2025-05-30T06:29:45","slug":"exproof-pnomatik-aktuator","status":"publish","type":"product","link":"https:\/\/unox.com.tr\/de\/exproof-pnomatik-aktuator\/","title":{"rendered":"Exproof Pn\u00f6matik Akt\u00fcat\u00f6r"},"content":{"rendered":"<h2>Exproof Pn\u00f6matik Akt\u00fcat\u00f6r<\/h2>\n","protected":false},"excerpt":{"rendered":"<p><button style=\"background-color: #11224b; color: #ffffff; padding: 10px 15px; font-family: montserrat; font-weight: bold; font-size: 19px; border-radius: 10px;\"><img decoding=\"async\" style=\"width: 25px; height: 25px;\" src=\"https:\/\/unox.com.tr\/wp-content\/uploads\/2023\/02\/pdf-1.png\" \/>\u00dcR\u00dcN KATALO\u011eU<\/button><\/p>\n<p><button style=\"background-color: #11224b; margin-top: 5px; color: white; padding: 0px 15px; width: 150px; height: 55px; border-radius: 10px; border: none; cursor: pointer;\"><br \/>\n<img decoding=\"async\" style=\"width: 120px; height: 30px;\" src=\"https:\/\/unox.com.tr\/wp-content\/uploads\/2023\/02\/4-1.svg\" \/><\/button><\/p>\n","protected":false},"featured_media":65866,"comment_status":"open","ping_status":"closed","template":"","meta":{"_joinchat":[]},"product_brand":[],"product_cat":[62,1431],"product_tag":[],"class_list":{"0":"post-65865","1":"product","2":"type-product","3":"status-publish","4":"has-post-thumbnail","6":"product_cat-pnomatik-aktuator","7":"product_cat-aktuator","9":"first","10":"instock","11":"shipping-taxable","12":"product-type-simple"},"_links":{"self":[{"href":"https:\/\/unox.com.tr\/de\/wp-json\/wp\/v2\/product\/65865","targetHints":{"allow":["GET"]}}],"collection":[{"href":"https:\/\/unox.com.tr\/de\/wp-json\/wp\/v2\/product"}],"about":[{"href":"https:\/\/unox.com.tr\/de\/wp-json\/wp\/v2\/types\/product"}],"replies":[{"embeddable":true,"href":"https:\/\/unox.com.tr\/de\/wp-json\/wp\/v2\/comments?post=65865"}],"version-history":[{"count":1,"href":"https:\/\/unox.com.tr\/de\/wp-json\/wp\/v2\/product\/65865\/revisions"}],"predecessor-version":[{"id":65887,"href":"https:\/\/unox.com.tr\/de\/wp-json\/wp\/v2\/product\/65865\/revisions\/65887"}],"wp:featuredmedia":[{"embeddable":true,"href":"https:\/\/unox.com.tr\/de\/wp-json\/wp\/v2\/media\/65866"}],"wp:attachment":[{"href":"https:\/\/unox.com.tr\/de\/wp-json\/wp\/v2\/media?parent=65865"}],"wp:term":[{"taxonomy":"product_brand","embeddable":true,"href":"https:\/\/unox.com.tr\/de\/wp-json\/wp\/v2\/product_brand?post=65865"},{"taxonomy":"product_cat","embeddable":true,"href":"https:\/\/unox.com.tr\/de\/wp-json\/wp\/v2\/product_cat?post=65865"},{"taxonomy":"product_tag","embeddable":true,"href":"https:\/\/unox.com.tr\/de\/wp-json\/wp\/v2\/product_tag?post=65865"}],"curies":[{"name":"wp","href":"https:\/\/api.w.org\/{rel}","templated":true}]}}