{"id":42714,"date":"2022-06-29T11:22:42","date_gmt":"2022-06-29T08:22:42","guid":{"rendered":"https:\/\/www.unox.com.tr\/exhibitions\/"},"modified":"2023-02-07T11:22:44","modified_gmt":"2023-02-07T08:22:44","slug":"exhibitions","status":"publish","type":"page","link":"https:\/\/unox.com.tr\/en\/exhibitions\/","title":{"rendered":"Exhibitions"},"content":{"rendered":"\t\t<div data-elementor-type=\"wp-page\" data-elementor-id=\"42714\" class=\"elementor elementor-42714 elementor-10625\">\n\t\t\t\t\t\t<section class=\"wd-negative-gap elementor-section elementor-top-section elementor-element elementor-element-83da43d elementor-section-boxed elementor-section-height-default elementor-section-height-default\" data-id=\"83da43d\" data-element_type=\"section\" data-e-type=\"section\">\n\t\t\t\t\t\t<div class=\"elementor-container elementor-column-gap-default\">\n\t\t\t\t\t<div class=\"elementor-column elementor-col-100 elementor-top-column elementor-element elementor-element-0babc6b\" data-id=\"0babc6b\" data-element_type=\"column\" data-e-type=\"column\">\n\t\t\t<div class=\"elementor-widget-wrap elementor-element-populated\">\n\t\t\t\t\t\t<div class=\"elementor-element elementor-element-10775db elementor-widget elementor-widget-heading\" data-id=\"10775db\" data-element_type=\"widget\" data-e-type=\"widget\" data-widget_type=\"heading.default\">\n\t\t\t\t<div class=\"elementor-widget-container\">\n\t\t\t\t\t<h2 class=\"elementor-heading-title elementor-size-default\"><a href=\"https:\/\/www.unox.com.tr\/fuarlar\/valve-world-dusseldorf\/\"><h1 data-elementor-setting-key=\"title\" data-pen-placeholder=\"Buraya yaz...\">VALVE WORLD EXPO 2022 EXH\u0130B\u0130T\u0130ON<\/h1><\/a><\/h2>\t\t\t\t<\/div>\n\t\t\t\t<\/div>\n\t\t\t\t<div class=\"elementor-element elementor-element-2a38bce elementor-widget-divider--view-line elementor-widget elementor-widget-divider\" data-id=\"2a38bce\" data-element_type=\"widget\" data-e-type=\"widget\" data-widget_type=\"divider.default\">\n\t\t\t\t<div class=\"elementor-widget-container\">\n\t\t\t\t\t\t\t<div class=\"elementor-divider\">\n\t\t\t<span class=\"elementor-divider-separator\">\n\t\t\t\t\t\t<\/span>\n\t\t<\/div>\n\t\t\t\t\t\t<\/div>\n\t\t\t\t<\/div>\n\t\t\t\t<div class=\"elementor-element elementor-element-a844253 elementor-widget elementor-widget-image\" data-id=\"a844253\" data-element_type=\"widget\" data-e-type=\"widget\" data-widget_type=\"image.default\">\n\t\t\t\t<div class=\"elementor-widget-container\">\n\t\t\t\t\t\t\t\t\t\t\t\t\t\t\t\t<a href=\"https:\/\/www.unox.com.tr\/fuarlar\/valve-world-dusseldorf\/\">\n\t\t\t\t\t\t\t<img decoding=\"async\" width=\"1024\" height=\"768\" src=\"https:\/\/unox.com.tr\/wp-content\/themes\/woodmart\/images\/lazy.svg\" data-src=\"https:\/\/unox.com.tr\/wp-content\/uploads\/2022\/12\/WhatsApp-Image-2022-12-05-at-16.21.37-5.jpeg\" class=\"attachment-large size-large wp-image-37481\" alt=\"\" srcset=\"\" data-srcset=\"https:\/\/unox.com.tr\/wp-content\/uploads\/2022\/12\/WhatsApp-Image-2022-12-05-at-16.21.37-5.jpeg 1024w, https:\/\/unox.com.tr\/wp-content\/uploads\/2022\/12\/WhatsApp-Image-2022-12-05-at-16.21.37-5-150x113.jpeg 150w, https:\/\/unox.com.tr\/wp-content\/uploads\/2022\/12\/WhatsApp-Image-2022-12-05-at-16.21.37-5-600x450.jpeg 600w, https:\/\/unox.com.tr\/wp-content\/uploads\/2022\/12\/WhatsApp-Image-2022-12-05-at-16.21.37-5-300x225.jpeg 300w, https:\/\/unox.com.tr\/wp-content\/uploads\/2022\/12\/WhatsApp-Image-2022-12-05-at-16.21.37-5-768x576.jpeg 768w, https:\/\/unox.com.tr\/wp-content\/uploads\/2022\/12\/WhatsApp-Image-2022-12-05-at-16.21.37-5-463x348.jpeg 463w, https:\/\/unox.com.tr\/wp-content\/uploads\/2022\/12\/WhatsApp-Image-2022-12-05-at-16.21.37-5-640x480.jpeg 640w, https:\/\/unox.com.tr\/wp-content\/uploads\/2022\/12\/WhatsApp-Image-2022-12-05-at-16.21.37-5-400x300.jpeg 400w, https:\/\/unox.com.tr\/wp-content\/uploads\/2022\/12\/WhatsApp-Image-2022-12-05-at-16.21.37-5-367x275.jpeg 367w, https:\/\/unox.com.tr\/wp-content\/uploads\/2022\/12\/WhatsApp-Image-2022-12-05-at-16.21.37-5-200x150.jpeg 200w\" sizes=\"(max-width: 1024px) 100vw, 1024px\" title=\"\">\t\t\t\t\t\t\t\t<\/a>\n\t\t\t\t\t\t\t\t\t\t\t\t\t\t\t<\/div>\n\t\t\t\t<\/div>\n\t\t\t\t\t<\/div>\n\t\t<\/div>\n\t\t\t\t\t<\/div>\n\t\t<\/section>\n\t\t\t\t<section class=\"wd-negative-gap elementor-section elementor-top-section elementor-element elementor-element-5bef273 elementor-section-boxed elementor-section-height-default elementor-section-height-default\" data-id=\"5bef273\" data-element_type=\"section\" data-e-type=\"section\">\n\t\t\t\t\t\t<div class=\"elementor-container elementor-column-gap-default\">\n\t\t\t\t\t<div class=\"elementor-column elementor-col-100 elementor-top-column elementor-element elementor-element-39c111e\" data-id=\"39c111e\" data-element_type=\"column\" data-e-type=\"column\">\n\t\t\t<div class=\"elementor-widget-wrap elementor-element-populated\">\n\t\t\t\t\t\t<div class=\"elementor-element elementor-element-decf187 elementor-widget elementor-widget-heading\" data-id=\"decf187\" data-element_type=\"widget\" data-e-type=\"widget\" data-widget_type=\"heading.default\">\n\t\t\t\t<div class=\"elementor-widget-container\">\n\t\t\t\t\t<h1 class=\"elementor-heading-title elementor-size-default\"><a href=\"https:\/\/www.unox.com.tr\/ktm-2022-fuari\/\">KTM 2022 EXH\u0130B\u0130T\u0130ON<\/a><\/h1>\t\t\t\t<\/div>\n\t\t\t\t<\/div>\n\t\t\t\t<div class=\"elementor-element elementor-element-045d6db elementor-widget-divider--view-line elementor-widget elementor-widget-divider\" data-id=\"045d6db\" data-element_type=\"widget\" data-e-type=\"widget\" data-widget_type=\"divider.default\">\n\t\t\t\t<div class=\"elementor-widget-container\">\n\t\t\t\t\t\t\t<div class=\"elementor-divider\">\n\t\t\t<span class=\"elementor-divider-separator\">\n\t\t\t\t\t\t<\/span>\n\t\t<\/div>\n\t\t\t\t\t\t<\/div>\n\t\t\t\t<\/div>\n\t\t\t\t<div class=\"elementor-element elementor-element-7052dd4 elementor-widget elementor-widget-image\" data-id=\"7052dd4\" data-element_type=\"widget\" data-e-type=\"widget\" data-widget_type=\"image.default\">\n\t\t\t\t<div class=\"elementor-widget-container\">\n\t\t\t\t\t\t\t\t\t\t\t\t\t\t\t\t<a href=\"https:\/\/www.unox.com.tr\/ktm-2022-fuari\/\">\n\t\t\t\t\t\t\t<img decoding=\"async\" src=\"https:\/\/unox.com.tr\/wp-content\/themes\/woodmart\/images\/lazy.svg\" data-src=\"https:\/\/unox.com.tr\/wp-content\/uploads\/2022\/12\/IMG_5296-1000x595.png\" title=\"IMG_5296\" alt=\"IMG_5296\" loading=\"lazy\" \/>\t\t\t\t\t\t\t\t<\/a>\n\t\t\t\t\t\t\t\t\t\t\t\t\t\t\t<\/div>\n\t\t\t\t<\/div>\n\t\t\t\t\t<\/div>\n\t\t<\/div>\n\t\t\t\t\t<\/div>\n\t\t<\/section>\n\t\t\t\t<section class=\"wd-negative-gap elementor-section elementor-top-section elementor-element elementor-element-4a77149 elementor-section-boxed elementor-section-height-default elementor-section-height-default\" data-id=\"4a77149\" data-element_type=\"section\" data-e-type=\"section\">\n\t\t\t\t\t\t<div class=\"elementor-container elementor-column-gap-default\">\n\t\t\t\t\t<div class=\"elementor-column elementor-col-100 elementor-top-column elementor-element elementor-element-c30b2a6\" data-id=\"c30b2a6\" data-element_type=\"column\" data-e-type=\"column\">\n\t\t\t<div class=\"elementor-widget-wrap elementor-element-populated\">\n\t\t\t\t\t\t<div class=\"elementor-element elementor-element-4a60dd8 elementor-widget elementor-widget-heading\" data-id=\"4a60dd8\" data-element_type=\"widget\" data-e-type=\"widget\" data-widget_type=\"heading.default\">\n\t\t\t\t<div class=\"elementor-widget-container\">\n\t\t\t\t\t<h1 class=\"elementor-heading-title elementor-size-default\"><a href=\"https:\/\/www.unox.com.tr\/ifat-2022-fuari\/\">IFAT 2022 EXH\u0130B\u0130T\u0130ON<\/a><\/h1>\t\t\t\t<\/div>\n\t\t\t\t<\/div>\n\t\t\t\t<div class=\"elementor-element elementor-element-748dc36 elementor-widget-divider--view-line_text elementor-widget-divider--element-align-center elementor-widget elementor-widget-divider\" data-id=\"748dc36\" data-element_type=\"widget\" data-e-type=\"widget\" data-widget_type=\"divider.default\">\n\t\t\t\t<div class=\"elementor-widget-container\">\n\t\t\t\t\t\t\t<div class=\"elementor-divider\">\n\t\t\t<span class=\"elementor-divider-separator\">\n\t\t\t\t\t\t<\/span>\n\t\t<\/div>\n\t\t\t\t\t\t<\/div>\n\t\t\t\t<\/div>\n\t\t\t\t<div class=\"elementor-element elementor-element-1a8c304 elementor-widget elementor-widget-image\" data-id=\"1a8c304\" data-element_type=\"widget\" data-e-type=\"widget\" data-widget_type=\"image.default\">\n\t\t\t\t<div class=\"elementor-widget-container\">\n\t\t\t\t\t\t\t\t\t\t\t\t\t\t\t\t<a href=\"https:\/\/www.unox.com.tr\/ifat-2022-fuari\/\">\n\t\t\t\t\t\t\t<img decoding=\"async\" src=\"https:\/\/unox.com.tr\/wp-content\/themes\/woodmart\/images\/lazy.svg\" data-src=\"https:\/\/unox.com.tr\/wp-content\/uploads\/2022\/06\/WhatsApp-Image-2022-06-01-at-12.47.58-1140x595.jpeg\" title=\"WhatsApp-Image-2022-06-01-at-12.47.58\" alt=\"WhatsApp-Image-2022-06-01-at-12.47.58\" loading=\"lazy\" \/>\t\t\t\t\t\t\t\t<\/a>\n\t\t\t\t\t\t\t\t\t\t\t\t\t\t\t<\/div>\n\t\t\t\t<\/div>\n\t\t\t\t\t<\/div>\n\t\t<\/div>\n\t\t\t\t\t<\/div>\n\t\t<\/section>\n\t\t\t\t<section class=\"wd-negative-gap elementor-section elementor-top-section elementor-element elementor-element-b5bcc39 elementor-section-boxed elementor-section-height-default elementor-section-height-default\" data-id=\"b5bcc39\" data-element_type=\"section\" data-e-type=\"section\">\n\t\t\t\t\t\t<div class=\"elementor-container elementor-column-gap-default\">\n\t\t\t\t\t<div class=\"elementor-column elementor-col-100 elementor-top-column elementor-element elementor-element-d509fcd\" data-id=\"d509fcd\" data-element_type=\"column\" data-e-type=\"column\">\n\t\t\t<div class=\"elementor-widget-wrap elementor-element-populated\">\n\t\t\t\t\t\t<div class=\"elementor-element elementor-element-4f2f025 elementor-widget elementor-widget-heading\" data-id=\"4f2f025\" data-element_type=\"widget\" data-e-type=\"widget\" data-widget_type=\"heading.default\">\n\t\t\t\t<div class=\"elementor-widget-container\">\n\t\t\t\t\t<h1 class=\"elementor-heading-title elementor-size-default\"><a href=\"https:\/\/www.unox.com.tr\/win-eurasia-fuari\/\">WIN EURASIA EXH\u0130B\u0130T\u0130ON<\/a><\/h1>\t\t\t\t<\/div>\n\t\t\t\t<\/div>\n\t\t\t\t<div class=\"elementor-element elementor-element-916c295 elementor-widget-divider--view-line_text elementor-widget-divider--element-align-center elementor-widget elementor-widget-divider\" data-id=\"916c295\" data-element_type=\"widget\" data-e-type=\"widget\" data-widget_type=\"divider.default\">\n\t\t\t\t<div class=\"elementor-widget-container\">\n\t\t\t\t\t\t\t<div class=\"elementor-divider\">\n\t\t\t<span class=\"elementor-divider-separator\">\n\t\t\t\t\t\t<\/span>\n\t\t<\/div>\n\t\t\t\t\t\t<\/div>\n\t\t\t\t<\/div>\n\t\t\t\t<div class=\"elementor-element elementor-element-84f0e39 elementor-widget elementor-widget-image\" data-id=\"84f0e39\" data-element_type=\"widget\" data-e-type=\"widget\" data-widget_type=\"image.default\">\n\t\t\t\t<div class=\"elementor-widget-container\">\n\t\t\t\t\t\t\t\t\t\t\t\t\t\t\t\t<a href=\"https:\/\/www.unox.com.tr\/win-eurasia-fuari\/\">\n\t\t\t\t\t\t\t<img decoding=\"async\" src=\"https:\/\/unox.com.tr\/wp-content\/themes\/woodmart\/images\/lazy.svg\" data-src=\"https:\/\/unox.com.tr\/wp-content\/uploads\/2022\/06\/WhatsApp-Image-2022-06-09-at-19.42.02-1140x595.jpeg\" title=\"WhatsApp-Image-2022-06-09-at-19.42.02\" alt=\"WhatsApp-Image-2022-06-09-at-19.42.02\" loading=\"lazy\" \/>\t\t\t\t\t\t\t\t<\/a>\n\t\t\t\t\t\t\t\t\t\t\t\t\t\t\t<\/div>\n\t\t\t\t<\/div>\n\t\t\t\t\t<\/div>\n\t\t<\/div>\n\t\t\t\t\t<\/div>\n\t\t<\/section>\n\t\t\t\t<section class=\"wd-negative-gap elementor-section elementor-top-section elementor-element elementor-element-da78f64 elementor-section-boxed elementor-section-height-default elementor-section-height-default\" data-id=\"da78f64\" data-element_type=\"section\" data-e-type=\"section\">\n\t\t\t\t\t\t<div class=\"elementor-container elementor-column-gap-default\">\n\t\t\t\t\t<div class=\"elementor-column elementor-col-100 elementor-top-column elementor-element elementor-element-f2f9423\" data-id=\"f2f9423\" data-element_type=\"column\" data-e-type=\"column\">\n\t\t\t<div class=\"elementor-widget-wrap elementor-element-populated\">\n\t\t\t\t\t\t<div class=\"elementor-element elementor-element-0256625 elementor-widget elementor-widget-heading\" data-id=\"0256625\" data-element_type=\"widget\" data-e-type=\"widget\" data-widget_type=\"heading.default\">\n\t\t\t\t<div class=\"elementor-widget-container\">\n\t\t\t\t\t<h1 class=\"elementor-heading-title elementor-size-default\"><a href=\"https:\/\/www.unox.com.tr\/fuarlar\/2021-isk-sodex-fuari\/\">ISK-SODEX EXH\u0130B\u0130T\u0130ON<\/a><\/h1>\t\t\t\t<\/div>\n\t\t\t\t<\/div>\n\t\t\t\t<div class=\"elementor-element elementor-element-49f6cbc elementor-widget-divider--view-line elementor-widget elementor-widget-divider\" data-id=\"49f6cbc\" data-element_type=\"widget\" data-e-type=\"widget\" data-widget_type=\"divider.default\">\n\t\t\t\t<div class=\"elementor-widget-container\">\n\t\t\t\t\t\t\t<div class=\"elementor-divider\">\n\t\t\t<span class=\"elementor-divider-separator\">\n\t\t\t\t\t\t<\/span>\n\t\t<\/div>\n\t\t\t\t\t\t<\/div>\n\t\t\t\t<\/div>\n\t\t\t\t<div class=\"elementor-element elementor-element-190ea47 elementor-widget elementor-widget-image\" data-id=\"190ea47\" data-element_type=\"widget\" data-e-type=\"widget\" data-widget_type=\"image.default\">\n\t\t\t\t<div class=\"elementor-widget-container\">\n\t\t\t\t\t\t\t\t\t\t\t\t\t\t\t\t<a href=\"https:\/\/www.unox.com.tr\/fuarlar\/2021-isk-sodex-fuari\/\">\n\t\t\t\t\t\t\t<img decoding=\"async\" src=\"https:\/\/unox.com.tr\/wp-content\/themes\/woodmart\/images\/lazy.svg\" data-src=\"https:\/\/unox.com.tr\/wp-content\/uploads\/2022\/06\/DSC_0606-1140x595.jpg\" title=\"DSC_0606\" alt=\"DSC_0606\" loading=\"lazy\" \/>\t\t\t\t\t\t\t\t<\/a>\n\t\t\t\t\t\t\t\t\t\t\t\t\t\t\t<\/div>\n\t\t\t\t<\/div>\n\t\t\t\t\t<\/div>\n\t\t<\/div>\n\t\t\t\t\t<\/div>\n\t\t<\/section>\n\t\t\t\t<\/div>\n\t\t","protected":false},"excerpt":{"rendered":"<p>VALVE WORLD EXPO 2022 EXH\u0130B\u0130T\u0130ON KTM 2022 EXH\u0130B\u0130T\u0130ON IFAT 2022 EXH\u0130B\u0130T\u0130ON WIN EURASIA EXH\u0130B\u0130T\u0130ON ISK-SODEX EXH\u0130B\u0130T\u0130ON<\/p>\n","protected":false},"author":4,"featured_media":0,"parent":0,"menu_order":0,"comment_status":"closed","ping_status":"closed","template":"","meta":{"_joinchat":[],"footnotes":""},"class_list":["post-42714","page","type-page","status-publish","hentry"],"_links":{"self":[{"href":"https:\/\/unox.com.tr\/en\/wp-json\/wp\/v2\/pages\/42714","targetHints":{"allow":["GET"]}}],"collection":[{"href":"https:\/\/unox.com.tr\/en\/wp-json\/wp\/v2\/pages"}],"about":[{"href":"https:\/\/unox.com.tr\/en\/wp-json\/wp\/v2\/types\/page"}],"author":[{"embeddable":true,"href":"https:\/\/unox.com.tr\/en\/wp-json\/wp\/v2\/users\/4"}],"replies":[{"embeddable":true,"href":"https:\/\/unox.com.tr\/en\/wp-json\/wp\/v2\/comments?post=42714"}],"version-history":[{"count":0,"href":"https:\/\/unox.com.tr\/en\/wp-json\/wp\/v2\/pages\/42714\/revisions"}],"wp:attachment":[{"href":"https:\/\/unox.com.tr\/en\/wp-json\/wp\/v2\/media?parent=42714"}],"curies":[{"name":"wp","href":"https:\/\/api.w.org\/{rel}","templated":true}]}}