{"id":49876,"date":"2022-12-07T07:35:12","date_gmt":"2022-12-07T04:35:12","guid":{"rendered":"https:\/\/unox.com.tr\/ktm-2022-fair\/"},"modified":"2023-06-16T14:55:17","modified_gmt":"2023-06-16T11:55:17","slug":"ktm-2022-exhibition","status":"publish","type":"page","link":"https:\/\/unox.com.tr\/en\/exhibitions\/ktm-2022-exhibition\/","title":{"rendered":"KTM 2022 EXHIBITION"},"content":{"rendered":"\t\t<div data-elementor-type=\"wp-page\" data-elementor-id=\"49876\" class=\"elementor elementor-49876 elementor-37897\">\n\t\t\t\t\t\t<section class=\"wd-negative-gap elementor-section elementor-top-section elementor-element elementor-element-3464d2c elementor-section-boxed elementor-section-height-default elementor-section-height-default\" data-id=\"3464d2c\" data-element_type=\"section\" data-e-type=\"section\">\n\t\t\t\t\t\t<div class=\"elementor-container elementor-column-gap-default\">\n\t\t\t\t\t<div class=\"elementor-column elementor-col-100 elementor-top-column elementor-element elementor-element-9def6d3\" data-id=\"9def6d3\" data-element_type=\"column\" data-e-type=\"column\">\n\t\t\t<div class=\"elementor-widget-wrap elementor-element-populated\">\n\t\t\t\t\t\t<div class=\"elementor-element elementor-element-7da6660 elementor-widget elementor-widget-heading\" data-id=\"7da6660\" data-element_type=\"widget\" data-e-type=\"widget\" data-widget_type=\"heading.default\">\n\t\t\t\t<div class=\"elementor-widget-container\">\n\t\t\t\t\t<h2 class=\"elementor-heading-title elementor-size-default\">UNOX VALVE AT KTM 2022 FAIR<\/h2>\t\t\t\t<\/div>\n\t\t\t\t<\/div>\n\t\t\t\t<div class=\"elementor-element elementor-element-c8ecbb8 color-scheme-inherit text-left elementor-widget elementor-widget-text-editor\" data-id=\"c8ecbb8\" data-element_type=\"widget\" data-e-type=\"widget\" data-widget_type=\"text-editor.default\">\n\t\t\t\t<div class=\"elementor-widget-container\">\n\t\t\t\t\t\t\t\t\t<p><strong>We were also at the KTM 2022 Fair this year. Together with the solutions we produced in the industrial field, we took our place at our stand.<\/strong><\/p>\n<p>In cooperation with Kahramanmara\u015f Chamber of Commerce and Industry KMTSO and Kahramanmara\u015f Metropolitan Municipality; With the main sponsorship of \u0130TH\u0130B and the support of KOSGEB, the ninth edition of the International Kahramanmara\u015f Textile Machinery Fair KTM 2022 will be held on November 03-05 at KAFUM Exhibition Center with the participation of local and international visitors and participants.<\/p>\n<p>Organized since 2014, the fair showcases raw materials as well as the textile and ready-to-wear production chain. KTM 2022, organized for the ninth time by ECR Fair Organization, which has made a name for itself in the sector with the organizations it organizes, is preparing to host many national and international exhibitors and visitors in Kahramanmara\u015f once again.<\/p>\n<p>UNOX VALF took its place in its stands with its industrial solutions and its well-equipped engineers. The valuable engineers and sales team of the UNOX VALF stand, which consists of many product groups, welcomed the customers who visited the stand with great interest.<\/p>\n\t\t\t\t\t\t\t\t<\/div>\n\t\t\t\t<\/div>\n\t\t\t\t\t<\/div>\n\t\t<\/div>\n\t\t\t\t\t<\/div>\n\t\t<\/section>\n\t\t\t\t<section class=\"wd-negative-gap elementor-section elementor-top-section elementor-element elementor-element-88cd6e7 elementor-section-boxed elementor-section-height-default elementor-section-height-default\" data-id=\"88cd6e7\" data-element_type=\"section\" data-e-type=\"section\">\n\t\t\t\t\t\t<div class=\"elementor-container elementor-column-gap-default\">\n\t\t\t\t\t<div class=\"elementor-column elementor-col-50 elementor-top-column elementor-element elementor-element-5daecfa\" data-id=\"5daecfa\" data-element_type=\"column\" data-e-type=\"column\">\n\t\t\t<div class=\"elementor-widget-wrap elementor-element-populated\">\n\t\t\t\t\t\t<div class=\"elementor-element elementor-element-a8147ca elementor-widget elementor-widget-image\" data-id=\"a8147ca\" data-element_type=\"widget\" data-e-type=\"widget\" data-widget_type=\"image.default\">\n\t\t\t\t<div class=\"elementor-widget-container\">\n\t\t\t\t\t\t\t\t\t\t\t\t\t\t\t<img decoding=\"async\" width=\"1000\" height=\"653\" src=\"https:\/\/unox.com.tr\/wp-content\/themes\/woodmart\/images\/lazy.svg\" data-src=\"https:\/\/unox.com.tr\/wp-content\/uploads\/2022\/12\/IMG_5296.png\" class=\"attachment-large size-large wp-image-37901\" alt=\"\" srcset=\"\" data-srcset=\"https:\/\/unox.com.tr\/wp-content\/uploads\/2022\/12\/IMG_5296.png 1000w, https:\/\/unox.com.tr\/wp-content\/uploads\/2022\/12\/IMG_5296-150x98.png 150w, https:\/\/unox.com.tr\/wp-content\/uploads\/2022\/12\/IMG_5296-600x392.png 600w, https:\/\/unox.com.tr\/wp-content\/uploads\/2022\/12\/IMG_5296-300x196.png 300w, https:\/\/unox.com.tr\/wp-content\/uploads\/2022\/12\/IMG_5296-768x502.png 768w, https:\/\/unox.com.tr\/wp-content\/uploads\/2022\/12\/IMG_5296-640x418.png 640w, https:\/\/unox.com.tr\/wp-content\/uploads\/2022\/12\/IMG_5296-400x261.png 400w, https:\/\/unox.com.tr\/wp-content\/uploads\/2022\/12\/IMG_5296-367x240.png 367w, https:\/\/unox.com.tr\/wp-content\/uploads\/2022\/12\/IMG_5296-560x367.png 560w\" sizes=\"(max-width: 1000px) 100vw, 1000px\" title=\"\">\t\t\t\t\t\t\t\t\t\t\t\t\t\t\t<\/div>\n\t\t\t\t<\/div>\n\t\t\t\t\t<\/div>\n\t\t<\/div>\n\t\t\t\t<div class=\"elementor-column elementor-col-50 elementor-top-column elementor-element elementor-element-3e84c29\" data-id=\"3e84c29\" data-element_type=\"column\" data-e-type=\"column\">\n\t\t\t<div class=\"elementor-widget-wrap elementor-element-populated\">\n\t\t\t\t\t\t<div class=\"elementor-element elementor-element-9aa559d elementor-widget elementor-widget-image\" data-id=\"9aa559d\" data-element_type=\"widget\" data-e-type=\"widget\" data-widget_type=\"image.default\">\n\t\t\t\t<div class=\"elementor-widget-container\">\n\t\t\t\t\t\t\t\t\t\t\t\t\t\t\t<img decoding=\"async\" width=\"1000\" height=\"661\" src=\"https:\/\/unox.com.tr\/wp-content\/themes\/woodmart\/images\/lazy.svg\" data-src=\"https:\/\/unox.com.tr\/wp-content\/uploads\/2022\/12\/IMG_5297.png\" class=\"attachment-large size-large wp-image-37908\" alt=\"\" srcset=\"\" data-srcset=\"https:\/\/unox.com.tr\/wp-content\/uploads\/2022\/12\/IMG_5297.png 1000w, https:\/\/unox.com.tr\/wp-content\/uploads\/2022\/12\/IMG_5297-150x99.png 150w, https:\/\/unox.com.tr\/wp-content\/uploads\/2022\/12\/IMG_5297-600x397.png 600w, https:\/\/unox.com.tr\/wp-content\/uploads\/2022\/12\/IMG_5297-300x198.png 300w, https:\/\/unox.com.tr\/wp-content\/uploads\/2022\/12\/IMG_5297-768x508.png 768w, https:\/\/unox.com.tr\/wp-content\/uploads\/2022\/12\/IMG_5297-640x423.png 640w, https:\/\/unox.com.tr\/wp-content\/uploads\/2022\/12\/IMG_5297-400x264.png 400w, https:\/\/unox.com.tr\/wp-content\/uploads\/2022\/12\/IMG_5297-367x243.png 367w\" sizes=\"(max-width: 1000px) 100vw, 1000px\" title=\"\">\t\t\t\t\t\t\t\t\t\t\t\t\t\t\t<\/div>\n\t\t\t\t<\/div>\n\t\t\t\t\t<\/div>\n\t\t<\/div>\n\t\t\t\t\t<\/div>\n\t\t<\/section>\n\t\t\t\t<section class=\"wd-negative-gap elementor-section elementor-top-section elementor-element elementor-element-696aad1 elementor-section-boxed elementor-section-height-default elementor-section-height-default\" data-id=\"696aad1\" data-element_type=\"section\" data-e-type=\"section\">\n\t\t\t\t\t\t<div class=\"elementor-container elementor-column-gap-default\">\n\t\t\t\t\t<div class=\"elementor-column elementor-col-50 elementor-top-column elementor-element elementor-element-be7d31f\" data-id=\"be7d31f\" data-element_type=\"column\" data-e-type=\"column\">\n\t\t\t<div class=\"elementor-widget-wrap elementor-element-populated\">\n\t\t\t\t\t\t<div class=\"elementor-element elementor-element-c817f4a elementor-widget elementor-widget-image\" data-id=\"c817f4a\" data-element_type=\"widget\" data-e-type=\"widget\" data-widget_type=\"image.default\">\n\t\t\t\t<div class=\"elementor-widget-container\">\n\t\t\t\t\t\t\t\t\t\t\t\t\t\t\t<img decoding=\"async\" width=\"1000\" height=\"653\" src=\"https:\/\/unox.com.tr\/wp-content\/themes\/woodmart\/images\/lazy.svg\" data-src=\"https:\/\/unox.com.tr\/wp-content\/uploads\/2022\/12\/WhatsApp-Image-2022-11-04-at-14.03.32-2.png\" class=\"attachment-large size-large wp-image-37945\" alt=\"\" srcset=\"\" data-srcset=\"https:\/\/unox.com.tr\/wp-content\/uploads\/2022\/12\/WhatsApp-Image-2022-11-04-at-14.03.32-2.png 1000w, https:\/\/unox.com.tr\/wp-content\/uploads\/2022\/12\/WhatsApp-Image-2022-11-04-at-14.03.32-2-150x98.png 150w, https:\/\/unox.com.tr\/wp-content\/uploads\/2022\/12\/WhatsApp-Image-2022-11-04-at-14.03.32-2-600x392.png 600w, https:\/\/unox.com.tr\/wp-content\/uploads\/2022\/12\/WhatsApp-Image-2022-11-04-at-14.03.32-2-300x196.png 300w, https:\/\/unox.com.tr\/wp-content\/uploads\/2022\/12\/WhatsApp-Image-2022-11-04-at-14.03.32-2-768x502.png 768w, https:\/\/unox.com.tr\/wp-content\/uploads\/2022\/12\/WhatsApp-Image-2022-11-04-at-14.03.32-2-640x418.png 640w, https:\/\/unox.com.tr\/wp-content\/uploads\/2022\/12\/WhatsApp-Image-2022-11-04-at-14.03.32-2-400x261.png 400w, https:\/\/unox.com.tr\/wp-content\/uploads\/2022\/12\/WhatsApp-Image-2022-11-04-at-14.03.32-2-367x240.png 367w, https:\/\/unox.com.tr\/wp-content\/uploads\/2022\/12\/WhatsApp-Image-2022-11-04-at-14.03.32-2-560x367.png 560w\" sizes=\"(max-width: 1000px) 100vw, 1000px\" title=\"\">\t\t\t\t\t\t\t\t\t\t\t\t\t\t\t<\/div>\n\t\t\t\t<\/div>\n\t\t\t\t\t<\/div>\n\t\t<\/div>\n\t\t\t\t<div class=\"elementor-column elementor-col-50 elementor-top-column elementor-element elementor-element-88aacad\" data-id=\"88aacad\" data-element_type=\"column\" data-e-type=\"column\">\n\t\t\t<div class=\"elementor-widget-wrap elementor-element-populated\">\n\t\t\t\t\t\t<div class=\"elementor-element elementor-element-97312b4 elementor-widget elementor-widget-image\" data-id=\"97312b4\" data-element_type=\"widget\" data-e-type=\"widget\" data-widget_type=\"image.default\">\n\t\t\t\t<div class=\"elementor-widget-container\">\n\t\t\t\t\t\t\t\t\t\t\t\t\t\t\t<img decoding=\"async\" width=\"1000\" height=\"655\" src=\"https:\/\/unox.com.tr\/wp-content\/themes\/woodmart\/images\/lazy.svg\" data-src=\"https:\/\/unox.com.tr\/wp-content\/uploads\/2022\/12\/IMG_5305.png\" class=\"attachment-large size-large wp-image-37922\" alt=\"\" srcset=\"\" data-srcset=\"https:\/\/unox.com.tr\/wp-content\/uploads\/2022\/12\/IMG_5305.png 1000w, https:\/\/unox.com.tr\/wp-content\/uploads\/2022\/12\/IMG_5305-150x98.png 150w, https:\/\/unox.com.tr\/wp-content\/uploads\/2022\/12\/IMG_5305-600x393.png 600w, https:\/\/unox.com.tr\/wp-content\/uploads\/2022\/12\/IMG_5305-300x197.png 300w, https:\/\/unox.com.tr\/wp-content\/uploads\/2022\/12\/IMG_5305-768x503.png 768w, https:\/\/unox.com.tr\/wp-content\/uploads\/2022\/12\/IMG_5305-640x419.png 640w, https:\/\/unox.com.tr\/wp-content\/uploads\/2022\/12\/IMG_5305-400x262.png 400w, https:\/\/unox.com.tr\/wp-content\/uploads\/2022\/12\/IMG_5305-367x240.png 367w, https:\/\/unox.com.tr\/wp-content\/uploads\/2022\/12\/IMG_5305-560x367.png 560w\" sizes=\"(max-width: 1000px) 100vw, 1000px\" title=\"\">\t\t\t\t\t\t\t\t\t\t\t\t\t\t\t<\/div>\n\t\t\t\t<\/div>\n\t\t\t\t\t<\/div>\n\t\t<\/div>\n\t\t\t\t\t<\/div>\n\t\t<\/section>\n\t\t\t\t<section class=\"wd-negative-gap elementor-section elementor-top-section elementor-element elementor-element-f8a9367 elementor-section-boxed elementor-section-height-default elementor-section-height-default\" data-id=\"f8a9367\" data-element_type=\"section\" data-e-type=\"section\">\n\t\t\t\t\t\t<div class=\"elementor-container elementor-column-gap-default\">\n\t\t\t\t\t<div class=\"elementor-column elementor-col-100 elementor-top-column elementor-element elementor-element-9645691\" data-id=\"9645691\" data-element_type=\"column\" data-e-type=\"column\">\n\t\t\t<div class=\"elementor-widget-wrap elementor-element-populated\">\n\t\t\t\t\t\t<div class=\"elementor-element elementor-element-4e086ad color-scheme-inherit text-left elementor-widget elementor-widget-text-editor\" data-id=\"4e086ad\" data-element_type=\"widget\" data-e-type=\"widget\" data-widget_type=\"text-editor.default\">\n\t\t\t\t<div class=\"elementor-widget-container\">\n\t\t\t\t\t\t\t\t\t<p style=\"letter-spacing: normal;\">Visited by many customers from Turkey and abroad , the stand attracted great interest in finding solutions to the needs and problems of customers . Control valves, steam traps, actuators and solenoid valves in the main product groups played a major role in becoming a solution partner for customers&#8217; problems.<\/p>\n<p style=\"letter-spacing: normal;\">During the fair, the UNOX VALF promotional film was shown at its stand, in order for the guests visiting the stand to see their work better. <span style=\"color: var( --e-global-color-text ); font-family: var( --e-global-typography-text-font-family ), Open Sans; font-weight: var( --e-global-typography-text-font-weight ); letter-spacing: 0px;\">product catalog and promotional brochure. UNOX VALF stand hosted its visitors in the best way with the sincere interest and treats it showed to the guests.<\/span><\/p>\n<p style=\"letter-spacing: normal;\"><span style=\"font-weight: bold;\">UNOX VALVE &#8211; A FRIENDLY THANK YOU<\/span><\/p>\n<p style=\"letter-spacing: normal;\">We were very proud and happy to be together with you at the KTM Fair, one of the largest organizations in the industrial sector.<\/p>\n<p style=\"letter-spacing: normal;\">We would like to thank you, our esteemed visitors, who visited us at our stand, interested in our products, listened to our sectoral activities and shared our excitement with us.<\/p>\n<p style=\"letter-spacing: normal;\">Hope to meet again at the next KTM Fair&#8230;<\/p><\/p>\n\t\t\t\t\t\t\t\t<\/div>\n\t\t\t\t<\/div>\n\t\t\t\t\t<\/div>\n\t\t<\/div>\n\t\t\t\t\t<\/div>\n\t\t<\/section>\n\t\t\t\t<\/div>\n\t\t","protected":false},"excerpt":{"rendered":"<p>UNOX VALVE AT KTM 2022 FAIR We were also at the KTM 2022 Fair this year. Together with the solutions<\/p>\n","protected":false},"author":1,"featured_media":0,"parent":42714,"menu_order":0,"comment_status":"closed","ping_status":"closed","template":"","meta":{"footnotes":""},"class_list":["post-49876","page","type-page","status-publish","hentry"],"_links":{"self":[{"href":"https:\/\/unox.com.tr\/en\/wp-json\/wp\/v2\/pages\/49876","targetHints":{"allow":["GET"]}}],"collection":[{"href":"https:\/\/unox.com.tr\/en\/wp-json\/wp\/v2\/pages"}],"about":[{"href":"https:\/\/unox.com.tr\/en\/wp-json\/wp\/v2\/types\/page"}],"author":[{"embeddable":true,"href":"https:\/\/unox.com.tr\/en\/wp-json\/wp\/v2\/users\/1"}],"replies":[{"embeddable":true,"href":"https:\/\/unox.com.tr\/en\/wp-json\/wp\/v2\/comments?post=49876"}],"version-history":[{"count":0,"href":"https:\/\/unox.com.tr\/en\/wp-json\/wp\/v2\/pages\/49876\/revisions"}],"up":[{"embeddable":true,"href":"https:\/\/unox.com.tr\/en\/wp-json\/wp\/v2\/pages\/42714"}],"wp:attachment":[{"href":"https:\/\/unox.com.tr\/en\/wp-json\/wp\/v2\/media?parent=49876"}],"curies":[{"name":"wp","href":"https:\/\/api.w.org\/{rel}","templated":true}]}}