{"id":49912,"date":"2022-12-05T14:47:52","date_gmt":"2022-12-05T11:47:52","guid":{"rendered":"https:\/\/unox.com.tr\/win-eurasia-exhibition\/"},"modified":"2023-06-16T14:55:29","modified_gmt":"2023-06-16T11:55:29","slug":"win-eurasia-exhibition","status":"publish","type":"page","link":"https:\/\/unox.com.tr\/en\/exhibitions\/win-eurasia-exhibition\/","title":{"rendered":"WIN EURASIA EXH\u0130B\u0130T\u0130ON"},"content":{"rendered":"\t\t<div data-elementor-type=\"wp-page\" data-elementor-id=\"49912\" class=\"elementor elementor-49912 elementor-37529\">\n\t\t\t\t\t\t<section class=\"wd-negative-gap elementor-section elementor-top-section elementor-element elementor-element-1824b90 elementor-section-boxed elementor-section-height-default elementor-section-height-default\" data-id=\"1824b90\" data-element_type=\"section\" data-e-type=\"section\">\n\t\t\t\t\t\t<div class=\"elementor-container elementor-column-gap-default\">\n\t\t\t\t\t<div class=\"elementor-column elementor-col-100 elementor-top-column elementor-element elementor-element-46069f5\" data-id=\"46069f5\" data-element_type=\"column\" data-e-type=\"column\">\n\t\t\t<div class=\"elementor-widget-wrap elementor-element-populated\">\n\t\t\t\t\t\t<div class=\"elementor-element elementor-element-72d238e elementor-widget elementor-widget-heading\" data-id=\"72d238e\" data-element_type=\"widget\" data-e-type=\"widget\" data-widget_type=\"heading.default\">\n\t\t\t\t<div class=\"elementor-widget-container\">\n\t\t\t\t\t<h2 class=\"elementor-heading-title elementor-size-default\">UNOX VALVE IS AT WIN EURASIA FAIR!<\/h2>\t\t\t\t<\/div>\n\t\t\t\t<\/div>\n\t\t\t\t<div class=\"elementor-element elementor-element-c091e2a color-scheme-inherit text-left elementor-widget elementor-widget-text-editor\" data-id=\"c091e2a\" data-element_type=\"widget\" data-e-type=\"widget\" data-widget_type=\"text-editor.default\">\n\t\t\t\t<div class=\"elementor-widget-container\">\n\t\t\t\t\t\t\t\t\t<p>We also attended WIN EURASIA FAIR this year. Together with the solutions we produced in the industrial field, we took our place at our stand.<\/p>\n<p><span style=\"color: #333335; font-family: georgia, palatino, serif; font-size: 16px; font-weight: 400; text-align: justify;\">WIN EURASIA &#8211; World of Industry Fair, the largest international industry fair of the region and its sector, opened its doors at Istanbul Expo Center between 8-11 June 2022. Combining Automation, Logistics, Welding, Electricity, Electronics, Energy, Metalworking, Hydraulic and Pneumatic sectors under one roof, 28. While the International WIN EURASIA Fair offered a unique opportunity to experience the 360-degree manufacturing industry, it was the meeting point where all the innovations of the sector were exhibited together.<\/span><\/p>\n<p><span style=\"color: #333335; font-family: opensans, Arial, sans-serif; font-size: 16px; font-weight: 400; text-align: justify;\"> <\/span><span style=\"color: var( --e-global-color-text ); font-family: var( --e-global-typography-text-font-family ), Open Sans; font-weight: var( --e-global-typography-text-font-weight ); letter-spacing: var(--porto-body-ls,0);\">UNOX VALF took its place in its stands with its industrial solutions and its well-equipped engineers. The valuable engineers and sales team of the UNOX VALF stand, which consists of many product groups, welcomed the customers who visited the stand with great interest.<\/span><\/p>\n\t\t\t\t\t\t\t\t<\/div>\n\t\t\t\t<\/div>\n\t\t\t\t\t<\/div>\n\t\t<\/div>\n\t\t\t\t\t<\/div>\n\t\t<\/section>\n\t\t\t\t<section class=\"wd-negative-gap elementor-section elementor-top-section elementor-element elementor-element-0102cc7 elementor-section-boxed elementor-section-height-default elementor-section-height-default\" data-id=\"0102cc7\" data-element_type=\"section\" data-e-type=\"section\">\n\t\t\t\t\t\t<div class=\"elementor-container elementor-column-gap-default\">\n\t\t\t\t\t<div class=\"elementor-column elementor-col-100 elementor-top-column elementor-element elementor-element-bb11945\" data-id=\"bb11945\" data-element_type=\"column\" data-e-type=\"column\">\n\t\t\t<div class=\"elementor-widget-wrap elementor-element-populated\">\n\t\t\t\t\t\t<div class=\"elementor-element elementor-element-613e265 elementor-widget elementor-widget-image\" data-id=\"613e265\" data-element_type=\"widget\" data-e-type=\"widget\" data-widget_type=\"image.default\">\n\t\t\t\t<div class=\"elementor-widget-container\">\n\t\t\t\t\t\t\t\t\t\t\t\t\t\t\t<img decoding=\"async\" width=\"1024\" height=\"1018\" src=\"https:\/\/unox.com.tr\/wp-content\/themes\/woodmart\/images\/lazy.svg\" data-src=\"https:\/\/unox.com.tr\/wp-content\/uploads\/2022\/12\/WhatsApp-Image-2022-12-05-at-17.47.55-1024x1018.jpeg\" class=\"attachment-large size-large wp-image-37533\" alt=\"\" srcset=\"\" data-srcset=\"https:\/\/unox.com.tr\/wp-content\/uploads\/2022\/12\/WhatsApp-Image-2022-12-05-at-17.47.55-1024x1018.jpeg 1024w, https:\/\/unox.com.tr\/wp-content\/uploads\/2022\/12\/WhatsApp-Image-2022-12-05-at-17.47.55-150x150.jpeg 150w, https:\/\/unox.com.tr\/wp-content\/uploads\/2022\/12\/WhatsApp-Image-2022-12-05-at-17.47.55-600x597.jpeg 600w, https:\/\/unox.com.tr\/wp-content\/uploads\/2022\/12\/WhatsApp-Image-2022-12-05-at-17.47.55-300x298.jpeg 300w, https:\/\/unox.com.tr\/wp-content\/uploads\/2022\/12\/WhatsApp-Image-2022-12-05-at-17.47.55-768x764.jpeg 768w, https:\/\/unox.com.tr\/wp-content\/uploads\/2022\/12\/WhatsApp-Image-2022-12-05-at-17.47.55-640x636.jpeg 640w, https:\/\/unox.com.tr\/wp-content\/uploads\/2022\/12\/WhatsApp-Image-2022-12-05-at-17.47.55-400x398.jpeg 400w, https:\/\/unox.com.tr\/wp-content\/uploads\/2022\/12\/WhatsApp-Image-2022-12-05-at-17.47.55-367x365.jpeg 367w, https:\/\/unox.com.tr\/wp-content\/uploads\/2022\/12\/WhatsApp-Image-2022-12-05-at-17.47.55-85x85.jpeg 85w, https:\/\/unox.com.tr\/wp-content\/uploads\/2022\/12\/WhatsApp-Image-2022-12-05-at-17.47.55-32x32.jpeg 32w, https:\/\/unox.com.tr\/wp-content\/uploads\/2022\/12\/WhatsApp-Image-2022-12-05-at-17.47.55.jpeg 1080w\" sizes=\"(max-width: 1024px) 100vw, 1024px\" title=\"\">\t\t\t\t\t\t\t\t\t\t\t\t\t\t\t<\/div>\n\t\t\t\t<\/div>\n\t\t\t\t\t<\/div>\n\t\t<\/div>\n\t\t\t\t\t<\/div>\n\t\t<\/section>\n\t\t\t\t<section class=\"wd-negative-gap elementor-section elementor-top-section elementor-element elementor-element-8d9a84b elementor-section-boxed elementor-section-height-default elementor-section-height-default\" data-id=\"8d9a84b\" data-element_type=\"section\" data-e-type=\"section\">\n\t\t\t\t\t\t<div class=\"elementor-container elementor-column-gap-default\">\n\t\t\t\t\t<div class=\"elementor-column elementor-col-100 elementor-top-column elementor-element elementor-element-ef7089b\" data-id=\"ef7089b\" data-element_type=\"column\" data-e-type=\"column\">\n\t\t\t<div class=\"elementor-widget-wrap elementor-element-populated\">\n\t\t\t\t\t\t<div class=\"elementor-element elementor-element-dc6cc45 color-scheme-inherit text-left elementor-widget elementor-widget-text-editor\" data-id=\"dc6cc45\" data-element_type=\"widget\" data-e-type=\"widget\" data-widget_type=\"text-editor.default\">\n\t\t\t\t<div class=\"elementor-widget-container\">\n\t\t\t\t\t\t\t\t\t<p style=\"font-family: Roboto, \"Open Sans\"; font-weight: 400;\">Visited by many customers from Turkey and abroad, the stand attracted great interest in finding solutions to customers&#8217; needs and problems. Control valves, steam traps, actuators and solenoid valves in the main product groups played a major role in becoming a solution partner for customers&#8217; problems.<\/p>\n<p style=\"font-family: Roboto, \"Open Sans\"; font-weight: 400;\">During the fair, the UNOX VALF promotional film was shown at its stand, in order for the guests visiting the stand to see their work better.&nbsp;<span style=\"color: var( --e-global-color-text ); font-family: var( --e-global-typography-text-font-family ), Open Sans; font-weight: var( --e-global-typography-text-font-weight ); letter-spacing: 0px;\">product catalog and promotional brochure. UNOX VALF stand hosted its visitors in the best way with the sincere interest and treats it showed to the guests.<\/span><\/p><p style=\"font-family: Roboto, \"Open Sans\"; font-weight: 400;\"><span style=\"color: var( --e-global-color-text ); font-family: var( --e-global-typography-text-font-family ), Open Sans; font-weight: var( --e-global-typography-text-font-weight ); letter-spacing: 0px;\"><br><\/span><\/p><p style=\"font-family: Roboto, \"Open Sans\"; font-weight: 400;\"><span style=\"font-weight: bold;\">UNOX VALVE \u2013 A FRIENDLY THANK YOU<\/span><\/p><p style=\"font-family: Roboto, \"Open Sans\"; font-weight: 400;\">We were very proud and happy to be together with you at WIN EURASIA Fair, one of the biggest organizations of the industrial sector.<\/p><p style=\"font-family: Roboto, \"Open Sans\"; font-weight: 400;\">We would like to thank you, our esteemed visitors, who visited us at our stand, interested in our products, listened to our sectoral activities and shared our excitement with us.<\/p><p style=\"font-family: Roboto, \"Open Sans\"; font-weight: 400;\">Hope to meet again at the next WIN EURASIA Fair\u2026<\/p>\t\t\t\t\t\t\t\t<\/div>\n\t\t\t\t<\/div>\n\t\t\t\t\t<\/div>\n\t\t<\/div>\n\t\t\t\t\t<\/div>\n\t\t<\/section>\n\t\t\t\t<\/div>\n\t\t","protected":false},"excerpt":{"rendered":"<p>UNOX VALVE IS AT WIN EURASIA FAIR! We also attended WIN EURASIA FAIR this year. Together with the solutions we<\/p>\n","protected":false},"author":1,"featured_media":0,"parent":42714,"menu_order":0,"comment_status":"closed","ping_status":"closed","template":"","meta":{"footnotes":""},"class_list":["post-49912","page","type-page","status-publish","hentry"],"_links":{"self":[{"href":"https:\/\/unox.com.tr\/en\/wp-json\/wp\/v2\/pages\/49912","targetHints":{"allow":["GET"]}}],"collection":[{"href":"https:\/\/unox.com.tr\/en\/wp-json\/wp\/v2\/pages"}],"about":[{"href":"https:\/\/unox.com.tr\/en\/wp-json\/wp\/v2\/types\/page"}],"author":[{"embeddable":true,"href":"https:\/\/unox.com.tr\/en\/wp-json\/wp\/v2\/users\/1"}],"replies":[{"embeddable":true,"href":"https:\/\/unox.com.tr\/en\/wp-json\/wp\/v2\/comments?post=49912"}],"version-history":[{"count":0,"href":"https:\/\/unox.com.tr\/en\/wp-json\/wp\/v2\/pages\/49912\/revisions"}],"up":[{"embeddable":true,"href":"https:\/\/unox.com.tr\/en\/wp-json\/wp\/v2\/pages\/42714"}],"wp:attachment":[{"href":"https:\/\/unox.com.tr\/en\/wp-json\/wp\/v2\/media?parent=49912"}],"curies":[{"name":"wp","href":"https:\/\/api.w.org\/{rel}","templated":true}]}}