{"id":34406,"date":"2022-09-14T11:04:29","date_gmt":"2022-09-14T11:04:29","guid":{"rendered":"https:\/\/www.unox.com.tr\/urun\/flexible-metal-hose\/"},"modified":"2026-01-08T08:31:24","modified_gmt":"2026-01-08T05:31:24","slug":"flexible-metal-hose","status":"publish","type":"product","link":"https:\/\/unox.com.tr\/en\/flexible-metal-hose\/","title":{"rendered":"Flexible Metal Hose"},"content":{"rendered":"<p><strong><span style=\"font-size: 22px;\">Flexible Metal Hose<\/span><\/strong><\/p>\n<p data-start=\"219\" data-end=\"551\">Flexible metal hose provides a durable solution for fluid transfer in industrial systems. These hoses deliver high performance, especially in applications with intense temperature and pressure fluctuations. Custom-designed to meet the needs of different industries, flexible metal hoses ensure safe and long-lasting use.  <\/p>\n<div id=\"ez-toc-container\" class=\"ez-toc-v2_0_82_2 counter-hierarchy ez-toc-counter ez-toc-grey ez-toc-container-direction\">\n<div class=\"ez-toc-title-container\">\n<p class=\"ez-toc-title\" style=\"cursor:inherit\">Sayfa \u0130\u00e7eri\u011fi<\/p>\n<span class=\"ez-toc-title-toggle\"><a href=\"#\" class=\"ez-toc-pull-right ez-toc-btn ez-toc-btn-xs ez-toc-btn-default ez-toc-toggle\" aria-label=\"Toggle Table of Content\"><span class=\"ez-toc-js-icon-con\"><span class=\"\"><span class=\"eztoc-hide\" style=\"display:none;\">Toggle<\/span><span class=\"ez-toc-icon-toggle-span\"><svg style=\"fill: #999;color:#999\" xmlns=\"http:\/\/www.w3.org\/2000\/svg\" class=\"list-377408\" width=\"20px\" height=\"20px\" viewBox=\"0 0 24 24\" fill=\"none\"><path d=\"M6 6H4v2h2V6zm14 0H8v2h12V6zM4 11h2v2H4v-2zm16 0H8v2h12v-2zM4 16h2v2H4v-2zm16 0H8v2h12v-2z\" fill=\"currentColor\"><\/path><\/svg><svg style=\"fill: #999;color:#999\" class=\"arrow-unsorted-368013\" xmlns=\"http:\/\/www.w3.org\/2000\/svg\" width=\"10px\" height=\"10px\" viewBox=\"0 0 24 24\" version=\"1.2\" baseProfile=\"tiny\"><path d=\"M18.2 9.3l-6.2-6.3-6.2 6.3c-.2.2-.3.4-.3.7s.1.5.3.7c.2.2.4.3.7.3h11c.3 0 .5-.1.7-.3.2-.2.3-.5.3-.7s-.1-.5-.3-.7zM5.8 14.7l6.2 6.3 6.2-6.3c.2-.2.3-.5.3-.7s-.1-.5-.3-.7c-.2-.2-.4-.3-.7-.3h-11c-.3 0-.5.1-.7.3-.2.2-.3.5-.3.7s.1.5.3.7z\"\/><\/svg><\/span><\/span><\/span><\/a><\/span><\/div>\n<nav><ul class='ez-toc-list ez-toc-list-level-1 ' ><li class='ez-toc-page-1 ez-toc-heading-level-3'><a class=\"ez-toc-link ez-toc-heading-1\" href=\"https:\/\/unox.com.tr\/en\/flexible-metal-hose\/#Applications_of_Flexible_Metal_Hose\" >Applications of Flexible Metal Hose<\/a><\/li><li class='ez-toc-page-1 ez-toc-heading-level-3'><a class=\"ez-toc-link ez-toc-heading-2\" href=\"https:\/\/unox.com.tr\/en\/flexible-metal-hose\/#What_Should_Be_Considered_When_Choosing_a_Hose\" >What Should Be Considered When Choosing a Hose?<\/a><\/li><li class='ez-toc-page-1 ez-toc-heading-level-3'><a class=\"ez-toc-link ez-toc-heading-3\" href=\"https:\/\/unox.com.tr\/en\/flexible-metal-hose\/#Why_Should_Flexible_Metal_Hoses_Be_Preferred\" >Why Should Flexible Metal Hoses Be Preferred?<\/a><\/li><li class='ez-toc-page-1 ez-toc-heading-level-3'><a class=\"ez-toc-link ez-toc-heading-4\" href=\"https:\/\/unox.com.tr\/en\/flexible-metal-hose\/#Unox_Metal_Hose_Solutions\" >Unox Metal Hose Solutions<\/a><\/li><li class='ez-toc-page-1 ez-toc-heading-level-3'><a class=\"ez-toc-link ez-toc-heading-5\" href=\"https:\/\/unox.com.tr\/en\/flexible-metal-hose\/#Installation_and_Maintenance_Tips\" >Installation and Maintenance Tips<\/a><\/li><\/ul><\/nav><\/div>\n<h3 data-start=\"553\" data-end=\"595\"><span class=\"ez-toc-section\" id=\"Applications_of_Flexible_Metal_Hose\"><\/span>Applications of Flexible Metal Hose<span class=\"ez-toc-section-end\"><\/span><\/h3>\n<p data-start=\"597\" data-end=\"1009\">These products are widely preferred in power plants, petrochemical facilities, and food processing factories. However, they are also used in residential natural gas systems. Thanks to the hose\u2019s flexible structure, it can be easily installed in confined spaces. This feature saves time and provides advantages in terms of occupational safety. Additionally, its heat-resistant structure enables safe fluid transfer in high-temperature environments.    <\/p>\n<h3 data-start=\"1011\" data-end=\"1054\"><span class=\"ez-toc-section\" id=\"What_Should_Be_Considered_When_Choosing_a_Hose\"><\/span>What Should Be Considered When Choosing a Hose?<span class=\"ez-toc-section-end\"><\/span><\/h3>\n<p data-start=\"1056\" data-end=\"1571\">To choose the right hose, operating pressure, temperature range, and chemical resistance should be taken into consideration. In addition, the fittings at the ends of the hose must be compatible. Low-quality products may develop leaks or become deformed over time. For this reason, the reliability of the selected brand is very important. The flexible metal hoses included in Unox\u2019s product portfolio offer ideal solutions in this regard. For product details, you can visit the <a class=\"\" href=\"https:\/\/unox.com.tr\/\" target=\"_new\" rel=\"noopener\" data-start=\"1485\" data-end=\"1505\">unox <\/a>and <a class=\"\" href=\"https:\/\/www.unoxonline.com.tr\/\" target=\"_new\" rel=\"noopener nofollow\" data-start=\"1509\" data-end=\"1539\">unoxonline <\/a>addresses.     <\/p>\n<h3 data-start=\"1573\" data-end=\"1618\"><span class=\"ez-toc-section\" id=\"Why_Should_Flexible_Metal_Hoses_Be_Preferred\"><\/span>Why Should Flexible Metal Hoses Be Preferred?<span class=\"ez-toc-section-end\"><\/span><\/h3>\n<p data-start=\"1620\" data-end=\"2003\">These hoses require less maintenance compared to rigid pipes. They also dampen vibrations, extending the lifespan of the piping system. However, there are models designed with different features for each application. Therefore, it is recommended to seek technical support before purchasing. To determine the hose that best suits your needs, you can contact experts through <a class=\"\" href=\"https:\/\/unox.com.tr\/iletisim\/\" target=\"_new\" rel=\"noopener\" data-start=\"1927\" data-end=\"1956\">unox<\/a>.    <\/p>\n<h3 data-start=\"2005\" data-end=\"2036\"><span class=\"ez-toc-section\" id=\"Unox_Metal_Hose_Solutions\"><\/span>Unox Metal Hose Solutions<span class=\"ez-toc-section-end\"><\/span><\/h3>\n<p data-start=\"2038\" data-end=\"2386\">Unox manufactures flexible metal hoses in various diameters and materials according to industrial needs. All products are produced in compliance with high quality standards. In addition, each product is developed with a focus on long service life and high performance. For more information, you can visit the <a class=\"\" href=\"https:\/\/www.unoxonline.com.tr\/iletisim\/Unox provides high-quality and reliable actuator systems for industrial automation solutions. With a comprehensive product range, Unox offers solutions designed to meet a wide variety of industrial requirements. To find the most suitable actuator solutions for your application, please visit the Unox Contact page for professional support.3. Unox and Unox Online: Supplying Industrial Automation Valves\" target=\"_new\" rel=\"noopener nofollow\" data-start=\"2314\" data-end=\"2353\">unoxonline <\/a>page.   <\/p>\n<h3 data-start=\"2388\" data-end=\"2416\"><span class=\"ez-toc-section\" id=\"Installation_and_Maintenance_Tips\"><\/span>Installation and Maintenance Tips<span class=\"ez-toc-section-end\"><\/span><\/h3>\n<p data-start=\"2418\" data-end=\"2762\">Proper installation of the hose is critical for long service life. During installation, attention must be paid to the bending radius; otherwise, deformation may occur in the internal structure. In addition, regular maintenance helps preserve performance. If you need detailed information during installation, you can contact the <a class=\"\" href=\"https:\/\/unox.com.tr\/\" target=\"_new\" rel=\"noopener\" data-start=\"2694\" data-end=\"2714\">unox <\/a>technical support team.    <\/p>\n","protected":false},"excerpt":{"rendered":"<p><button style=\"background-color: #11224b; color: #ffffff; padding: 10px 15px; font-family: montserrat; font-weight: bold; font-size: 19px; border-radius: 10px;\"><img decoding=\"async\" style=\"width: 25px; height: 25px;\" src=\"https:\/\/unox.com.tr\/wp-content\/uploads\/2023\/02\/pdf-1.png\">PRODUCT CATALOGUE<\/button><\/p>\n<p><button style=\"background-color: #11224b; margin-top: 5px; color: white; padding: 0px 15px; width: 150px; height: 55px; border-radius: 10px; border: none; cursor: pointer;\"><br \/>\n<img decoding=\"async\" style=\"width: 120px; height: 30px;\" src=\"https:\/\/unox.com.tr\/wp-content\/uploads\/2023\/02\/4-1.svg\"><\/button><\/p>\n<p>&nbsp;<\/p>\n","protected":false},"featured_media":42013,"comment_status":"open","ping_status":"closed","template":"","meta":{"_joinchat":[]},"product_brand":[],"product_cat":[1035],"product_tag":[],"class_list":{"0":"post-34406","1":"product","2":"type-product","3":"status-publish","4":"has-post-thumbnail","6":"product_cat-flexible-metal-hoses","8":"first","9":"instock","10":"shipping-taxable","11":"product-type-simple"},"_links":{"self":[{"href":"https:\/\/unox.com.tr\/en\/wp-json\/wp\/v2\/product\/34406","targetHints":{"allow":["GET"]}}],"collection":[{"href":"https:\/\/unox.com.tr\/en\/wp-json\/wp\/v2\/product"}],"about":[{"href":"https:\/\/unox.com.tr\/en\/wp-json\/wp\/v2\/types\/product"}],"replies":[{"embeddable":true,"href":"https:\/\/unox.com.tr\/en\/wp-json\/wp\/v2\/comments?post=34406"}],"version-history":[{"count":1,"href":"https:\/\/unox.com.tr\/en\/wp-json\/wp\/v2\/product\/34406\/revisions"}],"predecessor-version":[{"id":68378,"href":"https:\/\/unox.com.tr\/en\/wp-json\/wp\/v2\/product\/34406\/revisions\/68378"}],"wp:featuredmedia":[{"embeddable":true,"href":"https:\/\/unox.com.tr\/en\/wp-json\/wp\/v2\/media\/42013"}],"wp:attachment":[{"href":"https:\/\/unox.com.tr\/en\/wp-json\/wp\/v2\/media?parent=34406"}],"wp:term":[{"taxonomy":"product_brand","embeddable":true,"href":"https:\/\/unox.com.tr\/en\/wp-json\/wp\/v2\/product_brand?post=34406"},{"taxonomy":"product_cat","embeddable":true,"href":"https:\/\/unox.com.tr\/en\/wp-json\/wp\/v2\/product_cat?post=34406"},{"taxonomy":"product_tag","embeddable":true,"href":"https:\/\/unox.com.tr\/en\/wp-json\/wp\/v2\/product_tag?post=34406"}],"curies":[{"name":"wp","href":"https:\/\/api.w.org\/{rel}","templated":true}]}}