{"id":34414,"date":"2022-07-18T14:37:01","date_gmt":"2022-07-18T14:37:01","guid":{"rendered":"https:\/\/www.unox.com.tr\/urun\/3-way-motorized-proportional-hot-oil-valve-33618\/"},"modified":"2026-01-07T15:39:06","modified_gmt":"2026-01-07T12:39:06","slug":"3-way-motorized-proportional-heated-oil-van","status":"publish","type":"product","link":"https:\/\/unox.com.tr\/en\/3-way-motorized-proportional-heated-oil-van\/","title":{"rendered":"3 Way Motorized Proportional Hot Oil Valve &#8211; 33618"},"content":{"rendered":"<div id=\"ez-toc-container\" class=\"ez-toc-v2_0_82_2 counter-hierarchy ez-toc-counter ez-toc-grey ez-toc-container-direction\">\n<div class=\"ez-toc-title-container\">\n<p class=\"ez-toc-title\" style=\"cursor:inherit\">Sayfa \u0130\u00e7eri\u011fi<\/p>\n<span class=\"ez-toc-title-toggle\"><a href=\"#\" class=\"ez-toc-pull-right ez-toc-btn ez-toc-btn-xs ez-toc-btn-default ez-toc-toggle\" aria-label=\"Toggle Table of Content\"><span class=\"ez-toc-js-icon-con\"><span class=\"\"><span class=\"eztoc-hide\" style=\"display:none;\">Toggle<\/span><span class=\"ez-toc-icon-toggle-span\"><svg style=\"fill: #999;color:#999\" xmlns=\"http:\/\/www.w3.org\/2000\/svg\" class=\"list-377408\" width=\"20px\" height=\"20px\" viewBox=\"0 0 24 24\" fill=\"none\"><path d=\"M6 6H4v2h2V6zm14 0H8v2h12V6zM4 11h2v2H4v-2zm16 0H8v2h12v-2zM4 16h2v2H4v-2zm16 0H8v2h12v-2z\" fill=\"currentColor\"><\/path><\/svg><svg style=\"fill: #999;color:#999\" class=\"arrow-unsorted-368013\" xmlns=\"http:\/\/www.w3.org\/2000\/svg\" width=\"10px\" height=\"10px\" viewBox=\"0 0 24 24\" version=\"1.2\" baseProfile=\"tiny\"><path d=\"M18.2 9.3l-6.2-6.3-6.2 6.3c-.2.2-.3.4-.3.7s.1.5.3.7c.2.2.4.3.7.3h11c.3 0 .5-.1.7-.3.2-.2.3-.5.3-.7s-.1-.5-.3-.7zM5.8 14.7l6.2 6.3 6.2-6.3c.2-.2.3-.5.3-.7s-.1-.5-.3-.7c-.2-.2-.4-.3-.7-.3h-11c-.3 0-.5.1-.7.3-.2.2-.3.5-.3.7s.1.5.3.7z\"\/><\/svg><\/span><\/span><\/span><\/a><\/span><\/div>\n<nav><ul class='ez-toc-list ez-toc-list-level-1 ' ><li class='ez-toc-page-1 ez-toc-heading-level-2'><a class=\"ez-toc-link ez-toc-heading-1\" href=\"https:\/\/unox.com.tr\/en\/3-way-motorized-proportional-heated-oil-van\/#3_Way_Motorized_Proportional_Hot_Oil_Valve_%E2%80%93_33618\" >3 Way Motorized Proportional Hot Oil Valve &#8211; 33618<\/a><ul class='ez-toc-list-level-3' ><li class='ez-toc-heading-level-3'><a class=\"ez-toc-link ez-toc-heading-2\" href=\"https:\/\/unox.com.tr\/en\/3-way-motorized-proportional-heated-oil-van\/#Operating_Principle_of_the_3-Way_Motorized_Proportional_Hot_Oil_Valve_%E2%80%93_33618\" >Operating Principle of the 3-Way Motorized Proportional Hot Oil Valve \u2013 33618<\/a><\/li><li class='ez-toc-page-1 ez-toc-heading-level-3'><a class=\"ez-toc-link ez-toc-heading-3\" href=\"https:\/\/unox.com.tr\/en\/3-way-motorized-proportional-heated-oil-van\/#Usage_Areas\" >Usage Areas<\/a><\/li><li class='ez-toc-page-1 ez-toc-heading-level-3'><a class=\"ez-toc-link ez-toc-heading-4\" href=\"https:\/\/unox.com.tr\/en\/3-way-motorized-proportional-heated-oil-van\/#Advantages\" >Advantages<\/a><\/li><li class='ez-toc-page-1 ez-toc-heading-level-3'><a class=\"ez-toc-link ez-toc-heading-5\" href=\"https:\/\/unox.com.tr\/en\/3-way-motorized-proportional-heated-oil-van\/#Factors_to_Consider_When_Selecting\" >Factors to Consider When Selecting<\/a><\/li><\/ul><\/li><\/ul><\/nav><\/div>\n<h2><span class=\"ez-toc-section\" id=\"3_Way_Motorized_Proportional_Hot_Oil_Valve_%E2%80%93_33618\"><\/span>3 Way Motorized Proportional Hot Oil Valve &#8211; 33618<span class=\"ez-toc-section-end\"><\/span><\/h2>\n<p data-start=\"63\" data-end=\"526\">It is an important component widely used in industrial settings. These valves are designed to ensure reliable oil flow in systems operating under high temperature and pressure. In particular, they play a critical role in machines and facilities by properly directing and controlling the oil. Oil systems must supply engines with the correct temperature and amount of oil to ensure efficient operation.   <\/p>\n<h3 data-start=\"528\" data-end=\"601\"><span class=\"ez-toc-section\" id=\"Operating_Principle_of_the_3-Way_Motorized_Proportional_Hot_Oil_Valve_%E2%80%93_33618\"><\/span>Operating Principle of the 3-Way Motorized Proportional Hot Oil Valve \u2013 33618<span class=\"ez-toc-section-end\"><\/span><\/h3>\n<p data-start=\"603\" data-end=\"933\">This valve directs oil to specific paths using a motorized mechanism. Thanks to its proportional control system, the valve\u2019s opening degree can be adjusted according to the temperature and pressure in the system. This feature prevents overheating and increases energy efficiency, allowing higher performance with lower energy consumption.   <\/p>\n<h3 data-start=\"935\" data-end=\"956\"><span class=\"ez-toc-section\" id=\"Usage_Areas\"><\/span>Usage Areas<span class=\"ez-toc-section-end\"><\/span><\/h3>\n<p data-start=\"958\" data-end=\"1319\">They are mostly used in industrial machinery, heating systems, and power plants. These valves, particularly as part of automation systems, help reduce maintenance and repair times. Proper regulation of oil flow extends the lifespan of machinery and minimizes the risk of malfunctions.  <\/p>\n<h3 data-start=\"1321\" data-end=\"1336\"><span class=\"ez-toc-section\" id=\"Advantages\"><\/span>Advantages<span class=\"ez-toc-section-end\"><\/span><\/h3>\n<p data-start=\"1338\" data-end=\"1676\">The greatest advantage of these valves is their ability to operate with high precision. By allowing oil flow in the system only when needed, they save energy and prevent the system from overheating. Additionally, they are very easy to install and maintain, and any issues that may arise over time can be resolved quickly.   <\/p>\n<h3 data-start=\"1678\" data-end=\"1768\"><span class=\"ez-toc-section\" id=\"Factors_to_Consider_When_Selecting\"><\/span>Factors to Consider When Selecting<span class=\"ez-toc-section-end\"><\/span><\/h3>\n<p data-start=\"1770\" data-end=\"2179\">There are several important factors to consider when selecting this type of valve. First, the model must be suitable for the system\u2019s operating conditions. Factors such as temperature, pressure, and type of oil play a crucial role in choosing the right valve. Additionally, certain rules must be followed during valve installation. Connection points within the system should be properly positioned.    <\/p>\n","protected":false},"excerpt":{"rendered":"<p><a href=\"https:\/\/unox.com.tr\/wp-content\/uploads\/2023\/01\/3-Yollu-Motorlu-Oransal-Kizgin-Yag-Vanasi-33618.pdf%20\" target=\"_blank\" rel=\"noopener\"><button style=\"background-color: #11224b; color: #ffffff; padding: 10px 15px; font-family: montserrat; font-weight: bold; font-size: 19px; border-radius: 10px;\"><img decoding=\"async\" style=\"width: 25px; height: 25px;\" src=\"https:\/\/unox.com.tr\/wp-content\/uploads\/2023\/02\/pdf-1.png\">PRODUCT CATALOG<br \/>\n<\/button><\/a><\/p>\n<p><button style=\"background-color: #11224b; margin-top: 5px; color: white; padding: 0px 15px; width: 150px; height: 55px; border-radius: 10px; border: none; cursor: pointer;\"><br \/>\n<img decoding=\"async\" style=\"width: 120px; height: 30px;\" src=\"https:\/\/unox.com.tr\/wp-content\/uploads\/2023\/02\/4-1.svg\"><\/button><br \/>\n<br \/><a href=\"https:\/\/www.unoxonline.com.tr\/urun\/3-yollu-motorlu-oransal-kizgin-yag-vanasi-33618\/\" target=\"_blank\" rel=\"noopener\">Place an Online Order<br \/><\/a><button style=\"background-color: #11224b; color: #ffffff; padding: 10px 15px; font-family: montserrat; font-weight: bold; font-size: 19px; border-radius: 10px;\">UNOX<\/button><\/p>\n","protected":false},"featured_media":33976,"comment_status":"open","ping_status":"closed","template":"","meta":{"_joinchat":[]},"product_brand":[],"product_cat":[1599,1061,1062],"product_tag":[],"class_list":{"0":"post-34414","1":"product","2":"type-product","3":"status-publish","4":"has-post-thumbnail","6":"product_cat-hot-oil-valve","7":"product_cat-control-valves","8":"product_cat-electric-motorized-control-valves","10":"first","11":"instock","12":"shipping-taxable","13":"product-type-simple"},"_links":{"self":[{"href":"https:\/\/unox.com.tr\/en\/wp-json\/wp\/v2\/product\/34414","targetHints":{"allow":["GET"]}}],"collection":[{"href":"https:\/\/unox.com.tr\/en\/wp-json\/wp\/v2\/product"}],"about":[{"href":"https:\/\/unox.com.tr\/en\/wp-json\/wp\/v2\/types\/product"}],"replies":[{"embeddable":true,"href":"https:\/\/unox.com.tr\/en\/wp-json\/wp\/v2\/comments?post=34414"}],"version-history":[{"count":1,"href":"https:\/\/unox.com.tr\/en\/wp-json\/wp\/v2\/product\/34414\/revisions"}],"predecessor-version":[{"id":68376,"href":"https:\/\/unox.com.tr\/en\/wp-json\/wp\/v2\/product\/34414\/revisions\/68376"}],"wp:featuredmedia":[{"embeddable":true,"href":"https:\/\/unox.com.tr\/en\/wp-json\/wp\/v2\/media\/33976"}],"wp:attachment":[{"href":"https:\/\/unox.com.tr\/en\/wp-json\/wp\/v2\/media?parent=34414"}],"wp:term":[{"taxonomy":"product_brand","embeddable":true,"href":"https:\/\/unox.com.tr\/en\/wp-json\/wp\/v2\/product_brand?post=34414"},{"taxonomy":"product_cat","embeddable":true,"href":"https:\/\/unox.com.tr\/en\/wp-json\/wp\/v2\/product_cat?post=34414"},{"taxonomy":"product_tag","embeddable":true,"href":"https:\/\/unox.com.tr\/en\/wp-json\/wp\/v2\/product_tag?post=34414"}],"curies":[{"name":"wp","href":"https:\/\/api.w.org\/{rel}","templated":true}]}}