{"id":36272,"date":"2022-11-02T05:25:13","date_gmt":"2022-11-02T05:25:13","guid":{"rendered":"https:\/\/www.unox.com.tr\/urun\/full-bore-utility-solenoid-valve-normally-closed-tgm\/"},"modified":"2026-01-08T10:23:00","modified_gmt":"2026-01-08T07:23:00","slug":"full-bore-general-purpose-solenoid-valve-closed","status":"publish","type":"product","link":"https:\/\/unox.com.tr\/en\/full-bore-general-purpose-solenoid-valve-closed\/","title":{"rendered":"Full Bore Utility Solenoid Valve &#8211; Normally Closed &#8211; TGM"},"content":{"rendered":"<div id=\"ez-toc-container\" class=\"ez-toc-v2_0_82_2 counter-hierarchy ez-toc-counter ez-toc-grey ez-toc-container-direction\">\n<div class=\"ez-toc-title-container\">\n<p class=\"ez-toc-title\" style=\"cursor:inherit\">Sayfa \u0130\u00e7eri\u011fi<\/p>\n<span class=\"ez-toc-title-toggle\"><a href=\"#\" class=\"ez-toc-pull-right ez-toc-btn ez-toc-btn-xs ez-toc-btn-default ez-toc-toggle\" aria-label=\"Toggle Table of Content\"><span class=\"ez-toc-js-icon-con\"><span class=\"\"><span class=\"eztoc-hide\" style=\"display:none;\">Toggle<\/span><span class=\"ez-toc-icon-toggle-span\"><svg style=\"fill: #999;color:#999\" xmlns=\"http:\/\/www.w3.org\/2000\/svg\" class=\"list-377408\" width=\"20px\" height=\"20px\" viewBox=\"0 0 24 24\" fill=\"none\"><path d=\"M6 6H4v2h2V6zm14 0H8v2h12V6zM4 11h2v2H4v-2zm16 0H8v2h12v-2zM4 16h2v2H4v-2zm16 0H8v2h12v-2z\" fill=\"currentColor\"><\/path><\/svg><svg style=\"fill: #999;color:#999\" class=\"arrow-unsorted-368013\" xmlns=\"http:\/\/www.w3.org\/2000\/svg\" width=\"10px\" height=\"10px\" viewBox=\"0 0 24 24\" version=\"1.2\" baseProfile=\"tiny\"><path d=\"M18.2 9.3l-6.2-6.3-6.2 6.3c-.2.2-.3.4-.3.7s.1.5.3.7c.2.2.4.3.7.3h11c.3 0 .5-.1.7-.3.2-.2.3-.5.3-.7s-.1-.5-.3-.7zM5.8 14.7l6.2 6.3 6.2-6.3c.2-.2.3-.5.3-.7s-.1-.5-.3-.7c-.2-.2-.4-.3-.7-.3h-11c-.3 0-.5.1-.7.3-.2.2-.3.5-.3.7s.1.5.3.7z\"\/><\/svg><\/span><\/span><\/span><\/a><\/span><\/div>\n<nav><ul class='ez-toc-list ez-toc-list-level-1 ' ><li class='ez-toc-page-1 ez-toc-heading-level-2'><a class=\"ez-toc-link ez-toc-heading-1\" href=\"https:\/\/unox.com.tr\/en\/full-bore-general-purpose-solenoid-valve-closed\/#Full_Bore_Utility_Solenoid_Valve_%E2%80%93_Normally_Closed_%E2%80%93_TGM\" >Full Bore Utility Solenoid Valve &#8211; Normally Closed &#8211; TGM<\/a><ul class='ez-toc-list-level-3' ><li class='ez-toc-heading-level-3'><a class=\"ez-toc-link ez-toc-heading-2\" href=\"https:\/\/unox.com.tr\/en\/full-bore-general-purpose-solenoid-valve-closed\/#Operating_Principle_of_FBG_Solenoid_Valves\" >Operating Principle of FBG Solenoid Valves<\/a><\/li><li class='ez-toc-page-1 ez-toc-heading-level-3'><a class=\"ez-toc-link ez-toc-heading-3\" href=\"https:\/\/unox.com.tr\/en\/full-bore-general-purpose-solenoid-valve-closed\/#Industrial_Applications_of_FBG_Valves\" >Industrial Applications of FBG Valves<\/a><\/li><li class='ez-toc-page-1 ez-toc-heading-level-3'><a class=\"ez-toc-link ez-toc-heading-4\" href=\"https:\/\/unox.com.tr\/en\/full-bore-general-purpose-solenoid-valve-closed\/#Advantages_of_FBG_Valves\" >Advantages of FBG Valves<\/a><\/li><li class='ez-toc-page-1 ez-toc-heading-level-3'><a class=\"ez-toc-link ez-toc-heading-5\" href=\"https:\/\/unox.com.tr\/en\/full-bore-general-purpose-solenoid-valve-closed\/#Maintenance_and_Long-Term_Use_of_FBG_Valves\" >Maintenance and Long-Term Use of FBG Valves<\/a><\/li><li class='ez-toc-page-1 ez-toc-heading-level-3'><a class=\"ez-toc-link ez-toc-heading-6\" href=\"https:\/\/unox.com.tr\/en\/full-bore-general-purpose-solenoid-valve-closed\/#Where_to_SourcePurchase_FBG_Solenoid_Valves\" >Where to Source\/Purchase FBG Solenoid Valves?<\/a><\/li><\/ul><\/li><\/ul><\/nav><\/div>\n<h2><span class=\"ez-toc-section\" id=\"Full_Bore_Utility_Solenoid_Valve_%E2%80%93_Normally_Closed_%E2%80%93_TGM\"><\/span>Full Bore Utility Solenoid Valve &#8211; Normally Closed &#8211; TGM<span class=\"ez-toc-section-end\"><\/span><\/h2>\n<p data-start=\"107\" data-end=\"507\">The Full-Bore General-Purpose Solenoid Valve \u2013 Normally Closed (FBG) is a very important component used in industrial systems. This valve plays a key role in directing liquids and gases in a controlled manner. Its operating principle is based on the combination of electrical energy and mechanical movement. The applications of FBG valves are extensive, and they are used across many different industries.   <\/p>\n<h3 data-start=\"509\" data-end=\"554\"><span class=\"ez-toc-section\" id=\"Operating_Principle_of_FBG_Solenoid_Valves\"><\/span>Operating Principle of FBG Solenoid Valves<span class=\"ez-toc-section-end\"><\/span><\/h3>\n<p data-start=\"556\" data-end=\"985\">The Full-Bore General-Purpose Solenoid Valve \u2013 Normally Closed (FBG) is an electrically operated type of valve. The primary function of these valves is to regulate the flow of fluid through a pipeline. Normally closed, these valves open when an electric current is applied, allowing liquid or gas to pass through. When the electric current is cut off, the valve closes again. This feature makes FBG valves a reliable and efficient solution.    <\/p>\n<h3 data-start=\"987\" data-end=\"1036\"><span class=\"ez-toc-section\" id=\"Industrial_Applications_of_FBG_Valves\"><\/span>Industrial Applications of FBG Valves<span class=\"ez-toc-section-end\"><\/span><\/h3>\n<p data-start=\"1038\" data-end=\"1441\">FBG solenoid valves are widely used in many industrial fields. They are commonly found in sectors such as chemical, automation, water treatment, energy, and HVAC systems. They are especially preferred in any process where liquids and gases need to be directed in a controlled manner. In addition, FBG valves can be safely used in both low-pressure and high-pressure systems.   <\/p>\n<h3 data-start=\"1443\" data-end=\"1474\"><span class=\"ez-toc-section\" id=\"Advantages_of_FBG_Valves\"><\/span>Advantages of FBG Valves<span class=\"ez-toc-section-end\"><\/span><\/h3>\n<p data-start=\"1476\" data-end=\"1848\">The greatest advantage of FBG solenoid valves is their automatic opening and closing feature. This eliminates the need for manual intervention and contributes to energy savings. In addition, these valves operate with high precision, increasing the efficiency of the system. Their high durability and long service life also earn users\u2019 appreciation. FBG valves provide a reliable and sustainable solution.    <\/p>\n<h3 data-start=\"1850\" data-end=\"1901\"><span class=\"ez-toc-section\" id=\"Maintenance_and_Long-Term_Use_of_FBG_Valves\"><\/span>Maintenance and Long-Term Use of FBG Valves<span class=\"ez-toc-section-end\"><\/span><\/h3>\n<p data-start=\"1903\" data-end=\"2295\">FBG solenoid valves require regular maintenance to operate efficiently. Periodic inspection of the valves ensures that their performance remains high. Regular maintenance is especially important to prevent leaks and ensure the proper functioning of electrical components. In addition, proper installation and operating conditions also support the long service life of the valves.   <\/p>\n<h3 data-start=\"2297\" data-end=\"2344\"><span class=\"ez-toc-section\" id=\"Where_to_SourcePurchase_FBG_Solenoid_Valves\"><\/span>Where to Source\/Purchase FBG Solenoid Valves?<span class=\"ez-toc-section-end\"><\/span><\/h3>\n<p data-start=\"2346\" data-end=\"2716\">There are many reliable suppliers where FBG solenoid valves can be obtained. To acquire these valves with quality assurance, you can use professional suppliers such as <a class=\"\" href=\"https:\/\/unox.com.tr\/\" target=\"_new\" rel=\"noopener\" data-start=\"2483\" data-end=\"2511\">Unox <\/a>and <a class=\"\" href=\"https:\/\/www.unoxonline.com.tr\/\" target=\"_new\" rel=\"noopener nofollow\" data-start=\"2515\" data-end=\"2560\">Unox Online<\/a>. These sites offer a wide range of products for various industrial equipment and valves.  <\/p>\n<p data-start=\"2718\" data-end=\"2915\" data-is-last-node=\"\" data-is-only-node=\"\">FBG solenoid valves are reliable and durable components that enhance the efficiency of industrial systems. Proper use and maintenance of these valves ensure the healthy operation of the system. <\/p>\n","protected":false},"excerpt":{"rendered":"<p><a href=\"https:\/\/unox.com.tr\/wp-content\/uploads\/2022\/12\/TAM-GECISLI-N.K-3-4-TGM2004.pdf\" target=\"_blank\" rel=\"noopener\"><button style=\"background-color: #11224b; color: #ffffff; padding: 10px 15px; font-family: montserrat; font-weight: bold; font-size: 19px; border-radius: 10px;\"><img decoding=\"async\" style=\"width: 25px; height: 25px;\" src=\"https:\/\/unox.com.tr\/wp-content\/uploads\/2023\/02\/pdf-1.png\">PRODUCT CATALOG<br \/>\n<\/button><\/a><\/p>\n<p><button style=\"background-color: #11224b; margin-top: 5px; color: white; padding: 0px 15px; width: 150px; height: 55px; border-radius: 10px; border: none; cursor: pointer;\"><br \/>\n<img decoding=\"async\" style=\"width: 120px; height: 30px;\" src=\"https:\/\/unox.com.tr\/wp-content\/uploads\/2023\/02\/4-1.svg\"><\/button><br \/>\n<br \/><a href=\"https:\/\/www.unoxonline.com.tr\/urun\/tam-gecisli-genel-maksat-solenoid-valf-normalde-kapali\/\" target=\"_blank\" rel=\"noopener\">Place an Online Order<br \/><\/a><button style=\"background-color: #11224b; color: #ffffff; padding: 10px 15px; font-family: montserrat; font-weight: bold; font-size: 19px; border-radius: 10px;\">UNOX<\/button><\/p>\n","protected":false},"featured_media":68630,"comment_status":"closed","ping_status":"closed","template":"","meta":[],"product_brand":[],"product_cat":[1332,1498],"product_tag":[],"class_list":{"0":"post-36272","1":"product","2":"type-product","3":"status-publish","4":"has-post-thumbnail","6":"product_cat-full-bore-solenoid-valves","7":"product_cat-solenoid-valve","9":"first","10":"instock","11":"shipping-taxable","12":"product-type-simple"},"_links":{"self":[{"href":"https:\/\/unox.com.tr\/en\/wp-json\/wp\/v2\/product\/36272","targetHints":{"allow":["GET"]}}],"collection":[{"href":"https:\/\/unox.com.tr\/en\/wp-json\/wp\/v2\/product"}],"about":[{"href":"https:\/\/unox.com.tr\/en\/wp-json\/wp\/v2\/types\/product"}],"replies":[{"embeddable":true,"href":"https:\/\/unox.com.tr\/en\/wp-json\/wp\/v2\/comments?post=36272"}],"version-history":[{"count":1,"href":"https:\/\/unox.com.tr\/en\/wp-json\/wp\/v2\/product\/36272\/revisions"}],"predecessor-version":[{"id":68391,"href":"https:\/\/unox.com.tr\/en\/wp-json\/wp\/v2\/product\/36272\/revisions\/68391"}],"wp:featuredmedia":[{"embeddable":true,"href":"https:\/\/unox.com.tr\/en\/wp-json\/wp\/v2\/media\/68630"}],"wp:attachment":[{"href":"https:\/\/unox.com.tr\/en\/wp-json\/wp\/v2\/media?parent=36272"}],"wp:term":[{"taxonomy":"product_brand","embeddable":true,"href":"https:\/\/unox.com.tr\/en\/wp-json\/wp\/v2\/product_brand?post=36272"},{"taxonomy":"product_cat","embeddable":true,"href":"https:\/\/unox.com.tr\/en\/wp-json\/wp\/v2\/product_cat?post=36272"},{"taxonomy":"product_tag","embeddable":true,"href":"https:\/\/unox.com.tr\/en\/wp-json\/wp\/v2\/product_tag?post=36272"}],"curies":[{"name":"wp","href":"https:\/\/api.w.org\/{rel}","templated":true}]}}