{"id":36276,"date":"2022-10-31T10:30:23","date_gmt":"2022-10-31T10:30:23","guid":{"rendered":"https:\/\/www.unox.com.tr\/urun\/a04-m-electronic-contact-box-manual\/"},"modified":"2026-01-08T10:15:42","modified_gmt":"2026-01-08T07:15:42","slug":"a04-m-electronic-contact-box-manual","status":"publish","type":"product","link":"https:\/\/unox.com.tr\/en\/a04-m-electronic-contact-box-manual\/","title":{"rendered":"A04 M Electronic Contact Box (Manual)"},"content":{"rendered":"<div id=\"ez-toc-container\" class=\"ez-toc-v2_0_82_2 counter-hierarchy ez-toc-counter ez-toc-grey ez-toc-container-direction\">\n<div class=\"ez-toc-title-container\">\n<p class=\"ez-toc-title\" style=\"cursor:inherit\">Sayfa \u0130\u00e7eri\u011fi<\/p>\n<span class=\"ez-toc-title-toggle\"><a href=\"#\" class=\"ez-toc-pull-right ez-toc-btn ez-toc-btn-xs ez-toc-btn-default ez-toc-toggle\" aria-label=\"Toggle Table of Content\"><span class=\"ez-toc-js-icon-con\"><span class=\"\"><span class=\"eztoc-hide\" style=\"display:none;\">Toggle<\/span><span class=\"ez-toc-icon-toggle-span\"><svg style=\"fill: #999;color:#999\" xmlns=\"http:\/\/www.w3.org\/2000\/svg\" class=\"list-377408\" width=\"20px\" height=\"20px\" viewBox=\"0 0 24 24\" fill=\"none\"><path d=\"M6 6H4v2h2V6zm14 0H8v2h12V6zM4 11h2v2H4v-2zm16 0H8v2h12v-2zM4 16h2v2H4v-2zm16 0H8v2h12v-2z\" fill=\"currentColor\"><\/path><\/svg><svg style=\"fill: #999;color:#999\" class=\"arrow-unsorted-368013\" xmlns=\"http:\/\/www.w3.org\/2000\/svg\" width=\"10px\" height=\"10px\" viewBox=\"0 0 24 24\" version=\"1.2\" baseProfile=\"tiny\"><path d=\"M18.2 9.3l-6.2-6.3-6.2 6.3c-.2.2-.3.4-.3.7s.1.5.3.7c.2.2.4.3.7.3h11c.3 0 .5-.1.7-.3.2-.2.3-.5.3-.7s-.1-.5-.3-.7zM5.8 14.7l6.2 6.3 6.2-6.3c.2-.2.3-.5.3-.7s-.1-.5-.3-.7c-.2-.2-.4-.3-.7-.3h-11c-.3 0-.5.1-.7.3-.2.2-.3.5-.3.7s.1.5.3.7z\"\/><\/svg><\/span><\/span><\/span><\/a><\/span><\/div>\n<nav><ul class='ez-toc-list ez-toc-list-level-1 ' ><li class='ez-toc-page-1 ez-toc-heading-level-2'><a class=\"ez-toc-link ez-toc-heading-1\" href=\"https:\/\/unox.com.tr\/en\/a04-m-electronic-contact-box-manual\/#A04_M_Electronic_Contact_Box_Manual\" >A04 M Electronic Contact Box (Manual)<\/a><ul class='ez-toc-list-level-3' ><li class='ez-toc-heading-level-3'><a class=\"ez-toc-link ez-toc-heading-2\" href=\"https:\/\/unox.com.tr\/en\/a04-m-electronic-contact-box-manual\/#Features_of_the_A04_M_Electronic_Contact_Box_Manual\" >Features of the A04 M Electronic Contact Box (Manual)<\/a><\/li><li class='ez-toc-page-1 ez-toc-heading-level-3'><a class=\"ez-toc-link ez-toc-heading-3\" href=\"https:\/\/unox.com.tr\/en\/a04-m-electronic-contact-box-manual\/#Usage_Areas\" >Usage Areas<\/a><\/li><li class='ez-toc-page-1 ez-toc-heading-level-3'><a class=\"ez-toc-link ez-toc-heading-4\" href=\"https:\/\/unox.com.tr\/en\/a04-m-electronic-contact-box-manual\/#Advantages\" >Advantages<\/a><\/li><li class='ez-toc-page-1 ez-toc-heading-level-3'><a class=\"ez-toc-link ez-toc-heading-5\" href=\"https:\/\/unox.com.tr\/en\/a04-m-electronic-contact-box-manual\/#Ensuring_Electrical_Safety_with_the_A04_M_Electronic_Contact_Box\" >Ensuring Electrical Safety with the A04 M Electronic Contact Box<\/a><\/li><\/ul><\/li><\/ul><\/nav><\/div>\n<h2><span class=\"ez-toc-section\" id=\"A04_M_Electronic_Contact_Box_Manual\"><\/span>A04 M Electronic Contact Box (Manual)<span class=\"ez-toc-section-end\"><\/span><\/h2>\n<p data-start=\"53\" data-end=\"489\"><a href=\"https:\/\/www.unoxonline.com.tr\/iletisim\/Unox provides high-quality and reliable actuator systems for industrial automation solutions. With a comprehensive product range, Unox offers solutions designed to meet a wide variety of industrial requirements. To find the most suitable actuator solutions for your application, please visit the Unox Contact page for professional support.3. Unox and Unox Online: Supplying Industrial Automation Valves\" rel=\"nofollow noopener\" target=\"_blank\">The A04 M Electronic Contact Box<\/a> (Manual) is an important component widely used in industrial automation and electrical systems. This device allows you to make electrical connections safely and in an organized manner. Its manual operation principle offers significant advantages in terms of usage and maintenance. For more information, you can contact <a href=\"https:\/\/unox.com.tr\/\">Unox<\/a>.   <\/p>\n<h3 data-start=\"491\" data-end=\"547\"><span class=\"ez-toc-section\" id=\"Features_of_the_A04_M_Electronic_Contact_Box_Manual\"><\/span>Features of the A04 M Electronic Contact Box (Manual)<span class=\"ez-toc-section-end\"><\/span><\/h3>\n<p data-start=\"549\" data-end=\"982\">It is made from high-quality materials. These boxes are commonly used in automatic control systems. The device provides great flexibility to the user thanks to its manual control capability. Electrical connections can be properly organized during installation, and safety measures are ensured. If you are looking for a safe and long-lasting solution, this product is an ideal choice.    <\/p>\n<h3 data-start=\"984\" data-end=\"1050\"><span class=\"ez-toc-section\" id=\"Usage_Areas\"><\/span>Usage Areas<span class=\"ez-toc-section-end\"><\/span><\/h3>\n<p data-start=\"1052\" data-end=\"1443\">It has a wide range of applications in industrial automation systems. These boxes provide safe connections in various machines or electrical systems. They are especially preferred in large factories, facilities, and workshops. You can use them in any area where electrical connections need to be organized and safe.   <\/p>\n<h3 data-start=\"1445\" data-end=\"1501\"><span class=\"ez-toc-section\" id=\"Advantages\"><\/span>Advantages<span class=\"ez-toc-section-end\"><\/span><\/h3>\n<p data-start=\"1503\" data-end=\"1902\">The greatest advantage of this box is that it offers manual control capabilities. When a malfunction occurs in automatic systems, the user can intervene manually. In addition, it is designed with high safety measures. It provides significant protection to the user against short circuits or electrical issues. The ability to respond quickly in case of any fault increases the efficiency of operations.    <\/p>\n<h3 data-start=\"1904\" data-end=\"1981\"><span class=\"ez-toc-section\" id=\"Ensuring_Electrical_Safety_with_the_A04_M_Electronic_Contact_Box\"><\/span>Ensuring Electrical Safety with the A04 M Electronic Contact Box<span class=\"ez-toc-section-end\"><\/span><\/h3>\n<p data-start=\"1983\" data-end=\"2446\"><a href=\"https:\/\/unox.com.tr\/iletisim\/\">Electrical safety<\/a> is one of the top priorities for every industrial facility. With the <a href=\"https:\/\/www.unoxonline.com.tr\/\" rel=\"nofollow noopener\" target=\"_blank\">Electronic Contact Box<\/a> (Manual), you can ensure this safety. The device offers strong insulation features, minimizing the risk of electric shock. In addition, thanks to its durable construction, safety measures are maintained even during long-term use. It is an excellent choice if you want a safe electrical connection.   <\/p>\n<p data-start=\"2448\" data-end=\"2840\" data-is-last-node=\"\" data-is-only-node=\"\">Additionally, you can get more information from the <a class=\"\" href=\"https:\/\/unoxonline.com.tr\/\" target=\"_new\" rel=\"noopener nofollow\" data-start=\"2456\" data-end=\"2497\">Unox Online <\/a>website. This product provides both high performance and safety, making it an ideal solution to meet your industrial needs. For detailed information about the device\u2019s features or advantages, you can visit the <a class=\"\" href=\"https:\/\/unox.com.tr\/\" target=\"_new\" rel=\"noopener\" data-start=\"2780\" data-end=\"2808\">Unox <\/a>website.  <\/p>\n","protected":false},"excerpt":{"rendered":"<p><!-- \u00dcr\u00fcn Katalo\u011fu Butonu --><br \/>\n<a href=\"https:\/\/unox.com.tr\/wp-content\/uploads\/2022\/07\/a03-a04-en-technical-data-sheet-1.pdf\" target=\"_blank\" rel=\"noopener\"><br \/>\n  <button style=\"background-color: #11224b; color: #ffffff; padding: 10px 15px; font-family: montserrat; font-weight: bold; font-size: 19px; border-radius: 10px;\"><br \/>\n    <img decoding=\"async\" style=\"width: 25px; height: 25px;\" src=\"https:\/\/unox.com.tr\/wp-content\/uploads\/2023\/02\/pdf-1.png\" alt=\"PDF\"><br \/>\n PRODUCT CATALOGUE<br \/>\n  <\/button><br \/>\n<\/a><\/p>\n<p><!-- Logo veya G\u00f6rsel Butonu --><br \/>\n<button style=\"background-color: #11224b; margin-top: 5px; color: white; padding: 0px 15px; width: 150px; height: 55px; border-radius: 10px; border: none; cursor: pointer;\"><br \/>\n  <img decoding=\"async\" style=\"width: 120px; height: 30px;\" src=\"https:\/\/unox.com.tr\/wp-content\/uploads\/2023\/02\/4-1.svg\" alt=\"Logo\"><br \/>\n<\/button><\/p>\n<p><!-- Online Sipari\u015f Butonu --><br \/>\n<a href=\"https:\/\/www.unoxonline.com.tr\/urun\/elektronik-kontakt-kutusu\/\" target=\"_blank\" rel=\"noopener\"><br \/>\n  <button style=\"background-color: #11224b; color: #ffffff; padding: 10px 15px; font-family: montserrat; font-weight: bold; font-size: 19px; border-radius: 10px;\"><br \/>\n Place an Online Order<br \/>\n  <\/button><br \/>\n<\/a><\/p>\n","protected":false},"featured_media":41786,"comment_status":"open","ping_status":"closed","template":"","meta":{"_joinchat":[]},"product_brand":[],"product_cat":[1170],"product_tag":[],"class_list":{"0":"post-36276","1":"product","2":"type-product","3":"status-publish","4":"has-post-thumbnail","6":"product_cat-fantini-cosmi","8":"first","9":"instock","10":"shipping-taxable","11":"product-type-simple"},"_links":{"self":[{"href":"https:\/\/unox.com.tr\/en\/wp-json\/wp\/v2\/product\/36276","targetHints":{"allow":["GET"]}}],"collection":[{"href":"https:\/\/unox.com.tr\/en\/wp-json\/wp\/v2\/product"}],"about":[{"href":"https:\/\/unox.com.tr\/en\/wp-json\/wp\/v2\/types\/product"}],"replies":[{"embeddable":true,"href":"https:\/\/unox.com.tr\/en\/wp-json\/wp\/v2\/comments?post=36276"}],"version-history":[{"count":1,"href":"https:\/\/unox.com.tr\/en\/wp-json\/wp\/v2\/product\/36276\/revisions"}],"predecessor-version":[{"id":68389,"href":"https:\/\/unox.com.tr\/en\/wp-json\/wp\/v2\/product\/36276\/revisions\/68389"}],"wp:featuredmedia":[{"embeddable":true,"href":"https:\/\/unox.com.tr\/en\/wp-json\/wp\/v2\/media\/41786"}],"wp:attachment":[{"href":"https:\/\/unox.com.tr\/en\/wp-json\/wp\/v2\/media?parent=36276"}],"wp:term":[{"taxonomy":"product_brand","embeddable":true,"href":"https:\/\/unox.com.tr\/en\/wp-json\/wp\/v2\/product_brand?post=36276"},{"taxonomy":"product_cat","embeddable":true,"href":"https:\/\/unox.com.tr\/en\/wp-json\/wp\/v2\/product_cat?post=36276"},{"taxonomy":"product_tag","embeddable":true,"href":"https:\/\/unox.com.tr\/en\/wp-json\/wp\/v2\/product_tag?post=36276"}],"curies":[{"name":"wp","href":"https:\/\/api.w.org\/{rel}","templated":true}]}}