{"id":36282,"date":"2022-10-31T10:14:15","date_gmt":"2022-10-31T10:14:15","guid":{"rendered":"https:\/\/www.unox.com.tr\/urun\/2-way-motor-proportional-control-valve-33617-2\/"},"modified":"2026-01-08T09:24:50","modified_gmt":"2026-01-08T06:24:50","slug":"2-way-motorized-proportional-control-valve-33617","status":"publish","type":"product","link":"https:\/\/unox.com.tr\/en\/2-way-motorized-proportional-control-valve-33617\/","title":{"rendered":"2 Way Motorized Proportional Control Valve &#8211; 33617"},"content":{"rendered":"<div id=\"ez-toc-container\" class=\"ez-toc-v2_0_82_2 counter-hierarchy ez-toc-counter ez-toc-grey ez-toc-container-direction\">\n<div class=\"ez-toc-title-container\">\n<p class=\"ez-toc-title\" style=\"cursor:inherit\">Sayfa \u0130\u00e7eri\u011fi<\/p>\n<span class=\"ez-toc-title-toggle\"><a href=\"#\" class=\"ez-toc-pull-right ez-toc-btn ez-toc-btn-xs ez-toc-btn-default ez-toc-toggle\" aria-label=\"Toggle Table of Content\"><span class=\"ez-toc-js-icon-con\"><span class=\"\"><span class=\"eztoc-hide\" style=\"display:none;\">Toggle<\/span><span class=\"ez-toc-icon-toggle-span\"><svg style=\"fill: #999;color:#999\" xmlns=\"http:\/\/www.w3.org\/2000\/svg\" class=\"list-377408\" width=\"20px\" height=\"20px\" viewBox=\"0 0 24 24\" fill=\"none\"><path d=\"M6 6H4v2h2V6zm14 0H8v2h12V6zM4 11h2v2H4v-2zm16 0H8v2h12v-2zM4 16h2v2H4v-2zm16 0H8v2h12v-2z\" fill=\"currentColor\"><\/path><\/svg><svg style=\"fill: #999;color:#999\" class=\"arrow-unsorted-368013\" xmlns=\"http:\/\/www.w3.org\/2000\/svg\" width=\"10px\" height=\"10px\" viewBox=\"0 0 24 24\" version=\"1.2\" baseProfile=\"tiny\"><path d=\"M18.2 9.3l-6.2-6.3-6.2 6.3c-.2.2-.3.4-.3.7s.1.5.3.7c.2.2.4.3.7.3h11c.3 0 .5-.1.7-.3.2-.2.3-.5.3-.7s-.1-.5-.3-.7zM5.8 14.7l6.2 6.3 6.2-6.3c.2-.2.3-.5.3-.7s-.1-.5-.3-.7c-.2-.2-.4-.3-.7-.3h-11c-.3 0-.5.1-.7.3-.2.2-.3.5-.3.7s.1.5.3.7z\"\/><\/svg><\/span><\/span><\/span><\/a><\/span><\/div>\n<nav><ul class='ez-toc-list ez-toc-list-level-1 ' ><li class='ez-toc-page-1 ez-toc-heading-level-2'><a class=\"ez-toc-link ez-toc-heading-1\" href=\"https:\/\/unox.com.tr\/en\/2-way-motorized-proportional-control-valve-33617\/#2_Way_Motorized_Proportional_Control_Valve_%E2%80%93_33617\" >2 Way Motorized Proportional Control Valve &#8211; 33617<\/a><ul class='ez-toc-list-level-3' ><li class='ez-toc-heading-level-3'><a class=\"ez-toc-link ez-toc-heading-2\" href=\"https:\/\/unox.com.tr\/en\/2-way-motorized-proportional-control-valve-33617\/#Operating_Principle\" >Operating Principle<\/a><\/li><li class='ez-toc-page-1 ez-toc-heading-level-3'><a class=\"ez-toc-link ez-toc-heading-3\" href=\"https:\/\/unox.com.tr\/en\/2-way-motorized-proportional-control-valve-33617\/#2-Way_Motorized_Proportional_Control_Valve_in_Industrial_Applications\" >2-Way Motorized Proportional Control Valve in Industrial Applications<\/a><\/li><li class='ez-toc-page-1 ez-toc-heading-level-3'><a class=\"ez-toc-link ez-toc-heading-4\" href=\"https:\/\/unox.com.tr\/en\/2-way-motorized-proportional-control-valve-33617\/#Advantages\" >Advantages<\/a><\/li><li class='ez-toc-page-1 ez-toc-heading-level-3'><a class=\"ez-toc-link ez-toc-heading-5\" href=\"https:\/\/unox.com.tr\/en\/2-way-motorized-proportional-control-valve-33617\/#Considerations_for_Applications\" >Considerations for Applications<\/a><\/li><\/ul><\/li><\/ul><\/nav><\/div>\n<h2><span class=\"ez-toc-section\" id=\"2_Way_Motorized_Proportional_Control_Valve_%E2%80%93_33617\"><\/span>2 Way Motorized Proportional Control Valve &#8211; 33617<span class=\"ez-toc-section-end\"><\/span><\/h2>\n<p data-start=\"84\" data-end=\"504\">2-Way Motorized Proportional Control Valve &#8211; 33617 is a key component widely used in industrial automation systems. This valve is specifically designed to regulate fluid flow and is preferred in applications requiring high precision and reliability. The motorized proportional control valve adjusts the flow rate proportionally, ensuring energy efficiency in systems and extending the lifespan of equipment.    <\/p>\n<h3 data-start=\"506\" data-end=\"568\"><span class=\"ez-toc-section\" id=\"Operating_Principle\"><\/span>Operating Principle<span class=\"ez-toc-section-end\"><\/span><\/h3>\n<p data-start=\"570\" data-end=\"1063\">The valve\u2019s opening or closing degree is controlled by a motor. This motor operates a mechanism inside the valve that regulates the path of the fluid. The flow rate is adjusted proportionally to the valve\u2019s position\u2014each movement corresponds to a specific amount of fluid. Thanks to this proportional control, the system operates much more stably, and proper flow regulation ensures that all components in the system work efficiently.     <\/p>\n<h3 data-start=\"1065\" data-end=\"1133\"><span class=\"ez-toc-section\" id=\"2-Way_Motorized_Proportional_Control_Valve_in_Industrial_Applications\"><\/span>2-Way Motorized Proportional Control Valve in Industrial Applications<span class=\"ez-toc-section-end\"><\/span><\/h3>\n<p data-start=\"1135\" data-end=\"1570\">These types of valves are commonly used in HVAC (Heating, Ventilation, and Air Conditioning) systems, automation systems, and power generation plants. They are also frequently found in industrial production lines. Particularly in systems where temperature, pressure, and flow control are critical, they help make the system more efficient. They optimize energy consumption and contribute to more sustainable solutions.   <\/p>\n<h3 data-start=\"1572\" data-end=\"1629\"><span class=\"ez-toc-section\" id=\"Advantages\"><\/span>Advantages<span class=\"ez-toc-section-end\"><\/span><\/h3>\n<p data-start=\"1631\" data-end=\"1983\">The greatest advantage of this valve is its ability to precisely regulate the flow of the fluid. Additionally, being motorized allows the valve to be integrated with remote control or automated systems, reducing maintenance and operational costs. These valves also operate at low noise levels, enhancing comfort in the environments where they are used.   <\/p>\n<h3 data-start=\"1985\" data-end=\"2029\"><span class=\"ez-toc-section\" id=\"Considerations_for_Applications\"><\/span>Considerations for Applications<span class=\"ez-toc-section-end\"><\/span><\/h3>\n<p data-start=\"2031\" data-end=\"2360\">The 2-Way Motorized Proportional Control Valve is manufactured from high-quality materials. However, each valve has specific usage and maintenance requirements. To extend the valve\u2019s service life, regular maintenance is essential. Additionally, for the system to operate correctly, the valve must be used under proper pressure and temperature conditions.   <\/p>\n<p data-start=\"2362\" data-end=\"2620\">It is an indispensable component of industrial automation systems. It ensures the efficient operation of systems and contributes to energy savings. The correct selection and use of the valve provide significant advantages for businesses.  <\/p>\n<p data-start=\"2622\" data-end=\"2787\" data-is-last-node=\"\" data-is-only-node=\"\">Ba\u011flant\u0131: <a class=\"\" href=\"https:\/\/unox.com.tr\/\" target=\"_new\" rel=\"noopener\" data-start=\"2632\" data-end=\"2670\">Unox Ana Sayfa<\/a><br data-start=\"2670\" data-end=\"2673\">Ba\u011flant\u0131: <a class=\"\" href=\"https:\/\/unox.com.tr\/iletisim\/\" target=\"_new\" rel=\"noopener\" data-start=\"2683\" data-end=\"2729\">Unox \u0130leti\u015fim<\/a><br data-start=\"2729\" data-end=\"2732\">Ba\u011flant\u0131: <a class=\"\" href=\"https:\/\/www.unoxonline.com.tr\/\" target=\"_new\" rel=\"noopener nofollow\" data-start=\"2742\" data-end=\"2787\" data-is-last-node=\"\">Unox Online<\/a><\/p>\n","protected":false},"excerpt":{"rendered":"<p><a href=\"https:\/\/unox.com.tr\/wp-content\/uploads\/2025\/05\/2-Yollu-Motorlu-Oransal-Kontrol-Vanasi-33617.pdf\" target=\"_blank\" rel=\"noopener\"><button style=\"background-color: #11224b; color: #ffffff; padding: 10px 15px; font-family: montserrat; font-weight: bold; font-size: 19px; border-radius: 10px;\"><img decoding=\"async\" style=\"width: 25px; height: 25px;\" src=\"https:\/\/unox.com.tr\/wp-content\/uploads\/2023\/02\/pdf-1.png\">PRODUCT CATALOG<br \/>\n<\/button><\/a><\/p>\n<p><button style=\"background-color: #11224b; margin-top: 5px; color: white; padding: 0px 15px; width: 150px; height: 55px; border-radius: 10px; border: none; cursor: pointer;\"><br \/>\n<img decoding=\"async\" style=\"width: 120px; height: 30px;\" src=\"https:\/\/unox.com.tr\/wp-content\/uploads\/2023\/02\/4-1.svg\"><\/button><br \/>\n<br \/><a href=\"https:\/\/www.unoxonline.com.tr\/urun\/2-yollu-motorlu-oransal-kontrol-vanasi-33617\/\" target=\"_blank\" rel=\"noopener\">Place an Online Order<br \/><\/a><button style=\"background-color: #11224b; color: #ffffff; padding: 10px 15px; font-family: montserrat; font-weight: bold; font-size: 19px; border-radius: 10px;\">UNOX<\/button><\/p>\n","protected":false},"featured_media":41099,"comment_status":"open","ping_status":"closed","template":"","meta":{"_joinchat":[]},"product_brand":[],"product_cat":[1061,1062],"product_tag":[],"class_list":{"0":"post-36282","1":"product","2":"type-product","3":"status-publish","4":"has-post-thumbnail","6":"product_cat-control-valves","7":"product_cat-electric-motorized-control-valves","9":"first","10":"instock","11":"shipping-taxable","12":"product-type-simple"},"_links":{"self":[{"href":"https:\/\/unox.com.tr\/en\/wp-json\/wp\/v2\/product\/36282","targetHints":{"allow":["GET"]}}],"collection":[{"href":"https:\/\/unox.com.tr\/en\/wp-json\/wp\/v2\/product"}],"about":[{"href":"https:\/\/unox.com.tr\/en\/wp-json\/wp\/v2\/types\/product"}],"replies":[{"embeddable":true,"href":"https:\/\/unox.com.tr\/en\/wp-json\/wp\/v2\/comments?post=36282"}],"version-history":[{"count":2,"href":"https:\/\/unox.com.tr\/en\/wp-json\/wp\/v2\/product\/36282\/revisions"}],"predecessor-version":[{"id":68387,"href":"https:\/\/unox.com.tr\/en\/wp-json\/wp\/v2\/product\/36282\/revisions\/68387"}],"wp:featuredmedia":[{"embeddable":true,"href":"https:\/\/unox.com.tr\/en\/wp-json\/wp\/v2\/media\/41099"}],"wp:attachment":[{"href":"https:\/\/unox.com.tr\/en\/wp-json\/wp\/v2\/media?parent=36282"}],"wp:term":[{"taxonomy":"product_brand","embeddable":true,"href":"https:\/\/unox.com.tr\/en\/wp-json\/wp\/v2\/product_brand?post=36282"},{"taxonomy":"product_cat","embeddable":true,"href":"https:\/\/unox.com.tr\/en\/wp-json\/wp\/v2\/product_cat?post=36282"},{"taxonomy":"product_tag","embeddable":true,"href":"https:\/\/unox.com.tr\/en\/wp-json\/wp\/v2\/product_tag?post=36282"}],"curies":[{"name":"wp","href":"https:\/\/api.w.org\/{rel}","templated":true}]}}