{"id":36343,"date":"2020-09-17T12:51:14","date_gmt":"2020-09-17T12:51:14","guid":{"rendered":"https:\/\/www.unox.com.tr\/urun\/pneumatic-actuated-stainless-steel-ball-valve-double-acting-threaded\/"},"modified":"2026-01-05T15:42:39","modified_gmt":"2026-01-05T12:42:39","slug":"pneumatic-actuated-stainless-spherical-valve","status":"publish","type":"product","link":"https:\/\/unox.com.tr\/en\/pneumatic-actuated-stainless-spherical-valve\/","title":{"rendered":"Pneumatic Actuated Stainless Steel Ball Valve &#8211; Double Acting, Threaded"},"content":{"rendered":"<div id=\"ez-toc-container\" class=\"ez-toc-v2_0_83 counter-hierarchy ez-toc-counter ez-toc-grey ez-toc-container-direction\">\n<div class=\"ez-toc-title-container\">\n<p class=\"ez-toc-title\" style=\"cursor:inherit\">Sayfa \u0130\u00e7eri\u011fi<\/p>\n<span class=\"ez-toc-title-toggle\"><a href=\"#\" class=\"ez-toc-pull-right ez-toc-btn ez-toc-btn-xs ez-toc-btn-default ez-toc-toggle\" aria-label=\"Toggle Table of Content\"><span class=\"ez-toc-js-icon-con\"><span class=\"\"><span class=\"eztoc-hide\" style=\"display:none;\">Toggle<\/span><span class=\"ez-toc-icon-toggle-span\"><svg style=\"fill: #999;color:#999\" xmlns=\"http:\/\/www.w3.org\/2000\/svg\" class=\"list-377408\" width=\"20px\" height=\"20px\" viewBox=\"0 0 24 24\" fill=\"none\"><path d=\"M6 6H4v2h2V6zm14 0H8v2h12V6zM4 11h2v2H4v-2zm16 0H8v2h12v-2zM4 16h2v2H4v-2zm16 0H8v2h12v-2z\" fill=\"currentColor\"><\/path><\/svg><svg style=\"fill: #999;color:#999\" class=\"arrow-unsorted-368013\" xmlns=\"http:\/\/www.w3.org\/2000\/svg\" width=\"10px\" height=\"10px\" viewBox=\"0 0 24 24\" version=\"1.2\" baseProfile=\"tiny\"><path d=\"M18.2 9.3l-6.2-6.3-6.2 6.3c-.2.2-.3.4-.3.7s.1.5.3.7c.2.2.4.3.7.3h11c.3 0 .5-.1.7-.3.2-.2.3-.5.3-.7s-.1-.5-.3-.7zM5.8 14.7l6.2 6.3 6.2-6.3c.2-.2.3-.5.3-.7s-.1-.5-.3-.7c-.2-.2-.4-.3-.7-.3h-11c-.3 0-.5.1-.7.3-.2.2-.3.5-.3.7s.1.5.3.7z\"\/><\/svg><\/span><\/span><\/span><\/a><\/span><\/div>\n<nav><ul class='ez-toc-list ez-toc-list-level-1 ' ><li class='ez-toc-page-1 ez-toc-heading-level-2'><a class=\"ez-toc-link ez-toc-heading-1\" href=\"https:\/\/unox.com.tr\/en\/pneumatic-actuated-stainless-spherical-valve\/#What_is_Threaded_Ball_Valve_With_Pneumatic_Actuator\" >What is Threaded Ball Valve With Pneumatic Actuator?<\/a><ul class='ez-toc-list-level-3' ><li class='ez-toc-heading-level-3'><a class=\"ez-toc-link ez-toc-heading-2\" href=\"https:\/\/unox.com.tr\/en\/pneumatic-actuated-stainless-spherical-valve\/#Stainless_Steel_Threaded_Ball_Valve_With_Pneumatic_Actuator_Control_is_done_in_two_ways\" >Stainless Steel Threaded Ball Valve With Pneumatic Actuator Control is done in two ways:<\/a><\/li><li class='ez-toc-page-1 ez-toc-heading-level-3'><a class=\"ez-toc-link ez-toc-heading-3\" href=\"https:\/\/unox.com.tr\/en\/pneumatic-actuated-stainless-spherical-valve\/#Construction\" >Construction<\/a><\/li><\/ul><\/li><\/ul><\/nav><\/div>\n<h2><span class=\"ez-toc-section\" id=\"What_is_Threaded_Ball_Valve_With_Pneumatic_Actuator\"><\/span><span style=\"font-size: 22px;\">What is Threaded Ball Valve With Pneumatic Actuator?<\/span><span class=\"ez-toc-section-end\"><\/span><\/h2>\n<p>Threaded ball valve is used to control fluid flowing through a tube or pipe, using a mechanical gear system. Ball valves are generally used when performing operations on or off the fluid flowing through a pipe. Threaded ball valves are often used in large-scale plants to control the flow of industrial liquids and gases.<\/p>\n<p>Threaded ball valves are frequently used in industrial plants due to their various features. For example, it is ideal for controlling high-pressure liquid and gas flows and is often used in large-scale installations. In addition, threaded ball valves can operate in high temperatures or extreme cold conditions and are therefore often preferred in industrial plants.<\/p>\n<p>According to the connection diameters; Actuators ranging from 9 nm to 400 nm forces and optional auxiliary elements switch boxes and directional valves are used.<\/p>\n<p><strong>Our pneumatic actuators, force information and valve applications according to their codes are as follows:<\/strong><\/p>\n<ul>\n<li><strong>UDA 040 =<\/strong> 9 nm<\/li>\n<li><strong>UDA 052<\/strong> = 25 nm<\/li>\n<li><strong>UDA 063<\/strong> = 50 nm<\/li>\n<li><strong>UDA 083 =<\/strong> 94 nm<\/li>\n<li><strong>UDA 092 =<\/strong> 135 nm<\/li>\n<li><strong>UDA 105 =<\/strong> 270 nm<\/li>\n<li><strong>UDA 125 =<\/strong> 400 nm<\/li>\n<\/ul>\n<h3><span class=\"ez-toc-section\" id=\"Stainless_Steel_Threaded_Ball_Valve_With_Pneumatic_Actuator_Control_is_done_in_two_ways\"><\/span><span style=\"font-size: 12pt;\">Stainless Steel Threaded Ball Valve With Pneumatic Actuator Control is done in two ways:<\/span><span class=\"ez-toc-section-end\"><\/span><\/h3>\n<ol>\n<li>On-Off control<\/li>\n<li>Proportional control<\/li>\n<\/ol>\n<h3><span class=\"ez-toc-section\" id=\"Construction\"><\/span><span style=\"font-size: 20px;\">Construction<\/span><span class=\"ez-toc-section-end\"><\/span><\/h3>\n<ul>\n<li>Aluminum Extrusion, internal and external corrosion resistant, long life and cylinder surface obtained with a very sensitive process technique for low coefficient of friction<\/li>\n<li>Symmetrical and easy mounting position; compact pistons made of special aluminum alloy, which provides fast operation and at the same time allows the pistons to work in the opposite direction by simply replacing them.<\/li>\n<li>A symmetrical, corrosion-resistant high quality steel pinion that allows mounting at 45\u00b0- 90\u00b0 angles, if desired, and also works in harmony with the piston stroke in every angle mounting.<\/li>\n<li>Bearing elements made of industrial hard plastic, which enable opening and closing in the shortest time, low friction coefficient, minimizing wear on friction surfaces.<\/li>\n<li>Module gears opened in precision machinery with a special process technique that will work silently, harmoniously, with maximum efficiency to the piston and pinion.<\/li>\n<li>Long-term corrosion-resistant stainless steel fasteners.<\/li>\n<li>Full compliance with the latest specifications. In order to easily assemble and disassemble solenoids, limit switches and other accessories and to exchange products with each other; It complies with ISI 5211, DIN 3337 and VDI\/VDE 3845NAMUR standards and norms.<\/li>\n<\/ul>\n","protected":false},"excerpt":{"rendered":"<p><a href=\"https:\/\/unox.com.tr\/wp-content\/uploads\/2022\/12\/PNOMATIK-AKTUATORLU-DISLI-KURESEL-VANA.pdf\" target=\"_blank\" rel=\"noopener\"><button style=\"background-color: #11224b; color: #ffffff; padding: 10px 15px; font-family: montserrat; font-weight: bold; font-size: 19px; border-radius: 10px;\"><img decoding=\"async\" style=\"width: 25px; height: 25px;\" src=\"https:\/\/unox.com.tr\/wp-content\/uploads\/2023\/02\/pdf-1.png\">PRODUCT CATALOGUE<\/button><\/a> <button style=\"background-color: #11224b; margin-top: 5px; color: white; padding: 0px 15px; width: 150px; height: 55px; border-radius: 10px; border: none; cursor: pointer;\"> <img decoding=\"async\" style=\"width: 120px; height: 30px;\" src=\"https:\/\/unox.com.tr\/wp-content\/uploads\/2023\/02\/4-1.svg\"><\/button><\/p>\n<p><a href=\"https:\/\/www.unoxonline.com.tr\/urun\/cift-etkili-pnomatik-aktuatorlu-paslanmaz-disli-vana-3-parcali\/\" target=\"_blank\" rel=\"noopener\"><button style=\"background-color: #11224b; color: #ffffff; padding: 10px 15px; font-family: montserrat; font-weight: bold; font-size: 19px; border-radius: 10px;\">Place an Online Order<\/button><\/a><\/p>\n","protected":false},"featured_media":69985,"comment_status":"closed","ping_status":"closed","template":"","meta":[],"product_brand":[],"product_cat":[1115,1116,1114],"product_tag":[],"class_list":{"0":"post-36343","1":"product","2":"type-product","3":"status-publish","4":"has-post-thumbnail","6":"product_cat-pneumatic-actuated-valves","7":"product_cat-actuator-valves","8":"product_cat-pneumatic-valves","10":"first","11":"instock","12":"shipping-taxable","13":"product-type-simple"},"_links":{"self":[{"href":"https:\/\/unox.com.tr\/en\/wp-json\/wp\/v2\/product\/36343","targetHints":{"allow":["GET"]}}],"collection":[{"href":"https:\/\/unox.com.tr\/en\/wp-json\/wp\/v2\/product"}],"about":[{"href":"https:\/\/unox.com.tr\/en\/wp-json\/wp\/v2\/types\/product"}],"replies":[{"embeddable":true,"href":"https:\/\/unox.com.tr\/en\/wp-json\/wp\/v2\/comments?post=36343"}],"version-history":[{"count":1,"href":"https:\/\/unox.com.tr\/en\/wp-json\/wp\/v2\/product\/36343\/revisions"}],"predecessor-version":[{"id":68267,"href":"https:\/\/unox.com.tr\/en\/wp-json\/wp\/v2\/product\/36343\/revisions\/68267"}],"wp:featuredmedia":[{"embeddable":true,"href":"https:\/\/unox.com.tr\/en\/wp-json\/wp\/v2\/media\/69985"}],"wp:attachment":[{"href":"https:\/\/unox.com.tr\/en\/wp-json\/wp\/v2\/media?parent=36343"}],"wp:term":[{"taxonomy":"product_brand","embeddable":true,"href":"https:\/\/unox.com.tr\/en\/wp-json\/wp\/v2\/product_brand?post=36343"},{"taxonomy":"product_cat","embeddable":true,"href":"https:\/\/unox.com.tr\/en\/wp-json\/wp\/v2\/product_cat?post=36343"},{"taxonomy":"product_tag","embeddable":true,"href":"https:\/\/unox.com.tr\/en\/wp-json\/wp\/v2\/product_tag?post=36343"}],"curies":[{"name":"wp","href":"https:\/\/api.w.org\/{rel}","templated":true}]}}