{"id":36352,"date":"2020-09-17T05:58:22","date_gmt":"2020-09-17T05:58:22","guid":{"rendered":"https:\/\/www.unox.com.tr\/urun\/electric-actuated-u-pvc-ball-valve\/"},"modified":"2025-12-30T14:08:32","modified_gmt":"2025-12-30T11:08:32","slug":"electrically-actuated-u-pvc-ball-valve","status":"publish","type":"product","link":"https:\/\/unox.com.tr\/en\/electrically-actuated-u-pvc-ball-valve\/","title":{"rendered":"U-PVC Ball Valve With Electric Actuator"},"content":{"rendered":"<p class=\"p1\">The electrically actuated U-PVC ball valve is among the indispensable components of modern automation systems. This valve automatically controls fluids by means of an internal electric motor. With its U-PVC body, it offers superior resistance to chemicals. In addition, the electrically driven actuator provides remote control capability. Thus, systems can be managed without the need for manual intervention. These valves are particularly preferred in <a href=\"https:\/\/unox.com.tr\/en\/?attachment_id=40788\">water treatment applications.<\/a>     <\/p>\n<p class=\"p1\">The opening within the ball valve body is opened and closed by electric actuation. In this way, fluid flow is controlled in the desired direction. Thanks to the valve\u2019s ball-type design, a high level of sealing is achieved, minimizing fluid loss. At the same time, this system provides long service life and reliable performance. This is one of the main reasons it is especially preferred in <a href=\"https:\/\/unox.com.tr\/\">chemical processing<\/a> facilities.     <\/p>\n<div id=\"ez-toc-container\" class=\"ez-toc-v2_0_82_2 counter-hierarchy ez-toc-counter ez-toc-grey ez-toc-container-direction\">\n<div class=\"ez-toc-title-container\">\n<p class=\"ez-toc-title\" style=\"cursor:inherit\">Sayfa \u0130\u00e7eri\u011fi<\/p>\n<span class=\"ez-toc-title-toggle\"><a href=\"#\" class=\"ez-toc-pull-right ez-toc-btn ez-toc-btn-xs ez-toc-btn-default ez-toc-toggle\" aria-label=\"Toggle Table of Content\"><span class=\"ez-toc-js-icon-con\"><span class=\"\"><span class=\"eztoc-hide\" style=\"display:none;\">Toggle<\/span><span class=\"ez-toc-icon-toggle-span\"><svg style=\"fill: #999;color:#999\" xmlns=\"http:\/\/www.w3.org\/2000\/svg\" class=\"list-377408\" width=\"20px\" height=\"20px\" viewBox=\"0 0 24 24\" fill=\"none\"><path d=\"M6 6H4v2h2V6zm14 0H8v2h12V6zM4 11h2v2H4v-2zm16 0H8v2h12v-2zM4 16h2v2H4v-2zm16 0H8v2h12v-2z\" fill=\"currentColor\"><\/path><\/svg><svg style=\"fill: #999;color:#999\" class=\"arrow-unsorted-368013\" xmlns=\"http:\/\/www.w3.org\/2000\/svg\" width=\"10px\" height=\"10px\" viewBox=\"0 0 24 24\" version=\"1.2\" baseProfile=\"tiny\"><path d=\"M18.2 9.3l-6.2-6.3-6.2 6.3c-.2.2-.3.4-.3.7s.1.5.3.7c.2.2.4.3.7.3h11c.3 0 .5-.1.7-.3.2-.2.3-.5.3-.7s-.1-.5-.3-.7zM5.8 14.7l6.2 6.3 6.2-6.3c.2-.2.3-.5.3-.7s-.1-.5-.3-.7c-.2-.2-.4-.3-.7-.3h-11c-.3 0-.5.1-.7.3-.2.2-.3.5-.3.7s.1.5.3.7z\"\/><\/svg><\/span><\/span><\/span><\/a><\/span><\/div>\n<nav><ul class='ez-toc-list ez-toc-list-level-1 ' ><li class='ez-toc-page-1 ez-toc-heading-level-3'><a class=\"ez-toc-link ez-toc-heading-1\" href=\"https:\/\/unox.com.tr\/en\/electrically-actuated-u-pvc-ball-valve\/#How_Does_Electric_Actuated_U-PVC_Ball_Valve_Work\" >How Does Electric Actuated U-PVC Ball Valve Work?<\/a><\/li><li class='ez-toc-page-1 ez-toc-heading-level-3'><a class=\"ez-toc-link ez-toc-heading-2\" href=\"https:\/\/unox.com.tr\/en\/electrically-actuated-u-pvc-ball-valve\/#Usage_Areas\" >Usage Areas<\/a><\/li><li class='ez-toc-page-1 ez-toc-heading-level-3'><a class=\"ez-toc-link ez-toc-heading-3\" href=\"https:\/\/unox.com.tr\/en\/electrically-actuated-u-pvc-ball-valve\/#Technical_Specifications_and_Advantages\" >Technical Specifications and Advantages<\/a><\/li><\/ul><\/nav><\/div>\n<h3><span class=\"ez-toc-section\" id=\"How_Does_Electric_Actuated_U-PVC_Ball_Valve_Work\"><\/span><b>How Does Electric Actuated U-PVC Ball Valve Work?<\/b><span class=\"ez-toc-section-end\"><\/span><\/h3>\n<p class=\"p1\">The electric motor changes the flow direction by rotating the ball inside the valve. This operation is carried out fully automatically. When the bore is aligned with the flow direction, fluid passes through; when the ball is rotated, the bore is closed and the flow is stopped. This movement is completed within just a few seconds, ensuring a fast system response. In addition,<a href=\"https:\/\/unox.com.tr\/elektrik-aktuatorlu-2-parcali-disli-kuresel-vana\/\"> two-way models<\/a> provide compatibility with a wide range of applications.      <\/p>\n<p class=\"p1\">The electric motor operates at low voltage, providing energy efficiency. At the same time, these systems can be controlled remotely via a PLC. This ensures savings in both time and labor. In addition, installation and maintenance procedures are quite simple.   <\/p>\n<h3><span class=\"ez-toc-section\" id=\"Usage_Areas\"><\/span><b>Usage Areas<\/b><span class=\"ez-toc-section-end\"><\/span><\/h3>\n<p class=\"p1\">The electrically actuated U-PVC ball valve has a very wide range of applications. It is most commonly used in <a href=\"https:\/\/unox.com.tr\/3-yollu-elektrik-aktuatorlu-kuresel-vana\/\">water treatment plants.<\/a> Thanks to its chemical resistance, it withstands substances such as acids and bases, providing a significant advantage for chemical manufacturing facilities.   <\/p>\n<p class=\"p1\">In addition, air and water flow are safely controlled in HVAC systems. In agricultural irrigation systems, precise water control is achieved. At the same time, hygienic flow control is provided in the food and beverage industry. Beyond these applications, it is also widely used in <a href=\"https:\/\/unox.com.tr\/en\/?attachment_id=40796\">plastic piping systems<\/a>   <\/p>\n<h3><span class=\"ez-toc-section\" id=\"Technical_Specifications_and_Advantages\"><\/span><b>Technical Specifications and Advantages<\/b><span class=\"ez-toc-section-end\"><\/span><\/h3>\n<p class=\"p1\">Since these valves are manufactured from U-PVC material, they exhibit high chemical resistance. The electric motor is available in 24V DC or 220V AC options. In addition, they feature an IP65 protection class and can be safely used in outdoor environments. The body design provides maximum sealing performance, and high-quality seals are used to ensure long service life.    <\/p>\n<p class=\"p1\">These products developed by <a href=\"https:\/\/unox.com.tr\/\">Unox are tested in accordance<\/a> with ISO standards. As a result, high levels of safety and efficiency are achieved in system operations. At the same time, maintenance costs are kept to a minimum.  <\/p>\n<div id=\"attachment_64637\" style=\"width: 310px\" class=\"wp-caption alignnone\"><img decoding=\"async\" aria-describedby=\"caption-attachment-64637\" class=\"size-medium wp-image-25354\" src=\"https:\/\/unox.com.tr\/wp-content\/themes\/woodmart\/images\/lazy.svg\" data-src=\"https:\/\/unox.com.tr\/wp-content\/uploads\/2020\/09\/Elektrik-Aktuatorlu-U-PVC-Kuresel-Vana-300x300.jpg\" alt=\"U-PVC Ball Valve With Electric Actuator\" width=\"300\" height=\"300\" title=\"\" srcset=\"\" data-srcset=\"https:\/\/unox.com.tr\/wp-content\/uploads\/2020\/09\/Elektrik-Aktuatorlu-U-PVC-Kuresel-Vana-300x300.jpg 300w, https:\/\/unox.com.tr\/wp-content\/uploads\/2020\/09\/Elektrik-Aktuatorlu-U-PVC-Kuresel-Vana-150x150.jpg 150w, https:\/\/unox.com.tr\/wp-content\/uploads\/2020\/09\/Elektrik-Aktuatorlu-U-PVC-Kuresel-Vana-400x400.jpg 400w, https:\/\/unox.com.tr\/wp-content\/uploads\/2020\/09\/Elektrik-Aktuatorlu-U-PVC-Kuresel-Vana-560x560.jpg 560w, https:\/\/unox.com.tr\/wp-content\/uploads\/2020\/09\/Elektrik-Aktuatorlu-U-PVC-Kuresel-Vana-367x367.jpg 367w, https:\/\/unox.com.tr\/wp-content\/uploads\/2020\/09\/Elektrik-Aktuatorlu-U-PVC-Kuresel-Vana-85x85.jpg 85w, https:\/\/unox.com.tr\/wp-content\/uploads\/2020\/09\/Elektrik-Aktuatorlu-U-PVC-Kuresel-Vana-32x32.jpg 32w, https:\/\/unox.com.tr\/wp-content\/uploads\/2020\/09\/Elektrik-Aktuatorlu-U-PVC-Kuresel-Vana.jpg 600w\" sizes=\"(max-width: 300px) 100vw, 300px\" \/><p id=\"caption-attachment-64637\" class=\"wp-caption-text\">Electric Actuator<\/p><\/div>\n","protected":false},"excerpt":{"rendered":"<p><a href=\"https:\/\/unox.com.tr\/wp-content\/uploads\/2022\/12\/ELEKTRIK-AKTUATORLU-U-PVC-KURESEL-VANA.pdf\" target=\"_blank\" rel=\"noopener\"><button style=\"background-color: #11224b; color: #ffffff; padding: 10px 15px; font-family: montserrat; font-weight: bold; font-size: 19px; border-radius: 10px;\"><img decoding=\"async\" style=\"width: 25px; height: 25px;\" src=\"https:\/\/unox.com.tr\/wp-content\/uploads\/2023\/02\/pdf-1.png\">PRODUCT CATALOGUE<\/button><\/a><\/p>\n<p><button style=\"background-color: #11224b; margin-top: 5px; color: white; padding: 0px 15px; width: 150px; height: 55px; border-radius: 10px; border: none; cursor: pointer;\"><br \/>\n<img decoding=\"async\" style=\"width: 120px; height: 30px;\" src=\"https:\/\/unox.com.tr\/wp-content\/uploads\/2023\/02\/4-1.svg\"><\/button><\/p>\n","protected":false},"featured_media":70114,"comment_status":"closed","ping_status":"closed","template":"","meta":[],"product_brand":[],"product_cat":[1014,1116,1003],"product_tag":[],"class_list":{"0":"post-36352","1":"product","2":"type-product","3":"status-publish","4":"has-post-thumbnail","6":"product_cat-electric-actuated-valves","7":"product_cat-actuator-valves","8":"product_cat-electric-valves","10":"first","11":"instock","12":"shipping-taxable","13":"product-type-simple"},"_links":{"self":[{"href":"https:\/\/unox.com.tr\/en\/wp-json\/wp\/v2\/product\/36352","targetHints":{"allow":["GET"]}}],"collection":[{"href":"https:\/\/unox.com.tr\/en\/wp-json\/wp\/v2\/product"}],"about":[{"href":"https:\/\/unox.com.tr\/en\/wp-json\/wp\/v2\/types\/product"}],"replies":[{"embeddable":true,"href":"https:\/\/unox.com.tr\/en\/wp-json\/wp\/v2\/comments?post=36352"}],"version-history":[{"count":1,"href":"https:\/\/unox.com.tr\/en\/wp-json\/wp\/v2\/product\/36352\/revisions"}],"predecessor-version":[{"id":68226,"href":"https:\/\/unox.com.tr\/en\/wp-json\/wp\/v2\/product\/36352\/revisions\/68226"}],"wp:featuredmedia":[{"embeddable":true,"href":"https:\/\/unox.com.tr\/en\/wp-json\/wp\/v2\/media\/70114"}],"wp:attachment":[{"href":"https:\/\/unox.com.tr\/en\/wp-json\/wp\/v2\/media?parent=36352"}],"wp:term":[{"taxonomy":"product_brand","embeddable":true,"href":"https:\/\/unox.com.tr\/en\/wp-json\/wp\/v2\/product_brand?post=36352"},{"taxonomy":"product_cat","embeddable":true,"href":"https:\/\/unox.com.tr\/en\/wp-json\/wp\/v2\/product_cat?post=36352"},{"taxonomy":"product_tag","embeddable":true,"href":"https:\/\/unox.com.tr\/en\/wp-json\/wp\/v2\/product_tag?post=36352"}],"curies":[{"name":"wp","href":"https:\/\/api.w.org\/{rel}","templated":true}]}}