{"id":36433,"date":"2021-08-09T11:37:22","date_gmt":"2021-08-09T11:37:22","guid":{"rendered":"https:\/\/www.unox.com.tr\/urun\/ex-proof-electric-actuator\/"},"modified":"2026-01-07T12:27:49","modified_gmt":"2026-01-07T09:27:49","slug":"ex-proof-electric-actuator","status":"publish","type":"product","link":"https:\/\/unox.com.tr\/en\/ex-proof-electric-actuator\/","title":{"rendered":"Ex-proof Electric Actuator"},"content":{"rendered":"<p class=\"p1\">The Ex-proof electric actuator is specially designed to provide safe control in environments containing hazardous and explosive gases. This device is used for reliable valve operation in areas with a risk of explosion. Operated by an electric motor, the actuator is built to minimize contact with the external environment. It is equipped with specially designed housings for explosion protection and flameproof components.   <\/p>\n<p class=\"p1\">Ex-proof actuators developed by UNOX are fully compliant with international safety standards such as ATEX and IECEx. This allows them to be safely used in industrial facilities where gas or dust explosions are possible. They provide maximum safety in situations with spark generation risk, protecting both personnel and equipment.  <\/p>\n<div id=\"ez-toc-container\" class=\"ez-toc-v2_0_82_2 counter-hierarchy ez-toc-counter ez-toc-grey ez-toc-container-direction\">\n<div class=\"ez-toc-title-container\">\n<p class=\"ez-toc-title\" style=\"cursor:inherit\">Sayfa \u0130\u00e7eri\u011fi<\/p>\n<span class=\"ez-toc-title-toggle\"><a href=\"#\" class=\"ez-toc-pull-right ez-toc-btn ez-toc-btn-xs ez-toc-btn-default ez-toc-toggle\" aria-label=\"Toggle Table of Content\"><span class=\"ez-toc-js-icon-con\"><span class=\"\"><span class=\"eztoc-hide\" style=\"display:none;\">Toggle<\/span><span class=\"ez-toc-icon-toggle-span\"><svg style=\"fill: #999;color:#999\" xmlns=\"http:\/\/www.w3.org\/2000\/svg\" class=\"list-377408\" width=\"20px\" height=\"20px\" viewBox=\"0 0 24 24\" fill=\"none\"><path d=\"M6 6H4v2h2V6zm14 0H8v2h12V6zM4 11h2v2H4v-2zm16 0H8v2h12v-2zM4 16h2v2H4v-2zm16 0H8v2h12v-2z\" fill=\"currentColor\"><\/path><\/svg><svg style=\"fill: #999;color:#999\" class=\"arrow-unsorted-368013\" xmlns=\"http:\/\/www.w3.org\/2000\/svg\" width=\"10px\" height=\"10px\" viewBox=\"0 0 24 24\" version=\"1.2\" baseProfile=\"tiny\"><path d=\"M18.2 9.3l-6.2-6.3-6.2 6.3c-.2.2-.3.4-.3.7s.1.5.3.7c.2.2.4.3.7.3h11c.3 0 .5-.1.7-.3.2-.2.3-.5.3-.7s-.1-.5-.3-.7zM5.8 14.7l6.2 6.3 6.2-6.3c.2-.2.3-.5.3-.7s-.1-.5-.3-.7c-.2-.2-.4-.3-.7-.3h-11c-.3 0-.5.1-.7.3-.2.2-.3.5-.3.7s.1.5.3.7z\"\/><\/svg><\/span><\/span><\/span><\/a><\/span><\/div>\n<nav><ul class='ez-toc-list ez-toc-list-level-1 ' ><li class='ez-toc-page-1 ez-toc-heading-level-3'><a class=\"ez-toc-link ez-toc-heading-1\" href=\"https:\/\/unox.com.tr\/en\/ex-proof-electric-actuator\/#Where_is_Ex-proof_Electric_Actuator_Used\" >Where is Ex-proof Electric Actuator Used?<\/a><\/li><li class='ez-toc-page-1 ez-toc-heading-level-3'><a class=\"ez-toc-link ez-toc-heading-2\" href=\"https:\/\/unox.com.tr\/en\/ex-proof-electric-actuator\/#General_Structural_Features\" >General Structural Features<\/a><\/li><li class='ez-toc-page-1 ez-toc-heading-level-3'><a class=\"ez-toc-link ez-toc-heading-3\" href=\"https:\/\/unox.com.tr\/en\/ex-proof-electric-actuator\/#Torque_Setting\" >Torque Setting<\/a><\/li><li class='ez-toc-page-1 ez-toc-heading-level-3'><a class=\"ez-toc-link ez-toc-heading-4\" href=\"https:\/\/unox.com.tr\/en\/ex-proof-electric-actuator\/#Ex-proof_Electric_Actuator_Product_Features\" >Ex-proof Electric Actuator Product Features<\/a><\/li><\/ul><\/nav><\/div>\n<h3><span class=\"ez-toc-section\" id=\"Where_is_Ex-proof_Electric_Actuator_Used\"><\/span><b>Where is Ex-proof Electric Actuator Used?<\/b><span class=\"ez-toc-section-end\"><\/span><\/h3>\n<p class=\"p1\">The Ex-proof electric actuator is widely used, especially in petroleum and natural gas refineries. It is also preferred in chemical processing plants, in environments containing solvents and volatile liquids. Additionally, it is employed in pharmaceutical production areas for flow control systems that require high precision and safety.  <\/p>\n<p class=\"p1\">It also provides effective solutions in dust-prone environments with explosion risk. It is actively used in hazardous areas such as mines, paint factories, tank farms, and explosive storage facilities. UNOX Ex-proof actuators are compatible with both butterfly and ball valves.  <\/p>\n<h3><span class=\"ez-toc-section\" id=\"General_Structural_Features\"><\/span><b>General Structural Features<\/b><span class=\"ez-toc-section-end\"><\/span><\/h3>\n<p class=\"p1\">Ex-proof electric actuators deliver high-torque performance with a robust three-phase motor. Maximum safety is ensured through torque control, stroke adjustment, open-close indicators, a manual override lever, and sealed electrical connection points. <\/p>\n<p class=\"p1\">Models are available in 24V DC and 220V AC versions, offering different torque levels according to system requirements. A manual control wheel allows for intervention by hand in case of a power outage. <\/p>\n<h3><span class=\"ez-toc-section\" id=\"Torque_Setting\"><\/span><b>Torque Setting<\/b><span class=\"ez-toc-section-end\"><\/span><\/h3>\n<p class=\"p1\">All models feature a mechanically adjustable torque mechanism. Although this mechanism is preset at the factory for optimal operating conditions, it can be manually readjusted by the user if necessary. <\/p>\n<h3><span class=\"ez-toc-section\" id=\"Ex-proof_Electric_Actuator_Product_Features\"><\/span><b>Ex-proof Electric Actuator Product Features<\/b><span class=\"ez-toc-section-end\"><\/span><\/h3>\n<ul>\n<li>\n<p class=\"p1\">Housing: High-strength cast construction<\/p>\n<\/li>\n<li>\n<p class=\"p1\">Protection Rating: IP68<\/p>\n<\/li>\n<li>\n<p class=\"p1\">Operating Temperature: -10\u00b0C to +80\u00b0C<\/p>\n<\/li>\n<li>\n<p class=\"p1\">Connection: ISO 5211 standard<\/p>\n<\/li>\n<li>\n<p class=\"p1\">Electrical Connection: 1\/2\u201d Waterproof Connector<\/p>\n<\/li>\n<li>\n<p class=\"p1\">Operating Time: Approximately 8\u201310 seconds<\/p>\n<\/li>\n<\/ul>\n<p class=\"p1\"><a href=\"https:\/\/unox.com.tr\/en\/actuators\/\">Ex-proof electric actuators<\/a> developed by UNOX provide both high performance and complete safety in explosive environments. You can explore our <a href=\"https:\/\/www.unoxonline.com.tr\/urun-kategori\/aktuator\/\" rel=\"nofollow noopener\" target=\"_blank\">actuator category<\/a> for other product options. <\/p>\n<div id=\"attachment_26119\" style=\"width: 310px\" class=\"wp-caption alignnone\"><img decoding=\"async\" aria-describedby=\"caption-attachment-26119\" class=\"size-medium wp-image-7142\" src=\"https:\/\/unox.com.tr\/wp-content\/themes\/woodmart\/images\/lazy.svg\" data-src=\"https:\/\/unox.com.tr\/wp-content\/uploads\/2021\/06\/Untitled-1-300x300.jpg\" alt=\"Ex-proof Electric Actuator\" width=\"300\" height=\"300\" title=\"\" srcset=\"\" data-srcset=\"https:\/\/unox.com.tr\/wp-content\/uploads\/2021\/06\/Untitled-1-300x300.jpg 300w, https:\/\/unox.com.tr\/wp-content\/uploads\/2021\/06\/Untitled-1-150x150.jpg 150w, https:\/\/unox.com.tr\/wp-content\/uploads\/2021\/06\/Untitled-1-400x400.jpg 400w, https:\/\/unox.com.tr\/wp-content\/uploads\/2021\/06\/Untitled-1-560x560.jpg 560w, https:\/\/unox.com.tr\/wp-content\/uploads\/2021\/06\/Untitled-1-367x367.jpg 367w, https:\/\/unox.com.tr\/wp-content\/uploads\/2021\/06\/Untitled-1-85x85.jpg 85w, https:\/\/unox.com.tr\/wp-content\/uploads\/2021\/06\/Untitled-1-32x32.jpg 32w, https:\/\/unox.com.tr\/wp-content\/uploads\/2021\/06\/Untitled-1.jpg 600w\" sizes=\"(max-width: 300px) 100vw, 300px\" \/><p id=\"caption-attachment-26119\" class=\"wp-caption-text\">Ex-proof Electric Actuator<\/p><\/div>\n","protected":false},"excerpt":{"rendered":"<p><a href=\"https:\/\/unox.com.tr\/wp-content\/uploads\/2023\/05\/e-ukst-serisi-unox-ex-proof-elektrikli-aktuator.pdf\" target=\"_blank\" rel=\"noopener\"><button style=\"background-color: #11224b; color: #ffffff; padding: 10px 15px; font-family: montserrat; font-weight: bold; font-size: 19px; border-radius: 10px;\"><img decoding=\"async\" style=\"width: 25px; height: 25px;\" src=\"https:\/\/unox.com.tr\/wp-content\/uploads\/2023\/02\/pdf-1.png\">PRODUCT CATALOGUE<\/button><\/a><\/p>\n<p><button style=\"background-color: #11224b; margin-top: 5px; color: white; padding: 0px 15px; width: 150px; height: 55px; border-radius: 10px; border: none; cursor: pointer;\"><br \/>\n<img decoding=\"async\" style=\"width: 120px; height: 30px;\" src=\"https:\/\/unox.com.tr\/wp-content\/uploads\/2023\/02\/4-1.svg\"><\/button><\/p>\n","protected":false},"featured_media":26119,"comment_status":"open","ping_status":"closed","template":"","meta":[],"product_brand":[],"product_cat":[1009,1437],"product_tag":[],"class_list":{"0":"post-36433","1":"product","2":"type-product","3":"status-publish","4":"has-post-thumbnail","6":"product_cat-electric-actuators","7":"product_cat-actuators","9":"first","10":"instock","11":"shipping-taxable","12":"product-type-simple"},"_links":{"self":[{"href":"https:\/\/unox.com.tr\/en\/wp-json\/wp\/v2\/product\/36433","targetHints":{"allow":["GET"]}}],"collection":[{"href":"https:\/\/unox.com.tr\/en\/wp-json\/wp\/v2\/product"}],"about":[{"href":"https:\/\/unox.com.tr\/en\/wp-json\/wp\/v2\/types\/product"}],"replies":[{"embeddable":true,"href":"https:\/\/unox.com.tr\/en\/wp-json\/wp\/v2\/comments?post=36433"}],"version-history":[{"count":1,"href":"https:\/\/unox.com.tr\/en\/wp-json\/wp\/v2\/product\/36433\/revisions"}],"predecessor-version":[{"id":68354,"href":"https:\/\/unox.com.tr\/en\/wp-json\/wp\/v2\/product\/36433\/revisions\/68354"}],"wp:featuredmedia":[{"embeddable":true,"href":"https:\/\/unox.com.tr\/en\/wp-json\/wp\/v2\/media\/26119"}],"wp:attachment":[{"href":"https:\/\/unox.com.tr\/en\/wp-json\/wp\/v2\/media?parent=36433"}],"wp:term":[{"taxonomy":"product_brand","embeddable":true,"href":"https:\/\/unox.com.tr\/en\/wp-json\/wp\/v2\/product_brand?post=36433"},{"taxonomy":"product_cat","embeddable":true,"href":"https:\/\/unox.com.tr\/en\/wp-json\/wp\/v2\/product_cat?post=36433"},{"taxonomy":"product_tag","embeddable":true,"href":"https:\/\/unox.com.tr\/en\/wp-json\/wp\/v2\/product_tag?post=36433"}],"curies":[{"name":"wp","href":"https:\/\/api.w.org\/{rel}","templated":true}]}}