{"id":36451,"date":"2022-11-25T06:27:41","date_gmt":"2022-11-25T06:27:41","guid":{"rendered":"https:\/\/www.unox.com.tr\/urun\/electric-actuated-u-pvc-set-butterfly-valve\/"},"modified":"2026-01-08T11:07:58","modified_gmt":"2026-01-08T08:07:58","slug":"electric-actuated-u-pvc-kit-butterfly-valve","status":"publish","type":"product","link":"https:\/\/unox.com.tr\/en\/electric-actuated-u-pvc-kit-butterfly-valve\/","title":{"rendered":"Electric Actuated U-PVC Set Butterfly Valve"},"content":{"rendered":"<p class=\"p1\">The Electric Actuated U-PVC Wafer Butterfly Valve is an automation valve designed to control flow in low- and medium-pressure lines. In these systems, the disc-shaped butterfly component is rotated by an electric motor to either stop or allow flow. Models offered by <a href=\"https:\/\/unox.com.tr\/\">Unox <\/a>are particularly ideal for businesses seeking chemical resistance, lightweight construction, and an economical solution. However, for the system to operate correctly, the torque compatibility between the actuator and the valve body must be ensured. Therefore, it is recommended to compare it with products such as the <a href=\"https:\/\/unox.com.tr\/en\/?attachment_id=40804\">Electric Actuated Flanged Ball Valve.<\/a>   <\/p>\n<div id=\"ez-toc-container\" class=\"ez-toc-v2_0_83 counter-hierarchy ez-toc-counter ez-toc-grey ez-toc-container-direction\">\n<div class=\"ez-toc-title-container\">\n<p class=\"ez-toc-title\" style=\"cursor:inherit\">Sayfa \u0130\u00e7eri\u011fi<\/p>\n<span class=\"ez-toc-title-toggle\"><a href=\"#\" class=\"ez-toc-pull-right ez-toc-btn ez-toc-btn-xs ez-toc-btn-default ez-toc-toggle\" aria-label=\"Toggle Table of Content\"><span class=\"ez-toc-js-icon-con\"><span class=\"\"><span class=\"eztoc-hide\" style=\"display:none;\">Toggle<\/span><span class=\"ez-toc-icon-toggle-span\"><svg style=\"fill: #999;color:#999\" xmlns=\"http:\/\/www.w3.org\/2000\/svg\" class=\"list-377408\" width=\"20px\" height=\"20px\" viewBox=\"0 0 24 24\" fill=\"none\"><path d=\"M6 6H4v2h2V6zm14 0H8v2h12V6zM4 11h2v2H4v-2zm16 0H8v2h12v-2zM4 16h2v2H4v-2zm16 0H8v2h12v-2z\" fill=\"currentColor\"><\/path><\/svg><svg style=\"fill: #999;color:#999\" class=\"arrow-unsorted-368013\" xmlns=\"http:\/\/www.w3.org\/2000\/svg\" width=\"10px\" height=\"10px\" viewBox=\"0 0 24 24\" version=\"1.2\" baseProfile=\"tiny\"><path d=\"M18.2 9.3l-6.2-6.3-6.2 6.3c-.2.2-.3.4-.3.7s.1.5.3.7c.2.2.4.3.7.3h11c.3 0 .5-.1.7-.3.2-.2.3-.5.3-.7s-.1-.5-.3-.7zM5.8 14.7l6.2 6.3 6.2-6.3c.2-.2.3-.5.3-.7s-.1-.5-.3-.7c-.2-.2-.4-.3-.7-.3h-11c-.3 0-.5.1-.7.3-.2.2-.3.5-.3.7s.1.5.3.7z\"\/><\/svg><\/span><\/span><\/span><\/a><\/span><\/div>\n<nav><ul class='ez-toc-list ez-toc-list-level-1 ' ><li class='ez-toc-page-1 ez-toc-heading-level-3'><a class=\"ez-toc-link ez-toc-heading-1\" href=\"https:\/\/unox.com.tr\/en\/electric-actuated-u-pvc-kit-butterfly-valve\/#Durability_Provided_by_U-PVC_Material\" >Durability Provided by U-PVC Material<\/a><\/li><li class='ez-toc-page-1 ez-toc-heading-level-3'><a class=\"ez-toc-link ez-toc-heading-2\" href=\"https:\/\/unox.com.tr\/en\/electric-actuated-u-pvc-kit-butterfly-valve\/#Its_Applications_Are_Very_Wide\" >Its Applications Are Very Wide<\/a><\/li><li class='ez-toc-page-1 ez-toc-heading-level-3'><a class=\"ez-toc-link ez-toc-heading-3\" href=\"https:\/\/unox.com.tr\/en\/electric-actuated-u-pvc-kit-butterfly-valve\/#Energy_Efficiency_and_Control_Flexibility\" >Energy Efficiency and Control Flexibility<\/a><\/li><li class='ez-toc-page-1 ez-toc-heading-level-3'><a class=\"ez-toc-link ez-toc-heading-4\" href=\"https:\/\/unox.com.tr\/en\/electric-actuated-u-pvc-kit-butterfly-valve\/#Compliance_with_Standards_and_Modular_Design\" >Compliance with Standards and Modular Design<\/a><\/li><\/ul><\/nav><\/div>\n<h3><span class=\"ez-toc-section\" id=\"Durability_Provided_by_U-PVC_Material\"><\/span><b>Durability Provided by U-PVC Material<\/b><span class=\"ez-toc-section-end\"><\/span><\/h3>\n<p class=\"p1\">U-PVC (unplasticized polyvinyl chloride) material provides high resistance to chemical effects. It can withstand acids, bases, and solvents for extended periods without deterioration. Additionally, its lightweight construction offers significant advantages during installation and transportation. The material properties can be examined in detail on <a href=\"https:\/\/www.unoxonline.com.tr\/\" rel=\"nofollow noopener\" target=\"_blank\">Unox Online<\/a>. However, temperature and pressure limits must be considered for each application.   <\/p>\n<h3><span class=\"ez-toc-section\" id=\"Its_Applications_Are_Very_Wide\"><\/span><b>Its Applications Are Very Wide<\/b><span class=\"ez-toc-section-end\"><\/span><\/h3>\n<p class=\"p1\">These types of butterfly valves are used in many different industries, primarily in water treatment plants. They are reliably preferred in fields such as chemical, food, shipbuilding, and power generation. They are also commonly used in HVAC systems for controlling air flow. They share similar material properties with <a href=\"https:\/\/unox.com.tr\/en\/?attachment_id=40788\">Electric Actuated 3-Way U-PVC Ball Valves<\/a> and are suitable for integrated operation. However, the selection of the product should be made carefully according to the nature of the process.   <\/p>\n<h3><span class=\"ez-toc-section\" id=\"Energy_Efficiency_and_Control_Flexibility\"><\/span><b>Energy Efficiency and Control Flexibility<\/b><span class=\"ez-toc-section-end\"><\/span><\/h3>\n<p class=\"p1\">Electric actuators provide precise control and energy savings for the system, as the valve opens or closes only when a signal is received. This prevents unnecessary energy consumption. Additionally, valve positions can be monitored remotely and integrated into automation systems. With products such as the <a href=\"https:\/\/unox.com.tr\/cok-turlu-oransal-elektrik-aktuatorlu-vana\">Unox Multi-Turn Proportional Electric Actuated Valve<\/a>, more advanced control scenarios can be implemented.   <\/p>\n<h3><span class=\"ez-toc-section\" id=\"Compliance_with_Standards_and_Modular_Design\"><\/span><b>Compliance with Standards and Modular Design<\/b><span class=\"ez-toc-section-end\"><\/span><\/h3>\n<p class=\"p1\">The product complies with ISO 5211 connection standards and VDI\/VDE 3845 NAMUR accessory mounting standards. This ensures that switch boxes, solenoid valves, and all other accessories can be connected to the system seamlessly. It is compatible with various products, such as the <a href=\"https:\/\/unox.com.tr\/elektrik-aktuatorlu-2-parcali-disli-kuresel-vana\">Electric Actuated 2-Piece Ball Valve<\/a>. For a closer look at system configurations, you can contact <a href=\"https:\/\/unox.com.tr\/\">Unox<\/a>.  <\/p>\n<div id=\"attachment_36439\" style=\"width: 310px\" class=\"wp-caption alignnone\"><img decoding=\"async\" aria-describedby=\"caption-attachment-36439\" class=\"size-medium wp-image-36437\" src=\"https:\/\/unox.com.tr\/wp-content\/themes\/woodmart\/images\/lazy.svg\" data-src=\"https:\/\/unox.com.tr\/wp-content\/uploads\/2022\/11\/Untitled-48-300x300.gif\" alt=\"Electric Actuated U-PVC Set Butterfly Valve\" width=\"300\" height=\"300\" title=\"\" srcset=\"\" data-srcset=\"https:\/\/unox.com.tr\/wp-content\/uploads\/2022\/11\/Untitled-48-300x300.gif 300w, https:\/\/unox.com.tr\/wp-content\/uploads\/2022\/11\/Untitled-48-150x150.gif 150w, https:\/\/unox.com.tr\/wp-content\/uploads\/2022\/11\/Untitled-48-600x600.gif 600w, https:\/\/unox.com.tr\/wp-content\/uploads\/2022\/11\/Untitled-48.gif 1000w\" sizes=\"(max-width: 300px) 100vw, 300px\" \/><p id=\"caption-attachment-36439\" class=\"wp-caption-text\">Electric Actuated U-PVC Set Butterfly Valve<\/p><\/div>\n<p>&nbsp;<\/p>\n","protected":false},"excerpt":{"rendered":"<p><a href=\"https:\/\/unox.com.tr\/wp-content\/uploads\/2022\/12\/ELEKTRIK-AKTUATORLU-U-PVC-TAKIM-KELEBEK-VANA-.pdf\" target=\"_blank\" rel=\"noopener\"><button style=\"background-color: #11224b; color: #ffffff; padding: 10px 15px; font-family: montserrat; font-weight: bold; font-size: 19px; border-radius: 10px;\"><img decoding=\"async\" style=\"width: 25px; height: 25px;\" src=\"https:\/\/unox.com.tr\/wp-content\/uploads\/2023\/02\/pdf-1.png\">PRODUCT CATALOGUE<\/button><\/a><\/p>\n<p><button style=\"background-color: #11224b; margin-top: 5px; color: white; padding: 0px 15px; width: 150px; height: 55px; border-radius: 10px; border: none; cursor: pointer;\"><br \/>\n<img decoding=\"async\" style=\"width: 120px; height: 30px;\" src=\"https:\/\/unox.com.tr\/wp-content\/uploads\/2023\/02\/4-1.svg\"><\/button><\/p>\n","protected":false},"featured_media":36439,"comment_status":"open","ping_status":"closed","template":"","meta":[],"product_brand":[],"product_cat":[1014,1116,1003],"product_tag":[],"class_list":{"0":"post-36451","1":"product","2":"type-product","3":"status-publish","4":"has-post-thumbnail","6":"product_cat-electric-actuated-valves","7":"product_cat-actuator-valves","8":"product_cat-electric-valves","10":"first","11":"instock","12":"shipping-taxable","13":"product-type-simple"},"_links":{"self":[{"href":"https:\/\/unox.com.tr\/en\/wp-json\/wp\/v2\/product\/36451","targetHints":{"allow":["GET"]}}],"collection":[{"href":"https:\/\/unox.com.tr\/en\/wp-json\/wp\/v2\/product"}],"about":[{"href":"https:\/\/unox.com.tr\/en\/wp-json\/wp\/v2\/types\/product"}],"replies":[{"embeddable":true,"href":"https:\/\/unox.com.tr\/en\/wp-json\/wp\/v2\/comments?post=36451"}],"version-history":[{"count":1,"href":"https:\/\/unox.com.tr\/en\/wp-json\/wp\/v2\/product\/36451\/revisions"}],"predecessor-version":[{"id":68395,"href":"https:\/\/unox.com.tr\/en\/wp-json\/wp\/v2\/product\/36451\/revisions\/68395"}],"wp:featuredmedia":[{"embeddable":true,"href":"https:\/\/unox.com.tr\/en\/wp-json\/wp\/v2\/media\/36439"}],"wp:attachment":[{"href":"https:\/\/unox.com.tr\/en\/wp-json\/wp\/v2\/media?parent=36451"}],"wp:term":[{"taxonomy":"product_brand","embeddable":true,"href":"https:\/\/unox.com.tr\/en\/wp-json\/wp\/v2\/product_brand?post=36451"},{"taxonomy":"product_cat","embeddable":true,"href":"https:\/\/unox.com.tr\/en\/wp-json\/wp\/v2\/product_cat?post=36451"},{"taxonomy":"product_tag","embeddable":true,"href":"https:\/\/unox.com.tr\/en\/wp-json\/wp\/v2\/product_tag?post=36451"}],"curies":[{"name":"wp","href":"https:\/\/api.w.org\/{rel}","templated":true}]}}