{"id":36499,"date":"2020-11-11T13:11:14","date_gmt":"2020-11-11T13:11:14","guid":{"rendered":"https:\/\/www.unox.com.tr\/urun\/level-control-valve-float\/"},"modified":"2026-01-06T16:49:36","modified_gmt":"2026-01-06T13:49:36","slug":"float-level-control-valve","status":"publish","type":"product","link":"https:\/\/unox.com.tr\/en\/float-level-control-valve\/","title":{"rendered":"Level Control Valve &#8211; Float"},"content":{"rendered":"<div id=\"ez-toc-container\" class=\"ez-toc-v2_0_82_2 counter-hierarchy ez-toc-counter ez-toc-grey ez-toc-container-direction\">\n<div class=\"ez-toc-title-container\">\n<p class=\"ez-toc-title\" style=\"cursor:inherit\">Sayfa \u0130\u00e7eri\u011fi<\/p>\n<span class=\"ez-toc-title-toggle\"><a href=\"#\" class=\"ez-toc-pull-right ez-toc-btn ez-toc-btn-xs ez-toc-btn-default ez-toc-toggle\" aria-label=\"Toggle Table of Content\"><span class=\"ez-toc-js-icon-con\"><span class=\"\"><span class=\"eztoc-hide\" style=\"display:none;\">Toggle<\/span><span class=\"ez-toc-icon-toggle-span\"><svg style=\"fill: #999;color:#999\" xmlns=\"http:\/\/www.w3.org\/2000\/svg\" class=\"list-377408\" width=\"20px\" height=\"20px\" viewBox=\"0 0 24 24\" fill=\"none\"><path d=\"M6 6H4v2h2V6zm14 0H8v2h12V6zM4 11h2v2H4v-2zm16 0H8v2h12v-2zM4 16h2v2H4v-2zm16 0H8v2h12v-2z\" fill=\"currentColor\"><\/path><\/svg><svg style=\"fill: #999;color:#999\" class=\"arrow-unsorted-368013\" xmlns=\"http:\/\/www.w3.org\/2000\/svg\" width=\"10px\" height=\"10px\" viewBox=\"0 0 24 24\" version=\"1.2\" baseProfile=\"tiny\"><path d=\"M18.2 9.3l-6.2-6.3-6.2 6.3c-.2.2-.3.4-.3.7s.1.5.3.7c.2.2.4.3.7.3h11c.3 0 .5-.1.7-.3.2-.2.3-.5.3-.7s-.1-.5-.3-.7zM5.8 14.7l6.2 6.3 6.2-6.3c.2-.2.3-.5.3-.7s-.1-.5-.3-.7c-.2-.2-.4-.3-.7-.3h-11c-.3 0-.5.1-.7.3-.2.2-.3.5-.3.7s.1.5.3.7z\"\/><\/svg><\/span><\/span><\/span><\/a><\/span><\/div>\n<nav><ul class='ez-toc-list ez-toc-list-level-1 ' ><li class='ez-toc-page-1 ez-toc-heading-level-2'><a class=\"ez-toc-link ez-toc-heading-1\" href=\"https:\/\/unox.com.tr\/en\/float-level-control-valve\/#Level_Control_Valve_%E2%80%93_Float\" >Level Control Valve &#8211; Float<\/a><ul class='ez-toc-list-level-3' ><li class='ez-toc-heading-level-3'><a class=\"ez-toc-link ez-toc-heading-2\" href=\"https:\/\/unox.com.tr\/en\/float-level-control-valve\/#What_is_a_Float_Level_Control_Valve_and_How_Does_It_Work\" >What is a Float Level Control Valve and How Does It Work?<\/a><\/li><li class='ez-toc-page-1 ez-toc-heading-level-3'><a class=\"ez-toc-link ez-toc-heading-3\" href=\"https:\/\/unox.com.tr\/en\/float-level-control-valve\/#Application_Areas_and_Usage_Advantages\" >Application Areas and Usage Advantages<\/a><\/li><li class='ez-toc-page-1 ez-toc-heading-level-3'><a class=\"ez-toc-link ez-toc-heading-4\" href=\"https:\/\/unox.com.tr\/en\/float-level-control-valve\/#Technical_Advantages_of_Float_Valves\" >Technical Advantages of Float Valves<\/a><\/li><li class='ez-toc-page-1 ez-toc-heading-level-3'><a class=\"ez-toc-link ez-toc-heading-5\" href=\"https:\/\/unox.com.tr\/en\/float-level-control-valve\/#Why_Choose_Unox-Branded_Float_Valves\" >Why Choose Unox-Branded Float Valves?<\/a><\/li><li class='ez-toc-page-1 ez-toc-heading-level-3'><a class=\"ez-toc-link ez-toc-heading-6\" href=\"https:\/\/unox.com.tr\/en\/float-level-control-valve\/#Installation_Maintenance_and_Application_Recommendations\" >Installation, Maintenance, and Application Recommendations<\/a><\/li><li class='ez-toc-page-1 ez-toc-heading-level-3'><a class=\"ez-toc-link ez-toc-heading-7\" href=\"https:\/\/unox.com.tr\/en\/float-level-control-valve\/#Purchasing_Process_and_Support_Services\" >Purchasing Process and Support Services<\/a><\/li><\/ul><\/li><\/ul><\/nav><\/div>\n<h2><span class=\"ez-toc-section\" id=\"Level_Control_Valve_%E2%80%93_Float\"><\/span>Level Control Valve &#8211; Float<span class=\"ez-toc-section-end\"><\/span><\/h2>\n<p data-start=\"374\" data-end=\"711\">Level Control Valve \u2013 This is an effective control device designed to maintain the liquid level at a specific point in float-operated systems. These valves eliminate the need for manual control and contribute to more efficient system operation. They are particularly useful for optimizing setups in industrial, agricultural, and drinking water facilities.  <\/p>\n<h3 data-start=\"713\" data-end=\"771\"><span class=\"ez-toc-section\" id=\"What_is_a_Float_Level_Control_Valve_and_How_Does_It_Work\"><\/span>What is a Float Level Control Valve and How Does It Work?<span class=\"ez-toc-section-end\"><\/span><\/h3>\n<p data-start=\"773\" data-end=\"1230\">A float-type level control valve changes the position of the float in response to changes in the liquid level within the system. The float rises or falls according to the liquid\u2019s density. This movement triggers the valve mechanism, causing the valve to either open or close. In this way, the liquid flow is automatically controlled. The operating principle of this system is quite simple, yet it provides high accuracy. More technical information is available on <a class=\"\" href=\"https:\/\/unox.com.tr\/\" target=\"_new\" rel=\"noopener\" data-start=\"1183\" data-end=\"1203\">Unox<\/a>.     <\/p>\n<h3 data-start=\"1232\" data-end=\"1277\"><span class=\"ez-toc-section\" id=\"Application_Areas_and_Usage_Advantages\"><\/span>Application Areas and Usage Advantages<span class=\"ez-toc-section-end\"><\/span><\/h3>\n<p data-start=\"1279\" data-end=\"1743\">Float valves are used in many areas such as water tanks, booster pump systems, steam boilers, and fire water reservoirs. They are also preferred for tanks storing chemical liquids. These products provide advantages wherever the liquid level in a system needs to be maintained within a certain limit. With these valves, liquid overflow is prevented, and system safety is increased. If you want to explore the product range in detail, you can visit <a class=\"\" href=\"https:\/\/www.unoxonline.com.tr\/\" target=\"_new\" rel=\"noopener nofollow\" data-start=\"1681\" data-end=\"1711\">unoxonline<\/a>.    <\/p>\n<h3 data-start=\"1745\" data-end=\"1796\"><span class=\"ez-toc-section\" id=\"Technical_Advantages_of_Float_Valves\"><\/span>Technical Advantages of Float Valves<span class=\"ez-toc-section-end\"><\/span><\/h3>\n<p data-start=\"1798\" data-end=\"2195\">Float valves do not require electrical equipment, making them energy-efficient. At the same time, their simple mechanical design results in a very low failure rate. These features make them especially easy to use in remote areas or locations with limited access to energy. Detailed technical documents for such products can be requested through the <a class=\"\" href=\"https:\/\/www.unoxonline.com.tr\/iletisim\/Unox provides high-quality and reliable actuator systems for industrial automation solutions. With a comprehensive product range, Unox offers solutions designed to meet a wide variety of industrial requirements. To find the most suitable actuator solutions for your application, please visit the Unox Contact page for professional support.3. Unox and Unox Online: Supplying Industrial Automation Valves\" target=\"_new\" rel=\"noopener nofollow\" data-start=\"2117\" data-end=\"2156\">Unoxonline <\/a>website.    <\/p>\n<h3 data-start=\"2197\" data-end=\"2253\"><span class=\"ez-toc-section\" id=\"Why_Choose_Unox-Branded_Float_Valves\"><\/span>Why Choose Unox-Branded Float Valves?<span class=\"ez-toc-section-end\"><\/span><\/h3>\n<p data-start=\"2255\" data-end=\"2665\">Float valves manufactured by Unox are made from stainless steel and durable alloys, making them resistant to corrosion. They also offer model options suitable for all pressure and flow ranges. As the products are CE-certified, they fully comply with quality standards. For more information and technical support, you can contact the company directly through the <a class=\"\" href=\"https:\/\/unox.com.tr\/iletisim\/\" target=\"_new\" rel=\"noopener\" data-start=\"2581\" data-end=\"2610\">Unox <\/a>website.    <\/p>\n<h3 data-start=\"2667\" data-end=\"2708\"><span class=\"ez-toc-section\" id=\"Installation_Maintenance_and_Application_Recommendations\"><\/span>Installation, Maintenance, and Application Recommendations<span class=\"ez-toc-section-end\"><\/span><\/h3>\n<p data-start=\"2710\" data-end=\"3086\">The installation of a float-type level control valve must be carried out carefully. It should be positioned along the vertical axis, and the float must be able to move freely. Otherwise, the system will not function properly. Regular periodic checks are also necessary. These inspections help ensure the long-term operation of the system. Installation and maintenance manuals can be accessed through <a class=\"\" href=\"https:\/\/www.unox.com.tr\/\" target=\"_new\" rel=\"noopener\" data-start=\"3035\" data-end=\"3059\">Unox<\/a>.     <\/p>\n<h3 data-start=\"3088\" data-end=\"3130\"><span class=\"ez-toc-section\" id=\"Purchasing_Process_and_Support_Services\"><\/span>Purchasing Process and Support Services<span class=\"ez-toc-section-end\"><\/span><\/h3>\n<p data-start=\"3132\" data-end=\"3486\">When purchasing a float valve, the operating temperature, pressure range, and type of liquid must be carefully considered. Choosing the wrong product can reduce system efficiency. For the right product, you can contact the Unox technical support team. To place an order, you can fill out a form on <a class=\"\" href=\"https:\/\/www.unoxonline.com.tr\/\" target=\"_new\" rel=\"noopener nofollow\" data-start=\"3370\" data-end=\"3400\">Unoxonline<\/a> or directly through the <a class=\"\" href=\"https:\/\/unox.com.tr\/iletisim\/\" target=\"_new\" rel=\"noopener\" data-start=\"3415\" data-end=\"3444\">Unox <\/a>website.   <\/p>\n<p>&nbsp;<\/p>\n<p><img decoding=\"async\" class=\"alignnone size-medium wp-image-37713\" src=\"https:\/\/unox.com.tr\/wp-content\/themes\/woodmart\/images\/lazy.svg\" data-src=\"https:\/\/unox.com.tr\/wp-content\/uploads\/2021\/08\/flatorlu-300x175.png\" alt=\"\" width=\"300\" height=\"175\" title=\"\" srcset=\"\" data-srcset=\"https:\/\/unox.com.tr\/wp-content\/uploads\/2021\/08\/flatorlu-300x175.png 300w, https:\/\/unox.com.tr\/wp-content\/uploads\/2021\/08\/flatorlu-150x88.png 150w, https:\/\/unox.com.tr\/wp-content\/uploads\/2021\/08\/flatorlu-367x214.png 367w, https:\/\/unox.com.tr\/wp-content\/uploads\/2021\/08\/flatorlu.png 373w\" sizes=\"(max-width: 300px) 100vw, 300px\" \/><\/p>\n<ol>\n<li>Hydraulic Control Valve<\/li>\n<li>Floater<\/li>\n<li>Needle Valve<\/li>\n<li>Ball Valve<\/li>\n<li>Strainer<\/li>\n<\/ol>\n","protected":false},"excerpt":{"rendered":"<p><a href=\"https:\/\/unox.com.tr\/wp-content\/uploads\/2023\/01\/Flatorlu-Kontrol-Vanasi.pdf\" target=\"_blank\" rel=\"noopener\"><button style=\"background-color: #11224b; color: #ffffff; padding: 10px 15px; font-family: montserrat; font-weight: bold; font-size: 19px; border-radius: 10px;\"><img decoding=\"async\" style=\"width: 25px; height: 25px;\" src=\"https:\/\/unox.com.tr\/wp-content\/uploads\/2023\/02\/pdf-1.png\">PRODUCT CATALOG<br \/>\n<\/button><\/a><\/p>\n<p><button style=\"background-color: #11224b; margin-top: 5px; color: white; padding: 0px 15px; width: 150px; height: 55px; border-radius: 10px; border: none; cursor: pointer;\"><br \/>\n<img decoding=\"async\" style=\"width: 120px; height: 30px;\" src=\"https:\/\/unox.com.tr\/wp-content\/uploads\/2023\/02\/4-1.svg\"><\/button><br \/>\n<br \/><a href=\"https:\/\/www.unoxonline.com.tr\/urun\/flatorlu-seviye-kontrol-vanasi\/\" target=\"_blank\" rel=\"noopener\">Place an Online Order<br \/><\/a><button style=\"background-color: #11224b; color: #ffffff; padding: 10px 15px; font-family: montserrat; font-weight: bold; font-size: 19px; border-radius: 10px;\">UNOX<\/button><\/p>\n","protected":false},"featured_media":29604,"comment_status":"open","ping_status":"closed","template":"","meta":{"_joinchat":[]},"product_brand":[],"product_cat":[1063],"product_tag":[],"class_list":{"0":"post-36499","1":"product","2":"type-product","3":"status-publish","4":"has-post-thumbnail","6":"product_cat-hydraulic-control-valves","8":"first","9":"instock","10":"shipping-taxable","11":"product-type-simple"},"_links":{"self":[{"href":"https:\/\/unox.com.tr\/en\/wp-json\/wp\/v2\/product\/36499","targetHints":{"allow":["GET"]}}],"collection":[{"href":"https:\/\/unox.com.tr\/en\/wp-json\/wp\/v2\/product"}],"about":[{"href":"https:\/\/unox.com.tr\/en\/wp-json\/wp\/v2\/types\/product"}],"replies":[{"embeddable":true,"href":"https:\/\/unox.com.tr\/en\/wp-json\/wp\/v2\/comments?post=36499"}],"version-history":[{"count":1,"href":"https:\/\/unox.com.tr\/en\/wp-json\/wp\/v2\/product\/36499\/revisions"}],"predecessor-version":[{"id":68340,"href":"https:\/\/unox.com.tr\/en\/wp-json\/wp\/v2\/product\/36499\/revisions\/68340"}],"wp:featuredmedia":[{"embeddable":true,"href":"https:\/\/unox.com.tr\/en\/wp-json\/wp\/v2\/media\/29604"}],"wp:attachment":[{"href":"https:\/\/unox.com.tr\/en\/wp-json\/wp\/v2\/media?parent=36499"}],"wp:term":[{"taxonomy":"product_brand","embeddable":true,"href":"https:\/\/unox.com.tr\/en\/wp-json\/wp\/v2\/product_brand?post=36499"},{"taxonomy":"product_cat","embeddable":true,"href":"https:\/\/unox.com.tr\/en\/wp-json\/wp\/v2\/product_cat?post=36499"},{"taxonomy":"product_tag","embeddable":true,"href":"https:\/\/unox.com.tr\/en\/wp-json\/wp\/v2\/product_tag?post=36499"}],"curies":[{"name":"wp","href":"https:\/\/api.w.org\/{rel}","templated":true}]}}