{"id":36605,"date":"2020-09-29T11:26:47","date_gmt":"2020-09-29T11:26:47","guid":{"rendered":"https:\/\/www.unox.com.tr\/urun\/general-purpose-high-pressure-solenoid-valve-normally-open-gem-yba\/"},"modified":"2026-01-06T13:40:17","modified_gmt":"2026-01-06T10:40:17","slug":"high-pressure-solenoid-valve-normally-open","status":"publish","type":"product","link":"https:\/\/unox.com.tr\/en\/high-pressure-solenoid-valve-normally-open\/","title":{"rendered":"General Purpose High Pressure Solenoid Valve &#8211; Normally Open (GEM YBA)"},"content":{"rendered":"<div id=\"ez-toc-container\" class=\"ez-toc-v2_0_82_2 counter-hierarchy ez-toc-counter ez-toc-grey ez-toc-container-direction\">\n<div class=\"ez-toc-title-container\">\n<p class=\"ez-toc-title\" style=\"cursor:inherit\">Sayfa \u0130\u00e7eri\u011fi<\/p>\n<span class=\"ez-toc-title-toggle\"><a href=\"#\" class=\"ez-toc-pull-right ez-toc-btn ez-toc-btn-xs ez-toc-btn-default ez-toc-toggle\" aria-label=\"Toggle Table of Content\"><span class=\"ez-toc-js-icon-con\"><span class=\"\"><span class=\"eztoc-hide\" style=\"display:none;\">Toggle<\/span><span class=\"ez-toc-icon-toggle-span\"><svg style=\"fill: #999;color:#999\" xmlns=\"http:\/\/www.w3.org\/2000\/svg\" class=\"list-377408\" width=\"20px\" height=\"20px\" viewBox=\"0 0 24 24\" fill=\"none\"><path d=\"M6 6H4v2h2V6zm14 0H8v2h12V6zM4 11h2v2H4v-2zm16 0H8v2h12v-2zM4 16h2v2H4v-2zm16 0H8v2h12v-2z\" fill=\"currentColor\"><\/path><\/svg><svg style=\"fill: #999;color:#999\" class=\"arrow-unsorted-368013\" xmlns=\"http:\/\/www.w3.org\/2000\/svg\" width=\"10px\" height=\"10px\" viewBox=\"0 0 24 24\" version=\"1.2\" baseProfile=\"tiny\"><path d=\"M18.2 9.3l-6.2-6.3-6.2 6.3c-.2.2-.3.4-.3.7s.1.5.3.7c.2.2.4.3.7.3h11c.3 0 .5-.1.7-.3.2-.2.3-.5.3-.7s-.1-.5-.3-.7zM5.8 14.7l6.2 6.3 6.2-6.3c.2-.2.3-.5.3-.7s-.1-.5-.3-.7c-.2-.2-.4-.3-.7-.3h-11c-.3 0-.5.1-.7.3-.2.2-.3.5-.3.7s.1.5.3.7z\"\/><\/svg><\/span><\/span><\/span><\/a><\/span><\/div>\n<nav><ul class='ez-toc-list ez-toc-list-level-1 ' ><li class='ez-toc-page-1 ez-toc-heading-level-2'><a class=\"ez-toc-link ez-toc-heading-1\" href=\"https:\/\/unox.com.tr\/en\/high-pressure-solenoid-valve-normally-open\/#General_Purpose_High_Pressure_Solenoid_Valve_%E2%80%93_Normally_Open_GEM_YBA\" >General Purpose High Pressure Solenoid Valve &#8211; Normally Open (GEM YBA)<\/a><ul class='ez-toc-list-level-3' ><li class='ez-toc-heading-level-3'><a class=\"ez-toc-link ez-toc-heading-2\" href=\"https:\/\/unox.com.tr\/en\/high-pressure-solenoid-valve-normally-open\/#Technical_Structure_of_the_GEM_YBA_Valve\" >Technical Structure of the GEM YBA Valve<\/a><\/li><li class='ez-toc-page-1 ez-toc-heading-level-3'><a class=\"ez-toc-link ez-toc-heading-3\" href=\"https:\/\/unox.com.tr\/en\/high-pressure-solenoid-valve-normally-open\/#What_Are_the_Areas_of_Use\" >What Are the Areas of Use?<\/a><\/li><li class='ez-toc-page-1 ez-toc-heading-level-3'><a class=\"ez-toc-link ez-toc-heading-4\" href=\"https:\/\/unox.com.tr\/en\/high-pressure-solenoid-valve-normally-open\/#Contribution_to_Energy_Efficiency\" >Contribution to Energy Efficiency<\/a><\/li><li class='ez-toc-page-1 ez-toc-heading-level-3'><a class=\"ez-toc-link ez-toc-heading-5\" href=\"https:\/\/unox.com.tr\/en\/high-pressure-solenoid-valve-normally-open\/#Ease_of_Installation_and_Application\" >Ease of Installation and Application<\/a><\/li><li class='ez-toc-page-1 ez-toc-heading-level-3'><a class=\"ez-toc-link ez-toc-heading-6\" href=\"https:\/\/unox.com.tr\/en\/high-pressure-solenoid-valve-normally-open\/#Safety_and_Certification_Details\" >Safety and Certification Details<\/a><\/li><li class='ez-toc-page-1 ez-toc-heading-level-3'><a class=\"ez-toc-link ez-toc-heading-7\" href=\"https:\/\/unox.com.tr\/en\/high-pressure-solenoid-valve-normally-open\/#Advantages_of_Long-Lasting_Use\" >Advantages of Long-Lasting Use<\/a><\/li><\/ul><\/li><\/ul><\/nav><\/div>\n<h2><span class=\"ez-toc-section\" id=\"General_Purpose_High_Pressure_Solenoid_Valve_%E2%80%93_Normally_Open_GEM_YBA\"><\/span>General Purpose High Pressure Solenoid Valve &#8211; Normally Open (GEM YBA)<span class=\"ez-toc-section-end\"><\/span><\/h2>\n<p data-start=\"240\" data-end=\"560\">The General Purpose High-Pressure Solenoid Valve \u2013 Normally Open (GEM YBA) is a powerful flow control solution frequently preferred in industrial automation systems. This valve is particularly noted for its fast response time in liquid and gas flow applications. At the same time, it offers significant advantages in terms of energy savings and safety.  <\/p>\n<h3 data-start=\"562\" data-end=\"596\"><span class=\"ez-toc-section\" id=\"Technical_Structure_of_the_GEM_YBA_Valve\"><\/span>Technical Structure of the GEM YBA Valve<span class=\"ez-toc-section-end\"><\/span><\/h3>\n<p data-start=\"598\" data-end=\"1108\">The General Purpose High-Pressure Solenoid Valve \u2013 Normally Open (GEM YBA) provides long service life with its durable body structure. This product enables stable operation even under high pressure. Additionally, the internal design of the valve is carefully engineered for excellent sealing performance. It remains in the open position when electrical power is cut off, which is a major advantage for emergency systems. Detailed technical information can be accessed on the <a class=\"\" href=\"https:\/\/unox.com.tr\/\" target=\"_new\" rel=\"noopener\" data-start=\"997\" data-end=\"1017\">UNOX <\/a>website or directly on the product page at <a class=\"\" href=\"https:\/\/www.unoxonline.com.tr\/\" target=\"_new\" rel=\"noopener nofollow\" data-start=\"1050\" data-end=\"1080\">unoxonline<\/a>.    <\/p>\n<h3 data-start=\"1110\" data-end=\"1141\"><span class=\"ez-toc-section\" id=\"What_Are_the_Areas_of_Use\"><\/span>What Are the Areas of Use?<span class=\"ez-toc-section-end\"><\/span><\/h3>\n<p data-start=\"1143\" data-end=\"1615\">GEM YBA valves are used in a wide range of applications, from automation systems to booster pumps. In addition, they are widely preferred in the food, chemical, and petrochemical industries. This valve is an ideal solution, especially for applications that need to remain continuously open. For further technical support, you can contact <a class=\"\" href=\"https:\/\/unox.com.tr\/iletisim\/\" target=\"_new\" rel=\"noopener\" data-start=\"1431\" data-end=\"1460\">UNOX <\/a>through their link. Additionally, the <a class=\"\" href=\"https:\/\/www.unoxonline.com.tr\/iletisim\/Unox provides high-quality and reliable actuator systems for industrial automation solutions. With a comprehensive product range, Unox offers solutions designed to meet a wide variety of industrial requirements. To find the most suitable actuator solutions for your application, please visit the Unox Contact page for professional support.3. Unox and Unox Online: Supplying Industrial Automation Valves\" target=\"_new\" rel=\"noopener nofollow\" data-start=\"1545\" data-end=\"1584\">unoxonline <\/a>page provides quick solutions for after-sales services.    <\/p>\n<h3 data-start=\"1617\" data-end=\"1649\"><span class=\"ez-toc-section\" id=\"Contribution_to_Energy_Efficiency\"><\/span>Contribution to Energy Efficiency<span class=\"ez-toc-section-end\"><\/span><\/h3>\n<p data-start=\"1651\" data-end=\"1984\">Thanks to its normally open design, flow does not stop during power outages, which enhances system safety. Additionally, since it only closes when energized, it offers the advantage of low energy consumption. This feature is particularly valuable for companies aiming for energy savings. For a detailed energy analysis, it is recommended to seek technical consultancy.   <\/p>\n<h3 data-start=\"1986\" data-end=\"2018\"><span class=\"ez-toc-section\" id=\"Ease_of_Installation_and_Application\"><\/span>Ease of Installation and Application<span class=\"ez-toc-section-end\"><\/span><\/h3>\n<p data-start=\"2020\" data-end=\"2387\">The installation of the GEM YBA valve is simple and quick. During installation, it is sufficient to pay attention to the flow direction. It is user-friendly in terms of easy compatibility with other components. Since the connection points are designed in standard sizes, no additional fittings are required. For technical installation recommendations, the <a class=\"\" href=\"https:\/\/unox.com.tr\/\" target=\"_new\" rel=\"noopener\" data-start=\"2326\" data-end=\"2346\">UNOX <\/a>technical support department can be consulted.    <\/p>\n<h3 data-start=\"2389\" data-end=\"2428\"><span class=\"ez-toc-section\" id=\"Safety_and_Certification_Details\"><\/span>Safety and Certification Details<span class=\"ez-toc-section-end\"><\/span><\/h3>\n<p data-start=\"2430\" data-end=\"2771\">These types of valves hold international certifications such as CE and ISO. Manufacturing in compliance with safety standards is especially important in high-pressure systems. In addition, they undergo leak tests before being delivered to the user. Detailed certification information can be accessed through the product documents on <a class=\"\" href=\"https:\/\/www.unoxonline.com.tr\/\" target=\"_new\" rel=\"noopener nofollow\" data-start=\"2695\" data-end=\"2725\">unoxonline<\/a>.   <\/p>\n<h3 data-start=\"2773\" data-end=\"2806\"><span class=\"ez-toc-section\" id=\"Advantages_of_Long-Lasting_Use\"><\/span>Advantages of Long-Lasting Use<span class=\"ez-toc-section-end\"><\/span><\/h3>\n<p data-start=\"2808\" data-end=\"3143\">The high-quality materials used in the valve\u2019s production provide years of trouble-free operation. Additionally, maintenance requirements are minimal, which helps reduce overall costs. With proper use and regular inspections, system performance remains high for many years. For expert advice, you can contact <a class=\"\" href=\"https:\/\/unox.com.tr\/iletisim\/\" target=\"_new\" rel=\"noopener\" data-start=\"3085\" data-end=\"3114\">UNOX<\/a>.    <\/p>\n","protected":false},"excerpt":{"rendered":"<p><a href=\"https:\/\/unox.com.tr\/wp-content\/uploads\/2024\/05\/GENEL-MAKSAT-Y.B-N.A.pdf\" target=\"_blank\" rel=\"noopener\"><button style=\"background-color: #11224b; color: #ffffff; padding: 10px 15px; font-family: montserrat; font-weight: bold; font-size: 19px; border-radius: 10px;\"><img decoding=\"async\" style=\"width: 25px; height: 25px;\" src=\"https:\/\/unox.com.tr\/wp-content\/uploads\/2023\/02\/pdf-1.png\">PRODUCT CATALOG<br \/>\n<\/button><\/a><\/p>\n<p><button style=\"background-color: #11224b; margin-top: 5px; color: white; padding: 0px 15px; width: 150px; height: 55px; border-radius: 10px; border: none; cursor: pointer;\"><br \/>\n<img decoding=\"async\" style=\"width: 120px; height: 30px;\" src=\"https:\/\/unox.com.tr\/wp-content\/uploads\/2023\/02\/4-1.svg\"><\/button><br \/>\n<br \/><a href=\"https:\/\/www.unoxonline.com.tr\/urun\/genel-maksat-solenoid-valf-yuksek-basinc-normalde-acik\/\" target=\"_blank\" rel=\"noopener\">Place an Online Order<br \/><\/a><button style=\"background-color: #11224b; color: #ffffff; padding: 10px 15px; font-family: montserrat; font-weight: bold; font-size: 19px; border-radius: 10px;\">UNOX<\/button><\/p>\n","protected":false},"featured_media":68744,"comment_status":"closed","ping_status":"closed","template":"","meta":{"_joinchat":[]},"product_brand":[],"product_cat":[1235,1498],"product_tag":[],"class_list":{"0":"post-36605","1":"product","2":"type-product","3":"status-publish","4":"has-post-thumbnail","6":"product_cat-general-purpose-solenoid-valves","7":"product_cat-solenoid-valve","9":"first","10":"instock","11":"shipping-taxable","12":"product-type-simple"},"_links":{"self":[{"href":"https:\/\/unox.com.tr\/en\/wp-json\/wp\/v2\/product\/36605","targetHints":{"allow":["GET"]}}],"collection":[{"href":"https:\/\/unox.com.tr\/en\/wp-json\/wp\/v2\/product"}],"about":[{"href":"https:\/\/unox.com.tr\/en\/wp-json\/wp\/v2\/types\/product"}],"replies":[{"embeddable":true,"href":"https:\/\/unox.com.tr\/en\/wp-json\/wp\/v2\/comments?post=36605"}],"version-history":[{"count":1,"href":"https:\/\/unox.com.tr\/en\/wp-json\/wp\/v2\/product\/36605\/revisions"}],"predecessor-version":[{"id":68317,"href":"https:\/\/unox.com.tr\/en\/wp-json\/wp\/v2\/product\/36605\/revisions\/68317"}],"wp:featuredmedia":[{"embeddable":true,"href":"https:\/\/unox.com.tr\/en\/wp-json\/wp\/v2\/media\/68744"}],"wp:attachment":[{"href":"https:\/\/unox.com.tr\/en\/wp-json\/wp\/v2\/media?parent=36605"}],"wp:term":[{"taxonomy":"product_brand","embeddable":true,"href":"https:\/\/unox.com.tr\/en\/wp-json\/wp\/v2\/product_brand?post=36605"},{"taxonomy":"product_cat","embeddable":true,"href":"https:\/\/unox.com.tr\/en\/wp-json\/wp\/v2\/product_cat?post=36605"},{"taxonomy":"product_tag","embeddable":true,"href":"https:\/\/unox.com.tr\/en\/wp-json\/wp\/v2\/product_tag?post=36605"}],"curies":[{"name":"wp","href":"https:\/\/api.w.org\/{rel}","templated":true}]}}