{"id":36656,"date":"2020-09-29T07:36:03","date_gmt":"2020-09-29T07:36:03","guid":{"rendered":"https:\/\/www.unox.com.tr\/urun\/2-way-pneumatic-on-off-hot-oil-valve-33612-2\/"},"modified":"2026-01-06T13:22:05","modified_gmt":"2026-01-06T10:22:05","slug":"2-way-pneumatic-on-off-hot-oil-valve","status":"publish","type":"product","link":"https:\/\/unox.com.tr\/en\/2-way-pneumatic-on-off-hot-oil-valve\/","title":{"rendered":"2 Way Pneumatic On-Off Control Valve For Hot Oil &#8211; 33612"},"content":{"rendered":"<div id=\"ez-toc-container\" class=\"ez-toc-v2_0_82_2 counter-hierarchy ez-toc-counter ez-toc-grey ez-toc-container-direction\">\n<div class=\"ez-toc-title-container\">\n<p class=\"ez-toc-title\" style=\"cursor:inherit\">Sayfa \u0130\u00e7eri\u011fi<\/p>\n<span class=\"ez-toc-title-toggle\"><a href=\"#\" class=\"ez-toc-pull-right ez-toc-btn ez-toc-btn-xs ez-toc-btn-default ez-toc-toggle\" aria-label=\"Toggle Table of Content\"><span class=\"ez-toc-js-icon-con\"><span class=\"\"><span class=\"eztoc-hide\" style=\"display:none;\">Toggle<\/span><span class=\"ez-toc-icon-toggle-span\"><svg style=\"fill: #999;color:#999\" xmlns=\"http:\/\/www.w3.org\/2000\/svg\" class=\"list-377408\" width=\"20px\" height=\"20px\" viewBox=\"0 0 24 24\" fill=\"none\"><path d=\"M6 6H4v2h2V6zm14 0H8v2h12V6zM4 11h2v2H4v-2zm16 0H8v2h12v-2zM4 16h2v2H4v-2zm16 0H8v2h12v-2z\" fill=\"currentColor\"><\/path><\/svg><svg style=\"fill: #999;color:#999\" class=\"arrow-unsorted-368013\" xmlns=\"http:\/\/www.w3.org\/2000\/svg\" width=\"10px\" height=\"10px\" viewBox=\"0 0 24 24\" version=\"1.2\" baseProfile=\"tiny\"><path d=\"M18.2 9.3l-6.2-6.3-6.2 6.3c-.2.2-.3.4-.3.7s.1.5.3.7c.2.2.4.3.7.3h11c.3 0 .5-.1.7-.3.2-.2.3-.5.3-.7s-.1-.5-.3-.7zM5.8 14.7l6.2 6.3 6.2-6.3c.2-.2.3-.5.3-.7s-.1-.5-.3-.7c-.2-.2-.4-.3-.7-.3h-11c-.3 0-.5.1-.7.3-.2.2-.3.5-.3.7s.1.5.3.7z\"\/><\/svg><\/span><\/span><\/span><\/a><\/span><\/div>\n<nav><ul class='ez-toc-list ez-toc-list-level-1 ' ><li class='ez-toc-page-1 ez-toc-heading-level-2'><a class=\"ez-toc-link ez-toc-heading-1\" href=\"https:\/\/unox.com.tr\/en\/2-way-pneumatic-on-off-hot-oil-valve\/#2_Way_Pneumatic_On-Off_Control_Valve_For_Hot_Oil_%E2%80%93_33612\" >2 Way Pneumatic On-Off Control Valve For Hot Oil &#8211; 33612<\/a><ul class='ez-toc-list-level-3' ><li class='ez-toc-heading-level-3'><a class=\"ez-toc-link ez-toc-heading-2\" href=\"https:\/\/unox.com.tr\/en\/2-way-pneumatic-on-off-hot-oil-valve\/#Technical_Specifications_and_Advantages_of_the_Product\" >Technical Specifications and Advantages of the Product<\/a><\/li><li class='ez-toc-page-1 ez-toc-heading-level-3'><a class=\"ez-toc-link ez-toc-heading-3\" href=\"https:\/\/unox.com.tr\/en\/2-way-pneumatic-on-off-hot-oil-valve\/#Areas_of_Use_and_Applications\" >Areas of Use and Applications<\/a><\/li><li class='ez-toc-page-1 ez-toc-heading-level-3'><a class=\"ez-toc-link ez-toc-heading-4\" href=\"https:\/\/unox.com.tr\/en\/2-way-pneumatic-on-off-hot-oil-valve\/#Installation_and_Maintenance_Processes\" >Installation and Maintenance Processes<\/a><\/li><li class='ez-toc-page-1 ez-toc-heading-level-3'><a class=\"ez-toc-link ez-toc-heading-5\" href=\"https:\/\/unox.com.tr\/en\/2-way-pneumatic-on-off-hot-oil-valve\/#Purchase_and_Technical_Support_Services\" >Purchase and Technical Support Services<\/a><\/li><li class='ez-toc-page-1 ez-toc-heading-level-3'><a class=\"ez-toc-link ez-toc-heading-6\" href=\"https:\/\/unox.com.tr\/en\/2-way-pneumatic-on-off-hot-oil-valve\/#Pneumatic_Valves_and_Their_Importance_in_Industrial_Applications\" >Pneumatic Valves and Their Importance in Industrial Applications<\/a><\/li><\/ul><\/li><\/ul><\/nav><\/div>\n<h2><span class=\"ez-toc-section\" id=\"2_Way_Pneumatic_On-Off_Control_Valve_For_Hot_Oil_%E2%80%93_33612\"><\/span>2 Way Pneumatic On-Off Control Valve For Hot Oil &#8211; 33612<span class=\"ez-toc-section-end\"><\/span><\/h2>\n<p data-start=\"62\" data-end=\"484\">2-Way Pneumatic On-Off Hot Oil Valve &#8211; 33612 is a specialized product designed to control the flow of hot oil in industrial systems. Thanks to its pneumatic mechanism, this valve provides fast and reliable opening and closing operations. Additionally, it stands out for its resistance to high temperatures during use. For detailed information about the product, you can visit the <a class=\"\" href=\"https:\/\/unox.com.tr\/\" target=\"_new\" rel=\"noopener\" data-start=\"414\" data-end=\"461\">official Unox website.<\/a>   <\/p>\n<h3 data-start=\"486\" data-end=\"530\"><span class=\"ez-toc-section\" id=\"Technical_Specifications_and_Advantages_of_the_Product\"><\/span>Technical Specifications and Advantages of the Product<span class=\"ez-toc-section-end\"><\/span><\/h3>\n<p data-start=\"532\" data-end=\"981\">It is manufactured using durable materials, providing long-lasting and trouble-free performance. Additionally, the valve design minimizes flow resistance and saves energy. Ideal for pneumatic systems, this valve facilitates process control with its fast response time. Technical details about the product can be found in the <a class=\"\" href=\"https:\/\/www.unoxonline.com.tr\/\" target=\"_new\" rel=\"noopener nofollow\" data-start=\"912\" data-end=\"966\">Unox online catalog.<\/a>    <\/p>\n<h3 data-start=\"983\" data-end=\"1025\"><span class=\"ez-toc-section\" id=\"Areas_of_Use_and_Applications\"><\/span>Areas of Use and Applications<span class=\"ez-toc-section-end\"><\/span><\/h3>\n<p data-start=\"1027\" data-end=\"1422\">This hot oil valve is widely used, particularly in the heating and energy sectors. It is safely preferred for industrial furnaces, boilers, and hot oil circuits. Additionally, it is applied in various systems to control flow in process lines. For application details, you can get support from experts through the <a class=\"\" href=\"https:\/\/unox.com.tr\/iletisim\/\" target=\"_new\" rel=\"noopener\" data-start=\"1330\" data-end=\"1388\">Unox contact page.<\/a>   <\/p>\n<h3 data-start=\"1424\" data-end=\"1453\"><span class=\"ez-toc-section\" id=\"Installation_and_Maintenance_Processes\"><\/span>Installation and Maintenance Processes<span class=\"ez-toc-section-end\"><\/span><\/h3>\n<p data-start=\"1455\" data-end=\"1935\">It is easy to install and compatible with standard connections. Attention should be paid to the valve position during installation. Periodic maintenance is very important to maintain the product&#8217;s performance. Valve components should be checked regularly, and if necessary, serviced by authorized technicians. The <a class=\"\" href=\"https:\/\/www.unoxonline.com.tr\/iletisim\/Unox provides high-quality and reliable actuator systems for industrial automation solutions. With a comprehensive product range, Unox offers solutions designed to meet a wide variety of industrial requirements. To find the most suitable actuator solutions for your application, please visit the Unox Contact page for professional support.3. Unox and Unox Online: Supplying Industrial Automation Valves\" target=\"_new\" rel=\"noopener nofollow\" data-start=\"1850\" data-end=\"1911\">Unox online support<\/a> page can be used for a detailed installation guide.    <\/p>\n<h3 data-start=\"1937\" data-end=\"1979\"><span class=\"ez-toc-section\" id=\"Purchase_and_Technical_Support_Services\"><\/span>Purchase and Technical Support Services<span class=\"ez-toc-section-end\"><\/span><\/h3>\n<p data-start=\"1981\" data-end=\"2403\">Affordable pricing and fast delivery options are available for this valve. Product orders should be placed through <a class=\"\" href=\"https:\/\/unox.com.tr\/\" target=\"_new\" rel=\"noopener\" data-start=\"2071\" data-end=\"2121\">official Unox sales channels<\/a>. Additionally, technical support and product consultation services are provided by expert teams. You can contact <a class=\"\" href=\"https:\/\/www.unoxonline.com.tr\/iletisim\/Unox provides high-quality and reliable actuator systems for industrial automation solutions. With a comprehensive product range, Unox offers solutions designed to meet a wide variety of industrial requirements. To find the most suitable actuator solutions for your application, please visit the Unox Contact page for professional support.3. Unox and Unox Online: Supplying Industrial Automation Valves\" target=\"_new\" rel=\"noopener nofollow\" data-start=\"2307\" data-end=\"2373\">Unox customer service<\/a> for assistance in selecting products suitable for your project needs.   <\/p>\n<h3 data-start=\"2405\" data-end=\"2457\"><span class=\"ez-toc-section\" id=\"Pneumatic_Valves_and_Their_Importance_in_Industrial_Applications\"><\/span>Pneumatic Valves and Their Importance in Industrial Applications<span class=\"ez-toc-section-end\"><\/span><\/h3>\n<p data-start=\"2459\" data-end=\"2914\" data-is-last-node=\"\" data-is-only-node=\"\">Pneumatic valves are frequently preferred in automation systems. Their fast response times increase efficiency in processes. They stand out especially for their resistance to harsh operating conditions. This product enhances process safety while also reducing energy losses. For more information, you can visit the <a class=\"\" href=\"https:\/\/unox.com.tr\/\" target=\"_new\" rel=\"noopener\" data-start=\"2848\" data-end=\"2891\">Unox product page.<\/a>    <\/p>\n","protected":false},"excerpt":{"rendered":"<p><a href=\"https:\/\/unox.com.tr\/wp-content\/uploads\/2025\/05\/2-Yollu-Pnomatik-On-Off-Kizgin-Yag-Vanasi-33612.pdf\" target=\"_blank\" rel=\"noopener\"><button style=\"background-color: #11224b; color: #ffffff; padding: 10px 15px; font-family: montserrat; font-weight: bold; font-size: 19px; border-radius: 10px;\"><img decoding=\"async\" style=\"width: 25px; height: 25px;\" src=\"https:\/\/unox.com.tr\/wp-content\/uploads\/2023\/02\/pdf-1.png\">PRODUCT CATALOG<br \/>\n<\/button><\/a><\/p>\n<p><button style=\"background-color: #11224b; margin-top: 5px; color: white; padding: 0px 15px; width: 150px; height: 55px; border-radius: 10px; border: none; cursor: pointer;\"><br \/>\n<img decoding=\"async\" style=\"width: 120px; height: 30px;\" src=\"https:\/\/unox.com.tr\/wp-content\/uploads\/2023\/02\/4-1.svg\"><\/button><br \/>\n<br \/><a href=\"https:\/\/www.unoxonline.com.tr\/urun\/2-yollu-pnomatik-on-off-kizgin-yag-vanasi-33612\/\" target=\"_blank\" rel=\"noopener\">Place an Online Order<br \/><\/a><button style=\"background-color: #11224b; color: #ffffff; padding: 10px 15px; font-family: montserrat; font-weight: bold; font-size: 19px; border-radius: 10px;\">UNOX<\/button><\/p>\n","protected":false},"featured_media":33955,"comment_status":"open","ping_status":"closed","template":"","meta":{"_joinchat":[]},"product_brand":[],"product_cat":[1599,1061,1064],"product_tag":[],"class_list":{"0":"post-36656","1":"product","2":"type-product","3":"status-publish","4":"has-post-thumbnail","6":"product_cat-hot-oil-valve","7":"product_cat-control-valves","8":"product_cat-pneumatic-on-off-control-valves","10":"first","11":"instock","12":"shipping-taxable","13":"product-type-simple"},"_links":{"self":[{"href":"https:\/\/unox.com.tr\/en\/wp-json\/wp\/v2\/product\/36656","targetHints":{"allow":["GET"]}}],"collection":[{"href":"https:\/\/unox.com.tr\/en\/wp-json\/wp\/v2\/product"}],"about":[{"href":"https:\/\/unox.com.tr\/en\/wp-json\/wp\/v2\/types\/product"}],"replies":[{"embeddable":true,"href":"https:\/\/unox.com.tr\/en\/wp-json\/wp\/v2\/comments?post=36656"}],"version-history":[{"count":3,"href":"https:\/\/unox.com.tr\/en\/wp-json\/wp\/v2\/product\/36656\/revisions"}],"predecessor-version":[{"id":68312,"href":"https:\/\/unox.com.tr\/en\/wp-json\/wp\/v2\/product\/36656\/revisions\/68312"}],"wp:featuredmedia":[{"embeddable":true,"href":"https:\/\/unox.com.tr\/en\/wp-json\/wp\/v2\/media\/33955"}],"wp:attachment":[{"href":"https:\/\/unox.com.tr\/en\/wp-json\/wp\/v2\/media?parent=36656"}],"wp:term":[{"taxonomy":"product_brand","embeddable":true,"href":"https:\/\/unox.com.tr\/en\/wp-json\/wp\/v2\/product_brand?post=36656"},{"taxonomy":"product_cat","embeddable":true,"href":"https:\/\/unox.com.tr\/en\/wp-json\/wp\/v2\/product_cat?post=36656"},{"taxonomy":"product_tag","embeddable":true,"href":"https:\/\/unox.com.tr\/en\/wp-json\/wp\/v2\/product_tag?post=36656"}],"curies":[{"name":"wp","href":"https:\/\/api.w.org\/{rel}","templated":true}]}}