{"id":36668,"date":"2020-09-18T07:20:23","date_gmt":"2020-09-18T07:20:23","guid":{"rendered":"https:\/\/www.unox.com.tr\/urun\/y-type-stainless-strainer\/"},"modified":"2026-01-06T13:03:00","modified_gmt":"2026-01-06T10:03:00","slug":"y-type-stainless-strainer","status":"publish","type":"product","link":"https:\/\/unox.com.tr\/en\/y-type-stainless-strainer\/","title":{"rendered":"Y-Type Stainless Strainer"},"content":{"rendered":"<p class=\"p1\">The Y-type stainless steel strainer is designed to separate solid particles that may enter the pipeline from the system. It filters foreign materials such as sand, gravel, and metal shavings from the fluid. This not only extends the lifespan of the system but also prevents damage to critical equipment.  <\/p>\n<p class=\"p1\">Structurally, its body is designed in a Y-shape. This design allows the strainer chamber to be easily opened and cleaned with minimal effort. Thanks to this advantage, maintenance times are reduced and downtime is minimized.  <\/p>\n<p class=\"p1\">The steel body used in the product offers superior resistance to chemicals. At the same time, it can be used for many years without deformation. This ensures that installations operate more safely and efficiently.  <\/p>\n<div id=\"ez-toc-container\" class=\"ez-toc-v2_0_82_2 counter-hierarchy ez-toc-counter ez-toc-grey ez-toc-container-direction\">\n<div class=\"ez-toc-title-container\">\n<p class=\"ez-toc-title\" style=\"cursor:inherit\">Sayfa \u0130\u00e7eri\u011fi<\/p>\n<span class=\"ez-toc-title-toggle\"><a href=\"#\" class=\"ez-toc-pull-right ez-toc-btn ez-toc-btn-xs ez-toc-btn-default ez-toc-toggle\" aria-label=\"Toggle Table of Content\"><span class=\"ez-toc-js-icon-con\"><span class=\"\"><span class=\"eztoc-hide\" style=\"display:none;\">Toggle<\/span><span class=\"ez-toc-icon-toggle-span\"><svg style=\"fill: #999;color:#999\" xmlns=\"http:\/\/www.w3.org\/2000\/svg\" class=\"list-377408\" width=\"20px\" height=\"20px\" viewBox=\"0 0 24 24\" fill=\"none\"><path d=\"M6 6H4v2h2V6zm14 0H8v2h12V6zM4 11h2v2H4v-2zm16 0H8v2h12v-2zM4 16h2v2H4v-2zm16 0H8v2h12v-2z\" fill=\"currentColor\"><\/path><\/svg><svg style=\"fill: #999;color:#999\" class=\"arrow-unsorted-368013\" xmlns=\"http:\/\/www.w3.org\/2000\/svg\" width=\"10px\" height=\"10px\" viewBox=\"0 0 24 24\" version=\"1.2\" baseProfile=\"tiny\"><path d=\"M18.2 9.3l-6.2-6.3-6.2 6.3c-.2.2-.3.4-.3.7s.1.5.3.7c.2.2.4.3.7.3h11c.3 0 .5-.1.7-.3.2-.2.3-.5.3-.7s-.1-.5-.3-.7zM5.8 14.7l6.2 6.3 6.2-6.3c.2-.2.3-.5.3-.7s-.1-.5-.3-.7c-.2-.2-.4-.3-.7-.3h-11c-.3 0-.5.1-.7.3-.2.2-.3.5-.3.7s.1.5.3.7z\"\/><\/svg><\/span><\/span><\/span><\/a><\/span><\/div>\n<nav><ul class='ez-toc-list ez-toc-list-level-1 ' ><li class='ez-toc-page-1 ez-toc-heading-level-3'><a class=\"ez-toc-link ez-toc-heading-1\" href=\"https:\/\/unox.com.tr\/en\/y-type-stainless-strainer\/#Where_is_a_Y-Type_Strainer_Used\" >Where is a Y-Type Strainer Used?<\/a><\/li><li class='ez-toc-page-1 ez-toc-heading-level-3'><a class=\"ez-toc-link ez-toc-heading-2\" href=\"https:\/\/unox.com.tr\/en\/y-type-stainless-strainer\/#Technical_Specifications\" >Technical Specifications<\/a><\/li><li class='ez-toc-page-1 ez-toc-heading-level-3'><a class=\"ez-toc-link ez-toc-heading-3\" href=\"https:\/\/unox.com.tr\/en\/y-type-stainless-strainer\/#Why_Should_a_Y-Type_Strainer_Be_Preferred\" >Why Should a Y-Type Strainer Be Preferred?<\/a><\/li><\/ul><\/nav><\/div>\n<h3><span class=\"ez-toc-section\" id=\"Where_is_a_Y-Type_Strainer_Used\"><\/span><b>Where is a Y-Type Strainer Used?<\/b><span class=\"ez-toc-section-end\"><\/span><\/h3>\n<p class=\"p1\">Thanks to its wide range of applications, this product is commonly preferred in industrial and commercial systems. It is used in many areas, from water treatment facilities to heating and cooling systems. Additionally, it performs effectively in lines carrying steam, condensate, chemical liquids, and gaseous fluids.  <\/p>\n<p class=\"p1\">It is actively used in various industries such as chemical, petrochemical, food, pharmaceutical, energy, textile, and paper sectors. It is incorporated as part of the system to protect sensitive devices such as pumps, valves, and flow meters. This enhances system safety and minimizes the frequency of failures.  <\/p>\n<h3><span class=\"ez-toc-section\" id=\"Technical_Specifications\"><\/span><b>Technical Specifications<\/b><span class=\"ez-toc-section-end\"><\/span><\/h3>\n<ul>\n<li>\n<p class=\"p1\">Body Material: AISI 304 or AISI 316 Steel<\/p>\n<\/li>\n<li>\n<p class=\"p1\">Connection Type: Flanged or threaded connection options<\/p>\n<\/li>\n<li>\n<p class=\"p1\">Operating Temperature: Ranges from -10\u00b0C to +200\u00b0C<\/p>\n<\/li>\n<li>\n<p class=\"p1\">Pressure Resistance: Maximum 16 bar<\/p>\n<\/li>\n<li>\n<p class=\"p1\">Filter Element: Perforated or wire mesh filter<\/p>\n<\/li>\n<li>\n<p class=\"p1\">Ease of Maintenance: The top cover can be opened with a screw-on system<\/p>\n<\/li>\n<li>\n<p class=\"p1\">Sealing: Supported with a high-quality gasket<\/p>\n<\/li>\n<\/ul>\n<h3><span class=\"ez-toc-section\" id=\"Why_Should_a_Y-Type_Strainer_Be_Preferred\"><\/span><b>Why Should a Y-Type Strainer Be Preferred?<\/b><span class=\"ez-toc-section-end\"><\/span><\/h3>\n<p class=\"p1\">This product is preferred to prevent potential failures in fluid lines. Sediments that accumulate in the system over time can damage equipment and compromise process safety. These risks can be eliminated with a Y-Type strainer.  <\/p>\n<p class=\"p1\">Additionally, this equipment can filter out any residual materials remaining in the line during the system&#8217;s initial start-up. This ensures the pipeline is secured even during the first operation. Its design, which allows for easy removal and installation, enables quick intervention when needed.  <\/p>\n<p class=\"p1\">Its superior resistance to corrosion and wear makes it safe to use even in demanding processes. In the long term, maintenance costs are reduced and system continuity is ensured. <\/p>\n<p class=\"p1\">You can access more information about Y-Type strainers <a href=\"https:\/\/unox.com.tr\/en\/valve-group\/\">here<\/a>. To explore all valve products, you can also visit our <a href=\"https:\/\/www.unoxonline.com.tr\/urun-kategori\/vana\/\" rel=\"nofollow noopener\" target=\"_blank\">UNOX Online store.<\/a> <\/p>\n<p><img decoding=\"async\" width=\"300\" height=\"300\" class=\"size-medium wp-image-59756\" src=\"https:\/\/unox.com.tr\/wp-content\/themes\/woodmart\/images\/lazy.svg\" data-src=\"https:\/\/unox.com.tr\/wp-content\/uploads\/2023\/03\/paslanmaz-flansli-pislik-tutucu-1-300x300.jpg\" alt=\"Bu \u00fcr\u00fcn hakk\u0131nda daha fazla bilgi i\u00e7in resmi UNOX vana sayfas\u0131n\u0131 ziyaret edebilir ve teknik detaylar\u0131 \u00fcr\u00fcn katalo\u011fumuzda inceleyebilirsiniz.\" title=\"\" srcset=\"\" data-srcset=\"https:\/\/unox.com.tr\/wp-content\/uploads\/2023\/03\/paslanmaz-flansli-pislik-tutucu-1-300x300.jpg 300w, https:\/\/unox.com.tr\/wp-content\/uploads\/2023\/03\/paslanmaz-flansli-pislik-tutucu-1-150x150.jpg 150w, https:\/\/unox.com.tr\/wp-content\/uploads\/2023\/03\/paslanmaz-flansli-pislik-tutucu-1-600x600.jpg 600w, https:\/\/unox.com.tr\/wp-content\/uploads\/2023\/03\/paslanmaz-flansli-pislik-tutucu-1-768x768.jpg 768w, https:\/\/unox.com.tr\/wp-content\/uploads\/2023\/03\/paslanmaz-flansli-pislik-tutucu-1.jpg 1000w\" sizes=\"(max-width: 300px) 100vw, 300px\" \/><\/p>\n","protected":false},"excerpt":{"rendered":"<p><a href=\"https:\/\/unox.com.tr\/wp-content\/uploads\/2023\/01\/Y-tipi-Paslanmaz-Pislik-Tutucu.pdf\" target=\"_blank\" rel=\"noopener\"><button style=\"background-color: #11224b; color: #ffffff; padding: 10px 15px; font-family: montserrat; font-weight: bold; font-size: 19px; border-radius: 10px;\"><img decoding=\"async\" style=\"width: 25px; height: 25px;\" src=\"https:\/\/unox.com.tr\/wp-content\/uploads\/2023\/02\/pdf-1.png\">PRODUCT CATALOG<br \/>\n<\/button><\/a><\/p>\n<p><button style=\"background-color: #11224b; margin-top: 5px; color: white; padding: 0px 15px; width: 150px; height: 55px; border-radius: 10px; border: none; cursor: pointer;\"><br \/>\n<img decoding=\"async\" style=\"width: 120px; height: 30px;\" src=\"https:\/\/unox.com.tr\/wp-content\/uploads\/2023\/02\/4-1.svg\"><\/button><br \/>\n<br \/><a href=\"https:\/\/www.unoxonline.com.tr\/urun\/paslanmaz-pislik-tutucu\/\" target=\"_blank\" rel=\"noopener\">Place an Online Order<br \/><\/a><button style=\"background-color: #11224b; color: #ffffff; padding: 10px 15px; font-family: montserrat; font-weight: bold; font-size: 19px; border-radius: 10px;\">UNOX<\/button><\/p>\n","protected":false},"featured_media":69512,"comment_status":"closed","ping_status":"closed","template":"","meta":{"_joinchat":[]},"product_brand":[],"product_cat":[1387,1627,1129],"product_tag":[],"class_list":{"0":"post-36668","1":"product","2":"type-product","3":"status-publish","4":"has-post-thumbnail","6":"product_cat-y-type-strainers","7":"product_cat-stainless-steel-valve","8":"product_cat-valve-group","10":"first","11":"instock","12":"shipping-taxable","13":"product-type-simple"},"_links":{"self":[{"href":"https:\/\/unox.com.tr\/en\/wp-json\/wp\/v2\/product\/36668","targetHints":{"allow":["GET"]}}],"collection":[{"href":"https:\/\/unox.com.tr\/en\/wp-json\/wp\/v2\/product"}],"about":[{"href":"https:\/\/unox.com.tr\/en\/wp-json\/wp\/v2\/types\/product"}],"replies":[{"embeddable":true,"href":"https:\/\/unox.com.tr\/en\/wp-json\/wp\/v2\/comments?post=36668"}],"version-history":[{"count":1,"href":"https:\/\/unox.com.tr\/en\/wp-json\/wp\/v2\/product\/36668\/revisions"}],"predecessor-version":[{"id":68308,"href":"https:\/\/unox.com.tr\/en\/wp-json\/wp\/v2\/product\/36668\/revisions\/68308"}],"wp:featuredmedia":[{"embeddable":true,"href":"https:\/\/unox.com.tr\/en\/wp-json\/wp\/v2\/media\/69512"}],"wp:attachment":[{"href":"https:\/\/unox.com.tr\/en\/wp-json\/wp\/v2\/media?parent=36668"}],"wp:term":[{"taxonomy":"product_brand","embeddable":true,"href":"https:\/\/unox.com.tr\/en\/wp-json\/wp\/v2\/product_brand?post=36668"},{"taxonomy":"product_cat","embeddable":true,"href":"https:\/\/unox.com.tr\/en\/wp-json\/wp\/v2\/product_cat?post=36668"},{"taxonomy":"product_tag","embeddable":true,"href":"https:\/\/unox.com.tr\/en\/wp-json\/wp\/v2\/product_tag?post=36668"}],"curies":[{"name":"wp","href":"https:\/\/api.w.org\/{rel}","templated":true}]}}