{"id":36681,"date":"2020-09-18T07:16:06","date_gmt":"2020-09-18T07:16:06","guid":{"rendered":"https:\/\/www.unox.com.tr\/urun\/3-way-stainless-steel-ball-valve-top-flanged\/"},"modified":"2026-01-06T12:40:32","modified_gmt":"2026-01-06T09:40:32","slug":"3-way-stainless-ball-valve-top-flange","status":"publish","type":"product","link":"https:\/\/unox.com.tr\/en\/3-way-stainless-ball-valve-top-flange\/","title":{"rendered":"3 Way Stainless Steel Ball Valve &#8211; Top Flanged"},"content":{"rendered":"<p class=\"p1\"><a href=\"https:\/\/unox.com.tr\/3-parcali-paslanmaz-kuresel-vana-disli\/\">The 3-way stainless steel ball valve \u2013 top-flanged <\/a>model is commonly used in systems where the flow direction needs to be controlled in process lines. This product is reliably preferred in industrial facilities that require high performance. Thanks to its ball valve design, it allows the flow to be directed to different lines through the three-way connection point.  <\/p>\n<p class=\"p1\">With the top-flanged design, <a href=\"https:\/\/unox.com.tr\/30-nm-elektrikli-aktuatorler\/\">electric<\/a> or <a href=\"https:\/\/unox.com.tr\/en\/?attachment_id=40035\">pneumatic <\/a>actuators can be easily integrated. This enables high efficiency and precise control in automation systems. <\/p>\n<div id=\"ez-toc-container\" class=\"ez-toc-v2_0_82_2 counter-hierarchy ez-toc-counter ez-toc-grey ez-toc-container-direction\">\n<div class=\"ez-toc-title-container\">\n<p class=\"ez-toc-title\" style=\"cursor:inherit\">Sayfa \u0130\u00e7eri\u011fi<\/p>\n<span class=\"ez-toc-title-toggle\"><a href=\"#\" class=\"ez-toc-pull-right ez-toc-btn ez-toc-btn-xs ez-toc-btn-default ez-toc-toggle\" aria-label=\"Toggle Table of Content\"><span class=\"ez-toc-js-icon-con\"><span class=\"\"><span class=\"eztoc-hide\" style=\"display:none;\">Toggle<\/span><span class=\"ez-toc-icon-toggle-span\"><svg style=\"fill: #999;color:#999\" xmlns=\"http:\/\/www.w3.org\/2000\/svg\" class=\"list-377408\" width=\"20px\" height=\"20px\" viewBox=\"0 0 24 24\" fill=\"none\"><path d=\"M6 6H4v2h2V6zm14 0H8v2h12V6zM4 11h2v2H4v-2zm16 0H8v2h12v-2zM4 16h2v2H4v-2zm16 0H8v2h12v-2z\" fill=\"currentColor\"><\/path><\/svg><svg style=\"fill: #999;color:#999\" class=\"arrow-unsorted-368013\" xmlns=\"http:\/\/www.w3.org\/2000\/svg\" width=\"10px\" height=\"10px\" viewBox=\"0 0 24 24\" version=\"1.2\" baseProfile=\"tiny\"><path d=\"M18.2 9.3l-6.2-6.3-6.2 6.3c-.2.2-.3.4-.3.7s.1.5.3.7c.2.2.4.3.7.3h11c.3 0 .5-.1.7-.3.2-.2.3-.5.3-.7s-.1-.5-.3-.7zM5.8 14.7l6.2 6.3 6.2-6.3c.2-.2.3-.5.3-.7s-.1-.5-.3-.7c-.2-.2-.4-.3-.7-.3h-11c-.3 0-.5.1-.7.3-.2.2-.3.5-.3.7s.1.5.3.7z\"\/><\/svg><\/span><\/span><\/span><\/a><\/span><\/div>\n<nav><ul class='ez-toc-list ez-toc-list-level-1 ' ><li class='ez-toc-page-1 ez-toc-heading-level-3'><a class=\"ez-toc-link ez-toc-heading-1\" href=\"https:\/\/unox.com.tr\/en\/3-way-stainless-ball-valve-top-flange\/#Where_to_use\" >Where to use?<\/a><\/li><li class='ez-toc-page-1 ez-toc-heading-level-3'><a class=\"ez-toc-link ez-toc-heading-2\" href=\"https:\/\/unox.com.tr\/en\/3-way-stainless-ball-valve-top-flange\/#What_Are_the_Technical_Specifications\" >What Are the Technical Specifications?<\/a><\/li><li class='ez-toc-page-1 ez-toc-heading-level-3'><a class=\"ez-toc-link ez-toc-heading-3\" href=\"https:\/\/unox.com.tr\/en\/3-way-stainless-ball-valve-top-flange\/#Why_Choose_a_3-Way_Top-Flanged_Ball_Valve\" >Why Choose a 3-Way Top-Flanged Ball Valve?<\/a><\/li><li class='ez-toc-page-1 ez-toc-heading-level-3'><a class=\"ez-toc-link ez-toc-heading-4\" href=\"https:\/\/unox.com.tr\/en\/3-way-stainless-ball-valve-top-flange\/#Purchase_and_Detailed_Information\" >Purchase and Detailed Information<\/a><\/li><\/ul><\/nav><\/div>\n<h3><span class=\"ez-toc-section\" id=\"Where_to_use\"><\/span><b>Where to use?<\/b><span class=\"ez-toc-section-end\"><\/span><\/h3>\n<p class=\"p1\"><a href=\"https:\/\/unox.com.tr\/en\/valve-group\/\">3-way ball valve models<\/a> are especially used in chemical, food, energy, water treatment, and petrochemical facilities. <a href=\"https:\/\/unox.com.tr\/2-parcali-flansli-kuresel-vana-tepe-flansli\/\">Top-flanged valves<\/a> are preferred at points where liquids or gases need to be safely directed in different directions. <\/p>\n<p class=\"p1\"><a href=\"https:\/\/unox.com.tr\/2-parcali-paslanmaz-kuresel-vana-flansli\/\">Ball valves<\/a> provide both enhanced durability and long-lasting performance against corrosion. They are used together with <a href=\"https:\/\/unox.com.tr\/en\/?attachment_id=40643\">electric actuator solutions<\/a> in systems that require remote control. <\/p>\n<h3><span class=\"ez-toc-section\" id=\"What_Are_the_Technical_Specifications\"><\/span><b>What Are the Technical Specifications?<\/b><span class=\"ez-toc-section-end\"><\/span><\/h3>\n<ul>\n<li>\n<p class=\"p1\">Body Material: AISI 304 \/ 316 Steel<\/p>\n<\/li>\n<li>\n<p class=\"p1\">Connection Type: <a href=\"https:\/\/unox.com.tr\/2-parcali-paslanmaz-kuresel-vana-flansli\/\">Flanged <\/a>\u2013 ISO 5211 Standard Compliant<\/p>\n<\/li>\n<li>\n<p class=\"p1\">Flow Type: T-Port \/ L-Port<\/p>\n<\/li>\n<li>\n<p class=\"p1\">Sealing: PTFE \/ RPTFE \/ Viton<\/p>\n<\/li>\n<li>\n<p class=\"p1\">Pressure Rating: PN16 \u2013 PN40<\/p>\n<\/li>\n<li>\n<p class=\"p1\">Operating Temperature: -20\u00b0C ~ +180\u00b0C<\/p>\n<\/li>\n<li>\n<p class=\"p1\">Actuator Compatibility: Suitable for integration with <a href=\"https:\/\/unox.com.tr\/en\/?attachment_id=40027\">pneumatic<\/a>, <a href=\"https:\/\/unox.com.tr\/4-20ma-oransal-elektrikli-aktuator\/\">electric<\/a>, and <a href=\"https:\/\/unox.com.tr\/30-nm-elektrikli-aktuatorler\/\">proportional actuators.<\/a><\/p>\n<\/li>\n<\/ul>\n<h3><span class=\"ez-toc-section\" id=\"Why_Choose_a_3-Way_Top-Flanged_Ball_Valve\"><\/span><b>Why Choose a 3-Way Top-Flanged Ball Valve?<\/b><span class=\"ez-toc-section-end\"><\/span><\/h3>\n<p class=\"p1\">This product group stands out among <a href=\"https:\/\/www.unoxonline.com.tr\/urun-kategori\/vana\/\" rel=\"nofollow noopener\" target=\"_blank\">actuated valves<\/a> for offering versatile control. It provides an ideal design for switching between different lines. Additionally, as with all valves offered under the <a href=\"https:\/\/www.unoxonline.com.tr\/\" rel=\"nofollow noopener\" target=\"_blank\">Unox <\/a>guarantee, high quality and engineering standards are applied.  <\/p>\n<p class=\"p1\">Thanks to its ability to be directly integrated into automation systems, installation time is reduced and control accuracy is increased. In addition, low maintenance requirements provide long-term savings. <\/p>\n<h3><span class=\"ez-toc-section\" id=\"Purchase_and_Detailed_Information\"><\/span><b>Purchase and Detailed Information<\/b><span class=\"ez-toc-section-end\"><\/span><\/h3>\n<p class=\"p1\">You can view all details of the <a href=\"https:\/\/unox.com.tr\/3-parcali-paslanmaz-kuresel-vana-disli\/\">3-piece stainless steel ball valve<\/a> product and place an order by visiting the <a href=\"https:\/\/unox.com.tr\/en\/valve-group\/\">Unox valve category<\/a> page. For online orders, secure access is available through the <a href=\"https:\/\/www.unoxonline.com.tr\/urun-kategori\/vana\/\" rel=\"nofollow noopener\" target=\"_blank\">Unox Online Store.<\/a> <\/p>\n<p><img decoding=\"async\" width=\"300\" height=\"300\" class=\"size-medium wp-image-9363\" src=\"https:\/\/unox.com.tr\/wp-content\/themes\/woodmart\/images\/lazy.svg\" data-src=\"https:\/\/unox.com.tr\/wp-content\/uploads\/2020\/09\/Urun11-3-1-300x300.jpg\" alt=\"For more information about this product, you can visit the official UNOX valve page and review the technical details in our product catalog.\" title=\"\" srcset=\"\" data-srcset=\"https:\/\/unox.com.tr\/wp-content\/uploads\/2020\/09\/Urun11-3-1-300x300.jpg 300w, https:\/\/unox.com.tr\/wp-content\/uploads\/2020\/09\/Urun11-3-1-150x150.jpg 150w, https:\/\/unox.com.tr\/wp-content\/uploads\/2020\/09\/Urun11-3-1-400x400.jpg 400w, https:\/\/unox.com.tr\/wp-content\/uploads\/2020\/09\/Urun11-3-1-560x560.jpg 560w, https:\/\/unox.com.tr\/wp-content\/uploads\/2020\/09\/Urun11-3-1-367x367.jpg 367w, https:\/\/unox.com.tr\/wp-content\/uploads\/2020\/09\/Urun11-3-1-85x85.jpg 85w, https:\/\/unox.com.tr\/wp-content\/uploads\/2020\/09\/Urun11-3-1-32x32.jpg 32w, https:\/\/unox.com.tr\/wp-content\/uploads\/2020\/09\/Urun11-3-1.jpg 600w\" sizes=\"(max-width: 300px) 100vw, 300px\" \/><\/p>\n","protected":false},"excerpt":{"rendered":"<p><a href=\"https:\/\/unox.com.tr\/wp-content\/uploads\/2023\/01\/3-PARCALI-3-YOLLU-DISLI-PASLANMAZ-KURESEL-VANA.pdf\" target=\"_blank\" rel=\"noopener\"><button style=\"background-color: #11224b; color: #ffffff; padding: 10px 15px; font-family: montserrat; font-weight: bold; font-size: 19px; border-radius: 10px;\"><img decoding=\"async\" style=\"width: 25px; height: 25px;\" src=\"https:\/\/unox.com.tr\/wp-content\/uploads\/2023\/02\/pdf-1.png\">PRODUCT CATALOG<br \/>\n<\/button><\/a><\/p>\n<p><button style=\"background-color: #11224b; margin-top: 5px; color: white; padding: 0px 15px; width: 150px; height: 55px; border-radius: 10px; border: none; cursor: pointer;\"><br \/>\n<img decoding=\"async\" style=\"width: 120px; height: 30px;\" src=\"https:\/\/unox.com.tr\/wp-content\/uploads\/2023\/02\/4-1.svg\"><\/button><br \/>\n<br \/><a href=\"https:\/\/www.unoxonline.com.tr\/urun\/3-yollu-paslanmaz-kuresel-vana\/\" target=\"_blank\" rel=\"noopener\">Place an Online Order<br \/><\/a><button style=\"background-color: #11224b; color: #ffffff; padding: 10px 15px; font-family: montserrat; font-weight: bold; font-size: 19px; border-radius: 10px;\">UNOX<\/button><\/p>\n","protected":false},"featured_media":69793,"comment_status":"closed","ping_status":"closed","template":"","meta":{"_joinchat":[]},"product_brand":[],"product_cat":[1148,1627,1129],"product_tag":[],"class_list":{"0":"post-36681","1":"product","2":"type-product","3":"status-publish","4":"has-post-thumbnail","6":"product_cat-ball-valves","7":"product_cat-stainless-steel-valve","8":"product_cat-valve-group","10":"first","11":"instock","12":"shipping-taxable","13":"product-type-simple"},"_links":{"self":[{"href":"https:\/\/unox.com.tr\/en\/wp-json\/wp\/v2\/product\/36681","targetHints":{"allow":["GET"]}}],"collection":[{"href":"https:\/\/unox.com.tr\/en\/wp-json\/wp\/v2\/product"}],"about":[{"href":"https:\/\/unox.com.tr\/en\/wp-json\/wp\/v2\/types\/product"}],"replies":[{"embeddable":true,"href":"https:\/\/unox.com.tr\/en\/wp-json\/wp\/v2\/comments?post=36681"}],"version-history":[{"count":1,"href":"https:\/\/unox.com.tr\/en\/wp-json\/wp\/v2\/product\/36681\/revisions"}],"predecessor-version":[{"id":68305,"href":"https:\/\/unox.com.tr\/en\/wp-json\/wp\/v2\/product\/36681\/revisions\/68305"}],"wp:featuredmedia":[{"embeddable":true,"href":"https:\/\/unox.com.tr\/en\/wp-json\/wp\/v2\/media\/69793"}],"wp:attachment":[{"href":"https:\/\/unox.com.tr\/en\/wp-json\/wp\/v2\/media?parent=36681"}],"wp:term":[{"taxonomy":"product_brand","embeddable":true,"href":"https:\/\/unox.com.tr\/en\/wp-json\/wp\/v2\/product_brand?post=36681"},{"taxonomy":"product_cat","embeddable":true,"href":"https:\/\/unox.com.tr\/en\/wp-json\/wp\/v2\/product_cat?post=36681"},{"taxonomy":"product_tag","embeddable":true,"href":"https:\/\/unox.com.tr\/en\/wp-json\/wp\/v2\/product_tag?post=36681"}],"curies":[{"name":"wp","href":"https:\/\/api.w.org\/{rel}","templated":true}]}}