{"id":39735,"date":"2022-12-12T05:54:05","date_gmt":"2022-12-12T05:54:05","guid":{"rendered":"https:\/\/www.unox.com.tr\/urun\/flanged-lift-check-valve\/"},"modified":"2026-01-08T12:51:48","modified_gmt":"2026-01-08T09:51:48","slug":"flanged-lift-check-valve","status":"publish","type":"product","link":"https:\/\/unox.com.tr\/en\/flanged-lift-check-valve\/","title":{"rendered":"Flanged Lift Check Valve"},"content":{"rendered":"<p class=\"p1\">The flanged lift check valve is a type of valve that allows liquid and gas flow in only one direction. It is used in the system to prevent backflow. When the flow direction reverses, it automatically closes to stop the backflow. This feature helps protect piping and pump systems.   <\/p>\n<p class=\"p1\">The disc inside the valve body is lifted when the flow starts. When the flow stops, the disc closes onto the seating surface due to its own weight and system pressure. This design prevents backflow. Thanks to the flanged connection, it can be easily integrated into systems.   <\/p>\n<div id=\"ez-toc-container\" class=\"ez-toc-v2_0_82_2 counter-hierarchy ez-toc-counter ez-toc-grey ez-toc-container-direction\">\n<div class=\"ez-toc-title-container\">\n<p class=\"ez-toc-title\" style=\"cursor:inherit\">Sayfa \u0130\u00e7eri\u011fi<\/p>\n<span class=\"ez-toc-title-toggle\"><a href=\"#\" class=\"ez-toc-pull-right ez-toc-btn ez-toc-btn-xs ez-toc-btn-default ez-toc-toggle\" aria-label=\"Toggle Table of Content\"><span class=\"ez-toc-js-icon-con\"><span class=\"\"><span class=\"eztoc-hide\" style=\"display:none;\">Toggle<\/span><span class=\"ez-toc-icon-toggle-span\"><svg style=\"fill: #999;color:#999\" xmlns=\"http:\/\/www.w3.org\/2000\/svg\" class=\"list-377408\" width=\"20px\" height=\"20px\" viewBox=\"0 0 24 24\" fill=\"none\"><path d=\"M6 6H4v2h2V6zm14 0H8v2h12V6zM4 11h2v2H4v-2zm16 0H8v2h12v-2zM4 16h2v2H4v-2zm16 0H8v2h12v-2z\" fill=\"currentColor\"><\/path><\/svg><svg style=\"fill: #999;color:#999\" class=\"arrow-unsorted-368013\" xmlns=\"http:\/\/www.w3.org\/2000\/svg\" width=\"10px\" height=\"10px\" viewBox=\"0 0 24 24\" version=\"1.2\" baseProfile=\"tiny\"><path d=\"M18.2 9.3l-6.2-6.3-6.2 6.3c-.2.2-.3.4-.3.7s.1.5.3.7c.2.2.4.3.7.3h11c.3 0 .5-.1.7-.3.2-.2.3-.5.3-.7s-.1-.5-.3-.7zM5.8 14.7l6.2 6.3 6.2-6.3c.2-.2.3-.5.3-.7s-.1-.5-.3-.7c-.2-.2-.4-.3-.7-.3h-11c-.3 0-.5.1-.7.3-.2.2-.3.5-.3.7s.1.5.3.7z\"\/><\/svg><\/span><\/span><\/span><\/a><\/span><\/div>\n<nav><ul class='ez-toc-list ez-toc-list-level-1 ' ><li class='ez-toc-page-1 ez-toc-heading-level-3'><a class=\"ez-toc-link ez-toc-heading-1\" href=\"https:\/\/unox.com.tr\/en\/flanged-lift-check-valve\/#Where_Are_Flanged_Lift_Check_Valves_Used\" >Where Are Flanged Lift Check Valves Used?<\/a><\/li><li class='ez-toc-page-1 ez-toc-heading-level-3'><a class=\"ez-toc-link ez-toc-heading-2\" href=\"https:\/\/unox.com.tr\/en\/flanged-lift-check-valve\/#Product_Features\" >Product Features<\/a><\/li><li class='ez-toc-page-1 ez-toc-heading-level-3'><a class=\"ez-toc-link ez-toc-heading-3\" href=\"https:\/\/unox.com.tr\/en\/flanged-lift-check-valve\/#Why_Choose_a_Flanged_Lift_Check_Valve\" >Why Choose a Flanged Lift Check Valve?<\/a><\/li><\/ul><\/nav><\/div>\n<h3><span class=\"ez-toc-section\" id=\"Where_Are_Flanged_Lift_Check_Valves_Used\"><\/span><b>Where Are Flanged Lift Check Valves Used?<\/b><span class=\"ez-toc-section-end\"><\/span><\/h3>\n<p class=\"p1\">Flanged lift check valves are generally preferred in high-pressure lines. They are used to ensure safe flow in industrial liquid transfer systems. They are also commonly used in water treatment plants, fire protection systems, and heating-cooling lines.  <\/p>\n<p class=\"p1\">It is preferred in the petrochemical, power generation, and chemical industries due to its long-lasting performance. Additionally, when used on pump discharge lines, it enhances system safety against backflow. It provides an ideal solution for protecting pumps and other equipment in piping systems.  <\/p>\n<h3><span class=\"ez-toc-section\" id=\"Product_Features\"><\/span><b>Product Features<\/b><span class=\"ez-toc-section-end\"><\/span><\/h3>\n<ul>\n<li>\n<p class=\"p1\">Connection Type: Flanged<\/p>\n<\/li>\n<li>\n<p class=\"p1\">Disc Type: Spring-loaded metal disc<\/p>\n<\/li>\n<li>\n<p class=\"p1\">Body Material: Cast iron, ductile iron, or stainless steel<\/p>\n<\/li>\n<li>\n<p class=\"p1\">Sealing Type: Metal-to-metal or soft sealing<\/p>\n<\/li>\n<li>\n<p class=\"p1\">Pressure Rating: PN10, PN16, PN25<\/p>\n<\/li>\n<li>\n<p class=\"p1\">Temperature Range: -10\u00b0C to +180\u00b0C<\/p>\n<\/li>\n<\/ul>\n<h3><span class=\"ez-toc-section\" id=\"Why_Choose_a_Flanged_Lift_Check_Valve\"><\/span><b>Why Choose a Flanged Lift Check Valve?<\/b><span class=\"ez-toc-section-end\"><\/span><\/h3>\n<p class=\"p1\">Lift check valves can be easily used in both vertical and horizontal pipelines. Their high-strength design reduces maintenance requirements. Additionally, the flanged connection simplifies the installation process.  <\/p>\n<p class=\"p1\">By preventing backflow, system malfunctions are avoided. In addition, it helps create a system infrastructure that maintains energy efficiency. Its quiet operation reduces noise in facilities, and over the long term, it provides economic benefits through low maintenance costs.   <\/p>\n<p class=\"p1\">For more valve options, you can explore <a href=\"https:\/\/unox.com.tr\/en\/valve-group\/\">UNOX valve products<\/a>. You can access our products in the relevant category through <a href=\"https:\/\/www.unoxonline.com.tr\/urun-kategori\/vana\/\" rel=\"nofollow noopener\" target=\"_blank\">UNOX Online<\/a>. <\/p>\n<div id=\"attachment_59276\" style=\"width: 310px\" class=\"wp-caption alignnone\"><img decoding=\"async\" aria-describedby=\"caption-attachment-59276\" class=\"size-medium wp-image-59274\" src=\"https:\/\/unox.com.tr\/wp-content\/themes\/woodmart\/images\/lazy.svg\" data-src=\"https:\/\/unox.com.tr\/wp-content\/uploads\/2022\/12\/flansli-lift-cekvalf-1-300x300.jpg\" alt=\"Flanged Lift Check Valve\" width=\"300\" height=\"300\" title=\"\" srcset=\"\" data-srcset=\"https:\/\/unox.com.tr\/wp-content\/uploads\/2022\/12\/flansli-lift-cekvalf-1-300x300.jpg 300w, https:\/\/unox.com.tr\/wp-content\/uploads\/2022\/12\/flansli-lift-cekvalf-1-150x150.jpg 150w, https:\/\/unox.com.tr\/wp-content\/uploads\/2022\/12\/flansli-lift-cekvalf-1-600x600.jpg 600w, https:\/\/unox.com.tr\/wp-content\/uploads\/2022\/12\/flansli-lift-cekvalf-1-768x768.jpg 768w, https:\/\/unox.com.tr\/wp-content\/uploads\/2022\/12\/flansli-lift-cekvalf-1.jpg 1000w\" sizes=\"(max-width: 300px) 100vw, 300px\" \/><p id=\"caption-attachment-59276\" class=\"wp-caption-text\">Flanged Lift Check Valve<\/p><\/div>\n<p>&nbsp;<\/p>\n","protected":false},"excerpt":{"rendered":"<p><a href=\"https:\/\/unox.com.tr\/wp-content\/uploads\/2022\/12\/PN16-FLAN-LIFT-CEK-VANA-PIK-DOKUM.pdf\" target=\"_blank\" rel=\"noopener\"><button style=\"background-color: #11224b; color: #ffffff; padding: 10px 15px; font-family: montserrat; font-weight: bold; font-size: 19px; border-radius: 10px;\"><img decoding=\"async\" style=\"width: 25px; height: 25px;\" src=\"https:\/\/unox.com.tr\/wp-content\/uploads\/2023\/02\/pdf-1.png\">PRODUCT CATALOGUE<\/button><\/a><\/p>\n<p><button style=\"background-color: #11224b; margin-top: 5px; color: white; padding: 0px 15px; width: 150px; height: 55px; border-radius: 10px; border: none; cursor: pointer;\"><br \/>\n<img decoding=\"async\" style=\"width: 120px; height: 30px;\" src=\"https:\/\/unox.com.tr\/wp-content\/uploads\/2023\/02\/4-1.svg\"><\/button><\/p>\n","protected":false},"featured_media":59276,"comment_status":"open","ping_status":"closed","template":"","meta":{"_joinchat":[]},"product_brand":[],"product_cat":[1399,1129],"product_tag":[],"class_list":{"0":"post-39735","1":"product","2":"type-product","3":"status-publish","4":"has-post-thumbnail","6":"product_cat-check-valves","7":"product_cat-valve-group","9":"first","10":"instock","11":"shipping-taxable","12":"product-type-simple"},"_links":{"self":[{"href":"https:\/\/unox.com.tr\/en\/wp-json\/wp\/v2\/product\/39735","targetHints":{"allow":["GET"]}}],"collection":[{"href":"https:\/\/unox.com.tr\/en\/wp-json\/wp\/v2\/product"}],"about":[{"href":"https:\/\/unox.com.tr\/en\/wp-json\/wp\/v2\/types\/product"}],"replies":[{"embeddable":true,"href":"https:\/\/unox.com.tr\/en\/wp-json\/wp\/v2\/comments?post=39735"}],"version-history":[{"count":1,"href":"https:\/\/unox.com.tr\/en\/wp-json\/wp\/v2\/product\/39735\/revisions"}],"predecessor-version":[{"id":68403,"href":"https:\/\/unox.com.tr\/en\/wp-json\/wp\/v2\/product\/39735\/revisions\/68403"}],"wp:featuredmedia":[{"embeddable":true,"href":"https:\/\/unox.com.tr\/en\/wp-json\/wp\/v2\/media\/59276"}],"wp:attachment":[{"href":"https:\/\/unox.com.tr\/en\/wp-json\/wp\/v2\/media?parent=39735"}],"wp:term":[{"taxonomy":"product_brand","embeddable":true,"href":"https:\/\/unox.com.tr\/en\/wp-json\/wp\/v2\/product_brand?post=39735"},{"taxonomy":"product_cat","embeddable":true,"href":"https:\/\/unox.com.tr\/en\/wp-json\/wp\/v2\/product_cat?post=39735"},{"taxonomy":"product_tag","embeddable":true,"href":"https:\/\/unox.com.tr\/en\/wp-json\/wp\/v2\/product_tag?post=39735"}],"curies":[{"name":"wp","href":"https:\/\/api.w.org\/{rel}","templated":true}]}}