{"id":39738,"date":"2022-12-09T14:54:40","date_gmt":"2022-12-09T14:54:40","guid":{"rendered":"https:\/\/www.unox.com.tr\/urun\/flanged-strainer\/"},"modified":"2025-11-27T16:24:49","modified_gmt":"2025-11-27T13:24:49","slug":"flanged-strainer","status":"publish","type":"product","link":"https:\/\/unox.com.tr\/en\/flanged-strainer\/","title":{"rendered":"Flanged Strainer"},"content":{"rendered":"<p class=\"p1\">Flanged strainer is a type of valve that is mounted on pipelines to retain solid particles in the system. This equipment, which usually has a T or Y body structure, is used to filter unwanted particles in liquid or gas. In this way, the equipment in the system is protected against clogging and wear.  <\/p>\n<p class=\"p1\">Strainers filter sand, stones, welding burrs and other solid materials from the fluid. Thanks to the flanged connection, they are sealingly and robustly integrated into the pipeline. At the same time, maintenance and cleaning operations are facilitated. These features increase the overall efficiency of the system.   <\/p>\n<div id=\"ez-toc-container\" class=\"ez-toc-v2_0_82_2 counter-hierarchy ez-toc-counter ez-toc-grey ez-toc-container-direction\">\n<div class=\"ez-toc-title-container\">\n<p class=\"ez-toc-title\" style=\"cursor:inherit\">Sayfa \u0130\u00e7eri\u011fi<\/p>\n<span class=\"ez-toc-title-toggle\"><a href=\"#\" class=\"ez-toc-pull-right ez-toc-btn ez-toc-btn-xs ez-toc-btn-default ez-toc-toggle\" aria-label=\"Toggle Table of Content\"><span class=\"ez-toc-js-icon-con\"><span class=\"\"><span class=\"eztoc-hide\" style=\"display:none;\">Toggle<\/span><span class=\"ez-toc-icon-toggle-span\"><svg style=\"fill: #999;color:#999\" xmlns=\"http:\/\/www.w3.org\/2000\/svg\" class=\"list-377408\" width=\"20px\" height=\"20px\" viewBox=\"0 0 24 24\" fill=\"none\"><path d=\"M6 6H4v2h2V6zm14 0H8v2h12V6zM4 11h2v2H4v-2zm16 0H8v2h12v-2zM4 16h2v2H4v-2zm16 0H8v2h12v-2z\" fill=\"currentColor\"><\/path><\/svg><svg style=\"fill: #999;color:#999\" class=\"arrow-unsorted-368013\" xmlns=\"http:\/\/www.w3.org\/2000\/svg\" width=\"10px\" height=\"10px\" viewBox=\"0 0 24 24\" version=\"1.2\" baseProfile=\"tiny\"><path d=\"M18.2 9.3l-6.2-6.3-6.2 6.3c-.2.2-.3.4-.3.7s.1.5.3.7c.2.2.4.3.7.3h11c.3 0 .5-.1.7-.3.2-.2.3-.5.3-.7s-.1-.5-.3-.7zM5.8 14.7l6.2 6.3 6.2-6.3c.2-.2.3-.5.3-.7s-.1-.5-.3-.7c-.2-.2-.4-.3-.7-.3h-11c-.3 0-.5.1-.7.3-.2.2-.3.5-.3.7s.1.5.3.7z\"\/><\/svg><\/span><\/span><\/span><\/a><\/span><\/div>\n<nav><ul class='ez-toc-list ez-toc-list-level-1 ' ><li class='ez-toc-page-1 ez-toc-heading-level-3'><a class=\"ez-toc-link ez-toc-heading-1\" href=\"https:\/\/unox.com.tr\/en\/flanged-strainer\/#Where_is_Flanged_Strainer_Used\" >Where is Flanged Strainer Used?<\/a><\/li><li class='ez-toc-page-1 ez-toc-heading-level-3'><a class=\"ez-toc-link ez-toc-heading-2\" href=\"https:\/\/unox.com.tr\/en\/flanged-strainer\/#Construction_Features_of_Flanged_Strainer\" >Construction Features of Flanged Strainer<\/a><\/li><li class='ez-toc-page-1 ez-toc-heading-level-3'><a class=\"ez-toc-link ez-toc-heading-3\" href=\"https:\/\/unox.com.tr\/en\/flanged-strainer\/#Why_Choose_a_Flanged_Strainer\" >Why Choose a Flanged Strainer?<\/a><\/li><\/ul><\/nav><\/div>\n<h3><span class=\"ez-toc-section\" id=\"Where_is_Flanged_Strainer_Used\"><\/span><b>Where is Flanged Strainer Used?<\/b><span class=\"ez-toc-section-end\"><\/span><\/h3>\n<p class=\"p1\">This equipment is widely used in many different sectors. In particular, it is found in industrial installations, heating and cooling systems, water treatment plants and power plants. It is used in lines transporting steam, hot water, compressed air and various liquids.  <\/p>\n<p class=\"p1\">Thanks to the strainer, the risk of failure of pumps, valves and control equipment is reduced. This reduces maintenance costs and ensures operational continuity. It also contributes to maintaining the flow balance within the system.  <\/p>\n<h3><span class=\"ez-toc-section\" id=\"Construction_Features_of_Flanged_Strainer\"><\/span><b>Construction Features of Flanged Strainer<\/b><span class=\"ez-toc-section-end\"><\/span><\/h3>\n<ul>\n<li>\n<p class=\"p1\"><span class=\"s1\"><b>Connection Type:<\/b><\/span> Flanged (PN10 \/ PN16 \/ PN25)<\/p>\n<\/li>\n<li>\n<p class=\"p1\"><span class=\"s1\"><b>Body Material:<\/b><\/span> Cast iron, ductile iron or steel<\/p>\n<\/li>\n<li>\n<p class=\"p1\"><span class=\"s1\"><b>Filter Element:<\/b><\/span> Stainless steel perforated or mesh filter<\/p>\n<\/li>\n<li>\n<p class=\"p1\"><span class=\"s1\"><b>Operating Temperature:<\/b><\/span> -10\u00b0C to +180\u00b0C<\/p>\n<\/li>\n<li>\n<p class=\"p1\"><span class=\"s1\"><b>Cleaning<\/b><\/span> Easy to clean with bottom plug<\/p>\n<\/li>\n<\/ul>\n<h3><span class=\"ez-toc-section\" id=\"Why_Choose_a_Flanged_Strainer\"><\/span><b>Why Choose a Flanged Strainer?<\/b><span class=\"ez-toc-section-end\"><\/span><\/h3>\n<p class=\"p1\">Scum traps are widely preferred to improve system performance and reduce the risk of failure. Flanged models stand out due to their ease of installation and high sealing properties. In addition, the easy cleaning of the filter chamber shortens periodic maintenance periods.  <\/p>\n<p class=\"p1\">Another important advantage is extended equipment life. When solid particles are filtered out, other parts in the system become more resistant to wear. This leads to savings in long-term operating costs. In addition, the sustainability of energy-efficient systems is increased.   <\/p>\n<p class=\"p1\">You can browse <a href=\"https:\/\/unox.com.tr\/en\/valve-group\/\">the UNOX valve category<\/a> for more products. You can visit <a href=\"https:\/\/www.unoxonline.com.tr\/urun-kategori\/vana\/\" rel=\"nofollow noopener\" target=\"_blank\">UNOX Online Valve Category<\/a> for online product ordering. <\/p>\n<div id=\"attachment_59300\" style=\"width: 310px\" class=\"wp-caption alignnone\"><img decoding=\"async\" aria-describedby=\"caption-attachment-59300\" class=\"size-medium wp-image-59298\" src=\"https:\/\/unox.com.tr\/wp-content\/themes\/woodmart\/images\/lazy.svg\" data-src=\"https:\/\/unox.com.tr\/wp-content\/uploads\/2022\/12\/flansli-pislik-tutucu-1-300x300.jpg\" alt=\"Flanged Strainer\" width=\"300\" height=\"300\" title=\"\" srcset=\"\" data-srcset=\"https:\/\/unox.com.tr\/wp-content\/uploads\/2022\/12\/flansli-pislik-tutucu-1-300x300.jpg 300w, https:\/\/unox.com.tr\/wp-content\/uploads\/2022\/12\/flansli-pislik-tutucu-1-150x150.jpg 150w, https:\/\/unox.com.tr\/wp-content\/uploads\/2022\/12\/flansli-pislik-tutucu-1-600x600.jpg 600w, https:\/\/unox.com.tr\/wp-content\/uploads\/2022\/12\/flansli-pislik-tutucu-1-768x768.jpg 768w, https:\/\/unox.com.tr\/wp-content\/uploads\/2022\/12\/flansli-pislik-tutucu-1.jpg 1000w\" sizes=\"(max-width: 300px) 100vw, 300px\" \/><p id=\"caption-attachment-59300\" class=\"wp-caption-text\">Flanged Strainer<\/p><\/div>\n<p>&nbsp;<\/p>\n","protected":false},"excerpt":{"rendered":"<p><a href=\"https:\/\/unox.com.tr\/wp-content\/uploads\/2025\/11\/Flansli-Pislik-Tutucu.pdf\" target=\"_blank\" rel=\"noopener\"><button style=\"background-color: #11224b; color: #ffffff; padding: 10px 15px; font-family: montserrat; font-weight: bold; font-size: 19px; border-radius: 10px;\"><img decoding=\"async\" style=\"width: 25px; height: 25px;\" src=\"https:\/\/unox.com.tr\/wp-content\/uploads\/2023\/02\/pdf-1.png\">PRODUCT CATALOGUE<\/button><\/a><\/p>\n<p><button style=\"background-color: #11224b; margin-top: 5px; color: white; padding: 0px 15px; width: 150px; height: 55px; border-radius: 10px; border: none; cursor: pointer;\"><br \/>\n<img decoding=\"async\" style=\"width: 120px; height: 30px;\" src=\"https:\/\/unox.com.tr\/wp-content\/uploads\/2023\/02\/4-1.svg\"><\/button><\/p>\n","protected":false},"featured_media":59300,"comment_status":"open","ping_status":"closed","template":"","meta":{"_joinchat":[]},"product_brand":[],"product_cat":[1387,1129],"product_tag":[],"class_list":{"0":"post-39738","1":"product","2":"type-product","3":"status-publish","4":"has-post-thumbnail","6":"product_cat-y-type-strainers","7":"product_cat-valve-group","9":"first","10":"instock","11":"shipping-taxable","12":"product-type-simple"},"_links":{"self":[{"href":"https:\/\/unox.com.tr\/en\/wp-json\/wp\/v2\/product\/39738","targetHints":{"allow":["GET"]}}],"collection":[{"href":"https:\/\/unox.com.tr\/en\/wp-json\/wp\/v2\/product"}],"about":[{"href":"https:\/\/unox.com.tr\/en\/wp-json\/wp\/v2\/types\/product"}],"replies":[{"embeddable":true,"href":"https:\/\/unox.com.tr\/en\/wp-json\/wp\/v2\/comments?post=39738"}],"version-history":[{"count":1,"href":"https:\/\/unox.com.tr\/en\/wp-json\/wp\/v2\/product\/39738\/revisions"}],"predecessor-version":[{"id":67055,"href":"https:\/\/unox.com.tr\/en\/wp-json\/wp\/v2\/product\/39738\/revisions\/67055"}],"wp:featuredmedia":[{"embeddable":true,"href":"https:\/\/unox.com.tr\/en\/wp-json\/wp\/v2\/media\/59300"}],"wp:attachment":[{"href":"https:\/\/unox.com.tr\/en\/wp-json\/wp\/v2\/media?parent=39738"}],"wp:term":[{"taxonomy":"product_brand","embeddable":true,"href":"https:\/\/unox.com.tr\/en\/wp-json\/wp\/v2\/product_brand?post=39738"},{"taxonomy":"product_cat","embeddable":true,"href":"https:\/\/unox.com.tr\/en\/wp-json\/wp\/v2\/product_cat?post=39738"},{"taxonomy":"product_tag","embeddable":true,"href":"https:\/\/unox.com.tr\/en\/wp-json\/wp\/v2\/product_tag?post=39738"}],"curies":[{"name":"wp","href":"https:\/\/api.w.org\/{rel}","templated":true}]}}