{"id":39999,"date":"2020-09-18T07:13:28","date_gmt":"2020-09-18T07:13:28","guid":{"rendered":"https:\/\/www.unox.com.tr\/urun\/3-piece-stainless-steel-ball-valve-threaded-top-flanged\/"},"modified":"2026-01-06T12:27:53","modified_gmt":"2026-01-06T09:27:53","slug":"3-piece-stainless-spherical-valve-dis-flange","status":"publish","type":"product","link":"https:\/\/unox.com.tr\/en\/3-piece-stainless-spherical-valve-dis-flange\/","title":{"rendered":"3 Piece Stainless Steel Ball Valve &#8211; Threaded, Top Flanged"},"content":{"rendered":"<div id=\"ez-toc-container\" class=\"ez-toc-v2_0_82_2 counter-hierarchy ez-toc-counter ez-toc-grey ez-toc-container-direction\">\n<div class=\"ez-toc-title-container\">\n<p class=\"ez-toc-title\" style=\"cursor:inherit\">Sayfa \u0130\u00e7eri\u011fi<\/p>\n<span class=\"ez-toc-title-toggle\"><a href=\"#\" class=\"ez-toc-pull-right ez-toc-btn ez-toc-btn-xs ez-toc-btn-default ez-toc-toggle\" aria-label=\"Toggle Table of Content\"><span class=\"ez-toc-js-icon-con\"><span class=\"\"><span class=\"eztoc-hide\" style=\"display:none;\">Toggle<\/span><span class=\"ez-toc-icon-toggle-span\"><svg style=\"fill: #999;color:#999\" xmlns=\"http:\/\/www.w3.org\/2000\/svg\" class=\"list-377408\" width=\"20px\" height=\"20px\" viewBox=\"0 0 24 24\" fill=\"none\"><path d=\"M6 6H4v2h2V6zm14 0H8v2h12V6zM4 11h2v2H4v-2zm16 0H8v2h12v-2zM4 16h2v2H4v-2zm16 0H8v2h12v-2z\" fill=\"currentColor\"><\/path><\/svg><svg style=\"fill: #999;color:#999\" class=\"arrow-unsorted-368013\" xmlns=\"http:\/\/www.w3.org\/2000\/svg\" width=\"10px\" height=\"10px\" viewBox=\"0 0 24 24\" version=\"1.2\" baseProfile=\"tiny\"><path d=\"M18.2 9.3l-6.2-6.3-6.2 6.3c-.2.2-.3.4-.3.7s.1.5.3.7c.2.2.4.3.7.3h11c.3 0 .5-.1.7-.3.2-.2.3-.5.3-.7s-.1-.5-.3-.7zM5.8 14.7l6.2 6.3 6.2-6.3c.2-.2.3-.5.3-.7s-.1-.5-.3-.7c-.2-.2-.4-.3-.7-.3h-11c-.3 0-.5.1-.7.3-.2.2-.3.5-.3.7s.1.5.3.7z\"\/><\/svg><\/span><\/span><\/span><\/a><\/span><\/div>\n<nav><ul class='ez-toc-list ez-toc-list-level-1 ' ><li class='ez-toc-page-1 ez-toc-heading-level-2'><a class=\"ez-toc-link ez-toc-heading-1\" href=\"https:\/\/unox.com.tr\/en\/3-piece-stainless-spherical-valve-dis-flange\/#3_Piece_Stainless_Steel_Ball_Valve_%E2%80%93_Threaded_Top_Flanged\" >3 Piece Stainless Steel Ball Valve &#8211; Threaded, Top Flanged<\/a><ul class='ez-toc-list-level-3' ><li class='ez-toc-heading-level-3'><a class=\"ez-toc-link ez-toc-heading-2\" href=\"https:\/\/unox.com.tr\/en\/3-piece-stainless-spherical-valve-dis-flange\/#Technical_Advantages_of_the_3-Piece_Design\" >Technical Advantages of the 3-Piece Design<\/a><\/li><li class='ez-toc-page-1 ez-toc-heading-level-3'><a class=\"ez-toc-link ez-toc-heading-3\" href=\"https:\/\/unox.com.tr\/en\/3-piece-stainless-spherical-valve-dis-flange\/#Durability_Provided_by_Stainless_Steel\" >Durability Provided by Stainless Steel<\/a><\/li><li class='ez-toc-page-1 ez-toc-heading-level-3'><a class=\"ez-toc-link ez-toc-heading-4\" href=\"https:\/\/unox.com.tr\/en\/3-piece-stainless-spherical-valve-dis-flange\/#Benefits_of_the_Threaded_and_Top_Flange_Design\" >Benefits of the Threaded and Top Flange Design<\/a><\/li><li class='ez-toc-page-1 ez-toc-heading-level-3'><a class=\"ez-toc-link ez-toc-heading-5\" href=\"https:\/\/unox.com.tr\/en\/3-piece-stainless-spherical-valve-dis-flange\/#Sealing_and_Safety_Features\" >Sealing and Safety Features<\/a><\/li><li class='ez-toc-page-1 ez-toc-heading-level-3'><a class=\"ez-toc-link ez-toc-heading-6\" href=\"https:\/\/unox.com.tr\/en\/3-piece-stainless-spherical-valve-dis-flange\/#Applications_and_Usage_Examples\" >Applications and Usage Examples<\/a><\/li><li class='ez-toc-page-1 ez-toc-heading-level-3'><a class=\"ez-toc-link ez-toc-heading-7\" href=\"https:\/\/unox.com.tr\/en\/3-piece-stainless-spherical-valve-dis-flange\/#Spare_Parts_and_Service_Support\" >Spare Parts and Service Support<\/a><\/li><li class='ez-toc-page-1 ez-toc-heading-level-3'><a class=\"ez-toc-link ez-toc-heading-8\" href=\"https:\/\/unox.com.tr\/en\/3-piece-stainless-spherical-valve-dis-flange\/#Application_Information\" >Application Information<\/a><\/li><\/ul><\/li><\/ul><\/nav><\/div>\n<h2><span class=\"ez-toc-section\" id=\"3_Piece_Stainless_Steel_Ball_Valve_%E2%80%93_Threaded_Top_Flanged\"><\/span>3 Piece Stainless Steel Ball Valve &#8211; Threaded, Top Flanged<span class=\"ez-toc-section-end\"><\/span><\/h2>\n<p data-start=\"211\" data-end=\"585\">The 3-Piece Stainless Steel Ball Valve \u2013 Threaded, Top Flange, delivers high performance in industrial piping systems. This valve model stands out for its durability, leak-tightness, and ease of maintenance. It operates effectively in production lines, chemical plants, and water systems. Additionally, its easy connection capability and high pressure resistance are the reasons why it is preferred by users.   <\/p>\n<h3 data-start=\"587\" data-end=\"627\"><span class=\"ez-toc-section\" id=\"Technical_Advantages_of_the_3-Piece_Design\"><\/span>Technical Advantages of the 3-Piece Design<span class=\"ez-toc-section-end\"><\/span><\/h3>\n<p data-start=\"629\" data-end=\"1017\">Since this valve model consists of three separate pieces, the maintenance process is simplified. Compared to other valve types, disassembly and cleaning are completed more quickly. In addition, gasket replacements become easier. This allows for rapid intervention without stopping the system, saving time in production processes. For detailed product information, you can visit the <a class=\"\" href=\"https:\/\/unox.com.tr\/\" target=\"_new\" rel=\"noopener\" data-start=\"969\" data-end=\"989\">Unox <\/a>website.     <\/p>\n<h3 data-start=\"1019\" data-end=\"1063\"><span class=\"ez-toc-section\" id=\"Durability_Provided_by_Stainless_Steel\"><\/span>Durability Provided by Stainless Steel<span class=\"ez-toc-section-end\"><\/span><\/h3>\n<p data-start=\"1065\" data-end=\"1466\">Since the entire valve body is made of stainless steel, it provides excellent resistance to corrosion. This feature is especially advantageous in chemical environments. The stainless construction offers long service life and low maintenance costs. However, this durability depends not only on the material but also on the quality of workmanship. For detailed technical data, the <a class=\"\" href=\"https:\/\/www.unoxonline.com.tr\/\" target=\"_new\" rel=\"noopener nofollow\" data-start=\"1401\" data-end=\"1431\">unoxonline <\/a>link can be helpful.    <\/p>\n<h3 data-start=\"1468\" data-end=\"1513\"><span class=\"ez-toc-section\" id=\"Benefits_of_the_Threaded_and_Top_Flange_Design\"><\/span>Benefits of the Threaded and Top Flange Design<span class=\"ez-toc-section-end\"><\/span><\/h3>\n<p data-start=\"1515\" data-end=\"1886\">The threaded connection system does not require additional equipment during installation, which shortens labor time. The top flange provides great convenience for actuator installation, speeding up integration into automation systems. However, manufacturer instructions must be followed for proper installation. Technical support for installation details can be obtained from the <a class=\"\" href=\"https:\/\/unox.com.tr\/iletisim\/\" target=\"_new\" rel=\"noopener\" data-start=\"1817\" data-end=\"1846\">Unox <\/a>website.     <\/p>\n<h3 data-start=\"1888\" data-end=\"1928\"><span class=\"ez-toc-section\" id=\"Sealing_and_Safety_Features\"><\/span>Sealing and Safety Features<span class=\"ez-toc-section-end\"><\/span><\/h3>\n<p data-start=\"1930\" data-end=\"2317\">The valve\u2019s special gasket design ensures maximum sealing. This feature is especially critical in high-pressure lines. For safety, the design includes measures such as a burst disk and sealing ring. Users who want to enhance system safety should pay attention to these details. You can find a full range of safety features on the <a class=\"\" href=\"https:\/\/www.unoxonline.com.tr\/iletisim\/Unox provides high-quality and reliable actuator systems for industrial automation solutions. With a comprehensive product range, Unox offers solutions designed to meet a wide variety of industrial requirements. To find the most suitable actuator solutions for your application, please visit the Unox Contact page for professional support.3. Unox and Unox Online: Supplying Industrial Automation Valves\" target=\"_new\" rel=\"noopener nofollow\" data-start=\"2251\" data-end=\"2290\">unoxonline <\/a>page.    <\/p>\n<h3 data-start=\"2319\" data-end=\"2362\"><span class=\"ez-toc-section\" id=\"Applications_and_Usage_Examples\"><\/span>Applications and Usage Examples<span class=\"ez-toc-section-end\"><\/span><\/h3>\n<p data-start=\"2364\" data-end=\"2726\">Systems that include this valve model are widely used in food production, power plants, and water treatment facilities. They are also preferred in the textile and paint industries. Thanks to the top flange design, they can be integrated with automation, increasing efficiency. The <a class=\"\" href=\"https:\/\/unox.com.tr\/\" target=\"_new\" rel=\"noopener\" data-start=\"2667\" data-end=\"2687\">Unox <\/a>product category provides detailed information on usage examples.    <\/p>\n<h3 data-start=\"2728\" data-end=\"2764\"><span class=\"ez-toc-section\" id=\"Spare_Parts_and_Service_Support\"><\/span>Spare Parts and Service Support<span class=\"ez-toc-section-end\"><\/span><\/h3>\n<p data-start=\"2766\" data-end=\"3122\">Thanks to its 3-piece design, spare parts for this valve model are very easy to obtain. However, only original parts should be used to maintain performance and safety. All necessary spare part information can be obtained through UNOX technical service. For service network and stock information, you can visit the <a class=\"\" href=\"https:\/\/www.unoxonline.com.tr\/\" target=\"_new\" rel=\"noopener nofollow\" data-start=\"3064\" data-end=\"3094\">unoxonline <\/a>website.    <\/p>\n<h3 data-start=\"3124\" data-end=\"3157\"><span class=\"ez-toc-section\" id=\"Application_Information\"><\/span>Application Information<span class=\"ez-toc-section-end\"><\/span><\/h3>\n<p data-start=\"3159\" data-end=\"3475\">This type of valve is becoming an indispensable part of industrial systems. It stands out especially with its tight sealing, ease of maintenance, and stainless steel body. Selecting the right model for each application is critical. Therefore, obtaining technical consultation is important. The expert team at UNOX provides comprehensive support in this regard.    <\/p>\n","protected":false},"excerpt":{"rendered":"<p><a href=\"https:\/\/unox.com.tr\/wp-content\/uploads\/2023\/01\/3-PARCALI-DISLI-TEPE-FLANSLI-PASLANMAZ-KURESEL-VANA.pdf\" target=\"_blank\" rel=\"noopener\"><button style=\"background-color: #11224b; color: #ffffff; padding: 10px 15px; font-family: montserrat; font-weight: bold; font-size: 19px; border-radius: 10px;\"><img decoding=\"async\" style=\"width: 25px; height: 25px;\" src=\"https:\/\/unox.com.tr\/wp-content\/uploads\/2023\/02\/pdf-1.png\">PRODUCT CATALOG<br \/>\n<\/button><\/a><\/p>\n<p><button style=\"background-color: #11224b; margin-top: 5px; color: white; padding: 0px 15px; width: 150px; height: 55px; border-radius: 10px; border: none; cursor: pointer;\"><br \/>\n<img decoding=\"async\" style=\"width: 120px; height: 30px;\" src=\"https:\/\/unox.com.tr\/wp-content\/uploads\/2023\/02\/4-1.svg\"><\/button><br \/>\n<br \/><a href=\"https:\/\/www.unoxonline.com.tr\/urun\/uc-parcali-tepe-flansli-paslanmaz-disli-kuresel-vana\/\" target=\"_blank\" rel=\"noopener\">Place an Online Order<br \/><\/a><button style=\"background-color: #11224b; color: #ffffff; padding: 10px 15px; font-family: montserrat; font-weight: bold; font-size: 19px; border-radius: 10px;\">UNOX<\/button><\/p>\n","protected":false},"featured_media":69772,"comment_status":"closed","ping_status":"closed","template":"","meta":{"_joinchat":[]},"product_brand":[],"product_cat":[1148,1627,1129],"product_tag":[],"class_list":{"0":"post-39999","1":"product","2":"type-product","3":"status-publish","4":"has-post-thumbnail","6":"product_cat-ball-valves","7":"product_cat-stainless-steel-valve","8":"product_cat-valve-group","10":"first","11":"instock","12":"shipping-taxable","13":"product-type-simple"},"_links":{"self":[{"href":"https:\/\/unox.com.tr\/en\/wp-json\/wp\/v2\/product\/39999","targetHints":{"allow":["GET"]}}],"collection":[{"href":"https:\/\/unox.com.tr\/en\/wp-json\/wp\/v2\/product"}],"about":[{"href":"https:\/\/unox.com.tr\/en\/wp-json\/wp\/v2\/types\/product"}],"replies":[{"embeddable":true,"href":"https:\/\/unox.com.tr\/en\/wp-json\/wp\/v2\/comments?post=39999"}],"version-history":[{"count":1,"href":"https:\/\/unox.com.tr\/en\/wp-json\/wp\/v2\/product\/39999\/revisions"}],"predecessor-version":[{"id":68303,"href":"https:\/\/unox.com.tr\/en\/wp-json\/wp\/v2\/product\/39999\/revisions\/68303"}],"wp:featuredmedia":[{"embeddable":true,"href":"https:\/\/unox.com.tr\/en\/wp-json\/wp\/v2\/media\/69772"}],"wp:attachment":[{"href":"https:\/\/unox.com.tr\/en\/wp-json\/wp\/v2\/media?parent=39999"}],"wp:term":[{"taxonomy":"product_brand","embeddable":true,"href":"https:\/\/unox.com.tr\/en\/wp-json\/wp\/v2\/product_brand?post=39999"},{"taxonomy":"product_cat","embeddable":true,"href":"https:\/\/unox.com.tr\/en\/wp-json\/wp\/v2\/product_cat?post=39999"},{"taxonomy":"product_tag","embeddable":true,"href":"https:\/\/unox.com.tr\/en\/wp-json\/wp\/v2\/product_tag?post=39999"}],"curies":[{"name":"wp","href":"https:\/\/api.w.org\/{rel}","templated":true}]}}