{"id":40018,"date":"2020-09-18T07:01:07","date_gmt":"2020-09-18T07:01:07","guid":{"rendered":"https:\/\/www.unox.com.tr\/urun\/wafer-type-butterfly-valve-nickel-valve\/"},"modified":"2025-01-10T00:54:30","modified_gmt":"2025-01-09T21:54:30","slug":"wafer-type-butterfly-valve-iron-disc","status":"publish","type":"product","link":"https:\/\/unox.com.tr\/en\/wafer-type-butterfly-valve-iron-disc\/","title":{"rendered":"Wafer Type Butterfly Valve (Nickel Valve)"},"content":{"rendered":"<div id=\"ez-toc-container\" class=\"ez-toc-v2_0_82_2 counter-hierarchy ez-toc-counter ez-toc-grey ez-toc-container-direction\">\n<div class=\"ez-toc-title-container\">\n<p class=\"ez-toc-title\" style=\"cursor:inherit\">Sayfa \u0130\u00e7eri\u011fi<\/p>\n<span class=\"ez-toc-title-toggle\"><a href=\"#\" class=\"ez-toc-pull-right ez-toc-btn ez-toc-btn-xs ez-toc-btn-default ez-toc-toggle\" aria-label=\"Toggle Table of Content\"><span class=\"ez-toc-js-icon-con\"><span class=\"\"><span class=\"eztoc-hide\" style=\"display:none;\">Toggle<\/span><span class=\"ez-toc-icon-toggle-span\"><svg style=\"fill: #999;color:#999\" xmlns=\"http:\/\/www.w3.org\/2000\/svg\" class=\"list-377408\" width=\"20px\" height=\"20px\" viewBox=\"0 0 24 24\" fill=\"none\"><path d=\"M6 6H4v2h2V6zm14 0H8v2h12V6zM4 11h2v2H4v-2zm16 0H8v2h12v-2zM4 16h2v2H4v-2zm16 0H8v2h12v-2z\" fill=\"currentColor\"><\/path><\/svg><svg style=\"fill: #999;color:#999\" class=\"arrow-unsorted-368013\" xmlns=\"http:\/\/www.w3.org\/2000\/svg\" width=\"10px\" height=\"10px\" viewBox=\"0 0 24 24\" version=\"1.2\" baseProfile=\"tiny\"><path d=\"M18.2 9.3l-6.2-6.3-6.2 6.3c-.2.2-.3.4-.3.7s.1.5.3.7c.2.2.4.3.7.3h11c.3 0 .5-.1.7-.3.2-.2.3-.5.3-.7s-.1-.5-.3-.7zM5.8 14.7l6.2 6.3 6.2-6.3c.2-.2.3-.5.3-.7s-.1-.5-.3-.7c-.2-.2-.4-.3-.7-.3h-11c-.3 0-.5.1-.7.3-.2.2-.3.5-.3.7s.1.5.3.7z\"\/><\/svg><\/span><\/span><\/span><\/a><\/span><\/div>\n<nav><ul class='ez-toc-list ez-toc-list-level-1 ' ><li class='ez-toc-page-1 ez-toc-heading-level-2'><a class=\"ez-toc-link ez-toc-heading-1\" href=\"https:\/\/unox.com.tr\/en\/wafer-type-butterfly-valve-iron-disc\/#What_is_Wafer_Type_Butterfly_Valve\" >What is Wafer Type Butterfly Valve?<\/a><\/li><li class='ez-toc-page-1 ez-toc-heading-level-2'><a class=\"ez-toc-link ez-toc-heading-2\" href=\"https:\/\/unox.com.tr\/en\/wafer-type-butterfly-valve-iron-disc\/#How_Does_a_Wafer_Type_Butterfly_Valve_Work\" >How Does a Wafer Type Butterfly Valve Work?<\/a><\/li><li class='ez-toc-page-1 ez-toc-heading-level-2'><a class=\"ez-toc-link ez-toc-heading-3\" href=\"https:\/\/unox.com.tr\/en\/wafer-type-butterfly-valve-iron-disc\/#Wafer_Type_Butterfly_Valve_Product_Features\" >Wafer Type Butterfly Valve Product Features<\/a><\/li><li class='ez-toc-page-1 ez-toc-heading-level-2'><a class=\"ez-toc-link ez-toc-heading-4\" href=\"https:\/\/unox.com.tr\/en\/wafer-type-butterfly-valve-iron-disc\/#Wafer_Type_Butterfly_ValveApplication_Areas\" >Wafer Type Butterfly ValveApplication Areas<\/a><\/li><\/ul><\/nav><\/div>\n<h2><span class=\"ez-toc-section\" id=\"What_is_Wafer_Type_Butterfly_Valve\"><\/span><strong><span style=\"font-size: 22px;\">What is Wafer Type Butterfly Valve?<\/span><\/strong><span class=\"ez-toc-section-end\"><\/span><\/h2>\n<p><strong><a href=\"https:\/\/unox.com.tr\/nikel-klapeli-wafer-tip-kelebek-vana\/\">Wafer Type Butterfly valves<\/a>;<\/strong> It performs the opening and closing process by rotating the discs made of nickel, stainless or different materials (AISI304, AISI316, AL-BR) fixed around a shaft in the center around that shaft. Butterfly valves perform the function of starting, slowing down or completely blocking the flow of liquid or gas by compressing the disc around the shaft with rubber or plastic gasket. It is the equipment used to stop, regulate or start the flow, which has a flap that can make a quarter turn around its own axis and a sealing gasket.<\/p>\n<h2><span class=\"ez-toc-section\" id=\"How_Does_a_Wafer_Type_Butterfly_Valve_Work\"><\/span><strong><span style=\"font-size: 22px;\">How Does a Wafer Type Butterfly Valve Work?<\/span><\/strong><span class=\"ez-toc-section-end\"><\/span><\/h2>\n<p><strong>Wafer type butterfly valves<\/strong> have protruding lugs covering the entire body designed to accommodate the bolt holes in the flange to which it will be connected. <a href=\"https:\/\/unox.com.tr\/en\/butterfly-valves\/\"><strong>butterfly valve<\/strong><\/a> type. It is mounted between two flanges by fixing with bolts, studs and nuts. This makes it impossible to disconnect only one side of the piping system from the valve. In addition to providing manual control, it is also suitable for use by mounting pneumatic actuators and electric actuators.<\/p>\n<p>It is placed between the pipe flanges and the flange bolts surround the valve body. It is easy to install but cannot be used as an isolation valve. In addition to providing manual control, it is also suitable for use by mounting <strong>pneumatic actuator<\/strong> and <strong>electric actuator.<\/strong><\/p>\n<h2><span class=\"ez-toc-section\" id=\"Wafer_Type_Butterfly_Valve_Product_Features\"><\/span><strong><span style=\"font-size: 22px;\">Wafer Type Butterfly Valve <\/span><\/strong><strong><span style=\"font-size: 22px;\">Product Features<\/span><\/strong><span class=\"ez-toc-section-end\"><\/span><\/h2>\n<ul>\n<li><strong>Body:<\/strong> GGG-40 Ductile Iron<\/li>\n<li><strong>Valve:<\/strong> GGG-40.3 Nickel Plated Ductile Iron<\/li>\n<li><strong>Shaft:<\/strong> AISI 420 Stainless Steel<\/li>\n<li><strong>Gasket:<\/strong> EPDM<\/li>\n<li><strong>Max. Operating Temperature: <\/strong> 120 \u00baC<\/li>\n<li><strong>Working Pressure:<\/strong> PN16 (DN25 &#8211; DN300)<\/li>\n<li><strong>Paint:<\/strong> Electro Static Powder Coating<\/li>\n<li><strong>Connection:<\/strong> Wafer Type ISO 7005-1 EN 1092-1<\/li>\n<\/ul>\n<h2><span class=\"ez-toc-section\" id=\"Wafer_Type_Butterfly_ValveApplication_Areas\"><\/span><strong><span style=\"font-size: 22px;\">Wafer Type Butterfly Valve<\/span><\/strong><strong><span style=\"font-size: 22px;\">Application Areas<\/span><\/strong><span class=\"ez-toc-section-end\"><\/span><\/h2>\n<ul>\n<li>Heating, ventilation and air conditioning systems<\/li>\n<li>Water treatment and distribution systems<\/li>\n<li>Mining industry<\/li>\n<li>Shipbuilding and drilling facilities<\/li>\n<li>Food and chemical enterprises<\/li>\n<li>Fire extinguishing systems<\/li>\n<li>Water, sea water, dust, gas, wastewater and air<\/li>\n<\/ul>\n","protected":false},"excerpt":{"rendered":"<p><a href=\"https:\/\/unox.com.tr\/wp-content\/uploads\/2024\/12\/Wafer-Tip-Kelebek-Vana-Nikel-Klapeli.pdf\" target=\"_blank\" rel=\"noopener\"><button style=\"background-color: #11224b; color: #ffffff; padding: 10px 15px; font-family: montserrat; font-weight: bold; font-size: 19px; border-radius: 10px;\"><img decoding=\"async\" style=\"width: 25px; height: 25px;\" src=\"https:\/\/unox.com.tr\/wp-content\/uploads\/2023\/02\/pdf-1.png\">PRODUCT CATALOGUE<\/button><\/a><\/p>\n<p><button style=\"background-color: #11224b; margin-top: 5px; color: white; padding: 0px 15px; width: 150px; height: 55px; border-radius: 10px; border: none; cursor: pointer;\"><br \/>\n<img decoding=\"async\" style=\"width: 120px; height: 30px;\" src=\"https:\/\/unox.com.tr\/wp-content\/uploads\/2023\/02\/4-1.svg\"><\/button><\/p>\n","protected":false},"featured_media":70179,"comment_status":"closed","ping_status":"closed","template":"","meta":{"_joinchat":[]},"product_brand":[],"product_cat":[1362,1129],"product_tag":[],"class_list":{"0":"post-40018","1":"product","2":"type-product","3":"status-publish","4":"has-post-thumbnail","6":"product_cat-butterfly-valves","7":"product_cat-valve-group","9":"first","10":"instock","11":"shipping-taxable","12":"product-type-simple"},"_links":{"self":[{"href":"https:\/\/unox.com.tr\/en\/wp-json\/wp\/v2\/product\/40018","targetHints":{"allow":["GET"]}}],"collection":[{"href":"https:\/\/unox.com.tr\/en\/wp-json\/wp\/v2\/product"}],"about":[{"href":"https:\/\/unox.com.tr\/en\/wp-json\/wp\/v2\/types\/product"}],"replies":[{"embeddable":true,"href":"https:\/\/unox.com.tr\/en\/wp-json\/wp\/v2\/comments?post=40018"}],"version-history":[{"count":0,"href":"https:\/\/unox.com.tr\/en\/wp-json\/wp\/v2\/product\/40018\/revisions"}],"wp:featuredmedia":[{"embeddable":true,"href":"https:\/\/unox.com.tr\/en\/wp-json\/wp\/v2\/media\/70179"}],"wp:attachment":[{"href":"https:\/\/unox.com.tr\/en\/wp-json\/wp\/v2\/media?parent=40018"}],"wp:term":[{"taxonomy":"product_brand","embeddable":true,"href":"https:\/\/unox.com.tr\/en\/wp-json\/wp\/v2\/product_brand?post=40018"},{"taxonomy":"product_cat","embeddable":true,"href":"https:\/\/unox.com.tr\/en\/wp-json\/wp\/v2\/product_cat?post=40018"},{"taxonomy":"product_tag","embeddable":true,"href":"https:\/\/unox.com.tr\/en\/wp-json\/wp\/v2\/product_tag?post=40018"}],"curies":[{"name":"wp","href":"https:\/\/api.w.org\/{rel}","templated":true}]}}