{"id":40019,"date":"2020-09-18T06:57:07","date_gmt":"2020-09-18T06:57:07","guid":{"rendered":"https:\/\/www.unox.com.tr\/urun\/u-pvc-geared-butterfly-valve-set\/"},"modified":"2026-01-06T11:12:25","modified_gmt":"2026-01-06T08:12:25","slug":"u-pvc-reductor-butterfly-valve-set","status":"publish","type":"product","link":"https:\/\/unox.com.tr\/en\/u-pvc-reductor-butterfly-valve-set\/","title":{"rendered":"U-PVC Geared Butterfly Valve (Set)"},"content":{"rendered":"<div id=\"ez-toc-container\" class=\"ez-toc-v2_0_82_2 counter-hierarchy ez-toc-counter ez-toc-grey ez-toc-container-direction\">\n<div class=\"ez-toc-title-container\">\n<p class=\"ez-toc-title\" style=\"cursor:inherit\">Sayfa \u0130\u00e7eri\u011fi<\/p>\n<span class=\"ez-toc-title-toggle\"><a href=\"#\" class=\"ez-toc-pull-right ez-toc-btn ez-toc-btn-xs ez-toc-btn-default ez-toc-toggle\" aria-label=\"Toggle Table of Content\"><span class=\"ez-toc-js-icon-con\"><span class=\"\"><span class=\"eztoc-hide\" style=\"display:none;\">Toggle<\/span><span class=\"ez-toc-icon-toggle-span\"><svg style=\"fill: #999;color:#999\" xmlns=\"http:\/\/www.w3.org\/2000\/svg\" class=\"list-377408\" width=\"20px\" height=\"20px\" viewBox=\"0 0 24 24\" fill=\"none\"><path d=\"M6 6H4v2h2V6zm14 0H8v2h12V6zM4 11h2v2H4v-2zm16 0H8v2h12v-2zM4 16h2v2H4v-2zm16 0H8v2h12v-2z\" fill=\"currentColor\"><\/path><\/svg><svg style=\"fill: #999;color:#999\" class=\"arrow-unsorted-368013\" xmlns=\"http:\/\/www.w3.org\/2000\/svg\" width=\"10px\" height=\"10px\" viewBox=\"0 0 24 24\" version=\"1.2\" baseProfile=\"tiny\"><path d=\"M18.2 9.3l-6.2-6.3-6.2 6.3c-.2.2-.3.4-.3.7s.1.5.3.7c.2.2.4.3.7.3h11c.3 0 .5-.1.7-.3.2-.2.3-.5.3-.7s-.1-.5-.3-.7zM5.8 14.7l6.2 6.3 6.2-6.3c.2-.2.3-.5.3-.7s-.1-.5-.3-.7c-.2-.2-.4-.3-.7-.3h-11c-.3 0-.5.1-.7.3-.2.2-.3.5-.3.7s.1.5.3.7z\"\/><\/svg><\/span><\/span><\/span><\/a><\/span><\/div>\n<nav><ul class='ez-toc-list ez-toc-list-level-1 ' ><li class='ez-toc-page-1 ez-toc-heading-level-2'><a class=\"ez-toc-link ez-toc-heading-1\" href=\"https:\/\/unox.com.tr\/en\/u-pvc-reductor-butterfly-valve-set\/#U-PVC_Geared_Butterfly_Valve_Set\" >U-PVC Geared Butterfly Valve (Set)<\/a><ul class='ez-toc-list-level-3' ><li class='ez-toc-heading-level-3'><a class=\"ez-toc-link ez-toc-heading-2\" href=\"https:\/\/unox.com.tr\/en\/u-pvc-reductor-butterfly-valve-set\/#Advantages_of_U-PVC_Material\" >Advantages of U-PVC Material<\/a><\/li><li class='ez-toc-page-1 ez-toc-heading-level-3'><a class=\"ez-toc-link ez-toc-heading-3\" href=\"https:\/\/unox.com.tr\/en\/u-pvc-reductor-butterfly-valve-set\/#Applications_of_the_Reducer_Butterfly_Valve_Set\" >Applications of the Reducer Butterfly Valve Set<\/a><\/li><li class='ez-toc-page-1 ez-toc-heading-level-3'><a class=\"ez-toc-link ez-toc-heading-4\" href=\"https:\/\/unox.com.tr\/en\/u-pvc-reductor-butterfly-valve-set\/#Installation_and_Maintenance_Process\" >Installation and Maintenance Process<\/a><\/li><li class='ez-toc-page-1 ez-toc-heading-level-3'><a class=\"ez-toc-link ez-toc-heading-5\" href=\"https:\/\/unox.com.tr\/en\/u-pvc-reductor-butterfly-valve-set\/#Why_Should_You_Choose_It\" >Why Should You Choose It?<\/a><\/li><\/ul><\/li><\/ul><\/nav><\/div>\n<h2><span class=\"ez-toc-section\" id=\"U-PVC_Geared_Butterfly_Valve_Set\"><\/span>U-PVC Geared Butterfly Valve (Set)<span class=\"ez-toc-section-end\"><\/span><\/h2>\n<p data-start=\"50\" data-end=\"536\">The U-PVC reducer butterfly valve (set) is used in industry to provide flow control. This type of valve is manufactured from U-PVC material and stands out for its durability. Reducer butterfly valves are equipped with a reducer to make different pipe diameters compatible with each other. In this way, they offer easy installation in piping systems with varying diameters. Moreover, this system is among economical and long-lasting solutions. The chemical resistance of the U-PVC material enhances the valve\u2019s performance.     <\/p>\n<h3 data-start=\"538\" data-end=\"570\"><span class=\"ez-toc-section\" id=\"Advantages_of_U-PVC_Material\"><\/span>Advantages of U-PVC Material<span class=\"ez-toc-section-end\"><\/span><\/h3>\n<p data-start=\"572\" data-end=\"1131\">U-PVC material offers many advantages. It is preferred because it is lightweight and resistant to corrosion. At the same time, it shows excellent resistance to chemical substances. This feature extends the service life of valves while reducing maintenance requirements. In addition, U-PVC is an environmentally friendly material. Its frequent use in water and chemical piping systems increases user satisfaction. You can also consider U-PVC options to build durable systems. For more detailed information, you can visit the <a class=\"\" href=\"https:\/\/unox.com.tr\/\" target=\"_new\" rel=\"noopener\" data-start=\"1082\" data-end=\"1102\">unox <\/a>page.       <\/p>\n<h3 data-start=\"1133\" data-end=\"1188\"><span class=\"ez-toc-section\" id=\"Applications_of_the_Reducer_Butterfly_Valve_Set\"><\/span>Applications of the Reducer Butterfly Valve Set<span class=\"ez-toc-section-end\"><\/span><\/h3>\n<p data-start=\"1190\" data-end=\"1753\">It is widely used across various sectors. Water treatment plants, chemical factories, and irrigation systems are the main areas of application. It is also frequently preferred in the HVAC and food industries. These valves enable simple connections within systems by ensuring compatibility between different pipe diameters. As a result, labor time and costs are reduced. Users achieve high efficiency in flow control thanks to these systems. You can visit <a class=\"\" href=\"https:\/\/www.unoxonline.com.tr\/\" target=\"_new\" rel=\"noopener nofollow\" data-start=\"1691\" data-end=\"1721\">unoxonline <\/a>to find solutions that suit your needs.      <\/p>\n<h3 data-start=\"1755\" data-end=\"1781\"><span class=\"ez-toc-section\" id=\"Installation_and_Maintenance_Process\"><\/span>Installation and Maintenance Process<span class=\"ez-toc-section-end\"><\/span><\/h3>\n<p data-start=\"1783\" data-end=\"2297\">Installation is carried out in a practical manner. First, compatibility between the valve and pipe diameters is ensured. Then, the valve is easily integrated into the system with the help of the reducer. There are certain points to consider during installation, especially ensuring that the connection surfaces are clean. During the maintenance stage, the valve is inspected and cleaned at regular intervals. Proper maintenance keeps the valve\u2019s performance consistently high. For detailed support, you can refer to the <a class=\"\" href=\"https:\/\/unox.com.tr\/iletisim\/\" target=\"_new\" rel=\"noopener\" data-start=\"2239\" data-end=\"2268\">unox <\/a>page.       <\/p>\n<h3 data-start=\"2299\" data-end=\"2366\"><span class=\"ez-toc-section\" id=\"Why_Should_You_Choose_It\"><\/span>Why Should You Choose It?<span class=\"ez-toc-section-end\"><\/span><\/h3>\n<p data-start=\"2368\" data-end=\"2881\" data-is-last-node=\"\" data-is-only-node=\"\">Those who prefer reducer butterfly valves prioritize durability and ease of installation. This type of valve provides solutions across many sectors thanks to its flexible usage options. In addition, its cost-effectiveness contributes positively to project budgets. The U-PVC material, which minimizes the risk of corrosion, ensures long-lasting performance. You can obtain information about high-quality valve systems from the <a class=\"\" href=\"https:\/\/www.unoxonline.com.tr\/iletisim\/Unox provides high-quality and reliable actuator systems for industrial automation solutions. With a comprehensive product range, Unox offers solutions designed to meet a wide variety of industrial requirements. To find the most suitable actuator solutions for your application, please visit the Unox Contact page for professional support.3. Unox and Unox Online: Supplying Industrial Automation Valves\" target=\"_new\" rel=\"noopener nofollow\" data-start=\"2755\" data-end=\"2794\">unoxonline <\/a>page and use them safely in your systems.     <\/p>\n","protected":false},"excerpt":{"rendered":"<p><a href=\"https:\/\/unox.com.tr\/wp-content\/uploads\/2023\/01\/U-PVC-Reduktorlu-Takim-Kelebek-Vana-.pdf\" target=\"_blank\" rel=\"noopener\"><button style=\"background-color: #11224b; color: #ffffff; padding: 10px 15px; font-family: montserrat; font-weight: bold; font-size: 19px; border-radius: 10px;\"><img decoding=\"async\" style=\"width: 25px; height: 25px;\" src=\"https:\/\/unox.com.tr\/wp-content\/uploads\/2023\/02\/pdf-1.png\">PRODUCT CATALOGUE<\/button><\/a><\/p>\n<p><button style=\"background-color: #11224b; margin-top: 5px; color: white; padding: 0px 15px; width: 150px; height: 55px; border-radius: 10px; border: none; cursor: pointer;\"><br \/>\n<img decoding=\"async\" style=\"width: 120px; height: 30px;\" src=\"https:\/\/unox.com.tr\/wp-content\/uploads\/2023\/02\/4-1.svg\"><\/button><\/p>\n","protected":false},"featured_media":41741,"comment_status":"open","ping_status":"closed","template":"","meta":{"_joinchat":[]},"product_brand":[],"product_cat":[1362,1150,1129],"product_tag":[],"class_list":{"0":"post-40019","1":"product","2":"type-product","3":"status-publish","4":"has-post-thumbnail","6":"product_cat-butterfly-valves","7":"product_cat-gearboxes","8":"product_cat-valve-group","10":"first","11":"instock","12":"shipping-taxable","13":"product-type-simple"},"_links":{"self":[{"href":"https:\/\/unox.com.tr\/en\/wp-json\/wp\/v2\/product\/40019","targetHints":{"allow":["GET"]}}],"collection":[{"href":"https:\/\/unox.com.tr\/en\/wp-json\/wp\/v2\/product"}],"about":[{"href":"https:\/\/unox.com.tr\/en\/wp-json\/wp\/v2\/types\/product"}],"replies":[{"embeddable":true,"href":"https:\/\/unox.com.tr\/en\/wp-json\/wp\/v2\/comments?post=40019"}],"version-history":[{"count":1,"href":"https:\/\/unox.com.tr\/en\/wp-json\/wp\/v2\/product\/40019\/revisions"}],"predecessor-version":[{"id":68298,"href":"https:\/\/unox.com.tr\/en\/wp-json\/wp\/v2\/product\/40019\/revisions\/68298"}],"wp:featuredmedia":[{"embeddable":true,"href":"https:\/\/unox.com.tr\/en\/wp-json\/wp\/v2\/media\/41741"}],"wp:attachment":[{"href":"https:\/\/unox.com.tr\/en\/wp-json\/wp\/v2\/media?parent=40019"}],"wp:term":[{"taxonomy":"product_brand","embeddable":true,"href":"https:\/\/unox.com.tr\/en\/wp-json\/wp\/v2\/product_brand?post=40019"},{"taxonomy":"product_cat","embeddable":true,"href":"https:\/\/unox.com.tr\/en\/wp-json\/wp\/v2\/product_cat?post=40019"},{"taxonomy":"product_tag","embeddable":true,"href":"https:\/\/unox.com.tr\/en\/wp-json\/wp\/v2\/product_tag?post=40019"}],"curies":[{"name":"wp","href":"https:\/\/api.w.org\/{rel}","templated":true}]}}