{"id":40026,"date":"2020-09-18T06:55:20","date_gmt":"2020-09-18T06:55:20","guid":{"rendered":"https:\/\/www.unox.com.tr\/urun\/reducer\/"},"modified":"2026-01-06T10:53:25","modified_gmt":"2026-01-06T07:53:25","slug":"worm-gear","status":"publish","type":"product","link":"https:\/\/unox.com.tr\/en\/worm-gear\/","title":{"rendered":"Worm Gear"},"content":{"rendered":"<div id=\"ez-toc-container\" class=\"ez-toc-v2_0_83 counter-hierarchy ez-toc-counter ez-toc-grey ez-toc-container-direction\">\n<div class=\"ez-toc-title-container\">\n<p class=\"ez-toc-title\" style=\"cursor:inherit\">Sayfa \u0130\u00e7eri\u011fi<\/p>\n<span class=\"ez-toc-title-toggle\"><a href=\"#\" class=\"ez-toc-pull-right ez-toc-btn ez-toc-btn-xs ez-toc-btn-default ez-toc-toggle\" aria-label=\"Toggle Table of Content\"><span class=\"ez-toc-js-icon-con\"><span class=\"\"><span class=\"eztoc-hide\" style=\"display:none;\">Toggle<\/span><span class=\"ez-toc-icon-toggle-span\"><svg style=\"fill: #999;color:#999\" xmlns=\"http:\/\/www.w3.org\/2000\/svg\" class=\"list-377408\" width=\"20px\" height=\"20px\" viewBox=\"0 0 24 24\" fill=\"none\"><path d=\"M6 6H4v2h2V6zm14 0H8v2h12V6zM4 11h2v2H4v-2zm16 0H8v2h12v-2zM4 16h2v2H4v-2zm16 0H8v2h12v-2z\" fill=\"currentColor\"><\/path><\/svg><svg style=\"fill: #999;color:#999\" class=\"arrow-unsorted-368013\" xmlns=\"http:\/\/www.w3.org\/2000\/svg\" width=\"10px\" height=\"10px\" viewBox=\"0 0 24 24\" version=\"1.2\" baseProfile=\"tiny\"><path d=\"M18.2 9.3l-6.2-6.3-6.2 6.3c-.2.2-.3.4-.3.7s.1.5.3.7c.2.2.4.3.7.3h11c.3 0 .5-.1.7-.3.2-.2.3-.5.3-.7s-.1-.5-.3-.7zM5.8 14.7l6.2 6.3 6.2-6.3c.2-.2.3-.5.3-.7s-.1-.5-.3-.7c-.2-.2-.4-.3-.7-.3h-11c-.3 0-.5.1-.7.3-.2.2-.3.5-.3.7s.1.5.3.7z\"\/><\/svg><\/span><\/span><\/span><\/a><\/span><\/div>\n<nav><ul class='ez-toc-list ez-toc-list-level-1 ' ><li class='ez-toc-page-1 ez-toc-heading-level-2'><a class=\"ez-toc-link ez-toc-heading-1\" href=\"https:\/\/unox.com.tr\/en\/worm-gear\/#Worm_Gear\" >Worm Gear<\/a><ul class='ez-toc-list-level-3' ><li class='ez-toc-heading-level-3'><a class=\"ez-toc-link ez-toc-heading-2\" href=\"https:\/\/unox.com.tr\/en\/worm-gear\/#What_are_the_types\" >What are the types?<\/a><\/li><li class='ez-toc-page-1 ez-toc-heading-level-3'><a class=\"ez-toc-link ez-toc-heading-3\" href=\"https:\/\/unox.com.tr\/en\/worm-gear\/#Which_Industries_Is_It_Used_In\" >Which Industries Is It Used In?<\/a><\/li><li class='ez-toc-page-1 ez-toc-heading-level-3'><a class=\"ez-toc-link ez-toc-heading-4\" href=\"https:\/\/unox.com.tr\/en\/worm-gear\/#How_to_Choose_an_Efficient_Gearbox\" >How to Choose an Efficient Gearbox?<\/a><\/li><li class='ez-toc-page-1 ez-toc-heading-level-3'><a class=\"ez-toc-link ez-toc-heading-5\" href=\"https:\/\/unox.com.tr\/en\/worm-gear\/#Why_is_Maintenance_Important\" >Why is Maintenance Important?<\/a><\/li><li class='ez-toc-page-1 ez-toc-heading-level-3'><a class=\"ez-toc-link ez-toc-heading-6\" href=\"https:\/\/unox.com.tr\/en\/worm-gear\/#The_Role_of_Gearboxes_in_the_Digitalizing_Industry\" >The Role of Gearboxes in the Digitalizing Industry<\/a><\/li><\/ul><\/li><\/ul><\/nav><\/div>\n<h2><span class=\"ez-toc-section\" id=\"Worm_Gear\"><\/span><strong><span style=\"font-size: 22px;\">Worm Gear<\/span><\/strong><span class=\"ez-toc-section-end\"><\/span><\/h2>\n<p data-start=\"293\" data-end=\"596\">Gear reducer systems play a critical role in industry in terms of energy efficiency and power transmission. These mechanisms reduce the motor&#8217;s speed, increase torque, and provide more controlled motion. However, not all gear reducers deliver the same performance; differences arise depending on the application and material quality.  <\/p>\n<h3 data-start=\"598\" data-end=\"630\"><span class=\"ez-toc-section\" id=\"What_are_the_types\"><\/span>What are the types?<span class=\"ez-toc-section-end\"><\/span><\/h3>\n<p data-start=\"632\" data-end=\"987\">Different types of gear reducers have been developed according to their intended use. Helical gear reducers stand out for their quiet and efficient operation. Worm gear models, on the other hand, are preferred in tight spaces due to their compact design. Bevel gear reducers provide power transmission at right angles. However, when selecting these types, both power requirements and speed factors should be evaluated together.    <\/p>\n<p data-start=\"989\" data-end=\"1175\">For more detailed technical explanations, the content on the <a class=\"\" href=\"https:\/\/unox.com.tr\/\" target=\"_new\" rel=\"noopener\" data-start=\"1026\" data-end=\"1046\">Unox <\/a>website can be consulted. Those seeking solutions for specific products can get support from the <a class=\"\" href=\"https:\/\/www.unoxonline.com.tr\/\" target=\"_new\" rel=\"noopener nofollow\" data-start=\"1117\" data-end=\"1147\">Unox Online<\/a> site. <\/p>\n<h3 data-start=\"1177\" data-end=\"1219\"><span class=\"ez-toc-section\" id=\"Which_Industries_Is_It_Used_In\"><\/span>Which Industries Is It Used In?<span class=\"ez-toc-section-end\"><\/span><\/h3>\n<p data-start=\"1221\" data-end=\"1492\">It is used in many industries, primarily in automotive, machinery, and food sectors. In addition, it is also actively employed in agricultural machinery and the packaging industry. Regardless of the sector, performance losses may occur if the correct type is not selected.  <\/p>\n<p data-start=\"1494\" data-end=\"1651\">If more information is needed regarding industry-specific solutions, experts can be contacted directly through the <a class=\"\" href=\"https:\/\/www.unox.com.tr\/iletisim\/\" target=\"_new\" rel=\"noopener\" data-start=\"1565\" data-end=\"1598\">Unox <\/a>website.<\/p>\n<h3 data-start=\"1653\" data-end=\"1692\"><span class=\"ez-toc-section\" id=\"How_to_Choose_an_Efficient_Gearbox\"><\/span>How to Choose an Efficient Gearbox?<span class=\"ez-toc-section-end\"><\/span><\/h3>\n<p data-start=\"1694\" data-end=\"1947\">To select an efficient gearbox, the motor power, type of load, and operating environment must first be determined. Selections made without considering these parameters can shorten the system&#8217;s lifespan. Additionally, ease of installation and maintenance access are also important factors in the selection process.  <\/p>\n<p data-start=\"1949\" data-end=\"2069\">For industry-specific gearbox recommendations, technical support can be requested through <a class=\"\" href=\"https:\/\/www.unoxonline.com.tr\/iletisim\/Unox provides high-quality and reliable actuator systems for industrial automation solutions. With a comprehensive product range, Unox offers solutions designed to meet a wide variety of industrial requirements. To find the most suitable actuator solutions for your application, please visit the Unox Contact page for professional support.3. Unox and Unox Online: Supplying Industrial Automation Valves\" target=\"_new\" rel=\"noopener nofollow\" data-start=\"1988\" data-end=\"2027\">Unoxonline<\/a>.<\/p>\n<h3 data-start=\"2071\" data-end=\"2107\"><span class=\"ez-toc-section\" id=\"Why_is_Maintenance_Important\"><\/span>Why is Maintenance Important?<span class=\"ez-toc-section-end\"><\/span><\/h3>\n<p data-start=\"2109\" data-end=\"2375\">Regular maintenance extends the lifespan of gearbox systems and reduces the risk of failure. However, many users overlook this step. If oil levels are not checked regularly, gear wear can increase. As a result, system performance decreases and energy efficiency is reduced.   <\/p>\n<p data-start=\"2377\" data-end=\"2577\">Comprehensive information about maintenance procedures can be accessed through the <a class=\"\" href=\"https:\/\/unox.com.tr\/\" target=\"_new\" rel=\"noopener\" data-start=\"2424\" data-end=\"2444\">Unox <\/a>website. Additionally, the <a class=\"\" href=\"https:\/\/www.unoxonline.com.tr\/\" target=\"_new\" rel=\"noopener nofollow\" data-start=\"2521\" data-end=\"2551\">Unoxonline <\/a>platform can be used for spare parts and service requests. <\/p>\n<h3 data-start=\"2579\" data-end=\"2622\"><span class=\"ez-toc-section\" id=\"The_Role_of_Gearboxes_in_the_Digitalizing_Industry\"><\/span>The Role of Gearboxes in the Digitalizing Industry<span class=\"ez-toc-section-end\"><\/span><\/h3>\n<p data-start=\"2624\" data-end=\"2913\">With Industry 4.0 applications, gearbox systems are also becoming digitalized. Sensor-supported models analyze vibration and temperature data to provide information about maintenance timing. This allows potential system failures to be detected in advance. However, the installation of such systems requires expertise.   <\/p>\n<p data-start=\"2915\" data-end=\"3057\">For more details, the <a class=\"\" href=\"https:\/\/unox.com.tr\/\" target=\"_new\" rel=\"noopener\" data-start=\"2974\" data-end=\"2994\">Unox <\/a>or <a class=\"\" href=\"https:\/\/www.unoxonline.com.tr\/\" target=\"_new\" rel=\"noopener nofollow\" data-start=\"2998\" data-end=\"3028\">Unoxonline <\/a>websites can be visited.<\/p>\n<p><img decoding=\"async\" class=\"alignnone wp-image-37822\" src=\"https:\/\/unox.com.tr\/wp-content\/themes\/woodmart\/images\/lazy.svg\" data-src=\"https:\/\/unox.com.tr\/wp-content\/uploads\/2020\/09\/reduktor-3-300x250.png\" alt=\"\" width=\"627\" height=\"523\" title=\"\" srcset=\"\" data-srcset=\"https:\/\/unox.com.tr\/wp-content\/uploads\/2020\/09\/reduktor-3-300x250.png 300w, https:\/\/unox.com.tr\/wp-content\/uploads\/2020\/09\/reduktor-3-150x125.png 150w, https:\/\/unox.com.tr\/wp-content\/uploads\/2020\/09\/reduktor-3-600x501.png 600w, https:\/\/unox.com.tr\/wp-content\/uploads\/2020\/09\/reduktor-3-640x534.png 640w, https:\/\/unox.com.tr\/wp-content\/uploads\/2020\/09\/reduktor-3-400x334.png 400w, https:\/\/unox.com.tr\/wp-content\/uploads\/2020\/09\/reduktor-3-367x306.png 367w, https:\/\/unox.com.tr\/wp-content\/uploads\/2020\/09\/reduktor-3.png 703w\" sizes=\"(max-width: 627px) 100vw, 627px\" \/><\/p>\n","protected":false},"excerpt":{"rendered":"<p><a href=\"https:\/\/unox.com.tr\/wp-content\/uploads\/2023\/10\/Reduktor.pdf\" target=\"_blank\" rel=\"noopener\"><button style=\"background-color: #11224b; color: #ffffff; padding: 10px 15px; font-family: montserrat; font-weight: bold; font-size: 19px; border-radius: 10px;\"><img decoding=\"async\" style=\"width: 25px; height: 25px;\" src=\"https:\/\/unox.com.tr\/wp-content\/uploads\/2023\/02\/pdf-1.png\">PRODUCT CATALOGUE<\/button><\/a><\/p>\n<p><button style=\"background-color: #11224b; margin-top: 5px; color: white; padding: 0px 15px; width: 150px; height: 55px; border-radius: 10px; border: none; cursor: pointer;\"><br \/>\n<img decoding=\"async\" style=\"width: 120px; height: 30px;\" src=\"https:\/\/unox.com.tr\/wp-content\/uploads\/2023\/02\/4-1.svg\"><\/button><\/p>\n","protected":false},"featured_media":69192,"comment_status":"closed","ping_status":"closed","template":"","meta":[],"product_brand":[],"product_cat":[1150,1129],"product_tag":[],"class_list":{"0":"post-40026","1":"product","2":"type-product","3":"status-publish","4":"has-post-thumbnail","6":"product_cat-gearboxes","7":"product_cat-valve-group","9":"first","10":"instock","11":"shipping-taxable","12":"product-type-simple"},"_links":{"self":[{"href":"https:\/\/unox.com.tr\/en\/wp-json\/wp\/v2\/product\/40026","targetHints":{"allow":["GET"]}}],"collection":[{"href":"https:\/\/unox.com.tr\/en\/wp-json\/wp\/v2\/product"}],"about":[{"href":"https:\/\/unox.com.tr\/en\/wp-json\/wp\/v2\/types\/product"}],"replies":[{"embeddable":true,"href":"https:\/\/unox.com.tr\/en\/wp-json\/wp\/v2\/comments?post=40026"}],"version-history":[{"count":1,"href":"https:\/\/unox.com.tr\/en\/wp-json\/wp\/v2\/product\/40026\/revisions"}],"predecessor-version":[{"id":68296,"href":"https:\/\/unox.com.tr\/en\/wp-json\/wp\/v2\/product\/40026\/revisions\/68296"}],"wp:featuredmedia":[{"embeddable":true,"href":"https:\/\/unox.com.tr\/en\/wp-json\/wp\/v2\/media\/69192"}],"wp:attachment":[{"href":"https:\/\/unox.com.tr\/en\/wp-json\/wp\/v2\/media?parent=40026"}],"wp:term":[{"taxonomy":"product_brand","embeddable":true,"href":"https:\/\/unox.com.tr\/en\/wp-json\/wp\/v2\/product_brand?post=40026"},{"taxonomy":"product_cat","embeddable":true,"href":"https:\/\/unox.com.tr\/en\/wp-json\/wp\/v2\/product_cat?post=40026"},{"taxonomy":"product_tag","embeddable":true,"href":"https:\/\/unox.com.tr\/en\/wp-json\/wp\/v2\/product_tag?post=40026"}],"curies":[{"name":"wp","href":"https:\/\/api.w.org\/{rel}","templated":true}]}}