{"id":40087,"date":"2020-09-18T06:26:04","date_gmt":"2020-09-18T06:26:04","guid":{"rendered":"https:\/\/www.unox.com.tr\/urun\/stainless-mini-level-switch\/"},"modified":"2026-01-06T08:46:09","modified_gmt":"2026-01-06T05:46:09","slug":"stainless-mini-level-switch","status":"publish","type":"product","link":"https:\/\/unox.com.tr\/en\/stainless-mini-level-switch\/","title":{"rendered":"Stainless Mini Level Switch"},"content":{"rendered":"<div id=\"ez-toc-container\" class=\"ez-toc-v2_0_82_2 counter-hierarchy ez-toc-counter ez-toc-grey ez-toc-container-direction\">\n<div class=\"ez-toc-title-container\">\n<p class=\"ez-toc-title\" style=\"cursor:inherit\">Sayfa \u0130\u00e7eri\u011fi<\/p>\n<span class=\"ez-toc-title-toggle\"><a href=\"#\" class=\"ez-toc-pull-right ez-toc-btn ez-toc-btn-xs ez-toc-btn-default ez-toc-toggle\" aria-label=\"Toggle Table of Content\"><span class=\"ez-toc-js-icon-con\"><span class=\"\"><span class=\"eztoc-hide\" style=\"display:none;\">Toggle<\/span><span class=\"ez-toc-icon-toggle-span\"><svg style=\"fill: #999;color:#999\" xmlns=\"http:\/\/www.w3.org\/2000\/svg\" class=\"list-377408\" width=\"20px\" height=\"20px\" viewBox=\"0 0 24 24\" fill=\"none\"><path d=\"M6 6H4v2h2V6zm14 0H8v2h12V6zM4 11h2v2H4v-2zm16 0H8v2h12v-2zM4 16h2v2H4v-2zm16 0H8v2h12v-2z\" fill=\"currentColor\"><\/path><\/svg><svg style=\"fill: #999;color:#999\" class=\"arrow-unsorted-368013\" xmlns=\"http:\/\/www.w3.org\/2000\/svg\" width=\"10px\" height=\"10px\" viewBox=\"0 0 24 24\" version=\"1.2\" baseProfile=\"tiny\"><path d=\"M18.2 9.3l-6.2-6.3-6.2 6.3c-.2.2-.3.4-.3.7s.1.5.3.7c.2.2.4.3.7.3h11c.3 0 .5-.1.7-.3.2-.2.3-.5.3-.7s-.1-.5-.3-.7zM5.8 14.7l6.2 6.3 6.2-6.3c.2-.2.3-.5.3-.7s-.1-.5-.3-.7c-.2-.2-.4-.3-.7-.3h-11c-.3 0-.5.1-.7.3-.2.2-.3.5-.3.7s.1.5.3.7z\"\/><\/svg><\/span><\/span><\/span><\/a><\/span><\/div>\n<nav><ul class='ez-toc-list ez-toc-list-level-1 ' ><li class='ez-toc-page-1 ez-toc-heading-level-2'><a class=\"ez-toc-link ez-toc-heading-1\" href=\"https:\/\/unox.com.tr\/en\/stainless-mini-level-switch\/#Stainless_Mini_Level_Switch\" >Stainless Mini Level Switch<\/a><ul class='ez-toc-list-level-3' ><li class='ez-toc-heading-level-3'><a class=\"ez-toc-link ez-toc-heading-2\" href=\"https:\/\/unox.com.tr\/en\/stainless-mini-level-switch\/#Saves_Space_with_Its_Compact_Design\" >Saves Space with Its Compact Design<\/a><\/li><li class='ez-toc-page-1 ez-toc-heading-level-3'><a class=\"ez-toc-link ez-toc-heading-3\" href=\"https:\/\/unox.com.tr\/en\/stainless-mini-level-switch\/#Provides_Long-Lasting_Use_Against_Corrosion\" >Provides Long-Lasting Use Against Corrosion<\/a><\/li><li class='ez-toc-page-1 ez-toc-heading-level-3'><a class=\"ez-toc-link ez-toc-heading-4\" href=\"https:\/\/unox.com.tr\/en\/stainless-mini-level-switch\/#Reliable_Level_Detection_with_High_Accuracy\" >Reliable Level Detection with High Accuracy<\/a><\/li><li class='ez-toc-page-1 ez-toc-heading-level-3'><a class=\"ez-toc-link ez-toc-heading-5\" href=\"https:\/\/unox.com.tr\/en\/stainless-mini-level-switch\/#Frequently_Preferred_in_the_Food_and_Chemical_Industries\" >Frequently Preferred in the Food and Chemical Industries<\/a><\/li><li class='ez-toc-page-1 ez-toc-heading-level-3'><a class=\"ez-toc-link ez-toc-heading-6\" href=\"https:\/\/unox.com.tr\/en\/stainless-mini-level-switch\/#Saves_Time_with_Easy_Installation_and_Integration\" >Saves Time with Easy Installation and Integration<\/a><\/li><li class='ez-toc-page-1 ez-toc-heading-level-3'><a class=\"ez-toc-link ez-toc-heading-7\" href=\"https:\/\/unox.com.tr\/en\/stainless-mini-level-switch\/#Offers_Models_Suitable_for_Different_Environmental_Conditions\" >Offers Models Suitable for Different Environmental Conditions<\/a><\/li><\/ul><\/li><\/ul><\/nav><\/div>\n<h2><span class=\"ez-toc-section\" id=\"Stainless_Mini_Level_Switch\"><\/span>Stainless Mini Level Switch<span class=\"ez-toc-section-end\"><\/span><\/h2>\n<p data-start=\"311\" data-end=\"576\">The stainless steel mini level switch offers both durability and a compact design for liquid level control. This product is specially developed for safe operations in industrial facilities. However, its applications are not limited to industrial settings alone.  <\/p>\n<h3 data-start=\"578\" data-end=\"623\"><span class=\"ez-toc-section\" id=\"Saves_Space_with_Its_Compact_Design\"><\/span>Saves Space with Its Compact Design<span class=\"ez-toc-section-end\"><\/span><\/h3>\n<p data-start=\"625\" data-end=\"921\">Stainless steel mini level switches can be easily installed even in tight spaces. Their small size makes integration into machines simple. In addition, the <a class=\"\" href=\"https:\/\/unox.com.tr\/\" target=\"_new\" rel=\"noopener\" data-start=\"782\" data-end=\"810\">Unox <\/a>product range offers different sizes and connection options, allowing the selection of a solution suitable for the project.   <\/p>\n<h3 data-start=\"923\" data-end=\"969\"><span class=\"ez-toc-section\" id=\"Provides_Long-Lasting_Use_Against_Corrosion\"><\/span>Provides Long-Lasting Use Against Corrosion<span class=\"ez-toc-section-end\"><\/span><\/h3>\n<p data-start=\"971\" data-end=\"1341\">The stainless steel material stands out for its chemical resistance. Therefore, the stainless steel mini level switch operates reliably even in aggressive environments. However, not only the material but also engineering is important. <a class=\"\" href=\"https:\/\/www.unoxonline.com.tr\/\" target=\"_new\" rel=\"noopener nofollow\" data-start=\"1172\" data-end=\"1217\">Unox Online<\/a> provides confidence with advanced engineering solutions in this regard. In addition, the sealing gaskets in the products offer extra safety.   <\/p>\n<h3 data-start=\"1343\" data-end=\"1401\"><span class=\"ez-toc-section\" id=\"Reliable_Level_Detection_with_High_Accuracy\"><\/span>Reliable Level Detection with High Accuracy<span class=\"ez-toc-section-end\"><\/span><\/h3>\n<p data-start=\"1403\" data-end=\"1754\">The margin of error in level measurement is minimized. Accuracy is especially important in process control systems, as liquid overflows or underfilling can lead to serious issues. Unox solutions are designed with the quality to minimize such risks. In addition, they provide control at desired points in the system, reducing the need for manual inspection.    <\/p>\n<h3 data-start=\"1756\" data-end=\"1807\"><span class=\"ez-toc-section\" id=\"Frequently_Preferred_in_the_Food_and_Chemical_Industries\"><\/span>Frequently Preferred in the Food and Chemical Industries<span class=\"ez-toc-section-end\"><\/span><\/h3>\n<p data-start=\"1809\" data-end=\"2265\">In sectors where hygiene is critical, the stainless steel mini level switch is preferred. It can be safely used in food tanks, pharmaceutical mixing reactors, and chemical processes. The product delivers high performance in these applications. Moreover, you can receive industry-specific recommendations through <a class=\"\" href=\"https:\/\/unox.com.tr\/iletisim\/\" target=\"_new\" rel=\"noopener\" data-start=\"2044\" data-end=\"2090\">Unox communication<\/a> channels, and it is also possible to request a quote via the online<a class=\"\" href=\"https:\/\/www.unoxonline.com.tr\/iletisim\/Unox provides high-quality and reliable actuator systems for industrial automation solutions. With a comprehensive product range, Unox offers solutions designed to meet a wide variety of industrial requirements. To find the most suitable actuator solutions for your application, please visit the Unox Contact page for professional support.3. Unox and Unox Online: Supplying Industrial Automation Valves\" target=\"_new\" rel=\"noopener nofollow\" data-start=\"2164\" data-end=\"2228\"> contact form<\/a>.    <\/p>\n<h3 data-start=\"2267\" data-end=\"2323\"><span class=\"ez-toc-section\" id=\"Saves_Time_with_Easy_Installation_and_Integration\"><\/span>Saves Time with Easy Installation and Integration<span class=\"ez-toc-section-end\"><\/span><\/h3>\n<p data-start=\"2325\" data-end=\"2700\">The product, with its quick installation, also reduces maintenance time. Additionally, it can be supplied with connection fittings compatible with the system, eliminating the need for extra work during installation. This feature provides a significant advantage, especially in time-sensitive applications. <a class=\"\" href=\"https:\/\/www.unoxonline.com.tr\/\" target=\"_new\" rel=\"noopener nofollow\" data-start=\"2594\" data-end=\"2639\">Unox Online<\/a> facilitates the process with installation support documents.   <\/p>\n<h3 data-start=\"2702\" data-end=\"2751\"><span class=\"ez-toc-section\" id=\"Offers_Models_Suitable_for_Different_Environmental_Conditions\"><\/span>Offers Models Suitable for Different Environmental Conditions<span class=\"ez-toc-section-end\"><\/span><\/h3>\n<p data-start=\"2753\" data-end=\"3057\">The operating environment\u2019s temperature, pressure, and type of liquid are important for the switch. Therefore, technical criteria should be considered during selection. However, Unox solutions also provide reliability under non-standard conditions. Detailed technical information is available on the <a class=\"\" href=\"https:\/\/unox.com.tr\/\" target=\"_new\" rel=\"noopener\" data-start=\"2962\" data-end=\"3003\">Unox product page<\/a>.  <\/p>\n<p>&nbsp;<\/p>\n<p><img decoding=\"async\" class=\"alignnone wp-image-39097\" src=\"https:\/\/unox.com.tr\/wp-content\/themes\/woodmart\/images\/lazy.svg\" data-src=\"https:\/\/unox.com.tr\/wp-content\/uploads\/2020\/09\/seviye-salteri-300x262.png\" alt=\"\" width=\"405\" height=\"354\" title=\"\" srcset=\"\" data-srcset=\"https:\/\/unox.com.tr\/wp-content\/uploads\/2020\/09\/seviye-salteri-300x262.png 300w, https:\/\/unox.com.tr\/wp-content\/uploads\/2020\/09\/seviye-salteri-150x131.png 150w, https:\/\/unox.com.tr\/wp-content\/uploads\/2020\/09\/seviye-salteri-367x320.png 367w, https:\/\/unox.com.tr\/wp-content\/uploads\/2020\/09\/seviye-salteri.png 377w\" sizes=\"(max-width: 405px) 100vw, 405px\" \/><\/p>\n","protected":false},"excerpt":{"rendered":"<p><a href=\"https:\/\/unox.com.tr\/wp-content\/uploads\/2023\/01\/Paslanmaz-Mini-Seviye-Salteri.pdf\" target=\"_blank\" rel=\"noopener\"><button style=\"background-color: #11224b; color: #ffffff; padding: 10px 15px; font-family: montserrat; font-weight: bold; font-size: 19px; border-radius: 10px;\"><img decoding=\"async\" style=\"width: 25px; height: 25px;\" src=\"https:\/\/unox.com.tr\/wp-content\/uploads\/2023\/02\/pdf-1.png\">PRODUCT CATALOG<br \/>\n<\/button><\/a><\/p>\n<p><button style=\"background-color: #11224b; margin-top: 5px; color: white; padding: 0px 15px; width: 150px; height: 55px; border-radius: 10px; border: none; cursor: pointer;\"><br \/>\n<img decoding=\"async\" style=\"width: 120px; height: 30px;\" src=\"https:\/\/unox.com.tr\/wp-content\/uploads\/2023\/02\/4-1.svg\"><\/button><br \/>\n<br \/><a href=\"https:\/\/www.unoxonline.com.tr\/urun\/paslanmaz-mini-seviye-salteri-1-2\/\" target=\"_blank\" rel=\"noopener\">Place an Online Order<br \/><\/a><button style=\"background-color: #11224b; color: #ffffff; padding: 10px 15px; font-family: montserrat; font-weight: bold; font-size: 19px; border-radius: 10px;\">UNOX<\/button><\/p>\n","protected":false},"featured_media":27034,"comment_status":"open","ping_status":"closed","template":"","meta":[],"product_brand":[],"product_cat":[1407,1406],"product_tag":[],"class_list":{"0":"post-40087","1":"product","2":"type-product","3":"status-publish","4":"has-post-thumbnail","6":"product_cat-level-switches","7":"product_cat-level-and-flow","9":"first","10":"instock","11":"shipping-taxable","12":"product-type-simple"},"_links":{"self":[{"href":"https:\/\/unox.com.tr\/en\/wp-json\/wp\/v2\/product\/40087","targetHints":{"allow":["GET"]}}],"collection":[{"href":"https:\/\/unox.com.tr\/en\/wp-json\/wp\/v2\/product"}],"about":[{"href":"https:\/\/unox.com.tr\/en\/wp-json\/wp\/v2\/types\/product"}],"replies":[{"embeddable":true,"href":"https:\/\/unox.com.tr\/en\/wp-json\/wp\/v2\/comments?post=40087"}],"version-history":[{"count":1,"href":"https:\/\/unox.com.tr\/en\/wp-json\/wp\/v2\/product\/40087\/revisions"}],"predecessor-version":[{"id":68287,"href":"https:\/\/unox.com.tr\/en\/wp-json\/wp\/v2\/product\/40087\/revisions\/68287"}],"wp:featuredmedia":[{"embeddable":true,"href":"https:\/\/unox.com.tr\/en\/wp-json\/wp\/v2\/media\/27034"}],"wp:attachment":[{"href":"https:\/\/unox.com.tr\/en\/wp-json\/wp\/v2\/media?parent=40087"}],"wp:term":[{"taxonomy":"product_brand","embeddable":true,"href":"https:\/\/unox.com.tr\/en\/wp-json\/wp\/v2\/product_brand?post=40087"},{"taxonomy":"product_cat","embeddable":true,"href":"https:\/\/unox.com.tr\/en\/wp-json\/wp\/v2\/product_cat?post=40087"},{"taxonomy":"product_tag","embeddable":true,"href":"https:\/\/unox.com.tr\/en\/wp-json\/wp\/v2\/product_tag?post=40087"}],"curies":[{"name":"wp","href":"https:\/\/api.w.org\/{rel}","templated":true}]}}