{"id":40114,"date":"2020-09-18T06:12:43","date_gmt":"2020-09-18T06:12:43","guid":{"rendered":"https:\/\/www.unox.com.tr\/urun\/flow-switch-2\/"},"modified":"2026-01-05T16:53:04","modified_gmt":"2026-01-05T13:53:04","slug":"flow-switch","status":"publish","type":"product","link":"https:\/\/unox.com.tr\/en\/flow-switch\/","title":{"rendered":"Flow Switch"},"content":{"rendered":"<div id=\"ez-toc-container\" class=\"ez-toc-v2_0_82_2 counter-hierarchy ez-toc-counter ez-toc-grey ez-toc-container-direction\">\n<div class=\"ez-toc-title-container\">\n<p class=\"ez-toc-title\" style=\"cursor:inherit\">Sayfa \u0130\u00e7eri\u011fi<\/p>\n<span class=\"ez-toc-title-toggle\"><a href=\"#\" class=\"ez-toc-pull-right ez-toc-btn ez-toc-btn-xs ez-toc-btn-default ez-toc-toggle\" aria-label=\"Toggle Table of Content\"><span class=\"ez-toc-js-icon-con\"><span class=\"\"><span class=\"eztoc-hide\" style=\"display:none;\">Toggle<\/span><span class=\"ez-toc-icon-toggle-span\"><svg style=\"fill: #999;color:#999\" xmlns=\"http:\/\/www.w3.org\/2000\/svg\" class=\"list-377408\" width=\"20px\" height=\"20px\" viewBox=\"0 0 24 24\" fill=\"none\"><path d=\"M6 6H4v2h2V6zm14 0H8v2h12V6zM4 11h2v2H4v-2zm16 0H8v2h12v-2zM4 16h2v2H4v-2zm16 0H8v2h12v-2z\" fill=\"currentColor\"><\/path><\/svg><svg style=\"fill: #999;color:#999\" class=\"arrow-unsorted-368013\" xmlns=\"http:\/\/www.w3.org\/2000\/svg\" width=\"10px\" height=\"10px\" viewBox=\"0 0 24 24\" version=\"1.2\" baseProfile=\"tiny\"><path d=\"M18.2 9.3l-6.2-6.3-6.2 6.3c-.2.2-.3.4-.3.7s.1.5.3.7c.2.2.4.3.7.3h11c.3 0 .5-.1.7-.3.2-.2.3-.5.3-.7s-.1-.5-.3-.7zM5.8 14.7l6.2 6.3 6.2-6.3c.2-.2.3-.5.3-.7s-.1-.5-.3-.7c-.2-.2-.4-.3-.7-.3h-11c-.3 0-.5.1-.7.3-.2.2-.3.5-.3.7s.1.5.3.7z\"\/><\/svg><\/span><\/span><\/span><\/a><\/span><\/div>\n<nav><ul class='ez-toc-list ez-toc-list-level-1 ' ><li class='ez-toc-page-1 ez-toc-heading-level-2'><a class=\"ez-toc-link ez-toc-heading-1\" href=\"https:\/\/unox.com.tr\/en\/flow-switch\/#Flow_Switch\" >Flow Switch<\/a><ul class='ez-toc-list-level-3' ><li class='ez-toc-heading-level-3'><a class=\"ez-toc-link ez-toc-heading-2\" href=\"https:\/\/unox.com.tr\/en\/flow-switch\/#Basic_Operating_Principle_of_a_Flow_Switch\" >Basic Operating Principle of a Flow Switch<\/a><\/li><li class='ez-toc-page-1 ez-toc-heading-level-3'><a class=\"ez-toc-link ez-toc-heading-3\" href=\"https:\/\/unox.com.tr\/en\/flow-switch\/#Why_Should_a_Flow_Switch_Be_Used\" >Why Should a Flow Switch Be Used?<\/a><\/li><li class='ez-toc-page-1 ez-toc-heading-level-3'><a class=\"ez-toc-link ez-toc-heading-4\" href=\"https:\/\/unox.com.tr\/en\/flow-switch\/#Flow_Switch_Selection_Based_on_Application_Areas\" >Flow Switch Selection Based on Application Areas<\/a><\/li><li class='ez-toc-page-1 ez-toc-heading-level-3'><a class=\"ez-toc-link ez-toc-heading-5\" href=\"https:\/\/unox.com.tr\/en\/flow-switch\/#What_Are_the_Types_of_Flow_Switches\" >What Are the Types of Flow Switches?<\/a><\/li><li class='ez-toc-page-1 ez-toc-heading-level-3'><a class=\"ez-toc-link ez-toc-heading-6\" href=\"https:\/\/unox.com.tr\/en\/flow-switch\/#Maintenance_and_Calibration_Process\" >Maintenance and Calibration Process<\/a><\/li><li class='ez-toc-page-1 ez-toc-heading-level-3'><a class=\"ez-toc-link ez-toc-heading-7\" href=\"https:\/\/unox.com.tr\/en\/flow-switch\/#The_Role_of_Flow_Switches_in_Industrial_Automation\" >The Role of Flow Switches in Industrial Automation<\/a><\/li><\/ul><\/li><\/ul><\/nav><\/div>\n<h2><span class=\"ez-toc-section\" id=\"Flow_Switch\"><\/span>Flow Switch<span class=\"ez-toc-section-end\"><\/span><\/h2>\n<p data-start=\"207\" data-end=\"503\">Flow Switch \u2013 Flow Switches are important safety components used to monitor and control liquid flow in systems. These devices are integrated into industrial processes to ensure error-free operation. However, not every system is the same, so selecting the correct switch is very important.  <\/p>\n<h3 data-start=\"505\" data-end=\"547\"><span class=\"ez-toc-section\" id=\"Basic_Operating_Principle_of_a_Flow_Switch\"><\/span>Basic Operating Principle of a Flow Switch<span class=\"ez-toc-section-end\"><\/span><\/h3>\n<p data-start=\"549\" data-end=\"947\">The flow switch detects liquid movement and sends a signal when the flow drops below a certain level. This signal typically deactivates equipment such as pumps or valves, stopping the system before any damage occurs. For example, industrial switches supplied by <a class=\"\" href=\"https:\/\/unox.com.tr\/\" target=\"_new\" rel=\"noopener\" data-start=\"782\" data-end=\"802\">Unox <\/a>offer high sensitivity. Additionally, technical support is available through the <a class=\"\" href=\"https:\/\/unox.com.tr\/iletisim\/\" target=\"_new\" rel=\"noopener\" data-start=\"881\" data-end=\"910\">Unox <\/a>website.    <\/p>\n<h3 data-start=\"949\" data-end=\"988\"><span class=\"ez-toc-section\" id=\"Why_Should_a_Flow_Switch_Be_Used\"><\/span>Why Should a Flow Switch Be Used?<span class=\"ez-toc-section-end\"><\/span><\/h3>\n<p data-start=\"990\" data-end=\"1311\">Simply monitoring the liquid flow in a system is not always sufficient, but a flow switch provides immediate intervention. This prevents pumps from running dry and avoids energy waste. Additionally, it enhances overall facility safety. You can explore the product variety on the <a class=\"\" href=\"https:\/\/www.unoxonline.com.tr\/\" target=\"_new\" rel=\"noopener nofollow\" data-start=\"1251\" data-end=\"1281\">Unox Online<\/a> store.   <\/p>\n<h3 data-start=\"1313\" data-end=\"1361\"><span class=\"ez-toc-section\" id=\"Flow_Switch_Selection_Based_on_Application_Areas\"><\/span>Flow Switch Selection Based on Application Areas<span class=\"ez-toc-section-end\"><\/span><\/h3>\n<p data-start=\"1363\" data-end=\"1658\">When selecting a switch, the environmental conditions and type of fluid must be considered. However, the same device is not used for every fluid. For example, models made from special materials should be chosen for chemical substances. Detailed information is available on the <a class=\"\" href=\"https:\/\/www.unoxonline.com.tr\/iletisim\/Unox provides high-quality and reliable actuator systems for industrial automation solutions. With a comprehensive product range, Unox offers solutions designed to meet a wide variety of industrial requirements. To find the most suitable actuator solutions for your application, please visit the Unox Contact page for professional support.3. Unox and Unox Online: Supplying Industrial Automation Valves\" target=\"_new\" rel=\"noopener nofollow\" data-start=\"1575\" data-end=\"1614\">Unox Online<\/a> website.  <\/p>\n<h3 data-start=\"1660\" data-end=\"1695\"><span class=\"ez-toc-section\" id=\"What_Are_the_Types_of_Flow_Switches\"><\/span>What Are the Types of Flow Switches?<span class=\"ez-toc-section-end\"><\/span><\/h3>\n<p data-start=\"1697\" data-end=\"1973\">There are various types of flow switches on the market with different sensor technologies, including mechanical, electromagnetic, and thermal types. Each of them offers distinct advantages. Detailed technical documentation for these devices is available through <a class=\"\" href=\"https:\/\/unox.com.tr\/\" target=\"_new\" rel=\"noopener\" data-start=\"1926\" data-end=\"1946\">Unox<\/a>.   <\/p>\n<h3 data-start=\"1975\" data-end=\"2006\"><span class=\"ez-toc-section\" id=\"Maintenance_and_Calibration_Process\"><\/span>Maintenance and Calibration Process<span class=\"ez-toc-section-end\"><\/span><\/h3>\n<p data-start=\"2008\" data-end=\"2319\">The flow switch should be inspected at regular intervals; otherwise, system errors may occur. Without proper maintenance, its sensitivity decreases, and it may respond with a delay. The Unox technical service network provides fast solutions in this regard. For more details, you can visit the <a class=\"\" href=\"https:\/\/www.unoxonline.com.tr\/\" target=\"_new\" rel=\"noopener nofollow\" data-start=\"2261\" data-end=\"2291\">Unox Online <\/a>website.   <\/p>\n<h3 data-start=\"2321\" data-end=\"2365\"><span class=\"ez-toc-section\" id=\"The_Role_of_Flow_Switches_in_Industrial_Automation\"><\/span>The Role of Flow Switches in Industrial Automation<span class=\"ez-toc-section-end\"><\/span><\/h3>\n<p data-start=\"2367\" data-end=\"2641\">Flow switches in systems not only provide safety but also enhance the efficiency of automation systems. For example, when the liquid level drops, the pump automatically stops while simultaneously sending a warning to the operator. This feature offers significant advantages, especially in manufacturing facilities.  <\/p>\n","protected":false},"excerpt":{"rendered":"<p><a href=\"https:\/\/unox.com.tr\/wp-content\/uploads\/2023\/01\/Akis-Salteri.pdf\" target=\"_blank\" rel=\"noopener\"><button style=\"background-color: #11224b; color: #ffffff; padding: 10px 15px; font-family: montserrat; font-weight: bold; font-size: 19px; border-radius: 10px;\"><img decoding=\"async\" style=\"width: 25px; height: 25px;\" src=\"https:\/\/unox.com.tr\/wp-content\/uploads\/2023\/02\/pdf-1.png\">PRODUCT CATALOG<br \/>\n<\/button><\/a><\/p>\n<p><button style=\"background-color: #11224b; margin-top: 5px; color: white; padding: 0px 15px; width: 150px; height: 55px; border-radius: 10px; border: none; cursor: pointer;\"><br \/>\n<img decoding=\"async\" style=\"width: 120px; height: 30px;\" src=\"https:\/\/unox.com.tr\/wp-content\/uploads\/2023\/02\/4-1.svg\"><\/button><br \/>\n<br \/><a href=\"https:\/\/www.unoxonline.com.tr\/urun\/flow-switch-akis-salteri\/\" target=\"_blank\" rel=\"noopener\">Place an Online Order<br \/><\/a><button style=\"background-color: #11224b; color: #ffffff; padding: 10px 15px; font-family: montserrat; font-weight: bold; font-size: 19px; border-radius: 10px;\">UNOX<\/button><\/p>\n","protected":false},"featured_media":69674,"comment_status":"closed","ping_status":"closed","template":"","meta":{"_joinchat":[]},"product_brand":[],"product_cat":[1414,1406],"product_tag":[],"class_list":{"0":"post-40114","1":"product","2":"type-product","3":"status-publish","4":"has-post-thumbnail","6":"product_cat-flow-products","7":"product_cat-level-and-flow","9":"first","10":"instock","11":"shipping-taxable","12":"product-type-simple"},"_links":{"self":[{"href":"https:\/\/unox.com.tr\/en\/wp-json\/wp\/v2\/product\/40114","targetHints":{"allow":["GET"]}}],"collection":[{"href":"https:\/\/unox.com.tr\/en\/wp-json\/wp\/v2\/product"}],"about":[{"href":"https:\/\/unox.com.tr\/en\/wp-json\/wp\/v2\/types\/product"}],"replies":[{"embeddable":true,"href":"https:\/\/unox.com.tr\/en\/wp-json\/wp\/v2\/comments?post=40114"}],"version-history":[{"count":1,"href":"https:\/\/unox.com.tr\/en\/wp-json\/wp\/v2\/product\/40114\/revisions"}],"predecessor-version":[{"id":68278,"href":"https:\/\/unox.com.tr\/en\/wp-json\/wp\/v2\/product\/40114\/revisions\/68278"}],"wp:featuredmedia":[{"embeddable":true,"href":"https:\/\/unox.com.tr\/en\/wp-json\/wp\/v2\/media\/69674"}],"wp:attachment":[{"href":"https:\/\/unox.com.tr\/en\/wp-json\/wp\/v2\/media?parent=40114"}],"wp:term":[{"taxonomy":"product_brand","embeddable":true,"href":"https:\/\/unox.com.tr\/en\/wp-json\/wp\/v2\/product_brand?post=40114"},{"taxonomy":"product_cat","embeddable":true,"href":"https:\/\/unox.com.tr\/en\/wp-json\/wp\/v2\/product_cat?post=40114"},{"taxonomy":"product_tag","embeddable":true,"href":"https:\/\/unox.com.tr\/en\/wp-json\/wp\/v2\/product_tag?post=40114"}],"curies":[{"name":"wp","href":"https:\/\/api.w.org\/{rel}","templated":true}]}}