{"id":40167,"date":"2020-09-17T11:09:20","date_gmt":"2020-09-17T11:09:20","guid":{"rendered":"https:\/\/www.unox.com.tr\/urun\/rotary-electro-pneumatic-positioner\/"},"modified":"2026-01-05T14:18:42","modified_gmt":"2026-01-05T11:18:42","slug":"rotary-electro-pneumatic-positioner","status":"publish","type":"product","link":"https:\/\/unox.com.tr\/en\/rotary-electro-pneumatic-positioner\/","title":{"rendered":"Rotary Electro Pneumatic Positioner"},"content":{"rendered":"<p class=\"p1\">The rotary electro-pneumatic positioner is a device developed to control the position of pneumatic actuators. This type of positioner allows highly precise control by adjusting valve positions via electrical signals. The signals sent to the system coordinate the operation of the electric motor and the pneumatic valve, regulating airflow accordingly. As a result, the actuator\u2019s position can be adjusted quickly and reliably. These systems are most commonly used in integration with centralized control systems such as <a href=\"https:\/\/unox.com.tr\/cok-turlu-oransal-elektrik-aktuatorlu-vana\/\">SCADA<\/a>.    <\/p>\n<div id=\"ez-toc-container\" class=\"ez-toc-v2_0_82_2 counter-hierarchy ez-toc-counter ez-toc-grey ez-toc-container-direction\">\n<div class=\"ez-toc-title-container\">\n<p class=\"ez-toc-title\" style=\"cursor:inherit\">Sayfa \u0130\u00e7eri\u011fi<\/p>\n<span class=\"ez-toc-title-toggle\"><a href=\"#\" class=\"ez-toc-pull-right ez-toc-btn ez-toc-btn-xs ez-toc-btn-default ez-toc-toggle\" aria-label=\"Toggle Table of Content\"><span class=\"ez-toc-js-icon-con\"><span class=\"\"><span class=\"eztoc-hide\" style=\"display:none;\">Toggle<\/span><span class=\"ez-toc-icon-toggle-span\"><svg style=\"fill: #999;color:#999\" xmlns=\"http:\/\/www.w3.org\/2000\/svg\" class=\"list-377408\" width=\"20px\" height=\"20px\" viewBox=\"0 0 24 24\" fill=\"none\"><path d=\"M6 6H4v2h2V6zm14 0H8v2h12V6zM4 11h2v2H4v-2zm16 0H8v2h12v-2zM4 16h2v2H4v-2zm16 0H8v2h12v-2z\" fill=\"currentColor\"><\/path><\/svg><svg style=\"fill: #999;color:#999\" class=\"arrow-unsorted-368013\" xmlns=\"http:\/\/www.w3.org\/2000\/svg\" width=\"10px\" height=\"10px\" viewBox=\"0 0 24 24\" version=\"1.2\" baseProfile=\"tiny\"><path d=\"M18.2 9.3l-6.2-6.3-6.2 6.3c-.2.2-.3.4-.3.7s.1.5.3.7c.2.2.4.3.7.3h11c.3 0 .5-.1.7-.3.2-.2.3-.5.3-.7s-.1-.5-.3-.7zM5.8 14.7l6.2 6.3 6.2-6.3c.2-.2.3-.5.3-.7s-.1-.5-.3-.7c-.2-.2-.4-.3-.7-.3h-11c-.3 0-.5.1-.7.3-.2.2-.3.5-.3.7s.1.5.3.7z\"\/><\/svg><\/span><\/span><\/span><\/a><\/span><\/div>\n<nav><ul class='ez-toc-list ez-toc-list-level-1 ' ><li class='ez-toc-page-1 ez-toc-heading-level-3'><a class=\"ez-toc-link ez-toc-heading-1\" href=\"https:\/\/unox.com.tr\/en\/rotary-electro-pneumatic-positioner\/#Application_Areas_and_Usage_Purposes\" >Application Areas and Usage Purposes<\/a><\/li><li class='ez-toc-page-1 ez-toc-heading-level-3'><a class=\"ez-toc-link ez-toc-heading-2\" href=\"https:\/\/unox.com.tr\/en\/rotary-electro-pneumatic-positioner\/#Technical_Specifications_and_Safety_Standards\" >Technical Specifications and Safety Standards<\/a><\/li><li class='ez-toc-page-1 ez-toc-heading-level-3'><a class=\"ez-toc-link ez-toc-heading-3\" href=\"https:\/\/unox.com.tr\/en\/rotary-electro-pneumatic-positioner\/#User-Friendly_Design_and_Ease_of_Maintenance\" >User-Friendly Design and Ease of Maintenance<\/a><\/li><\/ul><\/nav><\/div>\n<h3><span class=\"ez-toc-section\" id=\"Application_Areas_and_Usage_Purposes\"><\/span><b>Application Areas and Usage Purposes<\/b><span class=\"ez-toc-section-end\"><\/span><\/h3>\n<p class=\"p1\">Rotary electro-pneumatic positioners have a wide range of applications in industrial automation systems. These devices are commonly used on control valves and damper systems. They can be seamlessly integrated with both spring-return actuators and double-acting pneumatic actuators. They are particularly preferred in <a href=\"https:\/\/unox.com.tr\/en\/?attachment_id=25338\">process control applications<\/a> that require high repeatability and accuracy. In addition, they operate with lower energy consumption compared to <a href=\"https:\/\/unox.com.tr\/en\/?attachment_id=40796\">electrically actuated systems.<\/a>    <\/p>\n<h3><span class=\"ez-toc-section\" id=\"Technical_Specifications_and_Safety_Standards\"><\/span><b>Technical Specifications and Safety Standards<\/b><span class=\"ez-toc-section-end\"><\/span><\/h3>\n<p class=\"p1\">Positioners are devices developed in compliance with CE-certified manufacturing standards. With explosion-proof certifications (Ex ia CT6, Ex d BT6), they can be used in high-risk environments. The IP66 protection class provides superior resistance against dust and water. No performance loss occurs under vibrations in the 5\u2013200 Hz range. In addition, the <a href=\"https:\/\/unox.com.tr\/ayirma-disli-kollu-pnomatik-aktuatorlu-kelebek-vana\/\">air connection ports<\/a> are designed to allow installation from any direction.    <\/p>\n<h3><span class=\"ez-toc-section\" id=\"User-Friendly_Design_and_Ease_of_Maintenance\"><\/span><b>User-Friendly Design and Ease of Maintenance<\/b><span class=\"ez-toc-section-end\"><\/span><\/h3>\n<p class=\"p1\">System settings can be adjusted manually without the need for part replacement. Very precise control is achieved with a 1\/2 split-range adjustment. The unit has a simple structure that is easy to maintain. Thanks to feedback outputs, direct data transmission to <a href=\"https:\/\/unox.com.tr\/en\/?attachment_id=40788\">automation systems<\/a> is possible, allowing valve position information to be monitored in real time. With economical energy consumption, operating costs are kept to a minimum.     <\/p>\n<div id=\"attachment_62033\" style=\"width: 310px\" class=\"wp-caption alignnone\"><img decoding=\"async\" aria-describedby=\"caption-attachment-62033\" class=\"size-medium wp-image-62031\" src=\"https:\/\/unox.com.tr\/wp-content\/themes\/woodmart\/images\/lazy.svg\" data-src=\"https:\/\/unox.com.tr\/wp-content\/uploads\/2024\/09\/rotary-pozisyoner-1-300x300.jpg\" alt=\"Rotary Electro Pneumatic Positioner\" width=\"300\" height=\"300\" title=\"\" srcset=\"\" data-srcset=\"https:\/\/unox.com.tr\/wp-content\/uploads\/2024\/09\/rotary-pozisyoner-1-300x300.jpg 300w, https:\/\/unox.com.tr\/wp-content\/uploads\/2024\/09\/rotary-pozisyoner-1-150x150.jpg 150w, https:\/\/unox.com.tr\/wp-content\/uploads\/2024\/09\/rotary-pozisyoner-1-600x600.jpg 600w, https:\/\/unox.com.tr\/wp-content\/uploads\/2024\/09\/rotary-pozisyoner-1-768x768.jpg 768w, https:\/\/unox.com.tr\/wp-content\/uploads\/2024\/09\/rotary-pozisyoner-1.jpg 1000w\" sizes=\"(max-width: 300px) 100vw, 300px\" \/><p id=\"caption-attachment-62033\" class=\"wp-caption-text\">Rotary Electro Pneumatic Positioner &#8211; TS600R<\/p><\/div>\n<p>&nbsp;<\/p>\n","protected":false},"excerpt":{"rendered":"<p><a href=\"https:\/\/unox.com.tr\/wp-content\/uploads\/2023\/01\/ROTARY-ELEKTRO-PNOMATIK-POZISYONER.pdf\" target=\"_blank\" rel=\"noopener\"><button style=\"background-color: #11224b; color: #ffffff; padding: 10px 15px; font-family: montserrat; font-weight: bold; font-size: 19px; border-radius: 10px;\"><img decoding=\"async\" style=\"width: 25px; height: 25px;\" src=\"https:\/\/unox.com.tr\/wp-content\/uploads\/2023\/02\/pdf-1.png\">PRODUCT CATALOG<br \/>\n<\/button><\/a><\/p>\n<p><button style=\"background-color: #11224b; margin-top: 5px; color: white; padding: 0px 15px; width: 150px; height: 55px; border-radius: 10px; border: none; cursor: pointer;\"><br \/>\n<img decoding=\"async\" style=\"width: 120px; height: 30px;\" src=\"https:\/\/unox.com.tr\/wp-content\/uploads\/2023\/02\/4-1.svg\"><\/button><br \/>\n<br \/><a href=\"https:\/\/www.unoxonline.com.tr\/urun\/rotary-elektro-pnomatik-pozisyoner\/\" target=\"_blank\" rel=\"noopener\">Place an Online Order<br \/><\/a><button style=\"background-color: #11224b; color: #ffffff; padding: 10px 15px; font-family: montserrat; font-weight: bold; font-size: 19px; border-radius: 10px;\">UNOX<\/button><\/p>\n","protected":false},"featured_media":34355,"comment_status":"open","ping_status":"closed","template":"","meta":{"_joinchat":[]},"product_brand":[],"product_cat":[1187],"product_tag":[],"class_list":{"0":"post-40167","1":"product","2":"type-product","3":"status-publish","4":"has-post-thumbnail","6":"product_cat-pneumatic-actuator-accessories","8":"first","9":"instock","10":"shipping-taxable","11":"product-type-simple"},"_links":{"self":[{"href":"https:\/\/unox.com.tr\/en\/wp-json\/wp\/v2\/product\/40167","targetHints":{"allow":["GET"]}}],"collection":[{"href":"https:\/\/unox.com.tr\/en\/wp-json\/wp\/v2\/product"}],"about":[{"href":"https:\/\/unox.com.tr\/en\/wp-json\/wp\/v2\/types\/product"}],"replies":[{"embeddable":true,"href":"https:\/\/unox.com.tr\/en\/wp-json\/wp\/v2\/comments?post=40167"}],"version-history":[{"count":1,"href":"https:\/\/unox.com.tr\/en\/wp-json\/wp\/v2\/product\/40167\/revisions"}],"predecessor-version":[{"id":68261,"href":"https:\/\/unox.com.tr\/en\/wp-json\/wp\/v2\/product\/40167\/revisions\/68261"}],"wp:featuredmedia":[{"embeddable":true,"href":"https:\/\/unox.com.tr\/en\/wp-json\/wp\/v2\/media\/34355"}],"wp:attachment":[{"href":"https:\/\/unox.com.tr\/en\/wp-json\/wp\/v2\/media?parent=40167"}],"wp:term":[{"taxonomy":"product_brand","embeddable":true,"href":"https:\/\/unox.com.tr\/en\/wp-json\/wp\/v2\/product_brand?post=40167"},{"taxonomy":"product_cat","embeddable":true,"href":"https:\/\/unox.com.tr\/en\/wp-json\/wp\/v2\/product_cat?post=40167"},{"taxonomy":"product_tag","embeddable":true,"href":"https:\/\/unox.com.tr\/en\/wp-json\/wp\/v2\/product_tag?post=40167"}],"curies":[{"name":"wp","href":"https:\/\/api.w.org\/{rel}","templated":true}]}}