{"id":40198,"date":"2020-09-17T09:44:47","date_gmt":"2020-09-17T06:44:47","guid":{"rendered":"https:\/\/www.unox.com.tr\/urun\/pneumatic-piston-control-valve-33601\/"},"modified":"2024-03-10T17:30:44","modified_gmt":"2024-03-10T14:30:44","slug":"pneumatic-piston-control-valve","status":"publish","type":"product","link":"https:\/\/unox.com.tr\/en\/pneumatic-piston-control-valve\/","title":{"rendered":"Pneumatic Piston Control Valve &#8211; 33601"},"content":{"rendered":"<div id=\"ez-toc-container\" class=\"ez-toc-v2_0_82_2 counter-hierarchy ez-toc-counter ez-toc-grey ez-toc-container-direction\">\n<div class=\"ez-toc-title-container\">\n<p class=\"ez-toc-title\" style=\"cursor:inherit\">Sayfa \u0130\u00e7eri\u011fi<\/p>\n<span class=\"ez-toc-title-toggle\"><a href=\"#\" class=\"ez-toc-pull-right ez-toc-btn ez-toc-btn-xs ez-toc-btn-default ez-toc-toggle\" aria-label=\"Toggle Table of Content\"><span class=\"ez-toc-js-icon-con\"><span class=\"\"><span class=\"eztoc-hide\" style=\"display:none;\">Toggle<\/span><span class=\"ez-toc-icon-toggle-span\"><svg style=\"fill: #999;color:#999\" xmlns=\"http:\/\/www.w3.org\/2000\/svg\" class=\"list-377408\" width=\"20px\" height=\"20px\" viewBox=\"0 0 24 24\" fill=\"none\"><path d=\"M6 6H4v2h2V6zm14 0H8v2h12V6zM4 11h2v2H4v-2zm16 0H8v2h12v-2zM4 16h2v2H4v-2zm16 0H8v2h12v-2z\" fill=\"currentColor\"><\/path><\/svg><svg style=\"fill: #999;color:#999\" class=\"arrow-unsorted-368013\" xmlns=\"http:\/\/www.w3.org\/2000\/svg\" width=\"10px\" height=\"10px\" viewBox=\"0 0 24 24\" version=\"1.2\" baseProfile=\"tiny\"><path d=\"M18.2 9.3l-6.2-6.3-6.2 6.3c-.2.2-.3.4-.3.7s.1.5.3.7c.2.2.4.3.7.3h11c.3 0 .5-.1.7-.3.2-.2.3-.5.3-.7s-.1-.5-.3-.7zM5.8 14.7l6.2 6.3 6.2-6.3c.2-.2.3-.5.3-.7s-.1-.5-.3-.7c-.2-.2-.4-.3-.7-.3h-11c-.3 0-.5.1-.7.3-.2.2-.3.5-.3.7s.1.5.3.7z\"\/><\/svg><\/span><\/span><\/span><\/a><\/span><\/div>\n<nav><ul class='ez-toc-list ez-toc-list-level-1 ' ><li class='ez-toc-page-1 ez-toc-heading-level-2'><a class=\"ez-toc-link ez-toc-heading-1\" href=\"https:\/\/unox.com.tr\/en\/pneumatic-piston-control-valve\/#What_is_Pneumatic_Piston_Control_Valve\" >What is Pneumatic Piston Control Valve?<\/a><\/li><li class='ez-toc-page-1 ez-toc-heading-level-2'><a class=\"ez-toc-link ez-toc-heading-2\" href=\"https:\/\/unox.com.tr\/en\/pneumatic-piston-control-valve\/#What_is_a_Control_Valve\" >What is a Control Valve?<\/a><\/li><li class='ez-toc-page-1 ez-toc-heading-level-2'><a class=\"ez-toc-link ez-toc-heading-3\" href=\"https:\/\/unox.com.tr\/en\/pneumatic-piston-control-valve\/#General_Features\" >General Features<\/a><\/li><\/ul><\/nav><\/div>\n<h2><span class=\"ez-toc-section\" id=\"What_is_Pneumatic_Piston_Control_Valve\"><\/span><span style=\"font-size: 22px;\">What is Pneumatic Piston Control Valve?<\/span><span class=\"ez-toc-section-end\"><\/span><\/h2>\n<p>Pneumatic piston control valve is a type of valve used to control the flow of a liquid or air using a pneumatic piston as the actuator. A pneumatic piston is a cylindrical mechanical component that moves back and forth in a linear motion within a cylinder and is powered by compressed air.<\/p>\n<p>The pneumatic piston control valve consists of a valve body with an inlet and outlet and a pneumatic piston connected to the valve stem. The valve body is used to open and close the valve by moving the pneumatic piston in the cylinder. The position of the pneumatic piston determines the rate at which the fluid flows through the valve.<\/p>\n<p>Pneumatic piston control valves are commonly used in pneumatic control systems where compressed air is used to control the flow of air to actuators such as pneumatic cylinders or pneumatic motors. They are also used in other fluid control applications where precise and reliable flow control is required.<\/p>\n<h2><span class=\"ez-toc-section\" id=\"What_is_a_Control_Valve\"><\/span><span style=\"font-size: 22px;\">What is a Control Valve?<\/span><span class=\"ez-toc-section-end\"><\/span><\/h2>\n<p>Control valve; A valve used to control fluid by changing the size of the flow passage as directed by a signal from a controller. Control valves provide pressure, temperature, flow and level control in all processes where fluid is present. Control valves are used for cold water, hot water, steam, superheated water, steam and gas etc. produced by consuming energy in enterprises. It ensures that the fluids can be transported and controlled without any loss.<\/p>\n<h2><span class=\"ez-toc-section\" id=\"General_Features\"><\/span><span style=\"font-size: 22px;\">General Features<\/span><span class=\"ez-toc-section-end\"><\/span><\/h2>\n<ul>\n<li><strong>Body:<\/strong> GGG-40 Ductile Iron<\/li>\n<li><strong>Actuator:<\/strong> Stainless<\/li>\n<li><strong>Pressure Class:<\/strong> PN25<\/li>\n<li><strong>Supply Air:<\/strong> 4 &#8211; 18 BAR<\/li>\n<li><strong>Working Pressure:<\/strong> 0 &#8211; 10 BAR<\/li>\n<li><strong>Sealing Class:<\/strong> CLASS VI (PTFE)<\/li>\n<li><strong>Usage Temperature:<\/strong> -10&#8230;+220 \u00b0C<\/li>\n<li><strong>FAIL &#8211; SAFE Effect:<\/strong> Normally Closed \/ Normally Open<\/li>\n<li><strong>Flange Connection:<\/strong> DIN 1092-2 (PN16 &#8211; PN25)<\/li>\n<\/ul>\n","protected":false},"excerpt":{"rendered":"<p><a href=\"https:\/\/unox.com.tr\/wp-content\/uploads\/2023\/01\/Pnomatik-Pistonlu-Kontrol-Vanalari-33601.pdf\" target=\"_blank\" rel=\"noopener\"><button style=\"background-color: #11224b; color: #ffffff; padding: 10px 15px; font-family: montserrat; font-weight: bold; font-size: 19px; border-radius: 10px;\"><img decoding=\"async\" style=\"width: 25px; height: 25px;\" src=\"https:\/\/unox.com.tr\/wp-content\/uploads\/2023\/02\/pdf-1.png\">PRODUCT CATALOGUE<\/button><\/a><\/p>\n<p><button style=\"background-color: #11224b; margin-top: 5px; color: white; padding: 0px 15px; width: 150px; height: 55px; border-radius: 10px; border: none; cursor: pointer;\"><br \/>\n<img decoding=\"async\" style=\"width: 120px; height: 30px;\" src=\"https:\/\/unox.com.tr\/wp-content\/uploads\/2023\/02\/4-1.svg\"><\/button><\/p>\n","protected":false},"featured_media":28741,"comment_status":"open","ping_status":"closed","template":"","meta":[],"product_brand":[],"product_cat":[1061,1064],"product_tag":[],"class_list":{"0":"post-40198","1":"product","2":"type-product","3":"status-publish","4":"has-post-thumbnail","6":"product_cat-control-valves","7":"product_cat-pneumatic-on-off-control-valves","9":"first","10":"instock","11":"shipping-taxable","12":"product-type-simple"},"_links":{"self":[{"href":"https:\/\/unox.com.tr\/en\/wp-json\/wp\/v2\/product\/40198","targetHints":{"allow":["GET"]}}],"collection":[{"href":"https:\/\/unox.com.tr\/en\/wp-json\/wp\/v2\/product"}],"about":[{"href":"https:\/\/unox.com.tr\/en\/wp-json\/wp\/v2\/types\/product"}],"replies":[{"embeddable":true,"href":"https:\/\/unox.com.tr\/en\/wp-json\/wp\/v2\/comments?post=40198"}],"version-history":[{"count":0,"href":"https:\/\/unox.com.tr\/en\/wp-json\/wp\/v2\/product\/40198\/revisions"}],"wp:featuredmedia":[{"embeddable":true,"href":"https:\/\/unox.com.tr\/en\/wp-json\/wp\/v2\/media\/28741"}],"wp:attachment":[{"href":"https:\/\/unox.com.tr\/en\/wp-json\/wp\/v2\/media?parent=40198"}],"wp:term":[{"taxonomy":"product_brand","embeddable":true,"href":"https:\/\/unox.com.tr\/en\/wp-json\/wp\/v2\/product_brand?post=40198"},{"taxonomy":"product_cat","embeddable":true,"href":"https:\/\/unox.com.tr\/en\/wp-json\/wp\/v2\/product_cat?post=40198"},{"taxonomy":"product_tag","embeddable":true,"href":"https:\/\/unox.com.tr\/en\/wp-json\/wp\/v2\/product_tag?post=40198"}],"curies":[{"name":"wp","href":"https:\/\/api.w.org\/{rel}","templated":true}]}}