{"id":43759,"date":"2023-01-05T06:32:28","date_gmt":"2023-01-05T06:32:28","guid":{"rendered":"https:\/\/www.unox.com.tr\/urun\/pneumatic-actuated-u-pvc-set-butterfly-valve\/"},"modified":"2026-01-08T15:32:11","modified_gmt":"2026-01-08T12:32:11","slug":"pneumatic-actuated-u-pvc-set-butterfly-valve","status":"publish","type":"product","link":"https:\/\/unox.com.tr\/en\/pneumatic-actuated-u-pvc-set-butterfly-valve\/","title":{"rendered":"Pneumatic Actuated U-PVC Set Butterfly Valve"},"content":{"rendered":"<p class=\"p1\">The Pneumatic Actuated U-PVC Wafer Butterfly Valve is used to control flow in low- and medium-pressure liquid and gas applications. This product automatically opens and closes the disc by rotating it with an actuator powered by compressed air. <a href=\"https:\/\/unox.com.tr\/\">Unox <\/a>offers long-lasting solutions for both industrial and environmental applications with its products in this field. However, proper coordination between valve diameter and actuator torque is required for stable system operation. <a href=\"https:\/\/unox.com.tr\/ayirma-disli-kollu-pnomatik-aktuatorlu-kelebek-vana\">Alternatives such as the Pneumatic Actuated Butterfly Valve<\/a> with Split Gear Arm are preferred for larger pipelines.  <\/p>\n<div id=\"ez-toc-container\" class=\"ez-toc-v2_0_82_2 counter-hierarchy ez-toc-counter ez-toc-grey ez-toc-container-direction\">\n<div class=\"ez-toc-title-container\">\n<p class=\"ez-toc-title\" style=\"cursor:inherit\">Sayfa \u0130\u00e7eri\u011fi<\/p>\n<span class=\"ez-toc-title-toggle\"><a href=\"#\" class=\"ez-toc-pull-right ez-toc-btn ez-toc-btn-xs ez-toc-btn-default ez-toc-toggle\" aria-label=\"Toggle Table of Content\"><span class=\"ez-toc-js-icon-con\"><span class=\"\"><span class=\"eztoc-hide\" style=\"display:none;\">Toggle<\/span><span class=\"ez-toc-icon-toggle-span\"><svg style=\"fill: #999;color:#999\" xmlns=\"http:\/\/www.w3.org\/2000\/svg\" class=\"list-377408\" width=\"20px\" height=\"20px\" viewBox=\"0 0 24 24\" fill=\"none\"><path d=\"M6 6H4v2h2V6zm14 0H8v2h12V6zM4 11h2v2H4v-2zm16 0H8v2h12v-2zM4 16h2v2H4v-2zm16 0H8v2h12v-2z\" fill=\"currentColor\"><\/path><\/svg><svg style=\"fill: #999;color:#999\" class=\"arrow-unsorted-368013\" xmlns=\"http:\/\/www.w3.org\/2000\/svg\" width=\"10px\" height=\"10px\" viewBox=\"0 0 24 24\" version=\"1.2\" baseProfile=\"tiny\"><path d=\"M18.2 9.3l-6.2-6.3-6.2 6.3c-.2.2-.3.4-.3.7s.1.5.3.7c.2.2.4.3.7.3h11c.3 0 .5-.1.7-.3.2-.2.3-.5.3-.7s-.1-.5-.3-.7zM5.8 14.7l6.2 6.3 6.2-6.3c.2-.2.3-.5.3-.7s-.1-.5-.3-.7c-.2-.2-.4-.3-.7-.3h-11c-.3 0-.5.1-.7.3-.2.2-.3.5-.3.7s.1.5.3.7z\"\/><\/svg><\/span><\/span><\/span><\/a><\/span><\/div>\n<nav><ul class='ez-toc-list ez-toc-list-level-1 ' ><li class='ez-toc-page-1 ez-toc-heading-level-3'><a class=\"ez-toc-link ez-toc-heading-1\" href=\"https:\/\/unox.com.tr\/en\/pneumatic-actuated-u-pvc-set-butterfly-valve\/#Advantages_of_U-PVC_Material\" >Advantages of U-PVC Material<\/a><\/li><li class='ez-toc-page-1 ez-toc-heading-level-3'><a class=\"ez-toc-link ez-toc-heading-2\" href=\"https:\/\/unox.com.tr\/en\/pneumatic-actuated-u-pvc-set-butterfly-valve\/#Stands_Out_with_a_Wide_Range_of_Applications\" >Stands Out with a Wide Range of Applications<\/a><\/li><li class='ez-toc-page-1 ez-toc-heading-level-3'><a class=\"ez-toc-link ez-toc-heading-3\" href=\"https:\/\/unox.com.tr\/en\/pneumatic-actuated-u-pvc-set-butterfly-valve\/#Ease_of_Installation_and_Control_Flexibility\" >Ease of Installation and Control Flexibility<\/a><\/li><li class='ez-toc-page-1 ez-toc-heading-level-3'><a class=\"ez-toc-link ez-toc-heading-4\" href=\"https:\/\/unox.com.tr\/en\/pneumatic-actuated-u-pvc-set-butterfly-valve\/#Energy_Savings_and_Long_Lifespan\" >Energy Savings and Long Lifespan<\/a><\/li><\/ul><\/nav><\/div>\n<h3><span class=\"ez-toc-section\" id=\"Advantages_of_U-PVC_Material\"><\/span><b>Advantages of U-PVC Material<\/b><span class=\"ez-toc-section-end\"><\/span><\/h3>\n<p class=\"p1\">U-PVC, known as unplasticized polyvinyl chloride, exhibits superior resistance to chemicals. This material is resistant to water, acids, bases, and various solvents. In addition, due to its dielectric properties, it has low electrical conductivity and serves as a safe insulator. All technical documents for this product group can be accessed via <a href=\"https:\/\/www.unoxonline.com.tr\/\" rel=\"nofollow noopener\" target=\"_blank\">Unox Online<\/a>. However, when making a selection, both the temperature and the chemical composition of the environment must be taken into account.   <\/p>\n<h3><span class=\"ez-toc-section\" id=\"Stands_Out_with_a_Wide_Range_of_Applications\"><\/span><b>Stands Out with a Wide Range of Applications<\/b><span class=\"ez-toc-section-end\"><\/span><\/h3>\n<p class=\"p1\">It is widely used in water treatment plants, agricultural irrigation systems, and the chemical industry. It is also preferred in areas where hygiene is critical, such as food and beverage production, the pharmaceutical sector, and HVAC systems. The <a href=\"https:\/\/unox.com.tr\/en\/?attachment_id=40788\">Electric Actuated 3-Way U-PVC Ball Valve<\/a> is a durable alternative suitable for similar conditions. <a href=\"https:\/\/unox.com.tr\/\">Unox<\/a>-branded products offer operational efficiency with quick installation and low maintenance advantages. <\/p>\n<h3><span class=\"ez-toc-section\" id=\"Ease_of_Installation_and_Control_Flexibility\"><\/span><b>Ease of Installation and Control Flexibility<\/b><span class=\"ez-toc-section-end\"><\/span><\/h3>\n<p class=\"p1\">This type of valve is manufactured in compliance with ISO 5211 connection standards, allowing easy compatibility with different actuator models. Installation time is reduced, the risk of errors is minimized, and the system can be commissioned more quickly. In addition, automation infrastructure is easily completed through solenoid valves and positioners integrated into the control system. The modular structure of the system can also be expanded with other products, such as the <a href=\"https:\/\/unox.com.tr\/en\/?attachment_id=40804\">Electric Actuated Flanged Ball Valve.<\/a>  <\/p>\n<h3><span class=\"ez-toc-section\" id=\"Energy_Savings_and_Long_Lifespan\"><\/span><b>Energy Savings and Long Lifespan<\/b><span class=\"ez-toc-section-end\"><\/span><\/h3>\n<p class=\"p1\">Pneumatic control ensures that the system operates only when needed, reducing energy consumption. In addition, the U-PVC material is lighter than metal valves, making handling and installation easier. High performance can be achieved in compact spaces when used with the <a href=\"https:\/\/unox.com.tr\/elektrik-aktuatorlu-2-parcali-disli-kuresel-vana\">Electric Actuated 2-Piece Gear Ball Valve<\/a>. For a better understanding of the system, catalogs are available on the<a href=\"https:\/\/www.unoxonline.com.tr\/\" rel=\"nofollow noopener\" target=\"_blank\"> Unox Online<\/a> page.  <\/p>\n<div id=\"attachment_42816\" style=\"width: 310px\" class=\"wp-caption alignnone\"><img decoding=\"async\" aria-describedby=\"caption-attachment-42816\" class=\"size-medium wp-image-42814\" src=\"https:\/\/unox.com.tr\/wp-content\/themes\/woodmart\/images\/lazy.svg\" data-src=\"https:\/\/unox.com.tr\/wp-content\/uploads\/2023\/01\/pnomatik-aktuatorlu-u-pvc-takim-kelebek-vana-300x300.jpg\" alt=\"Pneumatic Actuated U-PVC Set Butterfly Valve\" width=\"300\" height=\"300\" title=\"\" srcset=\"\" data-srcset=\"https:\/\/unox.com.tr\/wp-content\/uploads\/2023\/01\/pnomatik-aktuatorlu-u-pvc-takim-kelebek-vana-300x300.jpg 300w, https:\/\/unox.com.tr\/wp-content\/uploads\/2023\/01\/pnomatik-aktuatorlu-u-pvc-takim-kelebek-vana-150x150.jpg 150w, https:\/\/unox.com.tr\/wp-content\/uploads\/2023\/01\/pnomatik-aktuatorlu-u-pvc-takim-kelebek-vana-600x600.jpg 600w, https:\/\/unox.com.tr\/wp-content\/uploads\/2023\/01\/pnomatik-aktuatorlu-u-pvc-takim-kelebek-vana-768x768.jpg 768w, https:\/\/unox.com.tr\/wp-content\/uploads\/2023\/01\/pnomatik-aktuatorlu-u-pvc-takim-kelebek-vana-640x640.jpg 640w, https:\/\/unox.com.tr\/wp-content\/uploads\/2023\/01\/pnomatik-aktuatorlu-u-pvc-takim-kelebek-vana-400x400.jpg 400w, https:\/\/unox.com.tr\/wp-content\/uploads\/2023\/01\/pnomatik-aktuatorlu-u-pvc-takim-kelebek-vana-560x560.jpg 560w, https:\/\/unox.com.tr\/wp-content\/uploads\/2023\/01\/pnomatik-aktuatorlu-u-pvc-takim-kelebek-vana-367x367.jpg 367w, https:\/\/unox.com.tr\/wp-content\/uploads\/2023\/01\/pnomatik-aktuatorlu-u-pvc-takim-kelebek-vana-85x85.jpg 85w, https:\/\/unox.com.tr\/wp-content\/uploads\/2023\/01\/pnomatik-aktuatorlu-u-pvc-takim-kelebek-vana-32x32.jpg 32w, https:\/\/unox.com.tr\/wp-content\/uploads\/2023\/01\/pnomatik-aktuatorlu-u-pvc-takim-kelebek-vana.jpg 1000w\" sizes=\"(max-width: 300px) 100vw, 300px\" \/><p id=\"caption-attachment-42816\" class=\"wp-caption-text\">Pneumatic Actuated U-PVC Set Butterfly Valve<\/p><\/div>\n","protected":false},"excerpt":{"rendered":"<p><button style=\"background-color: #11224b; color: #ffffff; padding: 10px 15px; font-family: montserrat; font-weight: bold; font-size: 19px; border-radius: 10px;\"><img decoding=\"async\" style=\"width: 25px; height: 25px;\" src=\"https:\/\/unox.com.tr\/wp-content\/uploads\/2023\/02\/pdf-1.png\">PRODUCT CATALOGUE<\/button><\/p>\n<p><button style=\"background-color: #11224b; margin-top: 5px; color: white; padding: 0px 15px; width: 150px; height: 55px; border-radius: 10px; border: none; cursor: pointer;\"><br \/>\n<img decoding=\"async\" style=\"width: 120px; height: 30px;\" src=\"https:\/\/unox.com.tr\/wp-content\/uploads\/2023\/02\/4-1.svg\"><\/button><\/p>\n","protected":false},"featured_media":42816,"comment_status":"open","ping_status":"closed","template":"","meta":{"_joinchat":[]},"product_brand":[],"product_cat":[1115,1116,1114],"product_tag":[],"class_list":{"0":"post-43759","1":"product","2":"type-product","3":"status-publish","4":"has-post-thumbnail","6":"product_cat-pneumatic-actuated-valves","7":"product_cat-actuator-valves","8":"product_cat-pneumatic-valves","10":"first","11":"instock","12":"shipping-taxable","13":"product-type-simple"},"_links":{"self":[{"href":"https:\/\/unox.com.tr\/en\/wp-json\/wp\/v2\/product\/43759","targetHints":{"allow":["GET"]}}],"collection":[{"href":"https:\/\/unox.com.tr\/en\/wp-json\/wp\/v2\/product"}],"about":[{"href":"https:\/\/unox.com.tr\/en\/wp-json\/wp\/v2\/types\/product"}],"replies":[{"embeddable":true,"href":"https:\/\/unox.com.tr\/en\/wp-json\/wp\/v2\/comments?post=43759"}],"version-history":[{"count":1,"href":"https:\/\/unox.com.tr\/en\/wp-json\/wp\/v2\/product\/43759\/revisions"}],"predecessor-version":[{"id":68410,"href":"https:\/\/unox.com.tr\/en\/wp-json\/wp\/v2\/product\/43759\/revisions\/68410"}],"wp:featuredmedia":[{"embeddable":true,"href":"https:\/\/unox.com.tr\/en\/wp-json\/wp\/v2\/media\/42816"}],"wp:attachment":[{"href":"https:\/\/unox.com.tr\/en\/wp-json\/wp\/v2\/media?parent=43759"}],"wp:term":[{"taxonomy":"product_brand","embeddable":true,"href":"https:\/\/unox.com.tr\/en\/wp-json\/wp\/v2\/product_brand?post=43759"},{"taxonomy":"product_cat","embeddable":true,"href":"https:\/\/unox.com.tr\/en\/wp-json\/wp\/v2\/product_cat?post=43759"},{"taxonomy":"product_tag","embeddable":true,"href":"https:\/\/unox.com.tr\/en\/wp-json\/wp\/v2\/product_tag?post=43759"}],"curies":[{"name":"wp","href":"https:\/\/api.w.org\/{rel}","templated":true}]}}