{"id":43763,"date":"2023-01-12T07:00:52","date_gmt":"2023-01-12T07:00:52","guid":{"rendered":"https:\/\/www.unox.com.tr\/urun\/rotary-domestic-electric-actuator\/"},"modified":"2026-01-08T15:40:41","modified_gmt":"2026-01-08T12:40:41","slug":"rotary-domestic-electric-actuator","status":"publish","type":"product","link":"https:\/\/unox.com.tr\/en\/rotary-domestic-electric-actuator\/","title":{"rendered":"Rotary Domestic Electric Actuator"},"content":{"rendered":"<p class=\"p1\">The rotary local electric actuator allows valves to be controlled remotely and automatically. It converts electrical energy into rotational movement of a mechanical shaft, which is used to control the opening and closing of valves. It is commonly preferred in industrial plants and automation systems. Our products are presented in detail in the <a href=\"https:\/\/unox.com.tr\/en\/actuators\/\">Unox Actuator Category<\/a>.    <\/p>\n<p class=\"p1\">Actuators are designed and implemented to operate at 90\u00b0 or 120\u00b0 angles. Shaft movement is performed with the help of a motor and integrated into the system. Rotary actuators enable operation without the need for manual intervention, increasing efficiency in processes that require both precision and continuous cycling.   <\/p>\n<div id=\"ez-toc-container\" class=\"ez-toc-v2_0_82_2 counter-hierarchy ez-toc-counter ez-toc-grey ez-toc-container-direction\">\n<div class=\"ez-toc-title-container\">\n<p class=\"ez-toc-title\" style=\"cursor:inherit\">Sayfa \u0130\u00e7eri\u011fi<\/p>\n<span class=\"ez-toc-title-toggle\"><a href=\"#\" class=\"ez-toc-pull-right ez-toc-btn ez-toc-btn-xs ez-toc-btn-default ez-toc-toggle\" aria-label=\"Toggle Table of Content\"><span class=\"ez-toc-js-icon-con\"><span class=\"\"><span class=\"eztoc-hide\" style=\"display:none;\">Toggle<\/span><span class=\"ez-toc-icon-toggle-span\"><svg style=\"fill: #999;color:#999\" xmlns=\"http:\/\/www.w3.org\/2000\/svg\" class=\"list-377408\" width=\"20px\" height=\"20px\" viewBox=\"0 0 24 24\" fill=\"none\"><path d=\"M6 6H4v2h2V6zm14 0H8v2h12V6zM4 11h2v2H4v-2zm16 0H8v2h12v-2zM4 16h2v2H4v-2zm16 0H8v2h12v-2z\" fill=\"currentColor\"><\/path><\/svg><svg style=\"fill: #999;color:#999\" class=\"arrow-unsorted-368013\" xmlns=\"http:\/\/www.w3.org\/2000\/svg\" width=\"10px\" height=\"10px\" viewBox=\"0 0 24 24\" version=\"1.2\" baseProfile=\"tiny\"><path d=\"M18.2 9.3l-6.2-6.3-6.2 6.3c-.2.2-.3.4-.3.7s.1.5.3.7c.2.2.4.3.7.3h11c.3 0 .5-.1.7-.3.2-.2.3-.5.3-.7s-.1-.5-.3-.7zM5.8 14.7l6.2 6.3 6.2-6.3c.2-.2.3-.5.3-.7s-.1-.5-.3-.7c-.2-.2-.4-.3-.7-.3h-11c-.3 0-.5.1-.7.3-.2.2-.3.5-.3.7s.1.5.3.7z\"\/><\/svg><\/span><\/span><\/span><\/a><\/span><\/div>\n<nav><ul class='ez-toc-list ez-toc-list-level-1 ' ><li class='ez-toc-page-1 ez-toc-heading-level-3'><a class=\"ez-toc-link ez-toc-heading-1\" href=\"https:\/\/unox.com.tr\/en\/rotary-domestic-electric-actuator\/#Where_is_Rotary_Domestic_Electric_Actuator_Used\" >Where is Rotary Domestic Electric Actuator Used?<\/a><\/li><li class='ez-toc-page-1 ez-toc-heading-level-3'><a class=\"ez-toc-link ez-toc-heading-2\" href=\"https:\/\/unox.com.tr\/en\/rotary-domestic-electric-actuator\/#Structural_Features_and_Performance\" >Structural Features and Performance<\/a><\/li><li class='ez-toc-page-1 ez-toc-heading-level-3'><a class=\"ez-toc-link ez-toc-heading-3\" href=\"https:\/\/unox.com.tr\/en\/rotary-domestic-electric-actuator\/#Technical_Specifications\" >Technical Specifications<\/a><\/li><\/ul><\/nav><\/div>\n<h3><span class=\"ez-toc-section\" id=\"Where_is_Rotary_Domestic_Electric_Actuator_Used\"><\/span><b>Where is Rotary Domestic Electric Actuator Used?<\/b><span class=\"ez-toc-section-end\"><\/span><\/h3>\n<p class=\"p1\">Locally manufactured rotary actuators offer energy efficiency, providing advantages for businesses. The need for remote management in electric motor systems is met by this product. Control is particularly facilitated for butterfly and ball valves. Products are showcased with example applications on the <a href=\"https:\/\/unox.com.tr\/en\/?attachment_id=40643\">UNOX Multi-Turn Actuator<\/a> page.   <\/p>\n<p class=\"p1\">They are frequently used in chemical, petrochemical, food, and HVAC systems. They are also found in water treatment, power generation, and tank filling systems. These systems provide torque control and position feedback. Sector-specific applications are detailed on the <a href=\"https:\/\/www.unoxonline.com.tr\/urun-kategori\/aktuator\/\" rel=\"nofollow noopener\" target=\"_blank\">UNOX Electric Actuators<\/a> page.  <\/p>\n<h3><span class=\"ez-toc-section\" id=\"Structural_Features_and_Performance\"><\/span><b>Structural Features and Performance<\/b><span class=\"ez-toc-section-end\"><\/span><\/h3>\n<p class=\"p1\">The electric actuator body is made of aluminum and protected with an IP67 rating, offering high durability against harsh industrial conditions. Torque values range from 30 Nm to 1000 Nm. Depending on application requirements, a <a href=\"https:\/\/unox.com.tr\/30-nm-elektrikli-aktuatorler\/\">30 Nm electric actuator<\/a> can be selected.   <\/p>\n<p class=\"p1\">In addition,<a href=\"https:\/\/unox.com.tr\/4-20ma-oransal-elektrikli-aktuator\/\"> 4\u201320 mA Proportional Electric Actuator<\/a> models are available for applications requiring proportional control. Manual intervention is facilitated with a handwheel when needed. Each actuator is equipped with a continuous open\/closed position indicator.  <\/p>\n<h3><span class=\"ez-toc-section\" id=\"Technical_Specifications\"><\/span><b>Technical Specifications<\/b><span class=\"ez-toc-section-end\"><\/span><\/h3>\n<ul>\n<li>\n<p class=\"p1\">Body: Made of die-cast aluminum.<\/p>\n<\/li>\n<li>\n<p class=\"p1\">Motor: Operated with a 24V DC brushed motor.<\/p>\n<\/li>\n<li>\n<p class=\"p1\">Control Type: Available with On-Off or proportional control.<\/p>\n<\/li>\n<li>\n<p class=\"p1\">Torque Range: Varies from 30 Nm to 1000 Nm.<\/p>\n<\/li>\n<li>\n<p class=\"p1\">Electrical Connection: Equipped with a 1\/2\u201d water-protected cable entry.<\/p>\n<\/li>\n<li>\n<p class=\"p1\">Connection Flange: Complies with ISO 5211 standards.<\/p>\n<\/li>\n<li>\n<p class=\"p1\">Protection Class: Available in IP67 and IP68 ratings.<\/p>\n<\/li>\n<li>\n<p class=\"p1\">Operating Temperature: Designed to withstand temperatures from -20\u00b0C to +60\u00b0C.<\/p>\n<\/li>\n<\/ul>\n<div id=\"attachment_43004\" style=\"width: 310px\" class=\"wp-caption alignnone\"><img decoding=\"async\" aria-describedby=\"caption-attachment-43004\" class=\"size-medium wp-image-43002\" src=\"https:\/\/unox.com.tr\/wp-content\/themes\/woodmart\/images\/lazy.svg\" data-src=\"https:\/\/unox.com.tr\/wp-content\/uploads\/2020\/09\/18-2-300x300.jpg\" alt=\"Local Rotary Electric Actuator\" width=\"300\" height=\"300\" title=\"\" srcset=\"\" data-srcset=\"https:\/\/unox.com.tr\/wp-content\/uploads\/2020\/09\/18-2-300x300.jpg 300w, https:\/\/unox.com.tr\/wp-content\/uploads\/2020\/09\/18-2-150x150.jpg 150w, https:\/\/unox.com.tr\/wp-content\/uploads\/2020\/09\/18-2-600x600.jpg 600w, https:\/\/unox.com.tr\/wp-content\/uploads\/2020\/09\/18-2-768x768.jpg 768w, https:\/\/unox.com.tr\/wp-content\/uploads\/2020\/09\/18-2-640x640.jpg 640w, https:\/\/unox.com.tr\/wp-content\/uploads\/2020\/09\/18-2-400x400.jpg 400w, https:\/\/unox.com.tr\/wp-content\/uploads\/2020\/09\/18-2-560x560.jpg 560w, https:\/\/unox.com.tr\/wp-content\/uploads\/2020\/09\/18-2-367x367.jpg 367w, https:\/\/unox.com.tr\/wp-content\/uploads\/2020\/09\/18-2-85x85.jpg 85w, https:\/\/unox.com.tr\/wp-content\/uploads\/2020\/09\/18-2-32x32.jpg 32w, https:\/\/unox.com.tr\/wp-content\/uploads\/2020\/09\/18-2.jpg 1000w\" sizes=\"(max-width: 300px) 100vw, 300px\" \/><p id=\"caption-attachment-43004\" class=\"wp-caption-text\">Rotary Domestic Electric Actuator<\/p><\/div>\n","protected":false},"excerpt":{"rendered":"<p><button style=\"background-color: #11224b; color: #ffffff; padding: 10px 15px; font-family: montserrat; font-weight: bold; font-size: 19px; border-radius: 10px;\"><img decoding=\"async\" style=\"width: 25px; height: 25px;\" src=\"https:\/\/unox.com.tr\/wp-content\/uploads\/2023\/02\/pdf-1.png\">PRODUCT CATALOGUE<\/button><\/p>\n<p><button style=\"background-color: #11224b; margin-top: 5px; color: white; padding: 0px 15px; width: 150px; height: 55px; border-radius: 10px; border: none; cursor: pointer;\"><br \/>\n<img decoding=\"async\" style=\"width: 120px; height: 30px;\" src=\"https:\/\/unox.com.tr\/wp-content\/uploads\/2023\/02\/4-1.svg\"><\/button><\/p>\n","protected":false},"featured_media":43011,"comment_status":"open","ping_status":"closed","template":"","meta":{"_joinchat":[]},"product_brand":[],"product_cat":[1009,1437],"product_tag":[],"class_list":{"0":"post-43763","1":"product","2":"type-product","3":"status-publish","4":"has-post-thumbnail","6":"product_cat-electric-actuators","7":"product_cat-actuators","9":"first","10":"instock","11":"shipping-taxable","12":"product-type-simple"},"_links":{"self":[{"href":"https:\/\/unox.com.tr\/en\/wp-json\/wp\/v2\/product\/43763","targetHints":{"allow":["GET"]}}],"collection":[{"href":"https:\/\/unox.com.tr\/en\/wp-json\/wp\/v2\/product"}],"about":[{"href":"https:\/\/unox.com.tr\/en\/wp-json\/wp\/v2\/types\/product"}],"replies":[{"embeddable":true,"href":"https:\/\/unox.com.tr\/en\/wp-json\/wp\/v2\/comments?post=43763"}],"version-history":[{"count":1,"href":"https:\/\/unox.com.tr\/en\/wp-json\/wp\/v2\/product\/43763\/revisions"}],"predecessor-version":[{"id":68411,"href":"https:\/\/unox.com.tr\/en\/wp-json\/wp\/v2\/product\/43763\/revisions\/68411"}],"wp:featuredmedia":[{"embeddable":true,"href":"https:\/\/unox.com.tr\/en\/wp-json\/wp\/v2\/media\/43011"}],"wp:attachment":[{"href":"https:\/\/unox.com.tr\/en\/wp-json\/wp\/v2\/media?parent=43763"}],"wp:term":[{"taxonomy":"product_brand","embeddable":true,"href":"https:\/\/unox.com.tr\/en\/wp-json\/wp\/v2\/product_brand?post=43763"},{"taxonomy":"product_cat","embeddable":true,"href":"https:\/\/unox.com.tr\/en\/wp-json\/wp\/v2\/product_cat?post=43763"},{"taxonomy":"product_tag","embeddable":true,"href":"https:\/\/unox.com.tr\/en\/wp-json\/wp\/v2\/product_tag?post=43763"}],"curies":[{"name":"wp","href":"https:\/\/api.w.org\/{rel}","templated":true}]}}