{"id":50375,"date":"2023-01-30T10:41:12","date_gmt":"2023-01-30T07:41:12","guid":{"rendered":"https:\/\/unox.com.tr\/urun\/electric-actuated-2-piece-threaded-ball-valve\/"},"modified":"2026-01-08T15:47:28","modified_gmt":"2026-01-08T12:47:28","slug":"electric-actuated-2-piece-gear-ball-valve","status":"publish","type":"product","link":"https:\/\/unox.com.tr\/en\/electric-actuated-2-piece-gear-ball-valve\/","title":{"rendered":"Electric Actuated 2-Piece Threaded Ball Valve"},"content":{"rendered":"<p class=\"p1\">The Automatic Flanged Bottom Blow-Off System ensures the automatic removal of sediments accumulated at the bottom of boilers. This system is particularly preferred to improve energy efficiency and extend equipment lifespan. With the solutions it offers in this field, <a href=\"https:\/\/unox.com.tr\/\">Unox <\/a>manufactures reliable products that can be integrated into both mechanical and automation systems. However, the proper operation of the system depends on the correct combination of valves and actuators. For example, the <a href=\"https:\/\/unox.com.tr\/en\/?attachment_id=40804\">Electric Actuated Flanged Ball Valve<\/a> is commonly used in these systems.   <\/p>\n<div id=\"ez-toc-container\" class=\"ez-toc-v2_0_82_2 counter-hierarchy ez-toc-counter ez-toc-grey ez-toc-container-direction\">\n<div class=\"ez-toc-title-container\">\n<p class=\"ez-toc-title\" style=\"cursor:inherit\">Sayfa \u0130\u00e7eri\u011fi<\/p>\n<span class=\"ez-toc-title-toggle\"><a href=\"#\" class=\"ez-toc-pull-right ez-toc-btn ez-toc-btn-xs ez-toc-btn-default ez-toc-toggle\" aria-label=\"Toggle Table of Content\"><span class=\"ez-toc-js-icon-con\"><span class=\"\"><span class=\"eztoc-hide\" style=\"display:none;\">Toggle<\/span><span class=\"ez-toc-icon-toggle-span\"><svg style=\"fill: #999;color:#999\" xmlns=\"http:\/\/www.w3.org\/2000\/svg\" class=\"list-377408\" width=\"20px\" height=\"20px\" viewBox=\"0 0 24 24\" fill=\"none\"><path d=\"M6 6H4v2h2V6zm14 0H8v2h12V6zM4 11h2v2H4v-2zm16 0H8v2h12v-2zM4 16h2v2H4v-2zm16 0H8v2h12v-2z\" fill=\"currentColor\"><\/path><\/svg><svg style=\"fill: #999;color:#999\" class=\"arrow-unsorted-368013\" xmlns=\"http:\/\/www.w3.org\/2000\/svg\" width=\"10px\" height=\"10px\" viewBox=\"0 0 24 24\" version=\"1.2\" baseProfile=\"tiny\"><path d=\"M18.2 9.3l-6.2-6.3-6.2 6.3c-.2.2-.3.4-.3.7s.1.5.3.7c.2.2.4.3.7.3h11c.3 0 .5-.1.7-.3.2-.2.3-.5.3-.7s-.1-.5-.3-.7zM5.8 14.7l6.2 6.3 6.2-6.3c.2-.2.3-.5.3-.7s-.1-.5-.3-.7c-.2-.2-.4-.3-.7-.3h-11c-.3 0-.5.1-.7.3-.2.2-.3.5-.3.7s.1.5.3.7z\"\/><\/svg><\/span><\/span><\/span><\/a><\/span><\/div>\n<nav><ul class='ez-toc-list ez-toc-list-level-1 ' ><li class='ez-toc-page-1 ez-toc-heading-level-3'><a class=\"ez-toc-link ez-toc-heading-1\" href=\"https:\/\/unox.com.tr\/en\/electric-actuated-2-piece-gear-ball-valve\/#Operating_Principle_of_Pneumatic_Actuated_Valves\" >Operating Principle of Pneumatic Actuated Valves<\/a><\/li><li class='ez-toc-page-1 ez-toc-heading-level-3'><a class=\"ez-toc-link ez-toc-heading-2\" href=\"https:\/\/unox.com.tr\/en\/electric-actuated-2-piece-gear-ball-valve\/#The_Importance_of_Selecting_the_Right_Actuator\" >The Importance of Selecting the Right Actuator<\/a><\/li><li class='ez-toc-page-1 ez-toc-heading-level-3'><a class=\"ez-toc-link ez-toc-heading-3\" href=\"https:\/\/unox.com.tr\/en\/electric-actuated-2-piece-gear-ball-valve\/#Structural_Durability_and_Corrosion_Resistance\" >Structural Durability and Corrosion Resistance<\/a><\/li><li class='ez-toc-page-1 ez-toc-heading-level-3'><a class=\"ez-toc-link ez-toc-heading-4\" href=\"https:\/\/unox.com.tr\/en\/electric-actuated-2-piece-gear-ball-valve\/#Mounting_Compatibility_and_System_Flexibility\" >Mounting Compatibility and System Flexibility<\/a><\/li><\/ul><\/nav><\/div>\n<h3><span class=\"ez-toc-section\" id=\"Operating_Principle_of_Pneumatic_Actuated_Valves\"><\/span><b>Operating Principle of Pneumatic Actuated Valves<\/b><span class=\"ez-toc-section-end\"><\/span><\/h3>\n<p class=\"p1\">Pneumatic actuators open or close the ball valve with the help of compressed air. This control automates the discharge of fluids accumulated at the bottom. The E<a href=\"https:\/\/unox.com.tr\/en\/?attachment_id=25338\">lectric Actuated 3-Way Ball Valve<\/a> provides a similar automatic flow management function. However, actuator selection should be made based on application-specific pressure values. In addition, the system\u2019s response time and position accuracy directly affect control performance.   <\/p>\n<h3><span class=\"ez-toc-section\" id=\"The_Importance_of_Selecting_the_Right_Actuator\"><\/span><b>The Importance of Selecting the Right Actuator<\/b><span class=\"ez-toc-section-end\"><\/span><\/h3>\n<p class=\"p1\">Different actuator models offer varying torque values. The UDA 040 model provides 9 Nm of torque, while the UDA 125 model can go up to 400 Nm. Therefore, products like the <a href=\"https:\/\/unox.com.tr\/cok-turlu-oransal-elektrik-aktuatorlu-vana\">Multi-Turn Proportional Electric Actuated Valve<\/a> enhance the overall control capability of the system. Additionally, whether the control is On-Off or proportional should be determined based on the type of system.   <\/p>\n<h3><span class=\"ez-toc-section\" id=\"Structural_Durability_and_Corrosion_Resistance\"><\/span><b>Structural Durability and Corrosion Resistance<\/b><span class=\"ez-toc-section-end\"><\/span><\/h3>\n<p class=\"p1\">The system body is manufactured using aluminum extrusion and features internal and external surfaces that are resistant to corrosion. Pistons and pinions are made from special alloy materials, ensuring high wear resistance even during long-term use. Products with high chemical resistance, such as the <a href=\"https:\/\/unox.com.tr\/en\/?attachment_id=40788\">Electric Actuated U-PVC Ball Valve<\/a>, are preferred for specialized applications. Additionally, the bearing elements reduce friction, enabling quiet operation.  <\/p>\n<h3><span class=\"ez-toc-section\" id=\"Mounting_Compatibility_and_System_Flexibility\"><\/span><b>Mounting Compatibility and System Flexibility<\/b><span class=\"ez-toc-section-end\"><\/span><\/h3>\n<p class=\"p1\">The system complies with international standards such as ISO 5211 and VDI\/VDE 3845 NAMUR. This design facilitates easy integration with various connection components. The <a href=\"https:\/\/unox.com.tr\/elektrik-aktuatorlu-2-parcali-disli-kuresel-vana\">Electric Actuated 2-Piece Gear Ball Valve<\/a> can be used in compact spaces, while the <a href=\"https:\/\/unox.com.tr\/ayirma-disli-kollu-pnomatik-aktuatorlu-kelebek-vana\">Wafer Gear-Pneumatic Actuated Butterfly Valve<\/a> is more suitable for larger systems. For more information and technical documentation, you can access <a href=\"https:\/\/www.unoxonline.com.tr\/\" rel=\"nofollow noopener\" target=\"_blank\">Unox Online<\/a>.  <\/p>\n<div id=\"attachment_48318\" style=\"width: 310px\" class=\"wp-caption alignnone\"><img decoding=\"async\" aria-describedby=\"caption-attachment-48318\" class=\"size-medium wp-image-48316\" src=\"https:\/\/unox.com.tr\/wp-content\/themes\/woodmart\/images\/lazy.svg\" data-src=\"https:\/\/unox.com.tr\/wp-content\/uploads\/2023\/01\/elektrik-aktuatorlu-2-parcali-disli-kuresel-vana-1-300x300.jpg\" alt=\"Electric Actuated 2-Piece Threaded Ball Valve\" width=\"300\" height=\"300\" title=\"\" srcset=\"\" data-srcset=\"https:\/\/unox.com.tr\/wp-content\/uploads\/2023\/01\/elektrik-aktuatorlu-2-parcali-disli-kuresel-vana-1-300x300.jpg 300w, https:\/\/unox.com.tr\/wp-content\/uploads\/2023\/01\/elektrik-aktuatorlu-2-parcali-disli-kuresel-vana-1-150x150.jpg 150w, https:\/\/unox.com.tr\/wp-content\/uploads\/2023\/01\/elektrik-aktuatorlu-2-parcali-disli-kuresel-vana-1-600x600.jpg 600w, https:\/\/unox.com.tr\/wp-content\/uploads\/2023\/01\/elektrik-aktuatorlu-2-parcali-disli-kuresel-vana-1-768x768.jpg 768w, https:\/\/unox.com.tr\/wp-content\/uploads\/2023\/01\/elektrik-aktuatorlu-2-parcali-disli-kuresel-vana-1.jpg 1000w\" sizes=\"(max-width: 300px) 100vw, 300px\" \/><p id=\"caption-attachment-48318\" class=\"wp-caption-text\">Electric Actuated 2-Piece Threaded Ball Valve<\/p><\/div>\n","protected":false},"excerpt":{"rendered":"<p><button style=\"background-color: #11224b; color: #ffffff; padding: 10px 15px; font-family: montserrat; font-weight: bold; font-size: 19px; border-radius: 10px;\">PRODUCT CATALOG<\/button><br \/>\n<button style=\"background-color: #11224b; margin-top: 5px; color: white; padding: 0px 15px; width: 150px; height: 55px; border-radius: 10px; border: none; cursor: pointer;\">Place an Online Order<\/button><br \/>\n<button style=\"background-color: #11224b; color: #ffffff; padding: 10px 15px; font-family: montserrat; font-weight: bold; font-size: 19px; border-radius: 10px;\">UNOX<\/p>\n<p><a href=\"https:\/\/www.unoxonline.com.tr\/urun\/elektrik-aktuatorlu-flansli-kuresel-vana-2-parcali\/\" target=\"_blank\" rel=\"noopener\">Unox<\/a><\/button><\/p>\n","protected":false},"featured_media":69107,"comment_status":"closed","ping_status":"closed","template":"","meta":{"_joinchat":[]},"product_brand":[],"product_cat":[1014,1116,1003],"product_tag":[],"class_list":{"0":"post-50375","1":"product","2":"type-product","3":"status-publish","4":"has-post-thumbnail","6":"product_cat-electric-actuated-valves","7":"product_cat-actuator-valves","8":"product_cat-electric-valves","10":"first","11":"instock","12":"shipping-taxable","13":"product-type-simple"},"_links":{"self":[{"href":"https:\/\/unox.com.tr\/en\/wp-json\/wp\/v2\/product\/50375","targetHints":{"allow":["GET"]}}],"collection":[{"href":"https:\/\/unox.com.tr\/en\/wp-json\/wp\/v2\/product"}],"about":[{"href":"https:\/\/unox.com.tr\/en\/wp-json\/wp\/v2\/types\/product"}],"replies":[{"embeddable":true,"href":"https:\/\/unox.com.tr\/en\/wp-json\/wp\/v2\/comments?post=50375"}],"version-history":[{"count":1,"href":"https:\/\/unox.com.tr\/en\/wp-json\/wp\/v2\/product\/50375\/revisions"}],"predecessor-version":[{"id":68412,"href":"https:\/\/unox.com.tr\/en\/wp-json\/wp\/v2\/product\/50375\/revisions\/68412"}],"wp:featuredmedia":[{"embeddable":true,"href":"https:\/\/unox.com.tr\/en\/wp-json\/wp\/v2\/media\/69107"}],"wp:attachment":[{"href":"https:\/\/unox.com.tr\/en\/wp-json\/wp\/v2\/media?parent=50375"}],"wp:term":[{"taxonomy":"product_brand","embeddable":true,"href":"https:\/\/unox.com.tr\/en\/wp-json\/wp\/v2\/product_brand?post=50375"},{"taxonomy":"product_cat","embeddable":true,"href":"https:\/\/unox.com.tr\/en\/wp-json\/wp\/v2\/product_cat?post=50375"},{"taxonomy":"product_tag","embeddable":true,"href":"https:\/\/unox.com.tr\/en\/wp-json\/wp\/v2\/product_tag?post=50375"}],"curies":[{"name":"wp","href":"https:\/\/api.w.org\/{rel}","templated":true}]}}