{"id":68169,"date":"2025-07-29T16:03:41","date_gmt":"2025-07-29T13:03:41","guid":{"rendered":"https:\/\/unox.com.tr\/antini-cosmi-wall-mounted-fan-exhaust-fan\/"},"modified":"2025-07-29T16:03:41","modified_gmt":"2025-07-29T13:03:41","slug":"antini-cosmi-wall-mounted-fan-exhaust-fan","status":"publish","type":"product","link":"https:\/\/unox.com.tr\/en\/antini-cosmi-wall-mounted-fan-exhaust-fan\/","title":{"rendered":"Fantini Cosmi Wall-Mounted Fan \/ Exhaust Fan"},"content":{"rendered":"<div class=\"intro\">\n<div style=\"text-align: left;\"><span dir=\"auto\"><span>One product fits 4 diameters: 80 \u2013 90 \u2013 100 \u2013 120<\/span><\/span><\/div>\n<div style=\"text-align: left;\"><\/div>\n<div style=\"text-align: left;\"><span dir=\"auto\"><span>Aspirante\u2019s modern and distinctive design adapts seamlessly to any environment.<\/span><\/span><\/div>\n<div style=\"text-align: left;\"><\/div>\n<div style=\"text-align: left;\"><span dir=\"auto\"><span>For intermittent or continuous ventilation of bathrooms, kitchens, or utility rooms in both residential and commercial buildings.<\/span><\/span><\/div>\n<div style=\"text-align: left;\"><\/div>\n<div style=\"text-align: left;\"><span dir=\"auto\"><span>Aspirante is suitable for extracting air directly to the outside or into ducted systems.<\/span><\/span><\/div>\n<div style=\"text-align: left;\"><\/div>\n<div style=\"text-align: left;\"><span dir=\"auto\"><span>With the aid of a dedicated kit (Aspirkit Vetro), Aspirante can be installed on windows, making it suitable for a wider range of applications.<\/span><\/span><\/div>\n<div style=\"text-align: left;\"><\/div>\n<div style=\"text-align: left;\"><span dir=\"auto\"><span>The reduced spigot allows installation on any type of wall, even when there is a duct bend very close to the fan outlet.<\/span><\/span><\/div>\n<\/div>\n<p style=\"text-align: left;\"><span class=\"subTitle\"><span dir=\"auto\"><span>General Features<\/span><\/span><\/span><\/p>\n<div class=\"prod-text-cnt\">\n<div class=\"twoCol\" style=\"text-align: left;\">\n<div><span dir=\"auto\"><span>Thanks to the KIT included in the package, it is a single model compatible with four duct diameters: \u00d880, \u00d890, \u00d8100, and \u00d8120 mm.<\/span><\/span><\/div>\n<div><span dir=\"auto\"><span>Manufactured from ABS plastic resistant to impacts and UV radiation.<\/span><\/span><\/div>\n<div><span dir=\"auto\"><span>Induction motor with thermal cut-out \u2013 insulation class F<\/span><\/span><\/div>\n<div><span dir=\"auto\"><span>Maximum ambient temperature: 45 \u00b0C<\/span><\/span><\/div>\n<div><span dir=\"auto\"><span>Timer version: adjustable overrun timer from 45 seconds up to 20 minutes<\/span><\/span><\/div>\n<div><span dir=\"auto\"><span>HT version: humidity sensor adjustable from 40% to 80%.<\/span><\/span><\/div>\n<div>Suitable for extracting air directly to the outside or into ducts.<br \/>Suitable for wall, ceiling, and window installation.<\/div>\n<div><span dir=\"auto\"><span>Thanks to the KIT included in the package, it is a single model compatible with four duct diameters: \u00d880, \u00d890, \u00d8100, and \u00d8120 mm.<\/span><\/span><\/div>\n<\/div>\n<div style=\"text-align: center;\"><span class=\"subsubTitle\"><span dir=\"auto\"><span>Electrical Characteristics<\/span><\/span><\/span><\/p>\n<div style=\"text-align: center;\"><span dir=\"auto\"><span>230 V~ 50 Hz power supply<\/span><\/span><\/p>\n<table class=\" cke_show_border\" width=\"709\">\n<tbody>\n<tr>\n<td width=\"168\"><span dir=\"auto\"><span>Code<\/span><\/span><\/td>\n<td width=\"176\"><span dir=\"auto\"><span>MODEL<\/span><\/span><\/td>\n<td width=\"109\"><span dir=\"auto\"><span>O<\/span><\/span><\/td>\n<td width=\"64\"><span dir=\"auto\"><span>m\u00b3\/h (cubic meters per hour)<\/span><\/span><\/td>\n<td width=\"64\"><span dir=\"auto\"><span>mmH2O<\/span><\/span><\/td>\n<td width=\"64\"><span dir=\"auto\"><span>B<\/span><\/span><\/td>\n<td width=\"64\"><span dir=\"auto\"><span>dB(A) 3 m<\/span><\/span><\/td>\n<\/tr>\n<tr>\n<td width=\"168\"><span dir=\"auto\"><span> AP3100<\/span><\/span><\/td>\n<td width=\"176\"><span dir=\"auto\"><span> ASP\u0130RANT<\/span><\/span><\/td>\n<td width=\"109\"><span dir=\"auto\"><span>80 mm \/ 3\u201d<\/span><\/span><\/td>\n<td width=\"64\"><span dir=\"auto\"><span>55<\/span><\/span><\/td>\n<td width=\"64\"><span dir=\"auto\"><span>8.8<\/span><\/span><\/td>\n<td width=\"64\"><span dir=\"auto\"><span>23<\/span><\/span><\/td>\n<td width=\"64\"><span dir=\"auto\"><span>41,5<\/span><\/span><\/td>\n<\/tr>\n<tr>\n<td width=\"168\"><\/td>\n<td width=\"176\"><\/td>\n<p><span dir=\"auto\"><span><\/span><\/span><\/p>\n<td width=\"109\">100 mm \/ 4\u201d<\/td>\n<td width=\"64\"><span dir=\"auto\"><span><\/span><\/span><\/td>\n<td width=\"64\">100<\/td>\n<p><span dir=\"auto\"><span>8.8<\/span><\/span><br \/>\n<span dir=\"auto\"><span><\/span><\/span><\/p>\n<td width=\"64\">23<\/td>\n<p><span dir=\"auto\"><span><\/span><\/span><\/p>\n<td width=\"64\">43<\/td>\n<\/tr>\n<tr>\n<td width=\"168\"><\/td>\n<td width=\"176\"><\/td>\n<td width=\"109\"><span dir=\"auto\"><span>120 mm \/ 5\u201d<\/span><\/span><\/td>\n<td width=\"64\"><span dir=\"auto\"><span>130<\/span><\/span><\/td>\n<td width=\"64\"><span dir=\"auto\"><span>9<\/span><\/span><\/td>\n<td width=\"64\"><span dir=\"auto\"><span>24<\/span><\/span><\/td>\n<td width=\"64\"><span dir=\"auto\"><span>43<\/span><\/span><\/td>\n<\/tr>\n<tr>\n<td width=\"168\"><span dir=\"auto\"><span> AP3102<\/span><\/span><\/td>\n<td width=\"176\"><span dir=\"auto\"><span> ASPIRANTE T<\/span><\/span><\/td>\n<td width=\"109\"><span dir=\"auto\"><span>80 mm \/ 3\u201d<\/span><\/span><\/td>\n<td width=\"64\"><span dir=\"auto\"><span>55<\/span><\/span><\/td>\n<td width=\"64\"><span dir=\"auto\"><span>8.8<\/span><\/span><\/td>\n<td width=\"64\"><span dir=\"auto\"><span>23<\/span><\/span><\/td>\n<td width=\"64\"><span dir=\"auto\"><span>41,5<\/span><\/span><\/td>\n<\/tr>\n<tr>\n<td width=\"168\"><\/td>\n<td width=\"176\"><\/td>\n<p><span dir=\"auto\"><span><\/span><\/span><\/p>\n<td width=\"109\">100 mm \/ 4\u201d<\/td>\n<td width=\"64\"><span dir=\"auto\"><span><\/span><\/span><\/td>\n<td width=\"64\">100<\/td>\n<p><span dir=\"auto\"><span>8.8<\/span><\/span><br \/>\n<span dir=\"auto\"><span><\/span><\/span><\/p>\n<td width=\"64\">23<\/td>\n<p><span dir=\"auto\"><span><\/span><\/span><\/p>\n<td width=\"64\">43<\/td>\n<\/tr>\n<tr>\n<td width=\"168\"><\/td>\n<td width=\"176\"><\/td>\n<td width=\"109\"><span dir=\"auto\"><span>120 mm \/ 5\u201d<\/span><\/span><\/td>\n<td width=\"64\"><span dir=\"auto\"><span>130<\/span><\/span><\/td>\n<td width=\"64\"><span dir=\"auto\"><span>9<\/span><\/span><\/td>\n<td width=\"64\"><span dir=\"auto\"><span>24<\/span><\/span><\/td>\n<td width=\"64\"><span dir=\"auto\"><span>43<\/span><\/span><\/td>\n<\/tr>\n<tr>\n<td width=\"168\"><span dir=\"auto\"><span> AP3104<\/span><\/span><\/td>\n<td width=\"176\"><span dir=\"auto\"><span>ASPIRANTE HT<\/span><\/span><\/td>\n<td width=\"109\"><span dir=\"auto\"><span>80 mm \/ 3\u201d<\/span><\/span><\/td>\n<td width=\"64\"><span dir=\"auto\"><span>55<\/span><\/span><\/td>\n<td width=\"64\"><span dir=\"auto\"><span>8,8<\/span><\/span><\/td>\n<td width=\"64\"><span dir=\"auto\"><span>23<\/span><\/span><\/td>\n<td width=\"64\"><span dir=\"auto\"><span>41,5<\/span><\/span><\/td>\n<\/tr>\n<tr>\n<td width=\"168\"><\/td>\n<td width=\"176\"><\/td>\n<p><span dir=\"auto\"><span><\/span><\/span><\/p>\n<td width=\"109\">100 mm \/ 4\u201d<\/td>\n<td width=\"64\"><span dir=\"auto\"><span><\/span><\/span><\/td>\n<td width=\"64\">100<\/td>\n<p><span dir=\"auto\"><span>8.8<\/span><\/span><br \/>\n<span dir=\"auto\"><span><\/span><\/span><\/p>\n<td width=\"64\">23<\/td>\n<p><span dir=\"auto\"><span><\/span><\/span><\/p>\n<td width=\"64\">43<\/td>\n<\/tr>\n<tr>\n<td width=\"168\"><\/td>\n<td width=\"176\"><\/td>\n<td width=\"109\"><span dir=\"auto\"><span>120 mm \/ 5\u201d<\/span><\/span><\/td>\n<td width=\"64\"><span dir=\"auto\"><span>130<\/span><\/span><\/td>\n<td width=\"64\"><span dir=\"auto\"><span>9<\/span><\/span><\/td>\n<td width=\"64\"><span dir=\"auto\"><span>24<\/span><\/span><\/td>\n<td width=\"64\"><span dir=\"auto\"><span>43<\/span><\/span><\/td>\n<\/tr>\n<tr>\n<td width=\"168\"><span dir=\"auto\"><span>AP0902<\/span><\/span><\/td>\n<td width=\"176\"><span dir=\"auto\"><span>BOCCAGLIO<\/span><\/span><\/td>\n<td width=\"109\"><span dir=\"auto\"><span>90 mm \/ 3,5\u201d<\/span><\/span><\/td>\n<td width=\"64\"><span dir=\"auto\"><span>90<\/span><\/span><\/td>\n<td width=\"64\"><span dir=\"auto\"><span>8.50<\/span><\/span><\/td>\n<td width=\"64\"><span dir=\"auto\"><span>23<\/span><\/span><\/td>\n<td width=\"64\"><span dir=\"auto\"><span>41,5<\/span><\/span><\/td>\n<\/tr>\n<tr>\n<td width=\"168\"><\/td>\n<td width=\"176\"><\/td>\n<td width=\"109\"><\/td>\n<td width=\"64\"><\/td>\n<td width=\"64\"><\/td>\n<td width=\"64\"><\/td>\n<td width=\"64\"><\/td>\n<\/tr>\n<tr>\n<td colspan=\"7\" width=\"709\"><span dir=\"auto\"><span>KIT FOR WINDOW INSTALLATION<\/span><\/span><\/td>\n<\/tr>\n<tr>\n<td width=\"168\"><span dir=\"auto\"><span>AP0900<\/span><\/span><\/td>\n<td colspan=\"6\" width=\"541\"><span dir=\"auto\"><span>ASPIRKIT VETRO N<\/span><\/span><\/td>\n<\/tr>\n<tr>\n<td colspan=\"7\" width=\"709\"><\/td>\n<\/tr>\n<tr>\n<td colspan=\"7\" width=\"709\"><span dir=\"auto\"><span>TIMER<\/span><\/span><\/td>\n<\/tr>\n<tr>\n<td width=\"168\"><span dir=\"auto\"><span>AP0904<\/span><\/span><\/td>\n<td colspan=\"6\" width=\"541\"><span dir=\"auto\"><span>ASPIRTIMER N<\/span><\/span><\/td>\n<\/tr>\n<tr>\n<td colspan=\"7\" width=\"709\"><\/td>\n<\/tr>\n<tr>\n<td colspan=\"7\" width=\"709\"><span dir=\"auto\"><span>HYGROSTAT TIMER<\/span><\/span><\/td>\n<\/tr>\n<tr>\n<td width=\"168\"><span dir=\"auto\"><span>AP0906<\/span><\/span><\/td>\n<td colspan=\"6\" width=\"541\"><span dir=\"auto\"><span>ASP\u0130RHYGRO TIMER<\/span><\/span><\/td>\n<\/tr>\n<tr>\n<td colspan=\"7\" width=\"709\"><\/td>\n<\/tr>\n<tr>\n<td colspan=\"7\" width=\"709\"><span dir=\"auto\"><span>SPEED CONTROLLER (for AP3100 only)<\/span><\/span><\/td>\n<\/tr>\n<tr>\n<td style=\"text-align: left;\" width=\"168\"><span dir=\"auto\"><span>AP2568<\/span><\/span><\/td>\n<td style=\"text-align: left;\" colspan=\"6\" width=\"541\"><span dir=\"auto\"><span>ASPIRCONTROL RDV 1,5-MF<\/span><\/span><\/td>\n<\/tr>\n<\/tbody>\n<\/table>\n<\/div>\n<\/div>\n<\/div>\n","protected":false},"excerpt":{"rendered":"<p>One product fits 4 diameters: 80 \u2013 90 \u2013 100 \u2013 120 Aspirante\u2019s modern and distinctive design adapts seamlessly to<\/p>\n","protected":false},"featured_media":66727,"comment_status":"open","ping_status":"closed","template":"","meta":{"_joinchat":[]},"product_brand":[],"product_cat":[1170],"product_tag":[],"class_list":{"0":"post-68169","1":"product","2":"type-product","3":"status-publish","4":"has-post-thumbnail","6":"product_cat-fantini-cosmi","8":"first","9":"instock","10":"shipping-taxable","11":"product-type-simple"},"_links":{"self":[{"href":"https:\/\/unox.com.tr\/en\/wp-json\/wp\/v2\/product\/68169","targetHints":{"allow":["GET"]}}],"collection":[{"href":"https:\/\/unox.com.tr\/en\/wp-json\/wp\/v2\/product"}],"about":[{"href":"https:\/\/unox.com.tr\/en\/wp-json\/wp\/v2\/types\/product"}],"replies":[{"embeddable":true,"href":"https:\/\/unox.com.tr\/en\/wp-json\/wp\/v2\/comments?post=68169"}],"version-history":[{"count":0,"href":"https:\/\/unox.com.tr\/en\/wp-json\/wp\/v2\/product\/68169\/revisions"}],"wp:featuredmedia":[{"embeddable":true,"href":"https:\/\/unox.com.tr\/en\/wp-json\/wp\/v2\/media\/66727"}],"wp:attachment":[{"href":"https:\/\/unox.com.tr\/en\/wp-json\/wp\/v2\/media?parent=68169"}],"wp:term":[{"taxonomy":"product_brand","embeddable":true,"href":"https:\/\/unox.com.tr\/en\/wp-json\/wp\/v2\/product_brand?post=68169"},{"taxonomy":"product_cat","embeddable":true,"href":"https:\/\/unox.com.tr\/en\/wp-json\/wp\/v2\/product_cat?post=68169"},{"taxonomy":"product_tag","embeddable":true,"href":"https:\/\/unox.com.tr\/en\/wp-json\/wp\/v2\/product_tag?post=68169"}],"curies":[{"name":"wp","href":"https:\/\/api.w.org\/{rel}","templated":true}]}}